{"id":1034,"date":"2020-05-29T15:15:20","date_gmt":"2020-05-29T15:15:20","guid":{"rendered":"https:\/\/teenstreet.life\/eu\/?page_id=1034"},"modified":"2025-05-23T16:08:39","modified_gmt":"2025-05-23T14:08:39","slug":"avtrykk","status":"publish","type":"page","link":"https:\/\/teenstreet.life\/eu\/no\/imprint\/","title":{"rendered":"Imprint"},"content":{"rendered":"<div data-elementor-type=\"wp-page\" data-elementor-id=\"1034\" class=\"elementor elementor-1034\" data-elementor-post-type=\"page\">\n\t\t\t\t\t\t<section class=\"elementor-section elementor-top-section elementor-element elementor-element-51f46195 elementor-section-boxed elementor-section-height-default elementor-section-height-default\" data-id=\"51f46195\" data-element_type=\"section\" data-e-type=\"section\">\n\t\t\t\t\t\t<div class=\"elementor-container elementor-column-gap-default\">\n\t\t\t\t\t<div class=\"elementor-column elementor-col-100 elementor-top-column elementor-element elementor-element-4a8aaae4\" data-id=\"4a8aaae4\" data-element_type=\"column\" data-e-type=\"column\">\n\t\t\t<div class=\"elementor-widget-wrap elementor-element-populated\">\n\t\t\t\t\t\t<div class=\"elementor-element elementor-element-6efcf38 elementor-widget elementor-widget-text-editor\" data-id=\"6efcf38\" data-element_type=\"widget\" data-e-type=\"widget\" data-widget_type=\"text-editor.default\">\n\t\t\t\t<div class=\"elementor-widget-container\">\n\t\t\t\t\t\t\t\t\t\n<p>OM Tyskland \/ Operasjon Mobilisering e. V. <br \/>Alte Neckarelzer Str. 2 <br \/>74821 Mosbach\/Tyskland<\/p>\n\n<p>Telefon: +49 6261 947-0 <br \/>Faks: +49 6261 947-147 <br \/>e-post: <a href=\"mailto:info.de@om.org\">info.de@om.org<\/a><\/p>\n\n<h2 class=\"wp-block-heading\">Eksekutivutvalg med felles representasjonsmakt i betydningen av BGB \u00a7 26:<\/h2>\n\n<p>Simone Schwab (styreleder)<\/p>\n\n<p>Adresse se ovenfor.<\/p>\n\n<h2 class=\"wp-block-heading\">Registreringsretten:<\/h2>\n\n<p>Mannheim<\/p>\n\n<h2 class=\"wp-block-heading\">Registernr:<\/h2>\n\n<p>VR 440471<\/p>\n\n<h2 class=\"wp-block-heading\">Omsetningsavgiftsnummer i henhold til \u00a7 27a:<\/h2>\n\n<p>DE 144031730<\/p>\n\n<h2 class=\"wp-block-heading\">Ansvarlig for innhold etter \u00a7 6 MDStV:<\/h2>\n\n<p>Tobias Kuebler<\/p>\n\n<p>Adresse se ovenfor.<\/p>\n\n<h2 class=\"wp-block-heading\">For<strong>behold:<\/strong><\/h2>\n\n<p>Til tross for n\u00f8ye kontroll av innholdet, p\u00e5tar vi oss ikke noe ansvar for innholdet i eksterne lenker. Operat\u00f8rene av sidene det lenkes til, er ansvarlige for innholdet p\u00e5 sidene deres.<\/p>\n\n<p>Alle bilder, grafikk og design som vises p\u00e5 denne nettsiden er beskyttet av opphavsrett og kan ikke brukes uten skriftlig tillatelse fra forfatteren.<\/p>\n\n<p>EU-forordningen nr. 524\/2013 om Online Dispute Resolution (ODR) vil gjelde fra 9. januar 2016. EU-kommisjonens plattform for Online Dispute Resolution kan n\u00e5s via f\u00f8lgende lenke: ec.europa.eu\/consumers\/odr\/ Iht. informasjonen publisert der, kan plattformen brukes i samsvar med ODR fra 15. februar 2016.<\/p>\n\n<p>Operasjon Mobilisering e. V. er, etter siste selskapsligning vi mottok 09.01.2020, StNr. 40004\/04959, fritatt for selskapsskatt av Mosbach skattekontor p\u00e5 grunn av fremme av religi\u00f8se form\u00e5l i samsvar med \u00a7 5 para. 1 nr. 9 i selskapsskatteloven og fra n\u00e6ringsskatt i henhold til \u00a7 3 nr. 6 i n\u00e6ringsskatteloven. Foreningen tar ikke kontingent.<\/p>\n\t\t\t\t\t\t\t\t<\/div>\n\t\t\t\t<\/div>\n\t\t\t\t\t<\/div>\n\t\t<\/div>\n\t\t\t\t\t<\/div>\n\t\t<\/section>\n\t\t\t\t<\/div>","protected":false},"excerpt":{"rendered":"<p>OM Germany \/ Operation Mobilisation e. V. Alte Neckarelzer Str. 2 74821 Mosbach\/Germany Phone: +49 6261 947-0 Fax: +49 6261 947-147 e-mail: info.de@om.org Executive committee with joint power of representation in the sense of BGB \u00a7 26: Simone Schwab (Chairwoman) Address see above. Registry court: Mannheim Register number: VR 440471 Sales tax identification number according [&hellip;]<\/p>\n","protected":false},"author":1,"featured_media":0,"parent":0,"menu_order":0,"comment_status":"closed","ping_status":"closed","template":"","meta":{"iawp_total_views":7,"footnotes":""},"class_list":["post-1034","page","type-page","status-publish","hentry"],"_links":{"self":[{"href":"https:\/\/teenstreet.life\/eu\/no\/wp-json\/wp\/v2\/pages\/1034","targetHints":{"allow":["GET"]}}],"collection":[{"href":"https:\/\/teenstreet.life\/eu\/no\/wp-json\/wp\/v2\/pages"}],"about":[{"href":"https:\/\/teenstreet.life\/eu\/no\/wp-json\/wp\/v2\/types\/page"}],"author":[{"embeddable":true,"href":"https:\/\/teenstreet.life\/eu\/no\/wp-json\/wp\/v2\/users\/1"}],"replies":[{"embeddable":true,"href":"https:\/\/teenstreet.life\/eu\/no\/wp-json\/wp\/v2\/comments?post=1034"}],"version-history":[{"count":5,"href":"https:\/\/teenstreet.life\/eu\/no\/wp-json\/wp\/v2\/pages\/1034\/revisions"}],"predecessor-version":[{"id":8329,"href":"https:\/\/teenstreet.life\/eu\/no\/wp-json\/wp\/v2\/pages\/1034\/revisions\/8329"}],"wp:attachment":[{"href":"https:\/\/teenstreet.life\/eu\/no\/wp-json\/wp\/v2\/media?parent=1034"}],"curies":[{"name":"wp","href":"https:\/\/api.w.org\/{rel}","templated":true}]}}