{"id":56,"date":"2020-05-25T09:23:25","date_gmt":"2020-05-25T09:23:25","guid":{"rendered":"https:\/\/teenstreet.life\/eu\/?page_id=56"},"modified":"2023-11-29T12:56:54","modified_gmt":"2023-11-29T11:56:54","slug":"di","status":"publish","type":"page","link":"https:\/\/teenstreet.life\/eu\/it\/about\/","title":{"rendered":"Cosa \u00e8 Teenstreet"},"content":{"rendered":"<div data-elementor-type=\"wp-page\" data-elementor-id=\"56\" class=\"elementor elementor-56\" data-elementor-post-type=\"page\">\n\t\t\t\t\t\t<section class=\"elementor-section elementor-top-section elementor-element elementor-element-c593276 elementor-section-boxed elementor-section-height-default elementor-section-height-default wpr-particle-no wpr-jarallax-no wpr-parallax-no wpr-sticky-section-no\" data-id=\"c593276\" data-element_type=\"section\" data-e-type=\"section\">\n\t\t\t\t\t\t<div class=\"elementor-container elementor-column-gap-default\">\n\t\t\t\t\t<div class=\"elementor-column elementor-col-16 elementor-top-column elementor-element elementor-element-2af51f9\" data-id=\"2af51f9\" data-element_type=\"column\" data-e-type=\"column\">\n\t\t\t<div class=\"elementor-widget-wrap\">\n\t\t\t\t\t\t\t<\/div>\n\t\t<\/div>\n\t\t\t\t<div class=\"elementor-column elementor-col-66 elementor-top-column elementor-element elementor-element-9c8ab1e\" data-id=\"9c8ab1e\" data-element_type=\"column\" data-e-type=\"column\">\n\t\t\t<div class=\"elementor-widget-wrap elementor-element-populated\">\n\t\t\t\t\t\t<div class=\"elementor-element elementor-element-4f3065b elementor-widget elementor-widget-text-editor\" data-id=\"4f3065b\" data-element_type=\"widget\" data-e-type=\"widget\" data-widget_type=\"text-editor.default\">\n\t\t\t\t<div class=\"elementor-widget-container\">\n\t\t\t\t\t\t\t\t\t<p>TeenStreet \u00e8 un evento cristiano internazionale per adolescenti. Lavoriamo con la Chiesa per motivare, equipaggiare e camminare al fianco di adolescenti (cristiani) di tutta Europa per avere una vera amicizia con Ges\u00f9 e rifletterlo quotidianamente nel loro mondo.<\/p><p>TeenStreet \u00e8 iniziata nel 1993 con un totale di 53 adolescenti ed \u00e8 cresciuta rapidamente. Oggi abbiamo 7 eventi annuali della durata di una settimana in 6 paesi e pi\u00f9 eventi del fine settimana in oltre 15 paesi, distribuiti in 4 continenti. Circa 10.000 partecipanti e volontari partecipano e investono in questi eventi. Nei prossimi anni, prevediamo di vedere almeno altri 30 eventi avviati in paesi di tutto il mondo, inclusi Medio Oriente, Africa e Asia.<\/p><p>Ci impegniamo a lavorare con chiese e gruppi di giovani, sostenendoli nel loro ministero verso gli adolescenti. Allo stesso tempo, sottolineiamo la cooperazione con le chiese, perch\u00e9 \u00e8 cos\u00ec importante che gli adolescenti abbiano una comunit\u00e0 cristiana di cui far parte dopo TeenStreet.<\/p><p>In TeenStreet vogliamo incoraggiare gli adolescenti nel loro cammino con Ges\u00f9 e aiutarli a prendere decisioni sagge. Ecco perch\u00e9 ogni partecipante fa parte di un piccolo gruppo. I membri di un piccolo gruppo condividono la stessa lingua e hanno la stessa et\u00e0. Il loro leader adulto li sostiene e condivide con loro il suo rapporto personale con Ges\u00f9.<\/p><p>Durante gli incontri principali i ragazzi imparano anche a vivere in relazione con Dio. Portano ci\u00f2 che sentono negli incontri principali ai loro piccoli gruppi per rifletterci su e applicarlo alla loro vita a casa. Inoltre, TeenStreet offre molte cose interessanti a cui gli adolescenti possono partecipare, inclusi sport, arti creative, seminari e workshop. Hanno anche tempo libero per conoscere persone di altri paesi, con background culturali e ecclesiastici diversi.<\/p>\t\t\t\t\t\t\t\t<\/div>\n\t\t\t\t<\/div>\n\t\t\t\t<div class=\"elementor-element elementor-element-bfa60f8 elementor-widget elementor-widget-heading\" data-id=\"bfa60f8\" data-element_type=\"widget\" data-e-type=\"widget\" data-widget_type=\"heading.default\">\n\t\t\t\t<div class=\"elementor-widget-container\">\n\t\t\t\t\t<h2 class=\"elementor-heading-title elementor-size-default\">Visione<\/h2>\t\t\t\t<\/div>\n\t\t\t\t<\/div>\n\t\t\t\t<div class=\"elementor-element elementor-element-7a02c69 elementor-blockquote--skin-quotation elementor-widget elementor-widget-blockquote\" data-id=\"7a02c69\" data-element_type=\"widget\" data-e-type=\"widget\" data-widget_type=\"blockquote.default\">\n\t\t\t\t<div class=\"elementor-widget-container\">\n\t\t\t\t\t\t\t<blockquote class=\"elementor-blockquote\">\n\t\t\t<p class=\"elementor-blockquote__content\">\n\t\t\t\tTeenStreet lavora con la Chiesa per motivare, equipaggiare e camminare al fianco degli adolescenti (cristiani) per avere una vera amicizia con Ges\u00f9 e rifletterlo quotidianamente nel loro mondo.  \t\t\t<\/p>\n\t\t\t\t\t<\/blockquote>\n\t\t\t\t\t\t<\/div>\n\t\t\t\t<\/div>\n\t\t\t\t<div class=\"elementor-element elementor-element-c367197 elementor-widget elementor-widget-heading\" data-id=\"c367197\" data-element_type=\"widget\" data-e-type=\"widget\" data-widget_type=\"heading.default\">\n\t\t\t\t<div class=\"elementor-widget-container\">\n\t\t\t\t\t<h2 class=\"elementor-heading-title elementor-size-default\">Maggiori informazioni su TeenStreet<\/h2>\t\t\t\t<\/div>\n\t\t\t\t<\/div>\n\t\t\t\t\t<\/div>\n\t\t<\/div>\n\t\t\t\t<div class=\"elementor-column elementor-col-16 elementor-top-column elementor-element elementor-element-e3a5560\" data-id=\"e3a5560\" data-element_type=\"column\" data-e-type=\"column\">\n\t\t\t<div class=\"elementor-widget-wrap\">\n\t\t\t\t\t\t\t<\/div>\n\t\t<\/div>\n\t\t\t\t\t<\/div>\n\t\t<\/section>\n\t\t\t\t<section class=\"elementor-section elementor-inner-section elementor-element elementor-element-6d47c340 elementor-section-boxed elementor-section-height-default elementor-section-height-default wpr-particle-no wpr-jarallax-no wpr-parallax-no wpr-sticky-section-no\" data-id=\"6d47c340\" data-element_type=\"section\" data-e-type=\"section\">\n\t\t\t\t\t\t<div class=\"elementor-container elementor-column-gap-extended\">\n\t\t\t\t\t<div class=\"elementor-column elementor-col-33 elementor-inner-column elementor-element elementor-element-64429f9c\" data-id=\"64429f9c\" data-element_type=\"column\" data-e-type=\"column\">\n\t\t\t<div class=\"elementor-widget-wrap elementor-element-populated\">\n\t\t\t\t\t\t<div class=\"elementor-element elementor-element-59b56d48 elementor-widget elementor-widget-ts-card\" data-id=\"59b56d48\" data-element_type=\"widget\" data-e-type=\"widget\" data-widget_type=\"ts-card.default\">\n\t\t\t\t<div class=\"elementor-widget-container\">\n\t\t\t\t\t            <div class=\"ts-card ts-image-background\" style=\"background-image: url(https:\/\/teenstreet.life\/eu\/wp-content\/uploads\/sites\/13\/2020\/05\/teenstreet-1993-participants.jpg);\">\r\n\r\n                \t\t\t\t\t<h3 class=\"ts-card-title\">\r\n\t\t\t\t\t\t<a href=\"https:\/\/teenstreet.life\/eu\/it\/di\/storia\/\">\r\n\t\t\t\t\t\t\tStoria\t\t\t\t\t\t<\/a>\r\n                    <\/h3>\r\n                \r\n                                    <p class=\"ts-card-description\">\r\n                        TeenStreet ha iniziato nel 1993 con 56 partecipanti a Oldenburg. Ora 4.000 partecipanti provenienti da 20 paesi diversi si riuniscono ogni anno per conoscere meglio Ges\u00f9 e per rendere grande Dio!                    <\/p>\r\n                \t\t\t\t\r\n\r\n                                    <a class=\"ts-card-button elementor-button-link\" href=\"https:\/\/teenstreet.life\/eu\/it\/di\/storia\/\">\r\n                        Maggiori informazioni                    <\/a>\r\n                \r\n                 \r\n                    <a class=\"ts-card-full-link\" href=\"https:\/\/teenstreet.life\/eu\/it\/di\/storia\/\"><\/a>\r\n                \r\n            <\/div>\r\n\r\n        \t\t\t\t<\/div>\n\t\t\t\t<\/div>\n\t\t\t\t\t<\/div>\n\t\t<\/div>\n\t\t\t\t<div class=\"elementor-column elementor-col-33 elementor-inner-column elementor-element elementor-element-364681c9\" data-id=\"364681c9\" data-element_type=\"column\" data-e-type=\"column\">\n\t\t\t<div class=\"elementor-widget-wrap elementor-element-populated\">\n\t\t\t\t\t\t<div class=\"elementor-element elementor-element-7a182468 elementor-widget elementor-widget-ts-card\" data-id=\"7a182468\" data-element_type=\"widget\" data-e-type=\"widget\" data-widget_type=\"ts-card.default\">\n\t\t\t\t<div class=\"elementor-widget-container\">\n\t\t\t\t\t            <div class=\"ts-card ts-image-background\" style=\"background-image: url(https:\/\/teenstreet.life\/eu\/wp-content\/uploads\/sites\/13\/2020\/05\/core-values-480x480.jpg);\">\r\n\r\n                \t\t\t\t\t<h3 class=\"ts-card-title\">\r\n\t\t\t\t\t\t<a href=\"https:\/\/teenstreet.life\/eu\/it\/di\/valori-fondamentali\/\">\r\n\t\t\t\t\t\t\tValori fondamentali\t\t\t\t\t\t<\/a>\r\n                    <\/h3>\r\n                \r\n                                    <p class=\"ts-card-description\">\r\n                        In TeenStreet crediamo che gli adolescenti debbano essere presi sul serio; i loro sogni e le loro lotte. Sono i leader di domani su cui dobbiamo investire. Ecco perch\u00e9 esiste TeenStreet.                    <\/p>\r\n                \t\t\t\t\r\n\r\n                                    <a class=\"ts-card-button elementor-button-link\" href=\"https:\/\/teenstreet.life\/eu\/it\/di\/valori-fondamentali\/\">\r\n                        I nostri valori                    <\/a>\r\n                \r\n                 \r\n                    <a class=\"ts-card-full-link\" href=\"https:\/\/teenstreet.life\/eu\/it\/di\/valori-fondamentali\/\"><\/a>\r\n                \r\n            <\/div>\r\n\r\n        \t\t\t\t<\/div>\n\t\t\t\t<\/div>\n\t\t\t\t\t<\/div>\n\t\t<\/div>\n\t\t\t\t<div class=\"elementor-column elementor-col-33 elementor-inner-column elementor-element elementor-element-10a5bb30\" data-id=\"10a5bb30\" data-element_type=\"column\" data-e-type=\"column\">\n\t\t\t<div class=\"elementor-widget-wrap elementor-element-populated\">\n\t\t\t\t\t\t<div class=\"elementor-element elementor-element-2524ee34 elementor-widget elementor-widget-ts-card\" data-id=\"2524ee34\" data-element_type=\"widget\" data-e-type=\"widget\" data-widget_type=\"ts-card.default\">\n\t\t\t\t<div class=\"elementor-widget-container\">\n\t\t\t\t\t            <div class=\"ts-card ts-image-background\" style=\"background-image: url(https:\/\/teenstreet.life\/eu\/wp-content\/uploads\/sites\/13\/2020\/05\/ts-about-om-480x480.png);\">\r\n\r\n                \t\t\t\t\t<h3 class=\"ts-card-title\">\r\n\t\t\t\t\t\t<a href=\"https:\/\/teenstreet.life\/eu\/it\/di\/circa-om\/\">\r\n\t\t\t\t\t\t\tCos'\u00e8 OM\t\t\t\t\t\t<\/a>\r\n                    <\/h3>\r\n                \r\n                                    <p class=\"ts-card-description\">\r\n                        TeenStreet \u00e8 un ministero dell&#039;Operazione Mobilitazione, un&#039;organizzazione missionaria che opera in pi\u00f9 di 110 paesi che prepara e motiva le persone a condividere l&#039;amore di Dio in tutto il mondo.                    <\/p>\r\n                \t\t\t\t\r\n\r\n                                    <a class=\"ts-card-button elementor-button-link\" href=\"https:\/\/teenstreet.life\/eu\/it\/di\/circa-om\/\">\r\n                        Scopri di pi\u00f9                    <\/a>\r\n                \r\n                 \r\n                    <a class=\"ts-card-full-link\" href=\"https:\/\/teenstreet.life\/eu\/it\/di\/circa-om\/\"><\/a>\r\n                \r\n            <\/div>\r\n\r\n        \t\t\t\t<\/div>\n\t\t\t\t<\/div>\n\t\t\t\t\t<\/div>\n\t\t<\/div>\n\t\t\t\t\t<\/div>\n\t\t<\/section>\n\t\t\t\t<\/div>","protected":false},"excerpt":{"rendered":"<p>TeenStreet \u00e8 un evento cristiano internazionale per adolescenti. Lavoriamo con la Chiesa per motivare, equipaggiare e camminare al fianco di adolescenti (cristiani) di tutta Europa per avere una vera amicizia con Ges\u00f9 e rifletterlo quotidianamente nel loro mondo. TeenStreet \u00e8 iniziato nel 1993 con un totale di 53 adolescenti ed \u00e8 cresciuto rapidamente. Oggi abbiamo 7 eventi annuali della durata di una settimana in 6 Paesi e diversi eventi nei fine settimana in oltre 15 Paesi, sparsi in 4 continenti. Circa 10.000 partecipanti e volontari partecipano e investono in questi eventi. Nei prossimi anni prevediamo di avviare almeno altri 30 eventi in paesi di tutto il mondo, compresi Medio Oriente, Africa e Asia. Ci impegniamo a lavorare con le chiese e i gruppi giovanili, sostenendoli nel loro ministero verso gli adolescenti. Allo stesso tempo, poniamo l'accento sulla cooperazione con le chiese, perch\u00e9 \u00e8 cos\u00ec importante che gli adolescenti abbiano una comunit\u00e0 cristiana di cui far parte dopo TeenStreet. A TeenStreet vogliamo incoraggiare gli adolescenti nel loro cammino con Ges\u00f9 e aiutarli a prendere decisioni sagge. Per questo motivo ogni partecipante fa parte di un piccolo gruppo. I membri di un piccolo gruppo condividono la stessa lingua e hanno la stessa et\u00e0. Il loro leader adulto li sostiene e condivide con loro la propria relazione personale con Ges\u00f9. Durante gli incontri principali gli adolescenti imparano anche a vivere in relazione con Dio. Portano ci\u00f2 che ascoltano nelle riunioni principali nei loro piccoli gruppi per riflettere e applicarlo alla loro vita a casa. Inoltre, TeenStreet offre agli adolescenti molte cose interessanti a cui partecipare, tra cui sport, arti creative, seminari e laboratori. Hanno anche del tempo libero per conoscere persone provenienti da altri Paesi, con background culturali e religiosi diversi. Vision TeenStreet lavora con la Chiesa per motivare, equipaggiare e camminare al fianco degli adolescenti (cristiani) per avere una vera amicizia con Ges\u00f9 e rifletterlo quotidianamente nel loro mondo. Per saperne di pi\u00f9 su TeenStreet<\/p>","protected":false},"author":1,"featured_media":334,"parent":0,"menu_order":0,"comment_status":"closed","ping_status":"closed","template":"","meta":{"iawp_total_views":46,"footnotes":""},"class_list":["post-56","page","type-page","status-publish","has-post-thumbnail","hentry"],"_links":{"self":[{"href":"https:\/\/teenstreet.life\/eu\/it\/wp-json\/wp\/v2\/pages\/56","targetHints":{"allow":["GET"]}}],"collection":[{"href":"https:\/\/teenstreet.life\/eu\/it\/wp-json\/wp\/v2\/pages"}],"about":[{"href":"https:\/\/teenstreet.life\/eu\/it\/wp-json\/wp\/v2\/types\/page"}],"author":[{"embeddable":true,"href":"https:\/\/teenstreet.life\/eu\/it\/wp-json\/wp\/v2\/users\/1"}],"replies":[{"embeddable":true,"href":"https:\/\/teenstreet.life\/eu\/it\/wp-json\/wp\/v2\/comments?post=56"}],"version-history":[{"count":2,"href":"https:\/\/teenstreet.life\/eu\/it\/wp-json\/wp\/v2\/pages\/56\/revisions"}],"predecessor-version":[{"id":8573,"href":"https:\/\/teenstreet.life\/eu\/it\/wp-json\/wp\/v2\/pages\/56\/revisions\/8573"}],"wp:featuredmedia":[{"embeddable":true,"href":"https:\/\/teenstreet.life\/eu\/it\/wp-json\/wp\/v2\/media\/334"}],"wp:attachment":[{"href":"https:\/\/teenstreet.life\/eu\/it\/wp-json\/wp\/v2\/media?parent=56"}],"curies":[{"name":"wp","href":"https:\/\/api.w.org\/{rel}","templated":true}]}}