{"id":2619,"date":"2020-07-20T16:38:00","date_gmt":"2020-07-20T14:38:00","guid":{"rendered":"https:\/\/teenstreet.life\/eu\/?page_id=2619"},"modified":"2020-08-05T17:00:38","modified_gmt":"2020-08-05T15:00:38","slug":"termini","status":"publish","type":"page","link":"https:\/\/teenstreet.life\/eu\/it\/terms\/","title":{"rendered":"Termini e condizioni generali (CG)"},"content":{"rendered":"<p>I seguenti termini si applicano al nostro negozio online.<\/p>\n\n\n\n<p><strong>\u00a7 1 Campo di applicazione e riserva del diritto di modifica<\/strong><\/p>\n\n\n\n<p>a) Operazione Mobilitazione Deutschland e. V. eseguir\u00e0 l&#039;ordine secondo i rispettivi termini e condizioni in vigore al momento dell&#039;ordine. Ci riserviamo espressamente il diritto di apportare modifiche all&#039;AGB.<\/p>\n\n\n\n<p>b) Non possiamo accettare AGB in conflitto.<\/p>\n\n\n\n<p><strong>\u00a7 <\/strong><strong>2 Consegna, dazi doganali e spese di spedizione<\/strong><\/p>\n\n\n\n<p>a) Oltre al prezzo di acquisto applichiamo una tariffa forfettaria di spedizione di \u20ac 5,00. Spediamo gratuitamente a partire da un valore della merce di \u20ac 50.<\/p>\n\n\n\n<p>b) Per le consegne all&#039;estero verranno addebitate le spese effettive. Le condizioni specifiche di importazione e doganali devono essere rispettate dal cliente.<\/p>\n\n\n\n<p>Abbiamo il diritto di effettuare consegne parziali.<\/p>\n\n\n\n<p><strong>\u00a7 <\/strong><strong>3 Termini di pagamento<\/strong><\/p>\n\n\n\n<p>a) Il pagamento viene effettuato con carta di credito o Paypal tramite il nostro partner iZettle. Il processo d&#039;ordine si completa con il pagamento.<\/p>\n\n\n\n<p>b) La compensazione, la conversione o la riduzione sono consentite solo se il tuo reclamo \u00e8 stato da noi riconosciuto per iscritto o \u00e8 stato legalmente stabilito. Un diritto di ritenzione sussiste solo se la tua domanda riconvenzionale si basa sullo stesso rapporto contrattuale.<\/p>\n\n\n\n<p>c) La merce consegnata rimane di nostra propriet\u00e0 (\u00a7455 BGB) fino al completo pagamento di tutti i crediti esistenti. L&#039;acquirente pu\u00f2 rivendere la merce consegnata in normali operazioni commerciali con riserva di propriet\u00e0 da parte sua, ma ci cede a titolo di garanzia tutti i crediti a lui spettanti immediatamente o successivamente fino all&#039;importo della nostra fattura.<\/p>\n\n\n\n<p><strong>\u00a7 <\/strong><strong>4 Diritto di revoca<\/strong><\/p>\n\n\n\n<p>a) Puoi recedere dal contratto entro 14 giorni dal ricevimento della merce senza indicarne i motivi. Il tempestivo invio della revoca \u00e8 sufficiente per rispettare il termine. Per esercitare il tuo diritto di recesso, puoi contattarci tramite lettera, fax o e-mail: Operation Mobilization eV, Alte Neckarelzer Str. 2, 74821 Mosbach, Telefono: 06261-9470, Fax: 06261-947-147, E-Mail. \u00c8 possibile utilizzare il modulo di recesso campione allegato, ma non \u00e8 obbligatorio.<\/p>\n\n\n\n<p>Conseguenze della revoca:<\/p>\n\n\n\n<p>Restituzione: Devi rispedirci la merce a Mosbach immediatamente e comunque entro quattordici giorni al massimo dal giorno in cui ci hai informato della revoca del presente contratto. Non possiamo ritirare merci che non siano in una condizione nuova e non utilizzata dopo la scadenza del periodo di 14 giorni. In caso di deterioramento, usura o smarrimento sostanziale, ci riserviamo espressamente il diritto di chiedere un risarcimento.<\/p>\n\n\n\n<p>Rimborso: rimborseremo il prezzo di acquisto immediatamente e al pi\u00f9 tardi entro quattordici giorni dal giorno in cui riceviamo la notifica della revoca del presente contratto. Ci riserviamo espressamente il diritto di non rimborsare le spese di restituzione in caso di valore dell&#039;ordine inferiore a \u20ac 40, a meno che la merce consegnata non corrisponda alla merce ordinata.<\/p>\n\n\n\n<p><strong>\u00a7 <\/strong><strong>5 Protezione dei dati<\/strong><\/p>\n\n\n\n<p>a)a) Accetti espressamente la memorizzazione, l&#039;elaborazione e l&#039;utilizzo dei dati personali a noi forniti durante il processo di ordinazione per scopi contrattuali sulla base del regolamento di base dell&#039;UE sulla protezione dei dati (DSGVO) e della legge federale sulla protezione dei dati (BDSG).<\/p>\n\n\n\n<p><strong>\u00a7 <\/strong><strong>6 Varie<\/strong><\/p>\n\n\n\n<p>a) Si applica il diritto tedesco ad esclusione della Convenzione delle Nazioni Unite sulle vendite. Foro competente \u00e8 Mosbach, per quanto legalmente consentito. Se l&#039;acquirente \u00e8 un commerciante, Operation Mobilization Deutschland e. V. pu\u00f2 anche citarlo in giudizio presso la sua sede di attivit\u00e0.<\/p>\n\n\n\n<p>b) Le modifiche al contratto e la modifica delle presenti Condizioni Generali, inclusa la presente clausola scritta, devono essere effettuate per iscritto. L&#039;invalidit\u00e0 di singole disposizioni non pregiudica la validit\u00e0 residua del contratto e delle presenti CGC.<\/p>\n\n\n\n<p><strong>\u00a77 Arbitrato delle controversie<\/strong><\/p>\n\n\n\n<p>La Commissione Europea ha creato una piattaforma Internet per la risoluzione online delle controversie. La piattaforma funge da punto di contatto per la risoluzione extragiudiziale delle controversie relative agli obblighi contrattuali derivanti dai contratti di acquisto online. Ulteriori informazioni sono disponibili al seguente link: http:\/\/ec.europa.eu\/consumers\/odr.<\/p>\n\n\n\n<p>Siamo pronti a partecipare a una procedura di risoluzione delle controversie. Il collegio arbitrale dei consumatori competente \u00e8: Universalschlichtungsstelle des Bundes Zentrum f\u00fcr Schlichtung eV, Stra\u00dfburger Stra\u00dfe 8, 77694 Kehl am Rhein, www.verbraucher-schlichter.de.<\/p>\n\n\n\n<p>Ecco il modello per il modulo di recesso:<\/p>\n\n\n\n<p><strong>Esempio di modulo di revoca<\/strong><\/p>\n\n\n\n<p>(Se desideri annullare il contratto, compila questo modulo e rispedircelo)<\/p>\n\n\n\n<p>A:<\/p>\n\n\n\n<p><strong>Operazione Mobilitazione eV <br>Via Alte Neckarelzer 2 <br>74821 Mosbach <br>Germania<\/strong><\/p>\n\n\n\n<p>Con la presente revoco\/revoco il contratto da me\/noi concluso online per l&#039;acquisto dei seguenti beni\/servizi<\/p>\n\n\n\n<p>Tipo di bene\/servizio: ___________________________________<\/p>\n\n\n\n<p>Numero d&#039;ordine\/Numero d&#039;ordine:__________________________<\/p>\n\n\n\n<p>Ordinato il: _______\/ricevuto il: _______<\/p>\n\n\n\n<p>Nome del\/i consumatore\/i: ______________<\/p>\n\n\n\n<p>Indirizzo del\/i consumatore\/i: ________________________<\/p>\n\n\n\n<p>Firma del\/i consumatore\/i ___________________________<\/p>\n\n\n\n<p>(solo in caso di notifica cartacea)<\/p>\n\n\n\n<p>Data odierna:<\/p>","protected":false},"excerpt":{"rendered":"<p>I seguenti termini si applicano al nostro negozio web. \u00a7 1 Ambito di applicazione e riserva del diritto di modifica a) Operation Mobilisation Deutschland e. V. eseguir\u00e0 l'ordine in base ai rispettivi termini e condizioni validi al momento dell'ordine. Ci riserviamo espressamente il diritto di apportare modifiche alle AGB. b) Non possiamo accettare AGB contrastanti. \u00a7 2 Consegna, dazi doganali e spese di spedizione a) Oltre al prezzo d'acquisto, addebitiamo una tassa di spedizione forfettaria di \u20ac 5,00. La spedizione \u00e8 gratuita a partire da un valore della merce di \u20ac 50. b) Per le consegne all'estero, verranno addebitati i costi effettivi. Il cliente deve rispettare le condizioni doganali e di importazione specifiche. Siamo autorizzati a effettuare consegne parziali. \u00a7 3 Condizioni di pagamento a) Il pagamento viene effettuato con carta di credito o Paypal tramite il nostro partner iZettle. Il processo d'ordine si conclude con il pagamento. b) La compensazione, la conversione o la riduzione sono consentite solo se il vostro credito \u00e8 stato riconosciuto da noi per iscritto o \u00e8 stato stabilito legalmente. Il diritto di ritenzione esiste solo se la vostra contropretesa si basa sullo stesso rapporto contrattuale. c) La merce consegnata rimane di nostra propriet\u00e0 (\u00a7455 BGB) fino al completo pagamento di tutti i crediti esistenti. L'acquirente pu\u00f2 rivendere la merce consegnata nell'ambito di normali transazioni commerciali con riserva di propriet\u00e0 da parte sua, ma ci cede a titolo di garanzia tutti i crediti a cui ha diritto immediatamente o successivamente fino all'importo della nostra fattura. \u00a7 4 Diritto di recesso a) Il cliente pu\u00f2 recedere dal contratto entro 14 giorni dal ricevimento della merce senza indicarne i motivi. L'invio tempestivo della revoca \u00e8 sufficiente per rispettare il termine. Per esercitare il diritto di recesso, potete contattarci per posta, fax o e-mail: Operation Mobilisation e.V., Alte Neckarelzer Str. 2, 74821 Mosbach, Tel: 06261-9470, Fax: 06261-947-147, E-Mail.  \u00c8 possibile utilizzare il modulo di revoca allegato, ma non \u00e8 obbligatorio. Conseguenze della revoca: Restituzione: Dovete restituirci la merce a Mosbach immediatamente e comunque entro e non oltre quattordici giorni dal giorno in cui ci avete comunicato la revoca del contratto. Non possiamo ritirare la merce che non sia in condizioni nuove e non utilizzate dopo la scadenza del termine di 14 giorni. In caso di deterioramento, usura o perdita sostanziale, ci riserviamo espressamente il diritto di chiedere un risarcimento. Rimborso: Il rimborso del prezzo di acquisto avverr\u00e0 immediatamente e al pi\u00f9 tardi entro quattordici giorni dal giorno in cui riceveremo la notifica della revoca del contratto. Ci riserviamo espressamente il diritto di non rimborsare le spese di restituzione in caso di valore dell'ordine inferiore a 40 euro, a meno che la merce consegnata non corrisponda a quella ordinata. \u00a7 5 Protezione dei dati a)a) Il cliente accetta espressamente la memorizzazione, l'elaborazione e l'utilizzo dei dati personali forniti nel corso del processo di ordinazione per scopi contrattuali sulla base del regolamento di base sulla protezione dei dati dell'UE (DSGVO) e della legge federale sulla protezione dei dati (BDSG). \u00a7 6 Miscellaneous a) Si applica il diritto tedesco, ad esclusione della Convenzione di vendita delle Nazioni Unite. Il foro competente \u00e8 Mosbach, per quanto consentito dalla legge. Se l'acquirente \u00e8 un commerciante, Operation Mobilisation Deutschland e. V. pu\u00f2 citarlo in giudizio anche presso la sua sede. b) Le modifiche al contratto e la modifica delle presenti Condizioni Generali di Contratto, compresa la presente clausola di forma scritta, devono essere effettuate per iscritto. L'invalidit\u00e0 di singole disposizioni non pregiudica la validit\u00e0 residua del contratto e delle presenti CGV. \u00a77 Arbitrato delle controversie La Commissione UE ha creato una piattaforma Internet per la risoluzione online delle controversie. La piattaforma funge da punto di contatto per la risoluzione extragiudiziale delle controversie relative agli obblighi contrattuali derivanti dai contratti di acquisto online. Ulteriori informazioni sono disponibili al seguente link: http:\/\/ec.europa.eu\/consumers\/odr. Siamo disposti a partecipare a una procedura di risoluzione delle controversie. Il collegio arbitrale dei consumatori competente \u00e8: Universalschlichtungsstelle des Bundes Zentrum f\u00fcr Schlichtung e.V., Stra\u00dfburger Stra\u00dfe 8, 77694 Kehl am Rhein, www.verbraucher-schlichter.de. Ecco il modello del modulo di revoca: Esempio di modulo di revoca (Se desiderate annullare il contratto, compilate questo modulo e rispeditecelo) A: Operation Mobilisation e.V. Alte Neckarelzer Str. 2 74821 Mosbach Germania Con la presente revoco il contratto da me\/noi stipulato online per l'acquisto dei seguenti beni\/servizi Tipo di bene\/servizio: ___________________________________ Numero d'ordine\/Numero d'ordine:______________________________ Ordinato il: _______\/ricevuto il: _______ Nome del\/dei consumatore\/i: ______________ Indirizzo del\/dei consumatore\/i: _______________ Firma del\/dei consumatore\/i _______________________________ (solo in caso di notifica su carta) Data attuale:<\/p>","protected":false},"author":1,"featured_media":0,"parent":0,"menu_order":0,"comment_status":"closed","ping_status":"closed","template":"","meta":{"iawp_total_views":7,"footnotes":""},"class_list":["post-2619","page","type-page","status-publish","hentry"],"_links":{"self":[{"href":"https:\/\/teenstreet.life\/eu\/it\/wp-json\/wp\/v2\/pages\/2619","targetHints":{"allow":["GET"]}}],"collection":[{"href":"https:\/\/teenstreet.life\/eu\/it\/wp-json\/wp\/v2\/pages"}],"about":[{"href":"https:\/\/teenstreet.life\/eu\/it\/wp-json\/wp\/v2\/types\/page"}],"author":[{"embeddable":true,"href":"https:\/\/teenstreet.life\/eu\/it\/wp-json\/wp\/v2\/users\/1"}],"replies":[{"embeddable":true,"href":"https:\/\/teenstreet.life\/eu\/it\/wp-json\/wp\/v2\/comments?post=2619"}],"version-history":[{"count":0,"href":"https:\/\/teenstreet.life\/eu\/it\/wp-json\/wp\/v2\/pages\/2619\/revisions"}],"wp:attachment":[{"href":"https:\/\/teenstreet.life\/eu\/it\/wp-json\/wp\/v2\/media?parent=2619"}],"curies":[{"name":"wp","href":"https:\/\/api.w.org\/{rel}","templated":true}]}}