{"id":9061,"date":"2026-04-02T11:33:19","date_gmt":"2026-04-02T09:33:19","guid":{"rendered":"https:\/\/teenstreet.life\/eu\/?page_id=9061"},"modified":"2026-04-20T06:56:27","modified_gmt":"2026-04-20T04:56:27","slug":"kiscsoportvezeto-kepzes","status":"publish","type":"page","link":"https:\/\/teenstreet.life\/eu\/hu\/small-group-leader-training\/","title":{"rendered":"Kiscsoportvezet\u0151 k\u00e9pz\u00e9s"},"content":{"rendered":"<div data-elementor-type=\"wp-page\" data-elementor-id=\"9061\" class=\"elementor elementor-9061\" data-elementor-post-type=\"page\">\n\t\t\t\t\t\t<section class=\"elementor-section elementor-top-section elementor-element elementor-element-3b45328 elementor-section-boxed elementor-section-height-default elementor-section-height-default\" data-id=\"3b45328\" data-element_type=\"section\" data-e-type=\"section\">\n\t\t\t\t\t\t<div class=\"elementor-container elementor-column-gap-default\">\n\t\t\t\t\t<div class=\"elementor-column elementor-col-50 elementor-top-column elementor-element elementor-element-c291639\" data-id=\"c291639\" data-element_type=\"column\" data-e-type=\"column\">\n\t\t\t<div class=\"elementor-widget-wrap elementor-element-populated\">\n\t\t\t\t\t\t<div class=\"elementor-element elementor-element-b8729ba elementor-widget elementor-widget-image\" data-id=\"b8729ba\" data-element_type=\"widget\" data-e-type=\"widget\" data-widget_type=\"image.default\">\n\t\t\t\t<div class=\"elementor-widget-container\">\n\t\t\t\t\t\t\t\t\t\t\t\t\t\t\t<img fetchpriority=\"high\" decoding=\"async\" width=\"820\" height=\"1024\" src=\"https:\/\/teenstreet.life\/eu\/wp-content\/uploads\/sites\/13\/2026\/04\/SGL-training-1-820x1024.png\" class=\"attachment-large size-large wp-image-9069\" alt=\"\" srcset=\"https:\/\/teenstreet.life\/eu\/wp-content\/uploads\/sites\/13\/2026\/04\/SGL-training-1-820x1024.png 820w, https:\/\/teenstreet.life\/eu\/wp-content\/uploads\/sites\/13\/2026\/04\/SGL-training-1-240x300.png 240w, https:\/\/teenstreet.life\/eu\/wp-content\/uploads\/sites\/13\/2026\/04\/SGL-training-1-768x959.png 768w, https:\/\/teenstreet.life\/eu\/wp-content\/uploads\/sites\/13\/2026\/04\/SGL-training-1-10x12.png 10w, https:\/\/teenstreet.life\/eu\/wp-content\/uploads\/sites\/13\/2026\/04\/SGL-training-1-600x749.png 600w, https:\/\/teenstreet.life\/eu\/wp-content\/uploads\/sites\/13\/2026\/04\/SGL-training-1.png 1006w\" sizes=\"(max-width: 820px) 100vw, 820px\" \/>\t\t\t\t\t\t\t\t\t\t\t\t\t\t\t<\/div>\n\t\t\t\t<\/div>\n\t\t\t\t\t<\/div>\n\t\t<\/div>\n\t\t\t\t<div class=\"elementor-column elementor-col-50 elementor-top-column elementor-element elementor-element-25afd00\" data-id=\"25afd00\" data-element_type=\"column\" data-e-type=\"column\">\n\t\t\t<div class=\"elementor-widget-wrap elementor-element-populated\">\n\t\t\t\t\t\t<div class=\"elementor-element elementor-element-2bad4f4 elementor-widget elementor-widget-text-editor\" data-id=\"2bad4f4\" data-element_type=\"widget\" data-e-type=\"widget\" data-widget_type=\"text-editor.default\">\n\t\t\t\t<div class=\"elementor-widget-container\">\n\t\t\t\t\t\t\t\t\t<p>Van sz\u00edved a m\u00e1sok szolg\u00e1lat\u00e1hoz? K\u00edv\u00e1ncsi vagy, milyen egy kiscsoport vezet\u00e9se?<\/p>\n<p>Teremtett\u00fcnk valamit neked!<\/p>\n<p>A 2026-os TeenStreet rendezv\u00e9nyen k\u00e9pz\u00e9st k\u00edn\u00e1lunk a leend\u0151 kiscsoport-vezet\u0151k sz\u00e1m\u00e1ra.<\/p>\n<h4><strong>Tanuld meg vezetni<\/strong><\/h4>\n<p>Az SGL k\u00e9pz\u00e9s a Szolg\u00e1lati Csapat tagjai \u2013 k\u00fcl\u00f6n\u00f6sen a 18-20 \u00e9v k\u00f6z\u00f6tti fiatalok \u2013 sz\u00e1m\u00e1ra k\u00e9sz\u00fclt, akik \u00e9rdekl\u0151dnek egy kis csoport j\u00f6v\u0151beli vezet\u00e9se ir\u00e1nt, ak\u00e1r a TeenStreet rendezv\u00e9nyen, ak\u00e1r otthon.&nbsp;<\/p>\n<h4><strong>K\u00e9pz\u00e9si program<\/strong><\/h4>\n<p>A program napi k\u00e9pz\u0151 szemin\u00e1riumokb\u00f3l \u00e1ll, amelyek az Interact 2 alatt zajlanak. A r\u00e9sztvev\u0151knek nem lesz kijel\u00f6lve konkr\u00e9t feladatuk a Szolg\u00e1lati Csapaton bel\u00fcl, de a h\u00e9t sor\u00e1n csoportosan k\u00fcl\u00f6nleges szolg\u00e1lati projektekben vesznek r\u00e9szt.<\/p>\n<p>A k\u00e9pz\u00e9s fontos r\u00e9sze lesz a vezet\u0151i k\u00e9szs\u00e9gek gyakorlati alkalmaz\u00e1sa: minden gyakornok felv\u00e1ltva vezeti majd a kiscsoportj\u00e1t a rendezv\u00e9ny het\u00e9ben. (Ez nem vizsga \u2013 seg\u00edts\u00e9g \u00e9s t\u00e1mogat\u00e1s \u00e1ll rendelkez\u00e9sre!) A kiscsoport t\u00f6bbi SGL K\u00e9pz\u00e9s r\u00e9sztvev\u0151b\u0151l fog \u00e1llni.<\/p>\t\t\t\t\t\t\t\t<\/div>\n\t\t\t\t<\/div>\n\t\t\t\t\t<\/div>\n\t\t<\/div>\n\t\t\t\t\t<\/div>\n\t\t<\/section>\n\t\t\t\t<section class=\"elementor-section elementor-top-section elementor-element elementor-element-c1db653 elementor-section-boxed elementor-section-height-default elementor-section-height-default\" data-id=\"c1db653\" data-element_type=\"section\" data-e-type=\"section\">\n\t\t\t\t\t\t<div class=\"elementor-container elementor-column-gap-default\">\n\t\t\t\t\t<div class=\"elementor-column elementor-col-50 elementor-top-column elementor-element elementor-element-e3eb4e0\" data-id=\"e3eb4e0\" data-element_type=\"column\" data-e-type=\"column\">\n\t\t\t<div class=\"elementor-widget-wrap elementor-element-populated\">\n\t\t\t\t\t\t<div class=\"elementor-element elementor-element-7737bd0 elementor-widget elementor-widget-text-editor\" data-id=\"7737bd0\" data-element_type=\"widget\" data-e-type=\"widget\" data-widget_type=\"text-editor.default\">\n\t\t\t\t<div class=\"elementor-widget-container\">\n\t\t\t\t\t\t\t\t\t<p>A szemin\u00e1riumokat a TeenStreet International tr\u00e9nerei vezetik. Az egy\u00e9ni mentor\u00e1l\u00e1s \u00e9s coaching a program r\u00e9sz\u00e9t k\u00e9pezi.<\/p><p>Az \u00f6sszes tervezett programon val\u00f3 r\u00e9szv\u00e9tel k\u00f6telez\u0151. A k\u00e9pz\u00e9si szemin\u00e1riumok \u00e9s a k\u00f6z\u00f6ss\u00e9gi projektek mellett ide tartozik a F\u0151csarnok, a Csendes Id\u0151, a kiscsoportos foglalkoz\u00e1s \u00e9s a Tr\u00f3nterem. Minden gyakornoknak legal\u00e1bb egy alkalommal szoci\u00e1lis munk\u00e1ban kell r\u00e9szt vennie a rendezv\u00e9ny het\u00e9ben.<\/p><h4><strong>\u00c9rdekel? <\/strong><\/h4><p>Jelentkezz a rendezv\u00e9nyre Szolg\u00e1lati Csapat tagjak\u00e9nt. \u00cdrj egy megjegyz\u00e9st a feladatok al\u00e1, jelezve, hogy \u00e9rdekel az SGL k\u00e9pz\u00e9s. El\u00e9rheted tov\u00e1bb\u00e1 az orsz\u00e1gos irod\u00e1dat, \u00e9s jelezheted ott is az \u00e9rdekl\u0151d\u00e9sedet.<\/p><p>Ha m\u00e1r regisztr\u00e1lt\u00e1l az esem\u00e9nyre, m\u00f3dos\u00edthatod a rendel\u00e9sedet (ehhez tal\u00e1lsz egy linket a TeenStreet Europe 2026 \u00e1ltal k\u00fcld\u00f6tt rendel\u00e9si bizonylatban, amit e-mailben kapt\u00e1l meg), vagy felveheted a kapcsolatot az orsz\u00e1gos irod\u00e1val.<\/p><p>El tudn\u00e1d k\u00e9pzelni, hogy a j\u00f6v\u0151ben egy kis csoportot vezess \u2013 vagy m\u00e1r vezetsz is egy csoportot otthon?<\/p><p>A Kis Csoportvezet\u0151 K\u00e9pz\u00e9s neked sz\u00f3l!<\/p><p><a href=\"https:\/\/registration.teenstreet.de\/tseu\/ts-2026\/\" target=\"_blank\" rel=\"noopener\"><b>Regisztr\u00e1lj itt!<\/b><\/a><\/p>\t\t\t\t\t\t\t\t<\/div>\n\t\t\t\t<\/div>\n\t\t\t\t\t<\/div>\n\t\t<\/div>\n\t\t\t\t<div class=\"elementor-column elementor-col-50 elementor-top-column elementor-element elementor-element-612d36c\" data-id=\"612d36c\" data-element_type=\"column\" data-e-type=\"column\">\n\t\t\t<div class=\"elementor-widget-wrap elementor-element-populated\">\n\t\t\t\t\t\t<div class=\"elementor-element elementor-element-a5ce481 elementor-widget elementor-widget-image\" data-id=\"a5ce481\" data-element_type=\"widget\" data-e-type=\"widget\" data-widget_type=\"image.default\">\n\t\t\t\t<div class=\"elementor-widget-container\">\n\t\t\t\t\t\t\t\t\t\t\t\t\t\t\t<img decoding=\"async\" width=\"820\" height=\"1024\" src=\"https:\/\/teenstreet.life\/eu\/wp-content\/uploads\/sites\/13\/2026\/04\/SGL-training-2-820x1024.png\" class=\"attachment-large size-large wp-image-9070\" alt=\"\" srcset=\"https:\/\/teenstreet.life\/eu\/wp-content\/uploads\/sites\/13\/2026\/04\/SGL-training-2-820x1024.png 820w, https:\/\/teenstreet.life\/eu\/wp-content\/uploads\/sites\/13\/2026\/04\/SGL-training-2-240x300.png 240w, https:\/\/teenstreet.life\/eu\/wp-content\/uploads\/sites\/13\/2026\/04\/SGL-training-2-768x959.png 768w, https:\/\/teenstreet.life\/eu\/wp-content\/uploads\/sites\/13\/2026\/04\/SGL-training-2-10x12.png 10w, https:\/\/teenstreet.life\/eu\/wp-content\/uploads\/sites\/13\/2026\/04\/SGL-training-2-600x749.png 600w, https:\/\/teenstreet.life\/eu\/wp-content\/uploads\/sites\/13\/2026\/04\/SGL-training-2.png 1006w\" sizes=\"(max-width: 820px) 100vw, 820px\" \/>\t\t\t\t\t\t\t\t\t\t\t\t\t\t\t<\/div>\n\t\t\t\t<\/div>\n\t\t\t\t\t<\/div>\n\t\t<\/div>\n\t\t\t\t\t<\/div>\n\t\t<\/section>\n\t\t\t\t<\/div>","protected":false},"excerpt":{"rendered":"<p>Do you have a heart for serving others?&nbsp;Are you curious about what leading a small group is like? We have created something for you! We will be offering training for future small group leaders&nbsp;at the 2026 TeenStreet event. Learn How to Lead SGL Training is designed for Service Team members \u2013 particularly those between the [&hellip;]<\/p>\n","protected":false},"author":82,"featured_media":0,"parent":0,"menu_order":0,"comment_status":"closed","ping_status":"closed","template":"","meta":{"iawp_total_views":164,"footnotes":""},"class_list":["post-9061","page","type-page","status-publish","hentry"],"_links":{"self":[{"href":"https:\/\/teenstreet.life\/eu\/hu\/wp-json\/wp\/v2\/pages\/9061","targetHints":{"allow":["GET"]}}],"collection":[{"href":"https:\/\/teenstreet.life\/eu\/hu\/wp-json\/wp\/v2\/pages"}],"about":[{"href":"https:\/\/teenstreet.life\/eu\/hu\/wp-json\/wp\/v2\/types\/page"}],"author":[{"embeddable":true,"href":"https:\/\/teenstreet.life\/eu\/hu\/wp-json\/wp\/v2\/users\/82"}],"replies":[{"embeddable":true,"href":"https:\/\/teenstreet.life\/eu\/hu\/wp-json\/wp\/v2\/comments?post=9061"}],"version-history":[{"count":6,"href":"https:\/\/teenstreet.life\/eu\/hu\/wp-json\/wp\/v2\/pages\/9061\/revisions"}],"predecessor-version":[{"id":9088,"href":"https:\/\/teenstreet.life\/eu\/hu\/wp-json\/wp\/v2\/pages\/9061\/revisions\/9088"}],"wp:attachment":[{"href":"https:\/\/teenstreet.life\/eu\/hu\/wp-json\/wp\/v2\/media?parent=9061"}],"curies":[{"name":"wp","href":"https:\/\/api.w.org\/{rel}","templated":true}]}}