{"id":7888,"date":"2024-08-01T09:35:47","date_gmt":"2024-08-01T07:35:47","guid":{"rendered":"https:\/\/teenstreet.life\/eu\/?page_id=7888"},"modified":"2024-08-01T11:54:05","modified_gmt":"2024-08-01T09:54:05","slug":"5-nap-celja","status":"publish","type":"page","link":"https:\/\/teenstreet.life\/eu\/hu\/day-5-purpose\/","title":{"rendered":"5. nap - C\u00e9l"},"content":{"rendered":"<div data-elementor-type=\"wp-page\" data-elementor-id=\"7888\" class=\"elementor elementor-7888\" data-elementor-post-type=\"page\">\n\t\t\t\t\t\t<section class=\"elementor-section elementor-top-section elementor-element elementor-element-bcdf2cd elementor-section-boxed elementor-section-height-default elementor-section-height-default wpr-particle-no wpr-jarallax-no wpr-parallax-no wpr-sticky-section-no\" data-id=\"bcdf2cd\" data-element_type=\"section\" data-e-type=\"section\">\n\t\t\t\t\t\t<div class=\"elementor-container elementor-column-gap-default\">\n\t\t\t\t\t<div class=\"elementor-column elementor-col-100 elementor-top-column elementor-element elementor-element-631672e\" data-id=\"631672e\" data-element_type=\"column\" data-e-type=\"column\">\n\t\t\t<div class=\"elementor-widget-wrap elementor-element-populated\">\n\t\t\t\t\t\t<div class=\"elementor-element elementor-element-fb452f1 elementor-skin-carousel elementor-arrows-yes elementor-pagination-type-bullets elementor-pagination-position-outside elementor-widget elementor-widget-media-carousel\" data-id=\"fb452f1\" data-element_type=\"widget\" data-e-type=\"widget\" data-settings=\"{&quot;skin&quot;:&quot;carousel&quot;,&quot;effect&quot;:&quot;slide&quot;,&quot;show_arrows&quot;:&quot;yes&quot;,&quot;pagination&quot;:&quot;bullets&quot;,&quot;speed&quot;:500,&quot;autoplay&quot;:&quot;yes&quot;,&quot;autoplay_speed&quot;:5000,&quot;loop&quot;:&quot;yes&quot;,&quot;pause_on_hover&quot;:&quot;yes&quot;,&quot;pause_on_interaction&quot;:&quot;yes&quot;,&quot;space_between&quot;:{&quot;unit&quot;:&quot;px&quot;,&quot;size&quot;:10,&quot;sizes&quot;:[]},&quot;space_between_tablet&quot;:{&quot;unit&quot;:&quot;px&quot;,&quot;size&quot;:10,&quot;sizes&quot;:[]},&quot;space_between_mobile&quot;:{&quot;unit&quot;:&quot;px&quot;,&quot;size&quot;:10,&quot;sizes&quot;:[]}}\" data-widget_type=\"media-carousel.default\">\n\t\t\t\t<div class=\"elementor-widget-container\">\n\t\t\t\t\t\t\t\t\t<div class=\"elementor-swiper\">\n\t\t\t\t\t<div class=\"elementor-main-swiper swiper\" role=\"region\" aria-roledescription=\"carousel\" aria-label=\"Di\u00e1kok\">\n\t\t\t\t<div class=\"swiper-wrapper\">\n\t\t\t\t\t\t\t\t\t\t\t<div class=\"swiper-slide\" role=\"group\" aria-roledescription=\"slide\">\n\t\t\t\t\t\t\t\t\t<div class=\"elementor-carousel-image\" role=\"img\" aria-label=\"\ud83d\udcf8 Benjamin H\u00f8yland\" style=\"background-image: url(&#039;https:\/\/teenstreet.life\/eu\/wp-content\/uploads\/sites\/13\/2024\/08\/TS24-DAY5-Logo-BHoyland-25-Mainhall.jpg&#039;)\">\n\n\t\t\t\n\t\t\t\t\t<\/div>\n\t\t\t\t\t\t\t\t<\/div>\n\t\t\t\t\t\t\t\t\t\t\t<div class=\"swiper-slide\" role=\"group\" aria-roledescription=\"slide\">\n\t\t\t\t\t\t\t\t\t<div class=\"elementor-carousel-image\" role=\"img\" aria-label=\"\ud83d\udcf8 Benjamin H\u00f8yland\" style=\"background-image: url(&#039;https:\/\/teenstreet.life\/eu\/wp-content\/uploads\/sites\/13\/2024\/08\/TS24-DAY5-Logo-BHoyland-15-Mainhall.jpg&#039;)\">\n\n\t\t\t\n\t\t\t\t\t<\/div>\n\t\t\t\t\t\t\t\t<\/div>\n\t\t\t\t\t\t\t\t\t\t\t<div class=\"swiper-slide\" role=\"group\" aria-roledescription=\"slide\">\n\t\t\t\t\t\t\t\t\t<div class=\"elementor-carousel-image\" role=\"img\" aria-label=\"TS24_Day5_BRathke_10_Outreach\" style=\"background-image: url(&#039;https:\/\/teenstreet.life\/eu\/wp-content\/uploads\/sites\/13\/2024\/08\/TS24_Day5_BRathke_10_Outreach-scaled.jpg&#039;)\">\n\n\t\t\t\n\t\t\t\t\t<\/div>\n\t\t\t\t\t\t\t\t<\/div>\n\t\t\t\t\t\t\t\t\t\t\t<div class=\"swiper-slide\" role=\"group\" aria-roledescription=\"slide\">\n\t\t\t\t\t\t\t\t\t<div class=\"elementor-carousel-image\" role=\"img\" aria-label=\"TS24_Day5_Logo_BRathke_08_Throne Room TS24_Day5_Logo_BRathke_08_Throne Room\" style=\"background-image: url(&#039;https:\/\/teenstreet.life\/eu\/wp-content\/uploads\/sites\/13\/2024\/08\/TS24_Day5_Logo_BRathke_08_Throne-Room.jpg&#039;)\">\n\n\t\t\t\n\t\t\t\t\t<\/div>\n\t\t\t\t\t\t\t\t<\/div>\n\t\t\t\t\t\t\t\t\t\t\t<div class=\"swiper-slide\" role=\"group\" aria-roledescription=\"slide\">\n\t\t\t\t\t\t\t\t\t<div class=\"elementor-carousel-image\" role=\"img\" aria-label=\"\ud83d\udcf8 Benjamin H\u00f8yland\" style=\"background-image: url(&#039;https:\/\/teenstreet.life\/eu\/wp-content\/uploads\/sites\/13\/2024\/08\/TS24-DAY5-Logo-BHoyland-27-Interact.jpg&#039;)\">\n\n\t\t\t\n\t\t\t\t\t<\/div>\n\t\t\t\t\t\t\t\t<\/div>\n\t\t\t\t\t\t\t\t\t<\/div>\n\t\t\t\t\t\t\t\t\t\t\t\t\t\t\t<div class=\"elementor-swiper-button elementor-swiper-button-prev\" role=\"button\" tabindex=\"0\" aria-label=\"Vorherige\" data-no-translation-aria-label=\"\">\n\t\t\t\t\t\t\t<i aria-hidden=\"true\" class=\"eicon-chevron-left\"><\/i>\t\t\t\t\t\t<\/div>\n\t\t\t\t\t\t<div class=\"elementor-swiper-button elementor-swiper-button-next\" role=\"button\" tabindex=\"0\" aria-label=\"N\u00e4chste\" data-no-translation-aria-label=\"\">\n\t\t\t\t\t\t\t<i aria-hidden=\"true\" class=\"eicon-chevron-right\"><\/i>\t\t\t\t\t\t<\/div>\n\t\t\t\t\t\t\t\t\t\t\t\t\t\t\t\t<div class=\"swiper-pagination\"><\/div>\n\t\t\t\t\t\t\t\t\t\t\t\t<\/div>\n\t\t\t\t<\/div>\n\t\t\t\t\t\t\t\t<\/div>\n\t\t\t\t<\/div>\n\t\t\t\t\t<\/div>\n\t\t<\/div>\n\t\t\t\t\t<\/div>\n\t\t<\/section>\n\t\t\t\t<section class=\"elementor-section elementor-top-section elementor-element elementor-element-948dfb4 elementor-section-boxed elementor-section-height-default elementor-section-height-default wpr-particle-no wpr-jarallax-no wpr-parallax-no wpr-sticky-section-no\" data-id=\"948dfb4\" data-element_type=\"section\" data-e-type=\"section\">\n\t\t\t\t\t\t<div class=\"elementor-container elementor-column-gap-default\">\n\t\t\t\t\t<div class=\"elementor-column elementor-col-100 elementor-top-column elementor-element elementor-element-05e9216\" data-id=\"05e9216\" data-element_type=\"column\" data-e-type=\"column\">\n\t\t\t<div class=\"elementor-widget-wrap elementor-element-populated\">\n\t\t\t\t\t\t<div class=\"elementor-element elementor-element-b5568df elementor-widget elementor-widget-text-editor\" data-id=\"b5568df\" data-element_type=\"widget\" data-e-type=\"widget\" data-widget_type=\"text-editor.default\">\n\t\t\t\t<div class=\"elementor-widget-container\">\n\t\t\t\t\t\t\t\t\t<p>5. nap: C\u00e9l\u00a0<\/p><p>\u00a0Mi lenne a TeenStreet a szervizcsapat n\u00e9lk\u00fcl? Id\u00e9n 652 ember dolgozik a sz\u00ednfalak m\u00f6g\u00f6tt, \u00e9s teszi lehet\u0151v\u00e9 a TeenStreetet - a konyh\u00e1ban, a mosd\u00f3k takar\u00edt\u00e1s\u00e1ban, a biztons\u00e1gi szolg\u00e1latban, a sz\u00f3rakoztat\u00f3 \u00e9telstandon \u00e9s \u00edgy tov\u00e1bb. Ma reggel hangosan megk\u00f6sz\u00f6nt\u00fck nekik! Szervizcsapat, szeret\u00fcnk titeket!\u00a0<\/p><p>\u00a0Az olimpiai l\u00e1nghoz hasonl\u00f3an nek\u00fcnk, kereszt\u00e9nyeknek is fontos, hogy tov\u00e1bbadjuk a f\u00e1kly\u00e1t, \u00e9s elvigy\u00fck J\u00e9zus f\u00e9ny\u00e9t a vil\u00e1gba. Mert m\u00e9g mindig van j\u00f3 3 milli\u00e1rd ember, akiknek alig vagy egy\u00e1ltal\u00e1n nincs lehet\u0151s\u00e9g\u00fck hallani J\u00e9zusr\u00f3l. \u00a0<\/p><p>\u00a0P\u00e1lt\u00f3l tudjuk, hogy m\u00e9g szolg\u00e1lata v\u00e9g\u00e9n sem pihent meg, hanem folytatta az evang\u00e9lium hirdet\u00e9s\u00e9t, am\u00edg a k\u00f6vetkez\u0151 nemzed\u00e9k fel nem vette a f\u00e1kly\u00e1t. Miel\u0151tt J\u00e9zus visszament mennyei Atyj\u00e1hoz, azt mondta tan\u00edtv\u00e1nyainak, hogy \u0151k lesznek a tan\u00fai - a bizony\u00edt\u00e9kai, a bizony\u00edt\u00e9kai (ApCsel 1:8). A Szentl\u00e9lek DUNAMISZ erej\u00e9vel a mi \u00e9let\u00fcnk is meg fog v\u00e1ltozni, \u00e9s mi is bizony\u00edt\u00e9kai, bizony\u00edt\u00e9kai lesz\u00fcnk az \u0151 szeretet\u00e9nek, \u00e9s elvissz\u00fck az \u0151 vil\u00e1goss\u00e1g\u00e1t a vil\u00e1gba. Az \u0150 DUMANIS ereje megv\u00e9d minket.\u00a0<\/p><p>\u00a0D\u00e9lut\u00e1n sok tin\u00e9dzser kiment a v\u00e1rosba, \u00e9s elvitte az \u0150 f\u00e9ny\u00e9t az offenburgiaknak - fociztak, im\u00e1dkoztak vagy besz\u00e9lgettek a j\u00e1r\u00f3kel\u0151kkel. A tizen\u00e9vesek csillog\u00f3 szemmel \u00e9s tele lelkesed\u00e9ssel t\u00e9rtek vissza arr\u00f3l, amit \u00e1t\u00e9ltek. \u00a0<\/p><p>\u00a0A Tr\u00f3nteremben arra eml\u00e9keztettek minket, hogy kereszt\u00e9nyk\u00e9nt MINDEN nap Istent kell v\u00e1lasztanunk. Ezut\u00e1n istentiszteleti id\u0151be kezdt\u00fcnk, ahol a kis f\u00e1kly\u00e1kat is haszn\u00e1ltuk, amelyeket mindenki kapott a bej\u00e1ratn\u00e1l, \u00e9s Istent dics\u0151\u00edtve lengett\u00fck \u0151ket. Amikor el\u00e9nekelt\u00fck a \"Battle belongs\" \u00e9neket, mindannyian t\u00e9rdre ereszkedt\u00fcnk \u00e9s \u00e9nekelt\u00fcnk: \"\u00cdgy amikor harcolok, t\u00e9rden \u00e1llva harcolok, magasra emelt k\u00e9zzel. \u00d3, Istenem, a csata a ti\u00e9d\". K\u00e9s\u0151bb ism\u00e9t t\u00e9rdre ereszkedt\u00fcnk - ez\u00fattal az\u00e9rt, hogy megvalljuk b\u0171neinket Istennek - \u00e9s el\u00e9nekelt\u00fck a \"Krisztus \u00e9s a megfesz\u00edtett Krisztus\" c\u00edm\u0171 dalt. Micsoda este volt!<\/p>\t\t\t\t\t\t\t\t<\/div>\n\t\t\t\t<\/div>\n\t\t\t\t\t<\/div>\n\t\t<\/div>\n\t\t\t\t\t<\/div>\n\t\t<\/section>\n\t\t\t\t<section class=\"elementor-section elementor-top-section elementor-element elementor-element-0ee6a83 elementor-section-boxed elementor-section-height-default elementor-section-height-default wpr-particle-no wpr-jarallax-no wpr-parallax-no wpr-sticky-section-no\" data-id=\"0ee6a83\" data-element_type=\"section\" data-e-type=\"section\">\n\t\t\t\t\t\t<div class=\"elementor-container elementor-column-gap-default\">\n\t\t\t\t\t<div class=\"elementor-column elementor-col-100 elementor-top-column elementor-element elementor-element-2573971\" data-id=\"2573971\" data-element_type=\"column\" data-e-type=\"column\">\n\t\t\t<div class=\"elementor-widget-wrap elementor-element-populated\">\n\t\t\t\t\t\t<div class=\"elementor-element elementor-element-95bab5a elementor-widget elementor-widget-image\" data-id=\"95bab5a\" data-element_type=\"widget\" data-e-type=\"widget\" data-widget_type=\"image.default\">\n\t\t\t\t<div class=\"elementor-widget-container\">\n\t\t\t\t\t\t\t\t\t\t\t\t\t\t\t<img decoding=\"async\" src=\"https:\/\/teenstreet.life\/eu\/wp-content\/uploads\/sites\/13\/2024\/07\/Capture-decran-2024-07-30-a-09.37.43.png\" title=\"K\u00e9perny\u0151felv\u00e9tel 2024-07-30 \u00e0 09.37.43\" alt=\"K\u00e9perny\u0151felv\u00e9tel 2024-07-30 \u00e0 09.37.43\" loading=\"lazy\" \/>\t\t\t\t\t\t\t\t\t\t\t\t\t\t\t<\/div>\n\t\t\t\t<\/div>\n\t\t\t\t\t<\/div>\n\t\t<\/div>\n\t\t\t\t\t<\/div>\n\t\t<\/section>\n\t\t\t\t<\/div>","protected":false},"excerpt":{"rendered":"<p>Previous Next Day 5: Purpose\u00a0 \u00a0What would TeenStreet be without the Service team? 652 people are working behind the scenes this year and making TeenStreet possible &#8211; in the kitchen, cleaning toilets, as security, at a fun food stand and so on. This morning we thanked them out loud! Service team, we love you!\u00a0 \u00a0Just like the Olympic flame, it is also important for us as Christians to pass on the torch and bring the light of Jesus into the world. Because there are still a good 3 billion people who have little or no opportunity to hear about Jesus. \u00a0 \u00a0We know from Paul that he did not rest even at the end of his ministry, but continued to preach the gospel until the next generation took up the torch. Just before Jesus went back to his heavenly Father, he told his disciples that they would be his witnesses &#8211; his evidence, proof (Acts 1:8). With the DUNAMIS power of the Holy Spirit, our lives will also change and we will be evidence, proof of his love and bring his light into the world. His DUMANIS power will protect us.\u00a0 \u00a0In the afternoon, many teens went out into the city and brought His light to the people of Offenburg &#8211; playing football, at prayer stands or by talking to passers-by. The teens came back with shining eyes and full of enthusiasm about what they had experienced. \u00a0 \u00a0At Throne Room we were reminded that as Christians we have to choose God EVERY day. Then we started a time of worship, where we also used the little torches that everyone received at the entrance waving them around praising God. When we sang the song &#8220;Battle belongs&#8221;, we all got down on our knees and sung: &#8220;So when I fight, I fight on my knees with my hands lifted high. Oh, God, the battle belongs to you.&#8221; Later, we got down on our knees again &#8211; this time to confess our sins to God &#8211; and sang &#8220;Christ and Christ crucified&#8221;. What an evening!<\/p>","protected":false},"author":74,"featured_media":7913,"parent":0,"menu_order":0,"comment_status":"closed","ping_status":"closed","template":"","meta":{"iawp_total_views":0,"footnotes":""},"class_list":["post-7888","page","type-page","status-publish","has-post-thumbnail","hentry"],"_links":{"self":[{"href":"https:\/\/teenstreet.life\/eu\/hu\/wp-json\/wp\/v2\/pages\/7888","targetHints":{"allow":["GET"]}}],"collection":[{"href":"https:\/\/teenstreet.life\/eu\/hu\/wp-json\/wp\/v2\/pages"}],"about":[{"href":"https:\/\/teenstreet.life\/eu\/hu\/wp-json\/wp\/v2\/types\/page"}],"author":[{"embeddable":true,"href":"https:\/\/teenstreet.life\/eu\/hu\/wp-json\/wp\/v2\/users\/74"}],"replies":[{"embeddable":true,"href":"https:\/\/teenstreet.life\/eu\/hu\/wp-json\/wp\/v2\/comments?post=7888"}],"version-history":[{"count":5,"href":"https:\/\/teenstreet.life\/eu\/hu\/wp-json\/wp\/v2\/pages\/7888\/revisions"}],"predecessor-version":[{"id":7926,"href":"https:\/\/teenstreet.life\/eu\/hu\/wp-json\/wp\/v2\/pages\/7888\/revisions\/7926"}],"wp:featuredmedia":[{"embeddable":true,"href":"https:\/\/teenstreet.life\/eu\/hu\/wp-json\/wp\/v2\/media\/7913"}],"wp:attachment":[{"href":"https:\/\/teenstreet.life\/eu\/hu\/wp-json\/wp\/v2\/media?parent=7888"}],"curies":[{"name":"wp","href":"https:\/\/api.w.org\/{rel}","templated":true}]}}