{"id":7873,"date":"2024-07-31T11:52:59","date_gmt":"2024-07-31T09:52:59","guid":{"rendered":"https:\/\/teenstreet.life\/eu\/?page_id=7873"},"modified":"2024-07-31T11:53:00","modified_gmt":"2024-07-31T09:53:00","slug":"4-nap-elegedettseg","status":"publish","type":"page","link":"https:\/\/teenstreet.life\/eu\/hu\/day-4-contentment\/","title":{"rendered":"4. nap - El\u00e9gedetts\u00e9g"},"content":{"rendered":"<div data-elementor-type=\"wp-page\" data-elementor-id=\"7873\" class=\"elementor elementor-7873\" data-elementor-post-type=\"page\">\n\t\t\t\t\t\t<section class=\"elementor-section elementor-top-section elementor-element elementor-element-174c546 elementor-section-boxed elementor-section-height-default elementor-section-height-default\" data-id=\"174c546\" data-element_type=\"section\" data-e-type=\"section\">\n\t\t\t\t\t\t<div class=\"elementor-container elementor-column-gap-default\">\n\t\t\t\t\t<div class=\"elementor-column elementor-col-100 elementor-top-column elementor-element elementor-element-8efb91b\" data-id=\"8efb91b\" data-element_type=\"column\" data-e-type=\"column\">\n\t\t\t<div class=\"elementor-widget-wrap elementor-element-populated\">\n\t\t\t\t\t\t<div class=\"elementor-element elementor-element-4ab9919 elementor-skin-carousel elementor-arrows-yes elementor-pagination-type-bullets elementor-pagination-position-outside elementor-widget elementor-widget-media-carousel\" data-id=\"4ab9919\" data-element_type=\"widget\" data-e-type=\"widget\" data-settings=\"{&quot;skin&quot;:&quot;carousel&quot;,&quot;effect&quot;:&quot;slide&quot;,&quot;show_arrows&quot;:&quot;yes&quot;,&quot;pagination&quot;:&quot;bullets&quot;,&quot;speed&quot;:500,&quot;autoplay&quot;:&quot;yes&quot;,&quot;autoplay_speed&quot;:5000,&quot;loop&quot;:&quot;yes&quot;,&quot;pause_on_hover&quot;:&quot;yes&quot;,&quot;pause_on_interaction&quot;:&quot;yes&quot;,&quot;space_between&quot;:{&quot;unit&quot;:&quot;px&quot;,&quot;size&quot;:10,&quot;sizes&quot;:[]},&quot;space_between_tablet&quot;:{&quot;unit&quot;:&quot;px&quot;,&quot;size&quot;:10,&quot;sizes&quot;:[]},&quot;space_between_mobile&quot;:{&quot;unit&quot;:&quot;px&quot;,&quot;size&quot;:10,&quot;sizes&quot;:[]}}\" data-widget_type=\"media-carousel.default\">\n\t\t\t\t<div class=\"elementor-widget-container\">\n\t\t\t\t\t\t\t\t\t<div class=\"elementor-swiper\">\n\t\t\t\t\t<div class=\"elementor-main-swiper swiper\" role=\"region\" aria-roledescription=\"carousel\" aria-label=\"Di\u00e1kok\">\n\t\t\t\t<div class=\"swiper-wrapper\">\n\t\t\t\t\t\t\t\t\t\t\t<div class=\"swiper-slide\" role=\"group\" aria-roledescription=\"slide\">\n\t\t\t\t\t\t\t\t\t<div class=\"elementor-carousel-image\" role=\"img\" aria-label=\"TS24_DAY4_Logo_ASchneider_02_Interact2\" style=\"background-image: url(&#039;https:\/\/teenstreet.life\/eu\/wp-content\/uploads\/sites\/13\/2024\/07\/TS24_DAY4_Logo_ASchneider_02_Interact2.jpg&#039;)\">\n\n\t\t\t\n\t\t\t\t\t<\/div>\n\t\t\t\t\t\t\t\t<\/div>\n\t\t\t\t\t\t\t\t\t\t\t<div class=\"swiper-slide\" role=\"group\" aria-roledescription=\"slide\">\n\t\t\t\t\t\t\t\t\t<div class=\"elementor-carousel-image\" role=\"img\" aria-label=\"\ud83d\udcf8 Benjamin H\u00f8yland\" style=\"background-image: url(&#039;https:\/\/teenstreet.life\/eu\/wp-content\/uploads\/sites\/13\/2024\/07\/TS24-DAY4-Logo-BHoyland-36-Interact.jpg&#039;)\">\n\n\t\t\t\n\t\t\t\t\t<\/div>\n\t\t\t\t\t\t\t\t<\/div>\n\t\t\t\t\t\t\t\t\t\t\t<div class=\"swiper-slide\" role=\"group\" aria-roledescription=\"slide\">\n\t\t\t\t\t\t\t\t\t<div class=\"elementor-carousel-image\" role=\"img\" aria-label=\"TS24_DAY4_Logo_ASchneider_02_Interact3\" style=\"background-image: url(&#039;https:\/\/teenstreet.life\/eu\/wp-content\/uploads\/sites\/13\/2024\/07\/TS24_DAY4_Logo_ASchneider_02_Interact3.jpg&#039;)\">\n\n\t\t\t\n\t\t\t\t\t<\/div>\n\t\t\t\t\t\t\t\t<\/div>\n\t\t\t\t\t\t\t\t\t\t\t<div class=\"swiper-slide\" role=\"group\" aria-roledescription=\"slide\">\n\t\t\t\t\t\t\t\t\t<div class=\"elementor-carousel-image\" role=\"img\" aria-label=\"TS24_DAY4_Logo_ASchneider_05_Interact3\" style=\"background-image: url(&#039;https:\/\/teenstreet.life\/eu\/wp-content\/uploads\/sites\/13\/2024\/07\/TS24_DAY4_Logo_ASchneider_05_Interact3.jpg&#039;)\">\n\n\t\t\t\n\t\t\t\t\t<\/div>\n\t\t\t\t\t\t\t\t<\/div>\n\t\t\t\t\t\t\t\t\t\t\t<div class=\"swiper-slide\" role=\"group\" aria-roledescription=\"slide\">\n\t\t\t\t\t\t\t\t\t<div class=\"elementor-carousel-image\" role=\"img\" aria-label=\"TS24_Day4_Logo_MBosch_16_Throne Room TS24_Day4_Logo_MBosch_16_Throne Room\" style=\"background-image: url(&#039;https:\/\/teenstreet.life\/eu\/wp-content\/uploads\/sites\/13\/2024\/07\/TS24_Day4_Logo_MBosch_16_Throne-Room.jpg&#039;)\">\n\n\t\t\t\n\t\t\t\t\t<\/div>\n\t\t\t\t\t\t\t\t<\/div>\n\t\t\t\t\t\t\t\t\t<\/div>\n\t\t\t\t\t\t\t\t\t\t\t\t\t\t\t<div class=\"elementor-swiper-button elementor-swiper-button-prev\" role=\"button\" tabindex=\"0\" aria-label=\"El\u0151z\u0151\">\n\t\t\t\t\t\t\t<i aria-hidden=\"true\" class=\"eicon-chevron-left\"><\/i>\t\t\t\t\t\t<\/div>\n\t\t\t\t\t\t<div class=\"elementor-swiper-button elementor-swiper-button-next\" role=\"button\" tabindex=\"0\" aria-label=\"K\u00f6vetkez\u0151\">\n\t\t\t\t\t\t\t<i aria-hidden=\"true\" class=\"eicon-chevron-right\"><\/i>\t\t\t\t\t\t<\/div>\n\t\t\t\t\t\t\t\t\t\t\t\t\t\t\t\t<div class=\"swiper-pagination\"><\/div>\n\t\t\t\t\t\t\t\t\t\t\t\t<\/div>\n\t\t\t\t<\/div>\n\t\t\t\t\t\t\t\t<\/div>\n\t\t\t\t<\/div>\n\t\t\t\t\t<\/div>\n\t\t<\/div>\n\t\t\t\t\t<\/div>\n\t\t<\/section>\n\t\t\t\t<section class=\"elementor-section elementor-top-section elementor-element elementor-element-22d2b21 elementor-section-boxed elementor-section-height-default elementor-section-height-default\" data-id=\"22d2b21\" data-element_type=\"section\" data-e-type=\"section\">\n\t\t\t\t\t\t<div class=\"elementor-container elementor-column-gap-default\">\n\t\t\t\t\t<div class=\"elementor-column elementor-col-100 elementor-top-column elementor-element elementor-element-e8fba36\" data-id=\"e8fba36\" data-element_type=\"column\" data-e-type=\"column\">\n\t\t\t<div class=\"elementor-widget-wrap elementor-element-populated\">\n\t\t\t\t\t\t<div class=\"elementor-element elementor-element-52a0a51 elementor-widget elementor-widget-text-editor\" data-id=\"52a0a51\" data-element_type=\"widget\" data-e-type=\"widget\" data-widget_type=\"text-editor.default\">\n\t\t\t\t<div class=\"elementor-widget-container\">\n\t\t\t\t\t\t\t\t\t<p>4. nap: el\u00e9gedetts\u00e9g<\/p><p>Lehet, hogy hangos lesz\" - ezzel a dallal k\u00f6sz\u00f6nt\u00f6tt\u00e9k ma a tizen\u00e9veseket a nagyteremben. \u00c9s hangos is lett, amikor a rongyfut\u00e1s legjobb jelmez\u00e9t - az Alieneket - v\u00e1lasztott\u00e1k, \u00e9s amikor kihirdett\u00e9k az adom\u00e1nyok v\u00e9g\u00f6sszeg\u00e9t: 48 166 eur\u00f3.<\/p>\n<p>A mai t\u00e9ma az el\u00e9gedetts\u00e9gr\u0151l sz\u00f3lt, m\u00e9g a szenved\u00e9s idej\u00e9n is. P\u00e1l, az egykori kereszt\u00e9ny\u00fcld\u00f6z\u0151 Saul megt\u00e9r\u00e9se ut\u00e1n elment azokhoz az emberekhez, akik m\u00e9g nem ismert\u00e9k J\u00e9zust, \u00e9s sokat szenvedett. T\u00f6bbek k\u00f6z\u00f6tt t\u00fal\u00e9lte saj\u00e1t megk\u00f6vez\u00e9s\u00e9t is. A R\u00f3ma 8:18 alapj\u00e1n felismert\u00fck, hogy a szenved\u00e9s idej\u00e9n gyakran r\u00e1k\u00f6zel\u00edt\u00fcnk a probl\u00e9m\u00e1ra, mintha mikroszk\u00f3ppal n\u00e9zn\u00e9nk, P\u00e1l azonban arra k\u00e9r minket, hogy nagy\u00edtsuk ki \u00e9s \u00f6sszpontos\u00edtsunk Istenre.<\/p>\n<p>D\u00e9lut\u00e1n a h\u0151s\u00e9g miatt nem sok minden t\u00f6rt\u00e9nt a TeenStreet helysz\u00ednen, sokan ink\u00e1bb bent maradtak, vagy ink\u00e1bb a k\u00f6zeli t\u00f3ban \u00fasztak.<\/p>\n<p>&nbsp;Este egy kicsit m\u00e1s Tr\u00f3nterem volt a program: az imaest. A zenekar akusztikusan j\u00e1tszott, \u00e9s Josh Green, a 24-7 Prayer ifj\u00fas\u00e1gi igazgat\u00f3ja vezette v\u00e9gig az est\u00e9t. Hangs\u00falyozta, hogy J\u00e9zus az egyh\u00e1zat imah\u00e1zk\u00e9nt kezdte, \u00e9s most itt az ideje, hogy az egyh\u00e1z visszat\u00e9rjen az eredet\u00e9hez, \u00e9s az im\u00e1ds\u00e1g h\u00e1z\u00e1v\u00e1 v\u00e1ljon. \"Az im\u00e1nak kitart\u00f3nak, k\u00f6vetkezetesnek \u00e9s ellen\u00e1ll\u00f3nak kell lennie\" - h\u00edvott ki minket.<\/p>\n<p>Ezut\u00e1n a tizen\u00e9vesek kiscsoportjaikban k\u00fcl\u00f6nb\u00f6z\u0151 ima\u00e1llom\u00e1sokhoz mentek, hogy im\u00e1dkozzanak az el\u00e9rhetetlenek\u00e9rt \u00e9s egym\u00e1s\u00e9rt. A v\u00e9g\u00e9n t\u00f6bb mint 30 nemzet tin\u00e9dzserei l\u00e9ptek fel a sz\u00ednpadra, hogy a saj\u00e1t orsz\u00e1guk\u00e9rt im\u00e1dkozzanak a saj\u00e1t nyelv\u00fck\u00f6n. Egy \"szent k\u00e1osz\" \u00e9s m\u00e9gis olyan gy\u00f6ny\u00f6r\u0171 jele Krisztus test\u00e9nek. V\u00e9g\u00fcl mindenki egyszerre im\u00e1dkozta a Miaty\u00e1nkot a saj\u00e1t nyelv\u00e9n.<\/p>\t\t\t\t\t\t\t\t<\/div>\n\t\t\t\t<\/div>\n\t\t\t\t\t<\/div>\n\t\t<\/div>\n\t\t\t\t\t<\/div>\n\t\t<\/section>\n\t\t\t\t<section class=\"elementor-section elementor-top-section elementor-element elementor-element-87967e1 elementor-section-boxed elementor-section-height-default elementor-section-height-default\" data-id=\"87967e1\" data-element_type=\"section\" data-e-type=\"section\">\n\t\t\t\t\t\t<div class=\"elementor-container elementor-column-gap-default\">\n\t\t\t\t\t<div class=\"elementor-column elementor-col-100 elementor-top-column elementor-element elementor-element-386a533\" data-id=\"386a533\" data-element_type=\"column\" data-e-type=\"column\">\n\t\t\t<div class=\"elementor-widget-wrap elementor-element-populated\">\n\t\t\t\t\t\t<div class=\"elementor-element elementor-element-887f3fc elementor-widget elementor-widget-image\" data-id=\"887f3fc\" data-element_type=\"widget\" data-e-type=\"widget\" data-widget_type=\"image.default\">\n\t\t\t\t<div class=\"elementor-widget-container\">\n\t\t\t\t\t\t\t\t\t\t\t\t\t\t\t<img decoding=\"async\" src=\"https:\/\/teenstreet.life\/eu\/wp-content\/uploads\/sites\/13\/2024\/07\/Capture-decran-2024-07-30-a-09.37.43.png\" title=\"K\u00e9perny\u0151felv\u00e9tel 2024-07-30 \u00e0 09.37.43\" alt=\"K\u00e9perny\u0151felv\u00e9tel 2024-07-30 \u00e0 09.37.43\" loading=\"lazy\" \/>\t\t\t\t\t\t\t\t\t\t\t\t\t\t\t<\/div>\n\t\t\t\t<\/div>\n\t\t\t\t\t<\/div>\n\t\t<\/div>\n\t\t\t\t\t<\/div>\n\t\t<\/section>\n\t\t\t\t<\/div>","protected":false},"excerpt":{"rendered":"<p>Previous Next Day 4: contentment It might get loud&#8221; &#8211; the teens were greeted with this song in the Main Hall today. And it got loud when the best costume from the rag race &#8211; the Aliens &#8211; was chosen and when the donation total was announced: 48,166 euros. Today&#8217;s theme was about being content [&hellip;]<\/p>\n","protected":false},"author":74,"featured_media":7876,"parent":0,"menu_order":0,"comment_status":"closed","ping_status":"closed","template":"","meta":{"iawp_total_views":0,"footnotes":""},"class_list":["post-7873","page","type-page","status-publish","has-post-thumbnail","hentry"],"_links":{"self":[{"href":"https:\/\/teenstreet.life\/eu\/hu\/wp-json\/wp\/v2\/pages\/7873","targetHints":{"allow":["GET"]}}],"collection":[{"href":"https:\/\/teenstreet.life\/eu\/hu\/wp-json\/wp\/v2\/pages"}],"about":[{"href":"https:\/\/teenstreet.life\/eu\/hu\/wp-json\/wp\/v2\/types\/page"}],"author":[{"embeddable":true,"href":"https:\/\/teenstreet.life\/eu\/hu\/wp-json\/wp\/v2\/users\/74"}],"replies":[{"embeddable":true,"href":"https:\/\/teenstreet.life\/eu\/hu\/wp-json\/wp\/v2\/comments?post=7873"}],"version-history":[{"count":5,"href":"https:\/\/teenstreet.life\/eu\/hu\/wp-json\/wp\/v2\/pages\/7873\/revisions"}],"predecessor-version":[{"id":7908,"href":"https:\/\/teenstreet.life\/eu\/hu\/wp-json\/wp\/v2\/pages\/7873\/revisions\/7908"}],"wp:featuredmedia":[{"embeddable":true,"href":"https:\/\/teenstreet.life\/eu\/hu\/wp-json\/wp\/v2\/media\/7876"}],"wp:attachment":[{"href":"https:\/\/teenstreet.life\/eu\/hu\/wp-json\/wp\/v2\/media?parent=7873"}],"curies":[{"name":"wp","href":"https:\/\/api.w.org\/{rel}","templated":true}]}}