{"id":7613,"date":"2024-07-30T11:52:49","date_gmt":"2024-07-30T09:52:49","guid":{"rendered":"https:\/\/teenstreet.life\/eu\/?page_id=7613"},"modified":"2024-08-03T20:11:55","modified_gmt":"2024-08-03T18:11:55","slug":"3-nap-celja","status":"publish","type":"page","link":"https:\/\/teenstreet.life\/eu\/hu\/day-3-purpose\/","title":{"rendered":"3. nap - A k\u00f6zj\u00f3"},"content":{"rendered":"<div data-elementor-type=\"wp-page\" data-elementor-id=\"7613\" class=\"elementor elementor-7613\" data-elementor-post-type=\"page\">\n\t\t\t\t\t\t<section class=\"elementor-section elementor-top-section elementor-element elementor-element-3c756d8 elementor-section-boxed elementor-section-height-default elementor-section-height-default wpr-particle-no wpr-jarallax-no wpr-parallax-no wpr-sticky-section-no\" data-id=\"3c756d8\" data-element_type=\"section\" data-e-type=\"section\">\n\t\t\t\t\t\t<div class=\"elementor-container elementor-column-gap-default\">\n\t\t\t\t\t<div class=\"elementor-column elementor-col-100 elementor-top-column elementor-element elementor-element-f69963b\" data-id=\"f69963b\" data-element_type=\"column\" data-e-type=\"column\">\n\t\t\t<div class=\"elementor-widget-wrap elementor-element-populated\">\n\t\t\t\t\t\t<div class=\"elementor-element elementor-element-8fdaf50 elementor-skin-carousel elementor-arrows-yes elementor-pagination-type-bullets elementor-pagination-position-outside elementor-widget elementor-widget-media-carousel\" data-id=\"8fdaf50\" data-element_type=\"widget\" data-e-type=\"widget\" data-settings=\"{&quot;skin&quot;:&quot;carousel&quot;,&quot;effect&quot;:&quot;slide&quot;,&quot;show_arrows&quot;:&quot;yes&quot;,&quot;pagination&quot;:&quot;bullets&quot;,&quot;speed&quot;:500,&quot;autoplay&quot;:&quot;yes&quot;,&quot;autoplay_speed&quot;:5000,&quot;loop&quot;:&quot;yes&quot;,&quot;pause_on_hover&quot;:&quot;yes&quot;,&quot;pause_on_interaction&quot;:&quot;yes&quot;,&quot;space_between&quot;:{&quot;unit&quot;:&quot;px&quot;,&quot;size&quot;:10,&quot;sizes&quot;:[]},&quot;space_between_tablet&quot;:{&quot;unit&quot;:&quot;px&quot;,&quot;size&quot;:10,&quot;sizes&quot;:[]},&quot;space_between_mobile&quot;:{&quot;unit&quot;:&quot;px&quot;,&quot;size&quot;:10,&quot;sizes&quot;:[]}}\" data-widget_type=\"media-carousel.default\">\n\t\t\t\t<div class=\"elementor-widget-container\">\n\t\t\t\t\t\t\t\t\t<div class=\"elementor-swiper\">\n\t\t\t\t\t<div class=\"elementor-main-swiper swiper\" role=\"region\" aria-roledescription=\"carousel\" aria-label=\"Di\u00e1kok\">\n\t\t\t\t<div class=\"swiper-wrapper\">\n\t\t\t\t\t\t\t\t\t\t\t<div class=\"swiper-slide\" role=\"group\" aria-roledescription=\"slide\">\n\t\t\t\t\t\t\t\t\t<div class=\"elementor-carousel-image\" role=\"img\" aria-label=\"TS24_Day3_Logo_BRathke_09_Mainhall\" style=\"background-image: url(&#039;https:\/\/teenstreet.life\/eu\/wp-content\/uploads\/sites\/13\/2024\/07\/TS24_Day3_Logo_BRathke_09_Mainhall.jpg&#039;)\">\n\n\t\t\t\n\t\t\t\t\t<\/div>\n\t\t\t\t\t\t\t\t<\/div>\n\t\t\t\t\t\t\t\t\t\t\t<div class=\"swiper-slide\" role=\"group\" aria-roledescription=\"slide\">\n\t\t\t\t\t\t\t\t\t<div class=\"elementor-carousel-image\" role=\"img\" aria-label=\"TS24_Day3_Logo_BRathke_11_Mainhall\" style=\"background-image: url(&#039;https:\/\/teenstreet.life\/eu\/wp-content\/uploads\/sites\/13\/2024\/07\/TS24_Day3_Logo_BRathke_11_Mainhall.jpg&#039;)\">\n\n\t\t\t\n\t\t\t\t\t<\/div>\n\t\t\t\t\t\t\t\t<\/div>\n\t\t\t\t\t\t\t\t\t\t\t<div class=\"swiper-slide\" role=\"group\" aria-roledescription=\"slide\">\n\t\t\t\t\t\t\t\t\t<div class=\"elementor-carousel-image\" role=\"img\" aria-label=\"TS24_Day3_Logo_MBosch_52_RAG\" style=\"background-image: url(&#039;https:\/\/teenstreet.life\/eu\/wp-content\/uploads\/sites\/13\/2024\/07\/TS24_Day3_Logo_MBosch_52_RAG.jpg&#039;)\">\n\n\t\t\t\n\t\t\t\t\t<\/div>\n\t\t\t\t\t\t\t\t<\/div>\n\t\t\t\t\t\t\t\t\t\t\t<div class=\"swiper-slide\" role=\"group\" aria-roledescription=\"slide\">\n\t\t\t\t\t\t\t\t\t<div class=\"elementor-carousel-image\" role=\"img\" aria-label=\"TS24_Day3_Logo_MBosch_48_RAG\" style=\"background-image: url(&#039;https:\/\/teenstreet.life\/eu\/wp-content\/uploads\/sites\/13\/2024\/07\/TS24_Day3_Logo_MBosch_48_RAG.jpg&#039;)\">\n\n\t\t\t\n\t\t\t\t\t<\/div>\n\t\t\t\t\t\t\t\t<\/div>\n\t\t\t\t\t\t\t\t\t\t\t<div class=\"swiper-slide\" role=\"group\" aria-roledescription=\"slide\">\n\t\t\t\t\t\t\t\t\t<div class=\"elementor-carousel-image\" role=\"img\" aria-label=\"TS24_DAY3_ARENBERG_LOGO_MAINHALL_GIRLS-10\" style=\"background-image: url(&#039;https:\/\/teenstreet.life\/eu\/wp-content\/uploads\/sites\/13\/2024\/07\/TS24_DAY3_ARENBERG_LOGO_MAINHALL_GIRLS-10-scaled.jpg&#039;)\">\n\n\t\t\t\n\t\t\t\t\t<\/div>\n\t\t\t\t\t\t\t\t<\/div>\n\t\t\t\t\t\t\t\t\t\t\t<div class=\"swiper-slide\" role=\"group\" aria-roledescription=\"slide\">\n\t\t\t\t\t\t\t\t\t<div class=\"elementor-carousel-image\" role=\"img\" aria-label=\"TS24_DAY3_Logo_ASchneider_07_SmallGroup\" style=\"background-image: url(&#039;https:\/\/teenstreet.life\/eu\/wp-content\/uploads\/sites\/13\/2024\/07\/TS24_DAY3_Logo_ASchneider_07_SmallGrooup-scaled.jpg&#039;)\">\n\n\t\t\t\n\t\t\t\t\t<\/div>\n\t\t\t\t\t\t\t\t<\/div>\n\t\t\t\t\t\t\t\t\t<\/div>\n\t\t\t\t\t\t\t\t\t\t\t\t\t\t\t<div class=\"elementor-swiper-button elementor-swiper-button-prev\" role=\"button\" tabindex=\"0\" aria-label=\"El\u0151z\u0151\">\n\t\t\t\t\t\t\t<i aria-hidden=\"true\" class=\"eicon-chevron-left\"><\/i>\t\t\t\t\t\t<\/div>\n\t\t\t\t\t\t<div class=\"elementor-swiper-button elementor-swiper-button-next\" role=\"button\" tabindex=\"0\" aria-label=\"K\u00f6vetkez\u0151\">\n\t\t\t\t\t\t\t<i aria-hidden=\"true\" class=\"eicon-chevron-right\"><\/i>\t\t\t\t\t\t<\/div>\n\t\t\t\t\t\t\t\t\t\t\t\t\t\t\t\t<div class=\"swiper-pagination\"><\/div>\n\t\t\t\t\t\t\t\t\t\t\t\t<\/div>\n\t\t\t\t<\/div>\n\t\t\t\t\t\t\t\t<\/div>\n\t\t\t\t<\/div>\n\t\t\t\t<div class=\"elementor-element elementor-element-6c674de elementor-widget elementor-widget-text-editor\" data-id=\"6c674de\" data-element_type=\"widget\" data-e-type=\"widget\" data-widget_type=\"text-editor.default\">\n\t\t\t\t<div class=\"elementor-widget-container\">\n\t\t\t\t\t\t\t\t\t<p>3. nap a TeenStreet-en! Fi\u00fak \u00e9s l\u00e1nyok napja! RAG verseny! Micsoda nap! &nbsp;<\/p>\n<p>Ma reggel el\u0151sz\u00f6r a fi\u00fak tal\u00e1lkoztak a nagyteremben, m\u00edg a l\u00e1nyok kiscsoportos foglalkoz\u00e1son vettek r\u00e9szt. A fi\u00fak Tim\u00f3teust, Sil\u00e1st \u00e9s F\u00fcl\u00f6p\u00f6t n\u00e9zt\u00e9k meg az Apostolok Cselekedeteib\u0151l, \u00e9s h\u00e1rom dologra jutottak: J\u00e9zusra koncentr\u00e1ljunk, ne r\u00f6vid\u00edts\u00fcnk, \u00e9s hogy sz\u00fcks\u00e9g\u00fcnk van egym\u00e1sra. &nbsp;<\/p>\n<p>Ezut\u00e1n a l\u00e1nyok a nagyteremben voltak (a fi\u00fak pedig a kiscsoportban). H\u00e1rom n\u0151t n\u00e9ztek meg az Apostolok Cselekedetei k\u00f6nyv\u00e9ben: L\u00eddi\u00e1t, M\u00e1ri\u00e1t (J\u00e9zus anyj\u00e1t) \u00e9s Tabit\u00e1t. Ezen n\u0151k \u00e9s a h\u00e1rom el\u0151ad\u00f3 bizonys\u00e1gt\u00e9telei alapj\u00e1n a l\u00e1nyok megtanult\u00e1k, hogy mennyire fontos az egym\u00e1ssal val\u00f3 k\u00f6z\u00f6ss\u00e9g - a testv\u00e9ris\u00e9g -, hogy a DUNAMISZ vel\u00fck van, \u00e9s hogy Istenn\u00e9l semmi sem lehetetlen.&nbsp;<\/p>\n<p>A d\u00e9lut\u00e1n sz\u00ednes \u00e9s hangos volt - RAG verseny! Nem sokkal d\u00e9lut\u00e1n 3 \u00f3ra ut\u00e1n megsz\u00f3lalt a startpisztoly, \u00e9s t\u00f6bb sz\u00e1z fut\u00f3 - tizen\u00e9vesek \u00e9s feln\u0151ttek - indult \u00fatnak. Gy\u00f6ny\u00f6r\u0171 ny\u00e1ri id\u0151ben k\u00f6rr\u0151l k\u00f6rre teljes\u00edtett\u00e9k a t\u00e1vot, \u00e9s a TeenStreet k\u00f6z\u00f6ss\u00e9g t\u00f6bbi tagja hangosan buzd\u00edtotta \u0151ket \u00e9s l\u00e1tta el \u0151ket v\u00edzzel. Mivel nem csak a legt\u00f6bb k\u00f6rt vagy a legt\u00f6bb adom\u00e1nyt \u00f6sszegy\u0171jt\u0151 fut\u00f3 nyer d\u00edjat, hanem a legjobb jelmez is, l\u00e1thattunk vikingeket, herny\u00f3kat, \u0171rhaj\u00f3sokat, f\u00f6ld\u00f6nk\u00edv\u00fclieket, egy \u00f6lt\u00f6ny\u00f6st \u00e9s sok m\u00e1s kreat\u00edv \u00f6lt\u00f6z\u00e9ket. Holnap kider\u00fcl, mennyi p\u00e9nz gy\u0171lt \u00f6ssze, \u00e9s ki nyert d\u00edjat.&nbsp;<\/p>\n<p>&nbsp;Egy \u00fajabb j\u00f3 tr\u00f3nterem ut\u00e1n b\u0151ven volt id\u0151 a k\u00f6z\u00f6ss\u00e9gre, spont\u00e1n istentiszteleti alkalmakra, sz\u00f3rakoztat\u00f3 \u00e9telekre, sportra \u00e9s az \u00faj J\u00e9zus-filmbe val\u00f3 exkluz\u00edv betekint\u00e9sre is.<\/p>\t\t\t\t\t\t\t\t<\/div>\n\t\t\t\t<\/div>\n\t\t\t\t\t<\/div>\n\t\t<\/div>\n\t\t\t\t\t<\/div>\n\t\t<\/section>\n\t\t\t\t<section class=\"elementor-section elementor-top-section elementor-element elementor-element-52a689e elementor-section-boxed elementor-section-height-default elementor-section-height-default wpr-particle-no wpr-jarallax-no wpr-parallax-no wpr-sticky-section-no\" data-id=\"52a689e\" data-element_type=\"section\" data-e-type=\"section\">\n\t\t\t\t\t\t<div class=\"elementor-container elementor-column-gap-default\">\n\t\t\t\t\t<div class=\"elementor-column elementor-col-100 elementor-top-column elementor-element elementor-element-3e74c35\" data-id=\"3e74c35\" data-element_type=\"column\" data-e-type=\"column\">\n\t\t\t<div class=\"elementor-widget-wrap elementor-element-populated\">\n\t\t\t\t\t\t<div class=\"elementor-element elementor-element-6abc27e elementor-widget elementor-widget-image\" data-id=\"6abc27e\" data-element_type=\"widget\" data-e-type=\"widget\" data-widget_type=\"image.default\">\n\t\t\t\t<div class=\"elementor-widget-container\">\n\t\t\t\t\t\t\t\t\t\t\t\t\t\t\t<img decoding=\"async\" src=\"https:\/\/teenstreet.life\/eu\/wp-content\/uploads\/sites\/13\/2024\/07\/Capture-decran-2024-07-30-a-09.37.43.png\" title=\"K\u00e9perny\u0151felv\u00e9tel 2024-07-30 \u00e0 09.37.43\" alt=\"K\u00e9perny\u0151felv\u00e9tel 2024-07-30 \u00e0 09.37.43\" loading=\"lazy\" \/>\t\t\t\t\t\t\t\t\t\t\t\t\t\t\t<\/div>\n\t\t\t\t<\/div>\n\t\t\t\t\t<\/div>\n\t\t<\/div>\n\t\t\t\t\t<\/div>\n\t\t<\/section>\n\t\t\t\t<\/div>","protected":false},"excerpt":{"rendered":"<p>El\u0151z\u0151 K\u00f6vetkez\u0151 3. nap a TeenStreeten! Fi\u00fak \u00e9s l\u00e1nyok napja! RAG verseny! Micsoda nap!   Ma reggel el\u0151sz\u00f6r a fi\u00fak tal\u00e1lkoztak a nagyteremben, m\u00edg a l\u00e1nyok kiscsoportos foglalkoz\u00e1son vettek r\u00e9szt. A fi\u00fak Tim\u00f3teust, Sil\u00e1st \u00e9s F\u00fcl\u00f6p\u00f6t n\u00e9zt\u00e9k meg az Apostolok Cselekedeteib\u0151l, \u00e9s h\u00e1rom dolgot tal\u00e1ltak ki: J\u00e9zusra koncentr\u00e1ljunk, ne r\u00f6vid\u00edts\u00fcnk, \u00e9s hogy sz\u00fcks\u00e9g\u00fcnk van egym\u00e1sra.   Ezut\u00e1n a l\u00e1nyok a nagyteremben voltak (a fi\u00fak pedig a kiscsoportban). H\u00e1rom n\u0151t n\u00e9ztek meg az Apostolok Cselekedetei k\u00f6nyv\u00e9ben: L\u00eddi\u00e1t, M\u00e1ri\u00e1t (J\u00e9zus anyj\u00e1t) \u00e9s Tabit\u00e1t. Ezen n\u0151k \u00e9s a h\u00e1rom el\u0151ad\u00f3 bizonys\u00e1gt\u00e9telei alapj\u00e1n a l\u00e1nyok megtanult\u00e1k, hogy mennyire fontos az egym\u00e1ssal val\u00f3 k\u00f6z\u00f6ss\u00e9g - a testv\u00e9ris\u00e9g -, hogy a DUNAMISZ vel\u00fck van, \u00e9s hogy Istenn\u00e9l semmi sem lehetetlen.  A d\u00e9lut\u00e1n sz\u00ednes \u00e9s hangos volt - RAG verseny! Nem sokkal 15 \u00f3ra ut\u00e1n megsz\u00f3lalt a startpisztoly, \u00e9s t\u00f6bb sz\u00e1z fut\u00f3 - tizen\u00e9vesek \u00e9s feln\u0151ttek - indult \u00fatnak. Gy\u00f6ny\u00f6r\u0171 ny\u00e1ri id\u0151ben k\u00f6rr\u0151l k\u00f6rre teljes\u00edtett\u00e9k a t\u00e1vot, \u00e9s a TeenStreet k\u00f6z\u00f6ss\u00e9g t\u00f6bbi tagja hangosan buzd\u00edtotta \u0151ket \u00e9s l\u00e1tta el \u0151ket v\u00edzzel. Mivel nem csak a legt\u00f6bb k\u00f6rt vagy a legt\u00f6bb adom\u00e1nyt \u00f6sszegy\u0171jt\u0151 fut\u00f3 nyer d\u00edjat, hanem a legjobb jelmez is, l\u00e1thattunk vikingeket, herny\u00f3kat, \u0171rhaj\u00f3sokat, f\u00f6ld\u00f6nk\u00edv\u00fclieket, egy \u00f6lt\u00f6ny\u00f6st \u00e9s sok m\u00e1s kreat\u00edv \u00f6lt\u00f6z\u00e9ket. Holnap kider\u00fcl, mennyi p\u00e9nz gy\u0171lt \u00f6ssze, \u00e9s ki nyert d\u00edjat.   Egy \u00fajabb j\u00f3 kis Tr\u00f3nterem ut\u00e1n b\u0151ven jutott id\u0151 a k\u00f6z\u00f6ss\u00e9gre, spont\u00e1n istentiszteleti alkalmakra, sz\u00f3rakoztat\u00f3 \u00e9telekre, sportra \u00e9s exkluz\u00edv betekint\u00e9sre az \u00faj J\u00e9zus-filmbe is.<\/p>","protected":false},"author":74,"featured_media":7814,"parent":0,"menu_order":0,"comment_status":"closed","ping_status":"closed","template":"","meta":{"iawp_total_views":0,"footnotes":""},"class_list":["post-7613","page","type-page","status-publish","has-post-thumbnail","hentry"],"_links":{"self":[{"href":"https:\/\/teenstreet.life\/eu\/hu\/wp-json\/wp\/v2\/pages\/7613","targetHints":{"allow":["GET"]}}],"collection":[{"href":"https:\/\/teenstreet.life\/eu\/hu\/wp-json\/wp\/v2\/pages"}],"about":[{"href":"https:\/\/teenstreet.life\/eu\/hu\/wp-json\/wp\/v2\/types\/page"}],"author":[{"embeddable":true,"href":"https:\/\/teenstreet.life\/eu\/hu\/wp-json\/wp\/v2\/users\/74"}],"replies":[{"embeddable":true,"href":"https:\/\/teenstreet.life\/eu\/hu\/wp-json\/wp\/v2\/comments?post=7613"}],"version-history":[{"count":5,"href":"https:\/\/teenstreet.life\/eu\/hu\/wp-json\/wp\/v2\/pages\/7613\/revisions"}],"predecessor-version":[{"id":7942,"href":"https:\/\/teenstreet.life\/eu\/hu\/wp-json\/wp\/v2\/pages\/7613\/revisions\/7942"}],"wp:featuredmedia":[{"embeddable":true,"href":"https:\/\/teenstreet.life\/eu\/hu\/wp-json\/wp\/v2\/media\/7814"}],"wp:attachment":[{"href":"https:\/\/teenstreet.life\/eu\/hu\/wp-json\/wp\/v2\/media?parent=7613"}],"curies":[{"name":"wp","href":"https:\/\/api.w.org\/{rel}","templated":true}]}}