{"id":7435,"date":"2024-06-08T10:31:06","date_gmt":"2024-06-08T08:31:06","guid":{"rendered":"https:\/\/teenstreet.life\/eu\/?page_id=7435"},"modified":"2026-03-16T13:25:37","modified_gmt":"2026-03-16T12:25:37","slug":"teenstreet-2024-menetrend","status":"publish","type":"page","link":"https:\/\/teenstreet.life\/eu\/hu\/teenstreet-2024-schedule\/","title":{"rendered":"Egy tipikus nap a TeenStreetn\u00e9l"},"content":{"rendered":"<div data-elementor-type=\"wp-page\" data-elementor-id=\"7435\" class=\"elementor elementor-7435\" data-elementor-post-type=\"page\">\n\t\t\t\t\t\t<section class=\"elementor-section elementor-top-section elementor-element elementor-element-bc81a2c elementor-section-content-middle elementor-section-boxed elementor-section-height-default elementor-section-height-default wpr-particle-no wpr-jarallax-no wpr-parallax-no wpr-sticky-section-no wpr-equal-height-no\" data-id=\"bc81a2c\" data-element_type=\"section\" data-e-type=\"section\" data-settings=\"{&quot;background_background&quot;:&quot;classic&quot;}\">\n\t\t\t\t\t\t\t<div class=\"elementor-background-overlay\"><\/div>\n\t\t\t\t\t\t\t<div class=\"elementor-container elementor-column-gap-no\">\n\t\t\t\t\t<div class=\"elementor-column elementor-col-100 elementor-top-column elementor-element elementor-element-68e822f\" data-id=\"68e822f\" data-element_type=\"column\" data-e-type=\"column\">\n\t\t\t<div class=\"elementor-widget-wrap elementor-element-populated\">\n\t\t\t\t\t\t<div class=\"elementor-element elementor-element-5330a10 elementor-widget elementor-widget-toggle\" data-id=\"5330a10\" data-element_type=\"widget\" data-e-type=\"widget\" data-widget_type=\"toggle.default\">\n\t\t\t\t<div class=\"elementor-widget-container\">\n\t\t\t\t\t\t\t<div class=\"elementor-toggle\">\n\t\t\t\t\t\t\t<div class=\"elementor-toggle-item\">\n\t\t\t\t\t<div id=\"elementor-tab-title-8721\" class=\"elementor-tab-title\" data-tab=\"1\" role=\"button\" aria-controls=\"elementor-tab-content-8721\" aria-expanded=\"false\">\n\t\t\t\t\t\t\t\t\t\t\t\t<span class=\"elementor-toggle-icon elementor-toggle-icon-left\" aria-hidden=\"true\">\n\t\t\t\t\t\t\t\t\t\t\t\t\t\t\t<span class=\"elementor-toggle-icon-closed\"><i class=\"fas fa-caret-right\"><\/i><\/span>\n\t\t\t\t\t\t\t\t<span class=\"elementor-toggle-icon-opened\"><i class=\"elementor-toggle-icon-opened fas fa-caret-up\"><\/i><\/span>\n\t\t\t\t\t\t\t\t\t\t\t\t\t<\/span>\n\t\t\t\t\t\t\t\t\t\t\t\t<a class=\"elementor-toggle-title\" tabindex=\"0\">08:00 Reggeli<\/a>\n\t\t\t\t\t<\/div>\n\n\t\t\t\t\t<div id=\"elementor-tab-content-8721\" class=\"elementor-tab-content elementor-clearfix\" data-tab=\"1\" role=\"region\" aria-labelledby=\"elementor-tab-title-8721\"><\/div>\n\t\t\t\t<\/div>\n\t\t\t\t\t\t\t<div class=\"elementor-toggle-item\">\n\t\t\t\t\t<div id=\"elementor-tab-title-8722\" class=\"elementor-tab-title\" data-tab=\"2\" role=\"button\" aria-controls=\"elementor-tab-content-8722\" aria-expanded=\"false\">\n\t\t\t\t\t\t\t\t\t\t\t\t<span class=\"elementor-toggle-icon elementor-toggle-icon-left\" aria-hidden=\"true\">\n\t\t\t\t\t\t\t\t\t\t\t\t\t\t\t<span class=\"elementor-toggle-icon-closed\"><i class=\"fas fa-caret-right\"><\/i><\/span>\n\t\t\t\t\t\t\t\t<span class=\"elementor-toggle-icon-opened\"><i class=\"elementor-toggle-icon-opened fas fa-caret-up\"><\/i><\/span>\n\t\t\t\t\t\t\t\t\t\t\t\t\t<\/span>\n\t\t\t\t\t\t\t\t\t\t\t\t<a class=\"elementor-toggle-title\" tabindex=\"0\">09:30 Mainhall<\/a>\n\t\t\t\t\t<\/div>\n\n\t\t\t\t\t<div id=\"elementor-tab-content-8722\" class=\"elementor-tab-content elementor-clearfix\" data-tab=\"2\" role=\"region\" aria-labelledby=\"elementor-tab-title-8722\"><p>Istentisztelet, tan\u00edt\u00e1s \u00e9s j\u00e1t\u00e9k<\/p><\/div>\n\t\t\t\t<\/div>\n\t\t\t\t\t\t\t<div class=\"elementor-toggle-item\">\n\t\t\t\t\t<div id=\"elementor-tab-title-8723\" class=\"elementor-tab-title\" data-tab=\"3\" role=\"button\" aria-controls=\"elementor-tab-content-8723\" aria-expanded=\"false\">\n\t\t\t\t\t\t\t\t\t\t\t\t<span class=\"elementor-toggle-icon elementor-toggle-icon-left\" aria-hidden=\"true\">\n\t\t\t\t\t\t\t\t\t\t\t\t\t\t\t<span class=\"elementor-toggle-icon-closed\"><i class=\"fas fa-caret-right\"><\/i><\/span>\n\t\t\t\t\t\t\t\t<span class=\"elementor-toggle-icon-opened\"><i class=\"elementor-toggle-icon-opened fas fa-caret-up\"><\/i><\/span>\n\t\t\t\t\t\t\t\t\t\t\t\t\t<\/span>\n\t\t\t\t\t\t\t\t\t\t\t\t<a class=\"elementor-toggle-title\" tabindex=\"0\">11:00 Shhh Time<\/a>\n\t\t\t\t\t<\/div>\n\n\t\t\t\t\t<div id=\"elementor-tab-content-8723\" class=\"elementor-tab-content elementor-clearfix\" data-tab=\"3\" role=\"region\" aria-labelledby=\"elementor-tab-title-8723\"><p>Csendes id\u0151 im\u00e1dkoz\u00e1sra \u00e9s Bibliaolvas\u00e1sra<\/p><\/div>\n\t\t\t\t<\/div>\n\t\t\t\t\t\t\t<div class=\"elementor-toggle-item\">\n\t\t\t\t\t<div id=\"elementor-tab-title-8724\" class=\"elementor-tab-title\" data-tab=\"4\" role=\"button\" aria-controls=\"elementor-tab-content-8724\" aria-expanded=\"false\">\n\t\t\t\t\t\t\t\t\t\t\t\t<span class=\"elementor-toggle-icon elementor-toggle-icon-left\" aria-hidden=\"true\">\n\t\t\t\t\t\t\t\t\t\t\t\t\t\t\t<span class=\"elementor-toggle-icon-closed\"><i class=\"fas fa-caret-right\"><\/i><\/span>\n\t\t\t\t\t\t\t\t<span class=\"elementor-toggle-icon-opened\"><i class=\"elementor-toggle-icon-opened fas fa-caret-up\"><\/i><\/span>\n\t\t\t\t\t\t\t\t\t\t\t\t\t<\/span>\n\t\t\t\t\t\t\t\t\t\t\t\t<a class=\"elementor-toggle-title\" tabindex=\"0\">11:45 Kiscsoportok<\/a>\n\t\t\t\t\t<\/div>\n\n\t\t\t\t\t<div id=\"elementor-tab-content-8724\" class=\"elementor-tab-content elementor-clearfix\" data-tab=\"4\" role=\"region\" aria-labelledby=\"elementor-tab-title-8724\"><p>Biblia, ima \u00e9s k\u00f6z\u00f6ss\u00e9g<\/p><\/div>\n\t\t\t\t<\/div>\n\t\t\t\t\t\t\t<div class=\"elementor-toggle-item\">\n\t\t\t\t\t<div id=\"elementor-tab-title-8725\" class=\"elementor-tab-title\" data-tab=\"5\" role=\"button\" aria-controls=\"elementor-tab-content-8725\" aria-expanded=\"false\">\n\t\t\t\t\t\t\t\t\t\t\t\t<span class=\"elementor-toggle-icon elementor-toggle-icon-left\" aria-hidden=\"true\">\n\t\t\t\t\t\t\t\t\t\t\t\t\t\t\t<span class=\"elementor-toggle-icon-closed\"><i class=\"fas fa-caret-right\"><\/i><\/span>\n\t\t\t\t\t\t\t\t<span class=\"elementor-toggle-icon-opened\"><i class=\"elementor-toggle-icon-opened fas fa-caret-up\"><\/i><\/span>\n\t\t\t\t\t\t\t\t\t\t\t\t\t<\/span>\n\t\t\t\t\t\t\t\t\t\t\t\t<a class=\"elementor-toggle-title\" tabindex=\"0\">13:15 Eb\u00e9d<\/a>\n\t\t\t\t\t<\/div>\n\n\t\t\t\t\t<div id=\"elementor-tab-content-8725\" class=\"elementor-tab-content elementor-clearfix\" data-tab=\"5\" role=\"region\" aria-labelledby=\"elementor-tab-title-8725\"><\/div>\n\t\t\t\t<\/div>\n\t\t\t\t\t\t\t<div class=\"elementor-toggle-item\">\n\t\t\t\t\t<div id=\"elementor-tab-title-8726\" class=\"elementor-tab-title\" data-tab=\"6\" role=\"button\" aria-controls=\"elementor-tab-content-8726\" aria-expanded=\"false\">\n\t\t\t\t\t\t\t\t\t\t\t\t<span class=\"elementor-toggle-icon elementor-toggle-icon-left\" aria-hidden=\"true\">\n\t\t\t\t\t\t\t\t\t\t\t\t\t\t\t<span class=\"elementor-toggle-icon-closed\"><i class=\"fas fa-caret-right\"><\/i><\/span>\n\t\t\t\t\t\t\t\t<span class=\"elementor-toggle-icon-opened\"><i class=\"elementor-toggle-icon-opened fas fa-caret-up\"><\/i><\/span>\n\t\t\t\t\t\t\t\t\t\t\t\t\t<\/span>\n\t\t\t\t\t\t\t\t\t\t\t\t<a class=\"elementor-toggle-title\" tabindex=\"0\">14:30 Interact 1 &amp; 2<\/a>\n\t\t\t\t\t<\/div>\n\n\t\t\t\t\t<div id=\"elementor-tab-content-8726\" class=\"elementor-tab-content elementor-clearfix\" data-tab=\"6\" role=\"region\" aria-labelledby=\"elementor-tab-title-8726\"><p>Szemin\u00e1riumok, panelbesz\u00e9lget\u00e9sek, workshopok, sport, m\u0171v\u00e9szet, evangeliz\u00e1ci\u00f3, szabadid\u0151 a bar\u00e1tokkal.<\/p><\/div>\n\t\t\t\t<\/div>\n\t\t\t\t\t\t\t<div class=\"elementor-toggle-item\">\n\t\t\t\t\t<div id=\"elementor-tab-title-8727\" class=\"elementor-tab-title\" data-tab=\"7\" role=\"button\" aria-controls=\"elementor-tab-content-8727\" aria-expanded=\"false\">\n\t\t\t\t\t\t\t\t\t\t\t\t<span class=\"elementor-toggle-icon elementor-toggle-icon-left\" aria-hidden=\"true\">\n\t\t\t\t\t\t\t\t\t\t\t\t\t\t\t<span class=\"elementor-toggle-icon-closed\"><i class=\"fas fa-caret-right\"><\/i><\/span>\n\t\t\t\t\t\t\t\t<span class=\"elementor-toggle-icon-opened\"><i class=\"elementor-toggle-icon-opened fas fa-caret-up\"><\/i><\/span>\n\t\t\t\t\t\t\t\t\t\t\t\t\t<\/span>\n\t\t\t\t\t\t\t\t\t\t\t\t<a class=\"elementor-toggle-title\" tabindex=\"0\">18:15 Vacsora<\/a>\n\t\t\t\t\t<\/div>\n\n\t\t\t\t\t<div id=\"elementor-tab-content-8727\" class=\"elementor-tab-content elementor-clearfix\" data-tab=\"7\" role=\"region\" aria-labelledby=\"elementor-tab-title-8727\"><\/div>\n\t\t\t\t<\/div>\n\t\t\t\t\t\t\t<div class=\"elementor-toggle-item\">\n\t\t\t\t\t<div id=\"elementor-tab-title-8728\" class=\"elementor-tab-title\" data-tab=\"8\" role=\"button\" aria-controls=\"elementor-tab-content-8728\" aria-expanded=\"false\">\n\t\t\t\t\t\t\t\t\t\t\t\t<span class=\"elementor-toggle-icon elementor-toggle-icon-left\" aria-hidden=\"true\">\n\t\t\t\t\t\t\t\t\t\t\t\t\t\t\t<span class=\"elementor-toggle-icon-closed\"><i class=\"fas fa-caret-right\"><\/i><\/span>\n\t\t\t\t\t\t\t\t<span class=\"elementor-toggle-icon-opened\"><i class=\"elementor-toggle-icon-opened fas fa-caret-up\"><\/i><\/span>\n\t\t\t\t\t\t\t\t\t\t\t\t\t<\/span>\n\t\t\t\t\t\t\t\t\t\t\t\t<a class=\"elementor-toggle-title\" tabindex=\"0\">19:30 Tr\u00f3nterem<\/a>\n\t\t\t\t\t<\/div>\n\n\t\t\t\t\t<div id=\"elementor-tab-content-8728\" class=\"elementor-tab-content elementor-clearfix\" data-tab=\"8\" role=\"region\" aria-labelledby=\"elementor-tab-title-8728\"><p>Az im\u00e1ds\u00e1g \u00e9s az im\u00e1ds\u00e1g k\u00fcl\u00f6nleges ideje<\/p><\/div>\n\t\t\t\t<\/div>\n\t\t\t\t\t\t\t<div class=\"elementor-toggle-item\">\n\t\t\t\t\t<div id=\"elementor-tab-title-8729\" class=\"elementor-tab-title\" data-tab=\"9\" role=\"button\" aria-controls=\"elementor-tab-content-8729\" aria-expanded=\"false\">\n\t\t\t\t\t\t\t\t\t\t\t\t<span class=\"elementor-toggle-icon elementor-toggle-icon-left\" aria-hidden=\"true\">\n\t\t\t\t\t\t\t\t\t\t\t\t\t\t\t<span class=\"elementor-toggle-icon-closed\"><i class=\"fas fa-caret-right\"><\/i><\/span>\n\t\t\t\t\t\t\t\t<span class=\"elementor-toggle-icon-opened\"><i class=\"elementor-toggle-icon-opened fas fa-caret-up\"><\/i><\/span>\n\t\t\t\t\t\t\t\t\t\t\t\t\t<\/span>\n\t\t\t\t\t\t\t\t\t\t\t\t<a class=\"elementor-toggle-title\" tabindex=\"0\">20:45 Interact 3<\/a>\n\t\t\t\t\t<\/div>\n\n\t\t\t\t\t<div id=\"elementor-tab-content-8729\" class=\"elementor-tab-content elementor-clearfix\" data-tab=\"9\" role=\"region\" aria-labelledby=\"elementor-tab-title-8729\"><p>Sz\u00f3rakoztat\u00f3 \u00e9telek, \u00e9l\u0151zene, istentisztelet, sport, tehets\u00e9gkutat\u00f3, szabadid\u0151 a bar\u00e1tokkal.<\/p><\/div>\n\t\t\t\t<\/div>\n\t\t\t\t\t\t\t<div class=\"elementor-toggle-item\">\n\t\t\t\t\t<div id=\"elementor-tab-title-87210\" class=\"elementor-tab-title\" data-tab=\"10\" role=\"button\" aria-controls=\"elementor-tab-content-87210\" aria-expanded=\"false\">\n\t\t\t\t\t\t\t\t\t\t\t\t<span class=\"elementor-toggle-icon elementor-toggle-icon-left\" aria-hidden=\"true\">\n\t\t\t\t\t\t\t\t\t\t\t\t\t\t\t<span class=\"elementor-toggle-icon-closed\"><i class=\"fas fa-caret-right\"><\/i><\/span>\n\t\t\t\t\t\t\t\t<span class=\"elementor-toggle-icon-opened\"><i class=\"elementor-toggle-icon-opened fas fa-caret-up\"><\/i><\/span>\n\t\t\t\t\t\t\t\t\t\t\t\t\t<\/span>\n\t\t\t\t\t\t\t\t\t\t\t\t<a class=\"elementor-toggle-title\" tabindex=\"0\">23:30 Kiscsoportok<\/a>\n\t\t\t\t\t<\/div>\n\n\t\t\t\t\t<div id=\"elementor-tab-content-87210\" class=\"elementor-tab-content elementor-clearfix\" data-tab=\"10\" role=\"region\" aria-labelledby=\"elementor-tab-title-87210\"><\/div>\n\t\t\t\t<\/div>\n\t\t\t\t\t\t\t<div class=\"elementor-toggle-item\">\n\t\t\t\t\t<div id=\"elementor-tab-title-87211\" class=\"elementor-tab-title\" data-tab=\"11\" role=\"button\" aria-controls=\"elementor-tab-content-87211\" aria-expanded=\"false\">\n\t\t\t\t\t\t\t\t\t\t\t\t<span class=\"elementor-toggle-icon elementor-toggle-icon-left\" aria-hidden=\"true\">\n\t\t\t\t\t\t\t\t\t\t\t\t\t\t\t<span class=\"elementor-toggle-icon-closed\"><i class=\"fas fa-caret-right\"><\/i><\/span>\n\t\t\t\t\t\t\t\t<span class=\"elementor-toggle-icon-opened\"><i class=\"elementor-toggle-icon-opened fas fa-caret-up\"><\/i><\/span>\n\t\t\t\t\t\t\t\t\t\t\t\t\t<\/span>\n\t\t\t\t\t\t\t\t\t\t\t\t<a class=\"elementor-toggle-title\" tabindex=\"0\">00:00 Csend<\/a>\n\t\t\t\t\t<\/div>\n\n\t\t\t\t\t<div id=\"elementor-tab-content-87211\" class=\"elementor-tab-content elementor-clearfix\" data-tab=\"11\" role=\"region\" aria-labelledby=\"elementor-tab-title-87211\"><\/div>\n\t\t\t\t<\/div>\n\t\t\t\t\t\t\t\t<\/div>\n\t\t\t\t\t\t<\/div>\n\t\t\t\t<\/div>\n\t\t\t\t\t<\/div>\n\t\t<\/div>\n\t\t\t\t\t<\/div>\n\t\t<\/section>\n\t\t\t\t<section class=\"elementor-section elementor-top-section elementor-element elementor-element-eb01a24 elementor-section-boxed elementor-section-height-default elementor-section-height-default wpr-particle-no wpr-jarallax-no wpr-parallax-no wpr-sticky-section-no wpr-equal-height-no\" data-id=\"eb01a24\" data-element_type=\"section\" data-e-type=\"section\">\n\t\t\t\t\t\t<div class=\"elementor-container elementor-column-gap-default\">\n\t\t\t\t\t<div class=\"elementor-column elementor-col-100 elementor-top-column elementor-element elementor-element-9a56489\" data-id=\"9a56489\" data-element_type=\"column\" data-e-type=\"column\">\n\t\t\t<div class=\"elementor-widget-wrap elementor-element-populated\">\n\t\t\t\t\t\t<div class=\"elementor-element elementor-element-8e8e43f elementor-widget elementor-widget-heading\" data-id=\"8e8e43f\" data-element_type=\"widget\" data-e-type=\"widget\" data-widget_type=\"heading.default\">\n\t\t\t\t<div class=\"elementor-widget-container\">\n\t\t\t\t\t<h2 class=\"elementor-heading-title elementor-size-default\">Mi a mi?<\/h2>\t\t\t\t<\/div>\n\t\t\t\t<\/div>\n\t\t\t\t<div class=\"elementor-element elementor-element-20396fb elementor-widget elementor-widget-text-editor\" data-id=\"20396fb\" data-element_type=\"widget\" data-e-type=\"widget\" data-widget_type=\"text-editor.default\">\n\t\t\t\t<div class=\"elementor-widget-container\">\n\t\t\t\t\t\t\t\t\t<p><strong>Egym\u00e1sra hat<\/strong><\/p><p>Az Interact 1.0, 2.0 \u00e9s 3.0 tele van olyan tev\u00e9kenys\u00e9gekkel, amelyeken kereszt\u00fcl \u00faj embereket ismerhetsz meg, t\u00f6bbet tanulhatsz magadr\u00f3l \u00e9s Istenr\u0151l, \u00e9s mindenf\u00e9le t\u00e9m\u00e1t felfedezhetsz.<\/p><p><strong>TeenStreet Village<\/strong><\/p><p>A TeenStreet Village a TeenStreet rendezv\u00e9nyhelysz\u00edn sz\u00edve. Itt \u00e9tkezhetsz, sportolhatsz, glob\u00e1lis misszi\u00f3kkal foglalkozhatsz, \u00e9s megl\u00e1togathatod a ki\u00e1ll\u00edt\u00f3k standjait. Lehet\u0151s\u00e9getek lesz r\u00e9szt venni a foglalkoz\u00e1sokon \u00e9s workshopokon, valamint egy\u00fctt im\u00e1dkozni \u00e9s im\u00e1dkozni.<\/p><p><strong>Sport<\/strong><\/p><p>A helysz\u00ednen sz\u00e1mos sport\u00e1gat k\u00edn\u00e1lunk, p\u00e9ld\u00e1ul kos\u00e1rlabd\u00e1t, r\u00f6plabd\u00e1t \u00e9s labdar\u00fag\u00e1st. A sportcsapat sz\u00e1mos j\u00e1t\u00e9kot \u00e9s torn\u00e1t szervez a h\u00e9t folyam\u00e1n. A sportp\u00e1ly\u00e1n \u00e9s a p\u00e1lya sz\u00e9l\u00e9n is lesz lehet\u0151s\u00e9g k\u00f6z\u00f6ss\u00e9gre \u00e9s k\u00f6z\u00f6s im\u00e1dkoz\u00e1sra.<\/p><p><strong>Art Zone<\/strong><\/p><p>Vannak, akik sz\u00edvesebben fejezik ki magukat m\u0171v\u00e9szettel, mint szavakkal. Hissz\u00fck, hogy a m\u0171v\u00e9szet is lehet istentisztelet! A M\u0171v\u00e9szeti Z\u00f3n\u00e1ban \u00faj technik\u00e1kat tanulhatsz, festhetsz, rajzolhatsz \u00e9s alkothatsz a kezeddel. A csapat n\u00e9h\u00e1ny fantasztikus gyakorlati m\u0171hellyel is k\u00e9sz\u00fclt nektek.<\/p><p><strong>Zenei z\u00f3na<\/strong><\/p><p>Ha a zene a kedvenced, ne felejtsd el megn\u00e9zni a Music Zone-t. Itt fejlesztheted zenei tud\u00e1sodat, egy\u00fctt im\u00e1dkozhatsz \u00e9s jammelhetsz m\u00e1s zen\u00e9szekkel.<\/p><p><strong>Imaz\u00f3na<\/strong><\/p><p>Sz\u00e1njatok egy kis id\u0151t arra, hogy im\u00e1ds\u00e1gban kapcsol\u00f3djatok az Aty\u00e1hoz. Itt megtapasztalhatod \u00e9s megtanulhatod az im\u00e1dkoz\u00e1s k\u00fcl\u00f6nb\u00f6z\u0151 m\u00f3djait, \u00e9s megk\u00e9rhetsz valakit, hogy im\u00e1dkozzon veled.<\/p><p><strong>Interakci\u00f3s z\u00f3na \u00e9s csendes ter\u00fclet<\/strong><\/p><p>Az Interaction Zone olyan, mint a TeenStreet nappalija. L\u00f3gj a bar\u00e1taiddal, j\u00e1tssz t\u00e1rsasj\u00e1t\u00e9kokat, pihenj a kanap\u00e9kon, vagy h\u00edvj ki valakit egy j\u00e1t\u00e9kban. Ez a hely akkor is j\u00f3, ha egy kis nyugalomra \u00e9s csendre v\u00e1gysz.<\/p><p><strong>T\u00e1j\u00e9koztat\u00e1s<\/strong><\/p><p>K\u00e9pesek lesztek arra, hogy csoportokban menjetek a v\u00e1rosba, \u00e9s k\u00fcl\u00f6nb\u00f6z\u0151 m\u00f3dokon ossz\u00e1tok meg hiteteket. Miut\u00e1n visszat\u00e9rtek a bevet\u00e9sr\u0151l, lesz id\u0151t\u00f6k a tapasztaltakat megbesz\u00e9lni. Ez egy nagyszer\u0171 lehet\u0151s\u00e9g arra, hogy b\u00e1trak legyetek!<\/p><p><strong>\u00dcl\u00e9sek \u00e9s workshopok<\/strong><\/p><p>Az Interact ideje alatt a foglalkoz\u00e1sok \u00e9s workshopok sz\u00e9les v\u00e1laszt\u00e9k\u00e1t k\u00edn\u00e1ljuk. Ezek k\u00f6z\u00e9 tartoznak a panelbesz\u00e9lget\u00e9sek, az oktat\u00e1s \u00e9s a gyakorlati m\u0171helyek. Lehet\u0151s\u00e9ge lesz elm\u00e9ly\u00fclni a k\u00fcl\u00f6nb\u00f6z\u0151 t\u00e9m\u00e1kban, megosztani gondolatait, \u00e9s tal\u00e1n m\u00e9g egy \u00faj k\u00e9szs\u00e9get is elsaj\u00e1t\u00edthat.<\/p><p><strong>RAG - Emelj\u00fck \u00e9s adjuk<\/strong><\/p><p>A 3. napon a RAG versenyre az Interact 1.0 \u00e9s 2.0 sor\u00e1n ker\u00fcl sor. Ne felejts el szponzorokat gy\u0171jteni, \u00e9s p\u00e9nzt gy\u0171jteni n\u00e9h\u00e1ny nagyszer\u0171 \u00fcgy \u00e9rdek\u00e9ben a vil\u00e1g minden t\u00e1j\u00e1n.<\/p>\t\t\t\t\t\t\t\t<\/div>\n\t\t\t\t<\/div>\n\t\t\t\t\t<\/div>\n\t\t<\/div>\n\t\t\t\t\t<\/div>\n\t\t<\/section>\n\t\t\t\t<\/div>","protected":false},"excerpt":{"rendered":"<p>08:00 Reggeli 09:30 Mainhall Istentisztelet, tan\u00edt\u00e1s \u00e9s j\u00e1t\u00e9kok 11:00 Shhh Time Csendes id\u0151 im\u00e1dkoz\u00e1sra \u00e9s Bibliaolvas\u00e1sra 11:45 Kiscsoportok Biblia, im\u00e1ds\u00e1g \u00e9s k\u00f6z\u00f6ss\u00e9g 13:15 Eb\u00e9d 14:30 Interact 1 &amp; 2 Szemin\u00e1riumok, panelbesz\u00e9lget\u00e9sek, workshopok, sport, m\u0171v\u00e9szet, evangeliz\u00e1ci\u00f3, szabadid\u0151 a bar\u00e1tokkal 18:15 Vacsora 19:30 Tr\u00f3nterem K\u00fcl\u00f6nleges im\u00e1ds\u00e1g \u00e9s im\u00e1ds\u00e1g 20:45 Interact 3 Sz\u00f3rakoztat\u00f3 \u00e9telek, \u00e9l\u0151 zene, im\u00e1ds\u00e1g, sport, tehets\u00e9gkutat\u00f3, szabadid\u0151 a bar\u00e1tokkal 23:30 Kiscsoportok 00:00 Csend Mi van? Az Interact Interact 1.0, 2.0 \u00e9s 3.0 tele van olyan tev\u00e9kenys\u00e9gekkel, amelyeken kereszt\u00fcl \u00faj embereket ismerhetsz meg, t\u00f6bbet tanulhatsz magadr\u00f3l \u00e9s Istenr\u0151l, \u00e9s mindenf\u00e9le t\u00e9m\u00e1t felfedezhetsz. TeenStreet Village A TeenStreet Village a TeenStreet rendezv\u00e9nyhelysz\u00edn sz\u00edve. Itt bekaphatsz valamit enni, sportolhatsz, glob\u00e1lis misszi\u00f3kkal foglalkozhatsz, \u00e9s megl\u00e1togathatod a ki\u00e1ll\u00edt\u00f3k standjait. Lehet\u0151s\u00e9g lesz tov\u00e1bb\u00e1 foglalkoz\u00e1sokon \u00e9s workshopokon val\u00f3 r\u00e9szv\u00e9telre, valamint k\u00f6z\u00f6s im\u00e1dkoz\u00e1sra \u00e9s im\u00e1dkoz\u00e1sra. Sport A helysz\u00ednen sokf\u00e9le sportol\u00e1si lehet\u0151s\u00e9get k\u00edn\u00e1lunk, p\u00e9ld\u00e1ul kos\u00e1rlabd\u00e1t, r\u00f6plabd\u00e1t \u00e9s focit. A sportcsapat sz\u00e1mos j\u00e1t\u00e9kot \u00e9s torn\u00e1t szervez a h\u00e9t folyam\u00e1n. A sportp\u00e1ly\u00e1n \u00e9s a p\u00e1lya sz\u00e9l\u00e9n is lesz lehet\u0151s\u00e9g k\u00f6z\u00f6ss\u00e9gre \u00e9s k\u00f6z\u00f6s im\u00e1dkoz\u00e1sra. M\u0171v\u00e9szeti z\u00f3na Egyesek sz\u00edvesebben fejezik ki magukat m\u0171v\u00e9szettel, mint szavakkal. Hissz\u00fck, hogy a m\u0171v\u00e9szet lehet az istentisztelet cselekedete is! A M\u0171v\u00e9szeti Z\u00f3n\u00e1ban \u00faj technik\u00e1kat tanulhatsz, festhetsz, rajzolhatsz \u00e9s alkothatsz a kezeddel. A csapat n\u00e9h\u00e1ny fantasztikus gyakorlati m\u0171hellyel is k\u00e9sz\u00fclt nektek. Zenei Z\u00f3na Ha a zene a kedvenced, ne felejtsd el megn\u00e9zni a Zenei Z\u00f3n\u00e1t. Itt fejlesztheted zenei tud\u00e1sodat, egy\u00fctt im\u00e1dkozhatsz \u00e9s jammelhetsz m\u00e1s zen\u00e9szekkel. Imaz\u00f3na Sz\u00e1nj egy kis id\u0151t arra, hogy im\u00e1ds\u00e1gban kapcsol\u00f3dj az Aty\u00e1hoz. Itt megtapasztalhatod \u00e9s megtanulhatod az im\u00e1dkoz\u00e1s k\u00fcl\u00f6nb\u00f6z\u0151 m\u00f3djait, \u00e9s megk\u00e9rhetsz valakit, hogy im\u00e1dkozzon veled. Interakci\u00f3s Z\u00f3na \u00e9s csendes ter\u00fclet Az Interakci\u00f3s Z\u00f3na olyan, mint a TeenStreet nappalija. L\u00f3gjatok egy\u00fctt a bar\u00e1taitokkal, j\u00e1tsszatok t\u00e1rsasj\u00e1t\u00e9kokat, pihenjetek a kanap\u00e9kon, vagy h\u00edvjatok ki valakit egy j\u00e1t\u00e9kban. Ez egy j\u00f3 hely akkor is, ha egy kis nyugalomra \u00e9s csendre v\u00e1gysz. Outreach Csoportokban mehetsz a v\u00e1rosba, \u00e9s k\u00fcl\u00f6nb\u00f6z\u0151 m\u00f3dokon oszthatod meg a hitedet. Miut\u00e1n hazaj\u00f6tt\u00f6k az outreachr\u0151l, lesz id\u0151t\u00f6k arra, hogy megbesz\u00e9lj\u00e9tek, mit tapasztaltatok. Ez egy nagyszer\u0171 lehet\u0151s\u00e9g arra, hogy b\u00e1trak legyetek! Szekci\u00f3k \u00e9s m\u0171helyfoglalkoz\u00e1sok Az Interact alatt sokf\u00e9le szekci\u00f3t \u00e9s m\u0171helyfoglalkoz\u00e1st k\u00edn\u00e1lunk. Ezek k\u00f6z\u00f6tt vannak panelbesz\u00e9lget\u00e9sek, tan\u00edt\u00e1s \u00e9s gyakorlati m\u0171helyek. Lehet\u0151s\u00e9ged lesz elm\u00e9ly\u00fclni a k\u00fcl\u00f6nb\u00f6z\u0151 t\u00e9m\u00e1kban, megosztani a gondolataidat, \u00e9s tal\u00e1n m\u00e9g egy \u00faj k\u00e9szs\u00e9get is elsaj\u00e1t\u00edthatsz. RAG - Emelj \u00e9s adakozz A 3. napon, az Interact 1.0 \u00e9s 2.0 sor\u00e1n ker\u00fcl megrendez\u00e9sre a RAG verseny. Ne felejtsen el szponzorokat gy\u0171jteni \u00e9s p\u00e9nzt gy\u0171jteni n\u00e9h\u00e1ny nagyszer\u0171 c\u00e9l \u00e9rdek\u00e9ben a vil\u00e1g minden t\u00e1j\u00e1r\u00f3l.<\/p>","protected":false},"author":42,"featured_media":0,"parent":0,"menu_order":0,"comment_status":"closed","ping_status":"closed","template":"","meta":{"iawp_total_views":88,"footnotes":""},"class_list":["post-7435","page","type-page","status-publish","hentry"],"_links":{"self":[{"href":"https:\/\/teenstreet.life\/eu\/hu\/wp-json\/wp\/v2\/pages\/7435","targetHints":{"allow":["GET"]}}],"collection":[{"href":"https:\/\/teenstreet.life\/eu\/hu\/wp-json\/wp\/v2\/pages"}],"about":[{"href":"https:\/\/teenstreet.life\/eu\/hu\/wp-json\/wp\/v2\/types\/page"}],"author":[{"embeddable":true,"href":"https:\/\/teenstreet.life\/eu\/hu\/wp-json\/wp\/v2\/users\/42"}],"replies":[{"embeddable":true,"href":"https:\/\/teenstreet.life\/eu\/hu\/wp-json\/wp\/v2\/comments?post=7435"}],"version-history":[{"count":5,"href":"https:\/\/teenstreet.life\/eu\/hu\/wp-json\/wp\/v2\/pages\/7435\/revisions"}],"predecessor-version":[{"id":9036,"href":"https:\/\/teenstreet.life\/eu\/hu\/wp-json\/wp\/v2\/pages\/7435\/revisions\/9036"}],"wp:attachment":[{"href":"https:\/\/teenstreet.life\/eu\/hu\/wp-json\/wp\/v2\/media?parent=7435"}],"curies":[{"name":"wp","href":"https:\/\/api.w.org\/{rel}","templated":true}]}}