{"id":60,"date":"2020-05-25T09:24:00","date_gmt":"2020-05-25T09:24:00","guid":{"rendered":"https:\/\/teenstreet.life\/eu\/?page_id=60"},"modified":"2023-11-29T12:57:44","modified_gmt":"2023-11-29T11:57:44","slug":"tortenelem","status":"publish","type":"page","link":"https:\/\/teenstreet.life\/eu\/hu\/about\/history\/","title":{"rendered":"A TS t\u00f6rt\u00e9nete"},"content":{"rendered":"<div data-elementor-type=\"wp-page\" data-elementor-id=\"60\" class=\"elementor elementor-60\" data-elementor-post-type=\"page\">\n\t\t\t\t\t\t<section class=\"elementor-section elementor-top-section elementor-element elementor-element-672cfdb elementor-section-boxed elementor-section-height-default elementor-section-height-default\" data-id=\"672cfdb\" data-element_type=\"section\" data-e-type=\"section\">\n\t\t\t\t\t\t<div class=\"elementor-container elementor-column-gap-default\">\n\t\t\t\t\t<div class=\"elementor-column elementor-col-16 elementor-top-column elementor-element elementor-element-54fde2a\" data-id=\"54fde2a\" data-element_type=\"column\" data-e-type=\"column\">\n\t\t\t<div class=\"elementor-widget-wrap\">\n\t\t\t\t\t\t\t<\/div>\n\t\t<\/div>\n\t\t\t\t<div class=\"elementor-column elementor-col-66 elementor-top-column elementor-element elementor-element-50a2e63\" data-id=\"50a2e63\" data-element_type=\"column\" data-e-type=\"column\">\n\t\t\t<div class=\"elementor-widget-wrap elementor-element-populated\">\n\t\t\t\t\t\t<div class=\"elementor-element elementor-element-19d84d82 elementor-widget elementor-widget-text-editor\" data-id=\"19d84d82\" data-element_type=\"widget\" data-e-type=\"widget\" data-widget_type=\"text-editor.default\">\n\t\t\t\t<div class=\"elementor-widget-container\">\n\t\t\t\t\t\t\t\t\t<p>A TeenStreet 1992-ben indult, mint egy nemzetk\u00f6zi kereszt\u00e9ny konferencia v\u00edzi\u00f3ja tizen\u00e9veseknek. Az amerikai alap\u00edt\u00f3k, Dan \u00e9s Suzie Potter a TeenStreet nevet adt\u00e1k neki, \u201emert az eg\u00e9sz c\u00e9lja az volt, hogy utc\u00e1t adjon a tin\u00e9dzsereknek, ahol utazhatnak\u2026 egy m\u00f3dot az \u00e9lethez\u201d.<\/p>\n<p>Az els\u0151 TeenStreet a n\u00e9metorsz\u00e1gi Offenburgban ker\u00fclt megrendez\u00e9sre 1993 nyar\u00e1n, \u00f6sszesen 56 f\u0151 r\u00e9szv\u00e9tel\u00e9vel. Innen gyorsan n\u0151tt, \u00e9s 2000-re a r\u00e9sztvev\u0151k sz\u00e1ma meghaladta a 2000-et.<\/p>\n<p>2004-ben a TeenStreet Braz\u00edli\u00e1ba, majd 2010-ben Ausztr\u00e1li\u00e1ba terjeszkedett, \u00e9s hasonl\u00f3 mozgalmak indultak szerte a vil\u00e1gon.<\/p>\n<p>Ma a TeenStreet h\u00e9t orsz\u00e1gban m\u0171k\u00f6dik, \u00e9vente \u00f6sszesen 8000 r\u00e9sztvev\u0151vel \u2013 de m\u00e9g nem fejezt\u00fck be a n\u00f6veked\u00e9st.<\/p>\n<p>\u201eA TeenStreet sokkal t\u00f6bb, mint egy egyhetes rendezv\u00e9ny\u201d \u2013 magyar\u00e1zza Ger van Veen, a TeenStreet Europe kor\u00e1bbi igazgat\u00f3ja. \u201eFiatalok ezrei hagyj\u00e1k el a TeenStreetet minden \u00e9vben, \u00e9s felhatalmazz\u00e1k \u0151ket arra, hogy J\u00e9zus\u00e9rt \u00e9ljenek, \u00e9s \u0150t t\u00fckr\u00f6zz\u00e9k a maguk vil\u00e1g\u00e1ban.\u201d<\/p>\n<p>2020-ban a TeenStreet elind\u00edtotta els\u0151 online rendezv\u00e9ny\u00e9t, v\u00e1laszul a COVID-19 vil\u00e1gj\u00e1rv\u00e1nyra. Ahogy befoly\u00e1sunk az \u00faj technol\u00f3gi\u00e1k \u00e9s lehet\u0151s\u00e9gek r\u00e9v\u00e9n b\u0151v\u00fcl, k\u00f6vetj\u00fck Isten \u00fatmutat\u00e1s\u00e1t a j\u00f6v\u0151re n\u00e9zve, \u00e9s egy\u00fctt utazunk J\u00e9zus k\u00f6vet\u0151inek glob\u00e1lis k\u00f6z\u00f6ss\u00e9gek\u00e9nt, akik elk\u00f6telezettek az \u0150 nev\u00e9nek dics\u0151\u00edt\u00e9se ir\u00e1nt.<\/p>\t\t\t\t\t\t\t\t<\/div>\n\t\t\t\t<\/div>\n\t\t\t\t\t<\/div>\n\t\t<\/div>\n\t\t\t\t<div class=\"elementor-column elementor-col-16 elementor-top-column elementor-element elementor-element-0320df7\" data-id=\"0320df7\" data-element_type=\"column\" data-e-type=\"column\">\n\t\t\t<div class=\"elementor-widget-wrap\">\n\t\t\t\t\t\t\t<\/div>\n\t\t<\/div>\n\t\t\t\t\t<\/div>\n\t\t<\/section>\n\t\t\t\t<\/div>","protected":false},"excerpt":{"rendered":"<p>TeenStreet began in 1992 as a vision for an international Christian conference for teens. Founders Dan and Suzie Potter from the U.S. gave it the name TeenStreet \u201cbecause the whole purpose was to give teens a street to travel upon\u2026a way to live\u201d. The first TeenStreet was held in Offenburg, Germany, in the summer of [&hellip;]<\/p>\n","protected":false},"author":1,"featured_media":7036,"parent":56,"menu_order":0,"comment_status":"closed","ping_status":"closed","template":"","meta":{"iawp_total_views":23,"footnotes":""},"class_list":["post-60","page","type-page","status-publish","has-post-thumbnail","hentry"],"_links":{"self":[{"href":"https:\/\/teenstreet.life\/eu\/hu\/wp-json\/wp\/v2\/pages\/60","targetHints":{"allow":["GET"]}}],"collection":[{"href":"https:\/\/teenstreet.life\/eu\/hu\/wp-json\/wp\/v2\/pages"}],"about":[{"href":"https:\/\/teenstreet.life\/eu\/hu\/wp-json\/wp\/v2\/types\/page"}],"author":[{"embeddable":true,"href":"https:\/\/teenstreet.life\/eu\/hu\/wp-json\/wp\/v2\/users\/1"}],"replies":[{"embeddable":true,"href":"https:\/\/teenstreet.life\/eu\/hu\/wp-json\/wp\/v2\/comments?post=60"}],"version-history":[{"count":1,"href":"https:\/\/teenstreet.life\/eu\/hu\/wp-json\/wp\/v2\/pages\/60\/revisions"}],"predecessor-version":[{"id":7039,"href":"https:\/\/teenstreet.life\/eu\/hu\/wp-json\/wp\/v2\/pages\/60\/revisions\/7039"}],"up":[{"embeddable":true,"href":"https:\/\/teenstreet.life\/eu\/hu\/wp-json\/wp\/v2\/pages\/56"}],"wp:featuredmedia":[{"embeddable":true,"href":"https:\/\/teenstreet.life\/eu\/hu\/wp-json\/wp\/v2\/media\/7036"}],"wp:attachment":[{"href":"https:\/\/teenstreet.life\/eu\/hu\/wp-json\/wp\/v2\/media?parent=60"}],"curies":[{"name":"wp","href":"https:\/\/api.w.org\/{rel}","templated":true}]}}