{"id":56,"date":"2020-05-25T09:23:25","date_gmt":"2020-05-25T09:23:25","guid":{"rendered":"https:\/\/teenstreet.life\/eu\/?page_id=56"},"modified":"2023-11-29T12:56:54","modified_gmt":"2023-11-29T11:56:54","slug":"rol-rol","status":"publish","type":"page","link":"https:\/\/teenstreet.life\/eu\/hu\/about\/","title":{"rendered":"A TeenStreetr\u0151l"},"content":{"rendered":"<div data-elementor-type=\"wp-page\" data-elementor-id=\"56\" class=\"elementor elementor-56\" data-elementor-post-type=\"page\">\n\t\t\t\t\t\t<section class=\"elementor-section elementor-top-section elementor-element elementor-element-c593276 elementor-section-boxed elementor-section-height-default elementor-section-height-default wpr-particle-no wpr-jarallax-no wpr-parallax-no wpr-sticky-section-no\" data-id=\"c593276\" data-element_type=\"section\" data-e-type=\"section\">\n\t\t\t\t\t\t<div class=\"elementor-container elementor-column-gap-default\">\n\t\t\t\t\t<div class=\"elementor-column elementor-col-16 elementor-top-column elementor-element elementor-element-2af51f9\" data-id=\"2af51f9\" data-element_type=\"column\" data-e-type=\"column\">\n\t\t\t<div class=\"elementor-widget-wrap\">\n\t\t\t\t\t\t\t<\/div>\n\t\t<\/div>\n\t\t\t\t<div class=\"elementor-column elementor-col-66 elementor-top-column elementor-element elementor-element-9c8ab1e\" data-id=\"9c8ab1e\" data-element_type=\"column\" data-e-type=\"column\">\n\t\t\t<div class=\"elementor-widget-wrap elementor-element-populated\">\n\t\t\t\t\t\t<div class=\"elementor-element elementor-element-4f3065b elementor-widget elementor-widget-text-editor\" data-id=\"4f3065b\" data-element_type=\"widget\" data-e-type=\"widget\" data-widget_type=\"text-editor.default\">\n\t\t\t\t<div class=\"elementor-widget-container\">\n\t\t\t\t\t\t\t\t\t<p>A TeenStreet egy nemzetk\u00f6zi kereszt\u00e9ny t\u00e1bor tin\u00e9dszereknek. K\u00fcl\u00f6nb\u00f6z\u0151 felekezetekkel egy\u00fctt dolgozunk, hogy motiv\u00e1ljuk, felk\u00e9sz\u00edts\u00fck, \u00e9s tan\u00edtv\u00e1nyozzuk a (kereszt\u00e9ny) tin\u00e9dzsereket Eur\u00f3pa szerte, hogy val\u00f3di bar\u00e1ts\u00e1got alak\u00edtsanak ki J\u00e9zussal, \u00e9s t\u00fckr\u00f6zz\u00e9k \u0150t mindennapi \u00e9let\u00fckben.<\/p><p>A TeenStreet 1993-ban indult \u00f6sszesen 56 tin\u00e9dzserrel, \u00e9s gyorsan n\u00f6vekedett. M\u00e1r \u00e9vente 7 egyhetes rendezv\u00e9ny\u00fcnk van 6 orsz\u00e1gban \u00e9s t\u00f6bb h\u00e9tv\u00e9gi alkalmunk van a vil\u00e1g t\u00f6bb, mint 15 orsz\u00e1g\u00e1ban, 4 kontinensen. K\u00f6r\u00fclbel\u00fcl 10 000 tini \u00e9s \u00f6nk\u00e9ntes vesz r\u00e9szt ezen esem\u00e9nyeken \u00e9s fektet be ezekbe. A k\u00f6vetkez\u0151 \u00e9vekben vil\u00e1gszerte, t\u00f6bbek k\u00f6z\u00f6tt Afrik\u00e1ban, a K\u00f6zel-Keleten \u00e9s \u00c1zsi\u00e1ban legal\u00e1bb 30 tov\u00e1bbi esem\u00e9ny elind\u00edt\u00e1s\u00e1ra sz\u00e1m\u00edtunk.<\/p><p>Elk\u00f6telezettek vagyunk a gy\u00fclekezetekkel \u00e9s ifj\u00fas\u00e1gi csoportokkal val\u00f3 egy\u00fcttm\u0171k\u00f6d\u00e9sre \u00e9s t\u00e1mogatjuk \u0151ket a tin\u00e9dzserek szolg\u00e1lat\u00e1ban. Ugyanakkor az\u00e9rt is hangs\u00falyozzuk az egyh\u00e1zakkal folytatott egy\u00fcttm\u0171k\u00f6d\u00e9st, mert nagyon fontos, hogy a tin\u00e9dzsereknek legyen egy kereszt\u00e9ny k\u00f6z\u00f6ss\u00e9ge a TeenStreet ut\u00e1n is.<\/p><p>A TeenStreeten szeretn\u00e9nk \u00f6szt\u00f6n\u00f6zni a tin\u00e9dzsereket a J\u00e9zussal val\u00f3 egy\u00fctt j\u00e1r\u00e1sra \u00e9s seg\u00edteni \u0151ket b\u00f6lcs d\u00f6nt\u00e9sek meghozatal\u00e1ban. Ez\u00e9rt minden r\u00e9sztvev\u0151 egy kis csoport (NET group) r\u00e9sz\u00e9t k\u00e9pezi. Ebben a csoportban a tagok ugyanazt a nyelvet besz\u00e9lik \u00e9s azonos kor\u00faak. Feln\u0151tt vezet\u0151j\u00fck t\u00e1mogatja \u0151ket, \u00e9s megosztja vel\u00fck J\u00e9zussal val\u00f3 szem\u00e9lyes kapcsolat\u00e1t.<\/p><p>A reggeli tan\u00edt\u00e1sok alatt a tin\u00e9dzserek tanulhatnak az Istennel val\u00f3 kapcsolat meg\u00e9l\u00e9s\u00e9r\u0151l is. A tan\u00edt\u00e1sok sor\u00e1n hallottakat pedig a NET group-okban megbesz\u00e9lik, gondolkodnak rajta, hogy ezeket alkalmazni tudj\u00e1k az \u00e9let\u00fckben. Ezen fel\u00fcl a TeenStreet sz\u00e1mos izgalmas dolgot k\u00edn\u00e1l a tin\u00e9dzserek sz\u00e1m\u00e1ra, mint a sport, a kreat\u00edv m\u0171v\u00e9szetek, a szemin\u00e1riumok \u00e9s a workshopok. Szabadidej\u00fck is van, amikor tudnak ismerkedni k\u00fcl\u00f6nb\u00f6z\u0151 orsz\u00e1gokb\u00f3l sz\u00e1rmaz\u00f3, m\u00e1s kult\u00far\u00e1lis \u00e9s egyh\u00e1zi h\u00e1tt\u00e9rrel rendelkez\u0151 emberekkel.<\/p>\t\t\t\t\t\t\t\t<\/div>\n\t\t\t\t<\/div>\n\t\t\t\t<div class=\"elementor-element elementor-element-bfa60f8 elementor-widget elementor-widget-heading\" data-id=\"bfa60f8\" data-element_type=\"widget\" data-e-type=\"widget\" data-widget_type=\"heading.default\">\n\t\t\t\t<div class=\"elementor-widget-container\">\n\t\t\t\t\t<h2 class=\"elementor-heading-title elementor-size-default\">L\u00e1t\u00e1sunk<\/h2>\t\t\t\t<\/div>\n\t\t\t\t<\/div>\n\t\t\t\t<div class=\"elementor-element elementor-element-7a02c69 elementor-blockquote--skin-quotation elementor-widget elementor-widget-blockquote\" data-id=\"7a02c69\" data-element_type=\"widget\" data-e-type=\"widget\" data-widget_type=\"blockquote.default\">\n\t\t\t\t<div class=\"elementor-widget-container\">\n\t\t\t\t\t\t\t<blockquote class=\"elementor-blockquote\">\n\t\t\t<p class=\"elementor-blockquote__content\">\n\t\t\t\tA TeenStreet egy\u00fctt dolgozik k\u00fcl\u00f6nb\u00f6z\u0151 felekezetekkel, motiv\u00e1lja, felk\u00e9sz\u00edti \u00e9s k\u00eds\u00e9ri a (kereszt\u00e9ny) tizen\u00e9veseket, az\u00e9rt, hogy val\u00f3di bar\u00e1ts\u00e1got tudjanak kialak\u00edtani J\u00e9zussal \u00e9s ez megnyilv\u00e1nuljon az \u00e9let\u00fckben.  \t\t\t<\/p>\n\t\t\t\t\t<\/blockquote>\n\t\t\t\t\t\t<\/div>\n\t\t\t\t<\/div>\n\t\t\t\t<div class=\"elementor-element elementor-element-c367197 elementor-widget elementor-widget-heading\" data-id=\"c367197\" data-element_type=\"widget\" data-e-type=\"widget\" data-widget_type=\"heading.default\">\n\t\t\t\t<div class=\"elementor-widget-container\">\n\t\t\t\t\t<h2 class=\"elementor-heading-title elementor-size-default\">Tov\u00e1bbi inform\u00e1ci\u00f3 a TeenStreetr\u0151l<\/h2>\t\t\t\t<\/div>\n\t\t\t\t<\/div>\n\t\t\t\t\t<\/div>\n\t\t<\/div>\n\t\t\t\t<div class=\"elementor-column elementor-col-16 elementor-top-column elementor-element elementor-element-e3a5560\" data-id=\"e3a5560\" data-element_type=\"column\" data-e-type=\"column\">\n\t\t\t<div class=\"elementor-widget-wrap\">\n\t\t\t\t\t\t\t<\/div>\n\t\t<\/div>\n\t\t\t\t\t<\/div>\n\t\t<\/section>\n\t\t\t\t<section class=\"elementor-section elementor-inner-section elementor-element elementor-element-6d47c340 elementor-section-boxed elementor-section-height-default elementor-section-height-default wpr-particle-no wpr-jarallax-no wpr-parallax-no wpr-sticky-section-no\" data-id=\"6d47c340\" data-element_type=\"section\" data-e-type=\"section\">\n\t\t\t\t\t\t<div class=\"elementor-container elementor-column-gap-extended\">\n\t\t\t\t\t<div class=\"elementor-column elementor-col-33 elementor-inner-column elementor-element elementor-element-64429f9c\" data-id=\"64429f9c\" data-element_type=\"column\" data-e-type=\"column\">\n\t\t\t<div class=\"elementor-widget-wrap elementor-element-populated\">\n\t\t\t\t\t\t<div class=\"elementor-element elementor-element-59b56d48 elementor-widget elementor-widget-ts-card\" data-id=\"59b56d48\" data-element_type=\"widget\" data-e-type=\"widget\" data-widget_type=\"ts-card.default\">\n\t\t\t\t<div class=\"elementor-widget-container\">\n\t\t\t\t\t            <div class=\"ts-card ts-image-background\" style=\"background-image: url(https:\/\/teenstreet.life\/eu\/wp-content\/uploads\/sites\/13\/2020\/05\/teenstreet-1993-participants.jpg);\">\r\n\r\n                \t\t\t\t\t<h3 class=\"ts-card-title\">\r\n\t\t\t\t\t\t<a href=\"https:\/\/teenstreet.life\/eu\/hu\/rol-rol\/tortenelem\/\">\r\n\t\t\t\t\t\t\tA TS t\u00f6rt\u00e9nete\t\t\t\t\t\t<\/a>\r\n                    <\/h3>\r\n                \r\n                                    <p class=\"ts-card-description\">\r\n                        A TeenStreet 1993-ban indult 56 r\u00e9sztvev\u0151vel Offenburgban. Ma m\u00e1r 20 k\u00fcl\u00f6nb\u00f6z\u0151 orsz\u00e1gb\u00f3l 4000 r\u00e9sztvev\u0151 gy\u0171lik \u00f6ssze minden \u00e9vben, hogy jobban megismerje J\u00e9zust \u00e9s hogy Istent magasztalja!                    <\/p>\r\n                \t\t\t\t\r\n\r\n                                    <a class=\"ts-card-button elementor-button-link\" href=\"https:\/\/teenstreet.life\/eu\/hu\/rol-rol\/tortenelem\/\">\r\n                        T\u00f6bb inform\u00e1ci\u00f3                    <\/a>\r\n                \r\n                 \r\n                    <a class=\"ts-card-full-link\" href=\"https:\/\/teenstreet.life\/eu\/hu\/rol-rol\/tortenelem\/\"><\/a>\r\n                \r\n            <\/div>\r\n\r\n        \t\t\t\t<\/div>\n\t\t\t\t<\/div>\n\t\t\t\t\t<\/div>\n\t\t<\/div>\n\t\t\t\t<div class=\"elementor-column elementor-col-33 elementor-inner-column elementor-element elementor-element-364681c9\" data-id=\"364681c9\" data-element_type=\"column\" data-e-type=\"column\">\n\t\t\t<div class=\"elementor-widget-wrap elementor-element-populated\">\n\t\t\t\t\t\t<div class=\"elementor-element elementor-element-7a182468 elementor-widget elementor-widget-ts-card\" data-id=\"7a182468\" data-element_type=\"widget\" data-e-type=\"widget\" data-widget_type=\"ts-card.default\">\n\t\t\t\t<div class=\"elementor-widget-container\">\n\t\t\t\t\t            <div class=\"ts-card ts-image-background\" style=\"background-image: url(https:\/\/teenstreet.life\/eu\/wp-content\/uploads\/sites\/13\/2020\/05\/core-values-480x480.jpg);\">\r\n\r\n                \t\t\t\t\t<h3 class=\"ts-card-title\">\r\n\t\t\t\t\t\t<a href=\"https:\/\/teenstreet.life\/eu\/hu\/rol-rol\/alapertekei\/\">\r\n\t\t\t\t\t\t\tAlap\u00e9rt\u00e9keir\u0151l\t\t\t\t\t\t<\/a>\r\n                    <\/h3>\r\n                \r\n                                    <p class=\"ts-card-description\">\r\n                        A TeenStreetn\u00e9l \u00fagy gondoljuk, hogy a tin\u00e9dzsereket komolyan kell venni; ak\u00e1rcsak az \u00e1lmaikat \u00e9s a k\u00fczdelmeiket. \u0150k a holnap vezet\u0151i, akikbe be kell fektetn\u00fcnk. Ez\u00e9rt l\u00e9tezik a TeenStreet.                    <\/p>\r\n                \t\t\t\t\r\n\r\n                                    <a class=\"ts-card-button elementor-button-link\" href=\"https:\/\/teenstreet.life\/eu\/hu\/rol-rol\/alapertekei\/\">\r\n                        Az \u00e9rt\u00e9keink                    <\/a>\r\n                \r\n                 \r\n                    <a class=\"ts-card-full-link\" href=\"https:\/\/teenstreet.life\/eu\/hu\/rol-rol\/alapertekei\/\"><\/a>\r\n                \r\n            <\/div>\r\n\r\n        \t\t\t\t<\/div>\n\t\t\t\t<\/div>\n\t\t\t\t\t<\/div>\n\t\t<\/div>\n\t\t\t\t<div class=\"elementor-column elementor-col-33 elementor-inner-column elementor-element elementor-element-10a5bb30\" data-id=\"10a5bb30\" data-element_type=\"column\" data-e-type=\"column\">\n\t\t\t<div class=\"elementor-widget-wrap elementor-element-populated\">\n\t\t\t\t\t\t<div class=\"elementor-element elementor-element-2524ee34 elementor-widget elementor-widget-ts-card\" data-id=\"2524ee34\" data-element_type=\"widget\" data-e-type=\"widget\" data-widget_type=\"ts-card.default\">\n\t\t\t\t<div class=\"elementor-widget-container\">\n\t\t\t\t\t            <div class=\"ts-card ts-image-background\" style=\"background-image: url(https:\/\/teenstreet.life\/eu\/wp-content\/uploads\/sites\/13\/2020\/05\/ts-about-om-480x480.png);\">\r\n\r\n                \t\t\t\t\t<h3 class=\"ts-card-title\">\r\n\t\t\t\t\t\t<a href=\"https:\/\/teenstreet.life\/eu\/hu\/rol-rol\/about-om\/\">\r\n\t\t\t\t\t\t\tAz OM-r\u0151l\t\t\t\t\t\t<\/a>\r\n                    <\/h3>\r\n                \r\n                                    <p class=\"ts-card-description\">\r\n                        A TeenStreet az Operation Mobilisation (OM) egyik szolg\u00e1lata. Az OM egy nemzetk\u00f6zi misszi\u00f3szervezet, ami t\u00f6bb, mint 110 orsz\u00e1gban m\u0171k\u00f6dik, hogy motiv\u00e1lja \u00e9s felk\u00e9sz\u00edtse az embereket Isten szeretet\u00e9nek megoszt\u00e1s\u00e1ra az eg\u00e9sz vil\u00e1gon.                    <\/p>\r\n                \t\t\t\t\r\n\r\n                                    <a class=\"ts-card-button elementor-button-link\" href=\"https:\/\/teenstreet.life\/eu\/hu\/rol-rol\/about-om\/\">\r\n                        Fedezz fel t\u00f6bbet                    <\/a>\r\n                \r\n                 \r\n                    <a class=\"ts-card-full-link\" href=\"https:\/\/teenstreet.life\/eu\/hu\/rol-rol\/about-om\/\"><\/a>\r\n                \r\n            <\/div>\r\n\r\n        \t\t\t\t<\/div>\n\t\t\t\t<\/div>\n\t\t\t\t\t<\/div>\n\t\t<\/div>\n\t\t\t\t\t<\/div>\n\t\t<\/section>\n\t\t\t\t<\/div>","protected":false},"excerpt":{"rendered":"<p>A TeenStreet egy nemzetk\u00f6zi kereszt\u00e9ny rendezv\u00e9ny tizen\u00e9vesek sz\u00e1m\u00e1ra. Az egyh\u00e1zzal egy\u00fcttm\u0171k\u00f6dve motiv\u00e1ljuk, felk\u00e9sz\u00edtj\u00fck \u00e9s egy\u00fctt j\u00e1runk az Eur\u00f3pa-szerte \u00e9l\u0151 (kereszt\u00e9ny) tizen\u00e9vesekkel, hogy val\u00f3di bar\u00e1ts\u00e1got k\u00f6ssenek J\u00e9zussal, \u00e9s naponta t\u00fckr\u00f6zz\u00e9k \u0150t a vil\u00e1gukban. A TeenStreet 1993-ban indult 53 tin\u00e9dzserrel, \u00e9s gyorsan n\u00f6vekedett. Ma m\u00e1r 7 \u00e9ves egyhetes rendezv\u00e9ny\u00fcnk van 6 orsz\u00e1gban \u00e9s t\u00f6bb h\u00e9tv\u00e9gi rendezv\u00e9ny\u00fcnk t\u00f6bb mint 15 orsz\u00e1gban, 4 kontinensen. K\u00f6r\u00fclbel\u00fcl 10 000 r\u00e9sztvev\u0151 \u00e9s \u00f6nk\u00e9ntes vesz r\u00e9szt ezeken az esem\u00e9nyeken, \u00e9s fektet be ezekbe az esem\u00e9nyekbe. A k\u00f6vetkez\u0151 \u00e9vekben v\u00e1rhat\u00f3an legal\u00e1bb 30 tov\u00e1bbi esem\u00e9nyt ind\u00edtunk el a vil\u00e1g k\u00fcl\u00f6nb\u00f6z\u0151 orsz\u00e1gaiban, bele\u00e9rtve a K\u00f6zel-Keletet, Afrik\u00e1t \u00e9s \u00c1zsi\u00e1t is. Elk\u00f6telezettek vagyunk a gy\u00fclekezetekkel \u00e9s ifj\u00fas\u00e1gi csoportokkal val\u00f3 egy\u00fcttm\u0171k\u00f6d\u00e9s mellett, t\u00e1mogatva \u0151ket a tin\u00e9dzserek fel\u00e9 v\u00e9gzett szolg\u00e1latukban. Ugyanakkor hangs\u00falyt fektet\u00fcnk az egyh\u00e1zakkal val\u00f3 egy\u00fcttm\u0171k\u00f6d\u00e9sre, mert nagyon fontos, hogy a TeenStreet ut\u00e1n a tin\u00e9dzsereknek legyen egy kereszt\u00e9ny k\u00f6z\u00f6ss\u00e9g\u00fck, amelynek r\u00e9szesei lehetnek. A TeenStreet-en szeretn\u00e9nk b\u00e1tor\u00edtani a tin\u00e9dzsereket a J\u00e9zussal val\u00f3 j\u00e1r\u00e1sukban, \u00e9s seg\u00edteni \u0151ket abban, hogy b\u00f6lcs d\u00f6nt\u00e9seket hozzanak. Ez\u00e9rt minden r\u00e9sztvev\u0151 egy kiscsoport tagja. A kiscsoport tagjai ugyanazt a nyelvet besz\u00e9lik, \u00e9s egyid\u0151sek. Feln\u0151tt vezet\u0151j\u00fck t\u00e1mogatja \u0151ket, \u00e9s megosztja vel\u00fck a J\u00e9zussal val\u00f3 szem\u00e9lyes kapcsolat\u00e1t. A f\u0151 tal\u00e1lkoz\u00f3kon a tin\u00e9dzserek az Istennel val\u00f3 kapcsolati \u00e9letr\u0151l is tanulnak. A f\u0151 \u00f6sszej\u00f6veteleken hallottakat magukkal viszik a kiscsoportjukba, hogy elgondolkodjanak rajta, \u00e9s alkalmazz\u00e1k otthon az \u00e9let\u00fckben. Ezen k\u00edv\u00fcl a TeenStreet sok izgalmas dolgot k\u00edn\u00e1l a tin\u00e9dzsereknek, amelyekben r\u00e9szt vehetnek, p\u00e9ld\u00e1ul sportot, kreat\u00edv m\u0171v\u00e9szeteket, szemin\u00e1riumokat \u00e9s workshopokat. Emellett szabadidej\u00fck van arra is, hogy megismerkedjenek m\u00e1s orsz\u00e1gokb\u00f3l sz\u00e1rmaz\u00f3, k\u00fcl\u00f6nb\u00f6z\u0151 kultur\u00e1lis \u00e9s egyh\u00e1zi h\u00e1tt\u00e9rrel rendelkez\u0151 emberekkel. A Vision TeenStreet az egyh\u00e1zzal egy\u00fcttm\u0171k\u00f6dve motiv\u00e1lja, felk\u00e9sz\u00edti \u00e9s v\u00e9gigj\u00e1rja a (kereszt\u00e9ny) tizen\u00e9veseket, hogy val\u00f3di bar\u00e1ts\u00e1got k\u00f6ssenek J\u00e9zussal, \u00e9s naponta t\u00fckr\u00f6zz\u00e9k \u0150t a vil\u00e1gukban. Tov\u00e1bbi inform\u00e1ci\u00f3 a TeenStreetr\u0151l<\/p>","protected":false},"author":1,"featured_media":334,"parent":0,"menu_order":0,"comment_status":"closed","ping_status":"closed","template":"","meta":{"iawp_total_views":35,"footnotes":""},"class_list":["post-56","page","type-page","status-publish","has-post-thumbnail","hentry"],"_links":{"self":[{"href":"https:\/\/teenstreet.life\/eu\/hu\/wp-json\/wp\/v2\/pages\/56","targetHints":{"allow":["GET"]}}],"collection":[{"href":"https:\/\/teenstreet.life\/eu\/hu\/wp-json\/wp\/v2\/pages"}],"about":[{"href":"https:\/\/teenstreet.life\/eu\/hu\/wp-json\/wp\/v2\/types\/page"}],"author":[{"embeddable":true,"href":"https:\/\/teenstreet.life\/eu\/hu\/wp-json\/wp\/v2\/users\/1"}],"replies":[{"embeddable":true,"href":"https:\/\/teenstreet.life\/eu\/hu\/wp-json\/wp\/v2\/comments?post=56"}],"version-history":[{"count":2,"href":"https:\/\/teenstreet.life\/eu\/hu\/wp-json\/wp\/v2\/pages\/56\/revisions"}],"predecessor-version":[{"id":8573,"href":"https:\/\/teenstreet.life\/eu\/hu\/wp-json\/wp\/v2\/pages\/56\/revisions\/8573"}],"wp:featuredmedia":[{"embeddable":true,"href":"https:\/\/teenstreet.life\/eu\/hu\/wp-json\/wp\/v2\/media\/334"}],"wp:attachment":[{"href":"https:\/\/teenstreet.life\/eu\/hu\/wp-json\/wp\/v2\/media?parent=56"}],"curies":[{"name":"wp","href":"https:\/\/api.w.org\/{rel}","templated":true}]}}