{"id":223,"date":"2020-05-25T13:20:13","date_gmt":"2020-05-25T13:20:13","guid":{"rendered":"https:\/\/teenstreet.life\/eu\/?page_id=223"},"modified":"2026-02-06T08:43:17","modified_gmt":"2026-02-06T07:43:17","slug":"adomanyoz","status":"publish","type":"page","link":"https:\/\/teenstreet.life\/eu\/hu\/donate\/","title":{"rendered":"T\u00e1mogassa a TeenStreetet"},"content":{"rendered":"<div data-elementor-type=\"wp-page\" data-elementor-id=\"223\" class=\"elementor elementor-223\" data-elementor-post-type=\"page\">\n\t\t\t\t\t\t<section class=\"elementor-section elementor-top-section elementor-element elementor-element-24d31b59 elementor-section-boxed elementor-section-height-default elementor-section-height-default wpr-particle-no wpr-jarallax-no wpr-parallax-no wpr-sticky-section-no\" data-id=\"24d31b59\" data-element_type=\"section\" data-e-type=\"section\">\n\t\t\t\t\t\t<div class=\"elementor-container elementor-column-gap-wider\">\n\t\t\t\t\t<div class=\"elementor-column elementor-col-50 elementor-top-column elementor-element elementor-element-5cafff43\" data-id=\"5cafff43\" data-element_type=\"column\" data-e-type=\"column\">\n\t\t\t<div class=\"elementor-widget-wrap elementor-element-populated\">\n\t\t\t\t\t\t<div class=\"elementor-element elementor-element-8b5c054 elementor-widget elementor-widget-heading\" data-id=\"8b5c054\" data-element_type=\"widget\" data-e-type=\"widget\" data-widget_type=\"heading.default\">\n\t\t\t\t<div class=\"elementor-widget-container\">\n\t\t\t\t\t<h2 class=\"elementor-heading-title elementor-size-default\">Legy\u00e9l TeenStreet t\u00e1mogat\u00f3<\/h2>\t\t\t\t<\/div>\n\t\t\t\t<\/div>\n\t\t\t\t<div class=\"elementor-element elementor-element-a12840f elementor-widget elementor-widget-text-editor\" data-id=\"a12840f\" data-element_type=\"widget\" data-e-type=\"widget\" data-widget_type=\"text-editor.default\">\n\t\t\t\t<div class=\"elementor-widget-container\">\n\t\t\t\t\t\t\t\t\t<p>Csatlakozz a tizen\u00e9vesek glob\u00e1lis mozgalm\u00e1hoz, akik kapcsolatba ker\u00fclnek J\u00e9zussal, \u00e9s hat\u00e1ssal vannak a k\u00f6r\u00fcl\u00f6tt\u00fck \u00e9l\u0151 emberekre. Adom\u00e1nyaid \u00e9s t\u00e1mogat\u00e1sod seg\u00edteni fog nek\u00fcnk abban, hogy a fiatal J\u00e9zus-k\u00f6vet\u0151k mozgalm\u00e1t t\u00e1pl\u00e1ljuk, amely az eg\u00e9sz vil\u00e1gon ismertt\u00e9 teszi J\u00e9zust.<\/p>\t\t\t\t\t\t\t\t<\/div>\n\t\t\t\t<\/div>\n\t\t\t\t<div class=\"elementor-element elementor-element-62ffd26 elementor-testimonial--align-left elementor-testimonial--skin-default elementor-testimonial--layout-image_inline elementor-pagination-type-bullets elementor-widget elementor-widget-testimonial-carousel\" data-id=\"62ffd26\" data-element_type=\"widget\" data-e-type=\"widget\" data-settings=\"{&quot;pagination&quot;:&quot;bullets&quot;,&quot;speed&quot;:500,&quot;autoplay&quot;:&quot;yes&quot;,&quot;autoplay_speed&quot;:5000,&quot;loop&quot;:&quot;yes&quot;,&quot;pause_on_hover&quot;:&quot;yes&quot;,&quot;pause_on_interaction&quot;:&quot;yes&quot;,&quot;space_between&quot;:{&quot;unit&quot;:&quot;px&quot;,&quot;size&quot;:10,&quot;sizes&quot;:[]},&quot;space_between_tablet&quot;:{&quot;unit&quot;:&quot;px&quot;,&quot;size&quot;:10,&quot;sizes&quot;:[]},&quot;space_between_mobile&quot;:{&quot;unit&quot;:&quot;px&quot;,&quot;size&quot;:10,&quot;sizes&quot;:[]}}\" data-widget_type=\"testimonial-carousel.default\">\n\t\t\t\t<div class=\"elementor-widget-container\">\n\t\t\t\t\t\t\t\t\t<div class=\"elementor-swiper\">\n\t\t\t\t\t<div class=\"elementor-main-swiper swiper\" role=\"region\" aria-roledescription=\"carousel\" aria-label=\"Di\u00e1kok\">\n\t\t\t\t<div class=\"swiper-wrapper\">\n\t\t\t\t\t\t\t\t\t\t\t<div class=\"swiper-slide\" role=\"group\" aria-roledescription=\"slide\">\n\t\t\t\t\t\t\t\t\t<div class=\"elementor-testimonial\">\n\t\t\t\t\t\t\t<div class=\"elementor-testimonial__content\">\n\t\t\t\t\t<div class=\"elementor-testimonial__text\">\n\t\t\t\t\t\tA TeenStreet a helyi gy\u00fclekezetekkel egy\u00fcttm\u0171k\u00f6dve motiv\u00e1lja, felk\u00e9sz\u00edti \u00e9s seg\u00edti a kereszt\u00e9ny tizen\u00e9veseket, hogy val\u00f3di bar\u00e1ts\u00e1got k\u00f6ssenek J\u00e9zussal, \u00e9s naponta t\u00fckr\u00f6zz\u00e9k \u0150t a vil\u00e1gukban. \t\t\t\t\t<\/div>\n\t\t\t\t\t\t\t\t\t<\/div>\n\t\t\t\t\t\t<div class=\"elementor-testimonial__footer\">\n\t\t\t\t\t\t\t\t\t\t\t<\/div>\n\t\t<\/div>\n\t\t\t\t\t\t\t\t<\/div>\n\t\t\t\t\t\t\t\t\t\t\t<div class=\"swiper-slide\" role=\"group\" aria-roledescription=\"slide\">\n\t\t\t\t\t\t\t\t\t<div class=\"elementor-testimonial\">\n\t\t\t\t\t\t\t<div class=\"elementor-testimonial__content\">\n\t\t\t\t\t<div class=\"elementor-testimonial__text\">\n\t\t\t\t\t\tA TeenStreet m\u00e1r t\u00f6bb mint 30 \u00e9ve arra \u00f6szt\u00f6nzi a tin\u00e9dzsereket, hogy teljes m\u00e9rt\u00e9kben kibontakoztass\u00e1k a benn\u00fck rejl\u0151 lehet\u0151s\u00e9geket, \u00e9s m\u00e9g mindig er\u0151sek vagyunk.\t\t\t\t\t<\/div>\n\t\t\t\t\t\t\t\t\t<\/div>\n\t\t\t\t\t\t<div class=\"elementor-testimonial__footer\">\n\t\t\t\t\t\t\t\t\t\t\t<\/div>\n\t\t<\/div>\n\t\t\t\t\t\t\t\t<\/div>\n\t\t\t\t\t\t\t\t\t\t\t<div class=\"swiper-slide\" role=\"group\" aria-roledescription=\"slide\">\n\t\t\t\t\t\t\t\t\t<div class=\"elementor-testimonial\">\n\t\t\t\t\t\t\t<div class=\"elementor-testimonial__content\">\n\t\t\t\t\t<div class=\"elementor-testimonial__text\">\n\t\t\t\t\t\tA tizen\u00e9vesek a legjobban felk\u00e9sz\u00fcltek arra, hogy megossz\u00e1k J\u00e9zust m\u00e1s tizen\u00e9vesekkel.\t\t\t\t\t<\/div>\n\t\t\t\t\t\t\t\t\t<\/div>\n\t\t\t\t\t\t<div class=\"elementor-testimonial__footer\">\n\t\t\t\t\t\t\t\t\t\t\t<\/div>\n\t\t<\/div>\n\t\t\t\t\t\t\t\t<\/div>\n\t\t\t\t\t\t\t\t\t<\/div>\n\t\t\t\t\t\t\t\t\t\t\t\t\t\t\t\t\t\t\t\t<div class=\"swiper-pagination\"><\/div>\n\t\t\t\t\t\t\t\t\t\t\t\t<\/div>\n\t\t\t\t<\/div>\n\t\t\t\t\t\t\t\t<\/div>\n\t\t\t\t<\/div>\n\t\t\t\t<div class=\"elementor-element elementor-element-ec16915 elementor-widget elementor-widget-text-editor\" data-id=\"ec16915\" data-element_type=\"widget\" data-e-type=\"widget\" data-widget_type=\"text-editor.default\">\n\t\t\t\t<div class=\"elementor-widget-container\">\n\t\t\t\t\t\t\t\t\t<p>Vegye fel a kapcsolatot a helyi OM-irod\u00e1val, vagy vegye fel a kapcsolatot az \u00d6n <a href=\"https:\/\/teenstreet.life\/eu\/hu\/kapcsolatba-lepni\/\">A TeenStreet k\u00e9pvisel\u0151je<\/a> hogy t\u00f6bbet tudjon meg a szolg\u00e1latunk t\u00e1mogat\u00e1s\u00e1r\u00f3l.<\/p>\t\t\t\t\t\t\t\t<\/div>\n\t\t\t\t<\/div>\n\t\t\t\t<div class=\"elementor-element elementor-element-5b4eb42 elementor-invisible elementor-widget elementor-widget-image\" data-id=\"5b4eb42\" data-element_type=\"widget\" data-e-type=\"widget\" data-settings=\"{&quot;_animation&quot;:&quot;fadeIn&quot;}\" data-widget_type=\"image.default\">\n\t\t\t\t<div class=\"elementor-widget-container\">\n\t\t\t\t\t\t\t\t\t\t\t\t\t\t\t<img fetchpriority=\"high\" decoding=\"async\" width=\"720\" height=\"720\" src=\"https:\/\/teenstreet.life\/eu\/wp-content\/uploads\/sites\/13\/2020\/05\/ts-towers-720x720.jpg\" class=\"attachment-square-hd size-square-hd wp-image-839\" alt=\"\" srcset=\"https:\/\/teenstreet.life\/eu\/wp-content\/uploads\/sites\/13\/2020\/05\/ts-towers-720x720.jpg 720w, https:\/\/teenstreet.life\/eu\/wp-content\/uploads\/sites\/13\/2020\/05\/ts-towers-150x150.jpg 150w, https:\/\/teenstreet.life\/eu\/wp-content\/uploads\/sites\/13\/2020\/05\/ts-towers-360x360.jpg 360w, https:\/\/teenstreet.life\/eu\/wp-content\/uploads\/sites\/13\/2020\/05\/ts-towers-480x480.jpg 480w, https:\/\/teenstreet.life\/eu\/wp-content\/uploads\/sites\/13\/2020\/05\/ts-towers-1080x1080.jpg 1080w, https:\/\/teenstreet.life\/eu\/wp-content\/uploads\/sites\/13\/2020\/05\/ts-towers-scaled-100x100.jpg 100w\" sizes=\"(max-width: 720px) 100vw, 720px\" \/>\t\t\t\t\t\t\t\t\t\t\t\t\t\t\t<\/div>\n\t\t\t\t<\/div>\n\t\t\t\t\t<\/div>\n\t\t<\/div>\n\t\t\t\t<div class=\"elementor-column elementor-col-50 elementor-top-column elementor-element elementor-element-94c3b70\" data-id=\"94c3b70\" data-element_type=\"column\" data-e-type=\"column\">\n\t\t\t<div class=\"elementor-widget-wrap elementor-element-populated\">\n\t\t\t\t\t\t\t<\/div>\n\t\t<\/div>\n\t\t\t\t\t<\/div>\n\t\t<\/section>\n\t\t\t\t<\/div>","protected":false},"excerpt":{"rendered":"<p>Become a TeenStreet supporter Join a global movement of teens getting connected with Jesus and having an impact on people around them. Your gifts and support will help us fuel a movement of young Jesus followers that will make Jesus known all over the world. TeenStreet works with local churches to motivate, equip and walk alongside Christian teens to have a real friendship with Jesus and reflect Him daily in their world. TeenStreet has challenged teenagers to reach their full potential for the past 30+ years and we&#8217;re still going strong. Teens are best equipped to share Jesus with other teenagers. Contact your local OM office or get in touch with your Home office TeenStreet representative to find out more about supporting our ministry.<\/p>","protected":false},"author":1,"featured_media":785,"parent":0,"menu_order":0,"comment_status":"closed","ping_status":"closed","template":"","meta":{"iawp_total_views":0,"footnotes":""},"class_list":["post-223","page","type-page","status-publish","has-post-thumbnail","hentry"],"_links":{"self":[{"href":"https:\/\/teenstreet.life\/eu\/hu\/wp-json\/wp\/v2\/pages\/223","targetHints":{"allow":["GET"]}}],"collection":[{"href":"https:\/\/teenstreet.life\/eu\/hu\/wp-json\/wp\/v2\/pages"}],"about":[{"href":"https:\/\/teenstreet.life\/eu\/hu\/wp-json\/wp\/v2\/types\/page"}],"author":[{"embeddable":true,"href":"https:\/\/teenstreet.life\/eu\/hu\/wp-json\/wp\/v2\/users\/1"}],"replies":[{"embeddable":true,"href":"https:\/\/teenstreet.life\/eu\/hu\/wp-json\/wp\/v2\/comments?post=223"}],"version-history":[{"count":3,"href":"https:\/\/teenstreet.life\/eu\/hu\/wp-json\/wp\/v2\/pages\/223\/revisions"}],"predecessor-version":[{"id":8976,"href":"https:\/\/teenstreet.life\/eu\/hu\/wp-json\/wp\/v2\/pages\/223\/revisions\/8976"}],"wp:featuredmedia":[{"embeddable":true,"href":"https:\/\/teenstreet.life\/eu\/hu\/wp-json\/wp\/v2\/media\/785"}],"wp:attachment":[{"href":"https:\/\/teenstreet.life\/eu\/hu\/wp-json\/wp\/v2\/media?parent=223"}],"curies":[{"name":"wp","href":"https:\/\/api.w.org\/{rel}","templated":true}]}}