{"id":107,"date":"2020-05-25T10:12:12","date_gmt":"2020-05-25T10:12:12","guid":{"rendered":"https:\/\/teenstreet.life\/eu\/?page_id=107"},"modified":"2025-11-27T08:27:23","modified_gmt":"2025-11-27T07:27:23","slug":"about-om","status":"publish","type":"page","link":"https:\/\/teenstreet.life\/eu\/hu\/about\/about-om\/","title":{"rendered":"Az OM-r\u0151l"},"content":{"rendered":"<div data-elementor-type=\"wp-page\" data-elementor-id=\"107\" class=\"elementor elementor-107\" data-elementor-post-type=\"page\">\n\t\t\t\t\t\t<section class=\"elementor-section elementor-top-section elementor-element elementor-element-ff69198 elementor-section-boxed elementor-section-height-default elementor-section-height-default wpr-particle-no wpr-jarallax-no wpr-parallax-no wpr-sticky-section-no wpr-equal-height-no\" data-id=\"ff69198\" data-element_type=\"section\" data-e-type=\"section\">\n\t\t\t\t\t\t<div class=\"elementor-container elementor-column-gap-default\">\n\t\t\t\t\t<div class=\"elementor-column elementor-col-16 elementor-top-column elementor-element elementor-element-aa9d359\" data-id=\"aa9d359\" data-element_type=\"column\" data-e-type=\"column\">\n\t\t\t<div class=\"elementor-widget-wrap elementor-element-populated\">\n\t\t\t\t\t\t<div class=\"elementor-element elementor-element-aa08e11 elementor-invisible elementor-widget elementor-widget-image\" data-id=\"aa08e11\" data-element_type=\"widget\" data-e-type=\"widget\" data-settings=\"{&quot;_animation&quot;:&quot;fadeIn&quot;}\" data-widget_type=\"image.default\">\n\t\t\t\t<div class=\"elementor-widget-container\">\n\t\t\t\t\t\t\t\t\t\t\t\t\t\t\t<img decoding=\"async\" width=\"150\" height=\"150\" src=\"https:\/\/teenstreet.life\/eu\/wp-content\/uploads\/sites\/13\/2020\/05\/om-logo-150x150.png\" class=\"attachment-thumbnail size-thumbnail wp-image-381\" alt=\"A mozg\u00f3s\u00edt\u00e1si m\u0171velet log\u00f3ja\" srcset=\"https:\/\/teenstreet.life\/eu\/wp-content\/uploads\/sites\/13\/2020\/05\/om-logo-150x150.png 150w, https:\/\/teenstreet.life\/eu\/wp-content\/uploads\/sites\/13\/2020\/05\/om-logo-300x300.png 300w, https:\/\/teenstreet.life\/eu\/wp-content\/uploads\/sites\/13\/2020\/05\/om-logo-1024x1024.png 1024w, https:\/\/teenstreet.life\/eu\/wp-content\/uploads\/sites\/13\/2020\/05\/om-logo-768x768.png 768w, https:\/\/teenstreet.life\/eu\/wp-content\/uploads\/sites\/13\/2020\/05\/om-logo-1536x1536.png 1536w, https:\/\/teenstreet.life\/eu\/wp-content\/uploads\/sites\/13\/2020\/05\/om-logo-2048x2048.png 2048w, https:\/\/teenstreet.life\/eu\/wp-content\/uploads\/sites\/13\/2020\/05\/om-logo-360x360.png 360w, https:\/\/teenstreet.life\/eu\/wp-content\/uploads\/sites\/13\/2020\/05\/om-logo-480x480.png 480w, https:\/\/teenstreet.life\/eu\/wp-content\/uploads\/sites\/13\/2020\/05\/om-logo-720x720.png 720w, https:\/\/teenstreet.life\/eu\/wp-content\/uploads\/sites\/13\/2020\/05\/om-logo-1080x1080.png 1080w\" sizes=\"(max-width: 150px) 100vw, 150px\" \/>\t\t\t\t\t\t\t\t\t\t\t\t\t\t\t<\/div>\n\t\t\t\t<\/div>\n\t\t\t\t\t<\/div>\n\t\t<\/div>\n\t\t\t\t<div class=\"elementor-column elementor-col-66 elementor-top-column elementor-element elementor-element-6f864be\" data-id=\"6f864be\" data-element_type=\"column\" data-e-type=\"column\">\n\t\t\t<div class=\"elementor-widget-wrap elementor-element-populated\">\n\t\t\t\t\t\t<div class=\"elementor-element elementor-element-e43bc4e elementor-widget elementor-widget-video\" data-id=\"e43bc4e\" data-element_type=\"widget\" data-e-type=\"widget\" data-settings=\"{&quot;youtube_url&quot;:&quot;https:\\\/\\\/www.youtube.com\\\/watch?v=-4P0EcTh4lA&quot;,&quot;video_type&quot;:&quot;youtube&quot;,&quot;controls&quot;:&quot;yes&quot;}\" data-widget_type=\"video.default\">\n\t\t\t\t<div class=\"elementor-widget-container\">\n\t\t\t\t\t\t\t<div class=\"elementor-wrapper elementor-open-inline\">\n\t\t\t<div class=\"elementor-video\"><\/div>\t\t<\/div>\n\t\t\t\t\t\t<\/div>\n\t\t\t\t<\/div>\n\t\t\t\t<div class=\"elementor-element elementor-element-6eb7f94 elementor-widget elementor-widget-text-editor\" data-id=\"6eb7f94\" data-element_type=\"widget\" data-e-type=\"widget\" data-widget_type=\"text-editor.default\">\n\t\t\t\t<div class=\"elementor-widget-container\">\n\t\t\t\t\t\t\t\t\t<p>A TeenStreet az <a href=\"http:\/\/www.om.org\/\" target=\"_blank\" rel=\"noopener\">Operation Mobilization<\/a> (OM). Az OM a vil\u00e1g minden t\u00e1j\u00e1r\u00f3l \u00f6sszegy\u0171jti J\u00e9zus k\u00f6vet\u0151it, hogy adotts\u00e1gaikat \u00e9s k\u00e9pess\u00e9geiket olyan helyeken kamatoztass\u00e1k, ahol az emberek m\u00e9g soha nem tapasztalt\u00e1k meg J\u00e9zust - hogy a legkev\u00e9sb\u00e9 el\u00e9rtek k\u00f6z\u00f6tt J\u00e9zus k\u00f6vet\u0151inek \u00e9l\u00e9nk k\u00f6z\u00f6ss\u00e9geit l\u00e1ss\u00e1k.<\/p><p>A mozgalom 1957-ben indult, \u00e9s ma m\u00e1r t\u00f6bb mint 130 nemzet 4500 munkat\u00e1rsa vagyunk jelen, akik t\u00f6bb mint 140 orsz\u00e1gban \u00e9s a Logos Hope \u00e9s a Doulos Hope haj\u00f3kon osztj\u00e1k az evang\u00e9liumot, gy\u00fclekezeteket alap\u00edtanak \u00e9s gyakorlatiasan dolgoznak a t\u00e1rsadalmi v\u00e1ltoz\u00e1sok\u00e9rt.<\/p><h2>TeenStreet<\/h2><p>A TeenStreet 1993-ban indult N\u00e9metorsz\u00e1gban. Az\u00f3ta t\u00f6bb t\u00edzezer tin\u00e9dzser vett r\u00e9szt a konferenci\u00e1n szerte a vil\u00e1gon. A ny\u00e1ri \u00f6sszej\u00f6veteleken k\u00edv\u00fcl eg\u00e9sz \u00e9vben lehet\u0151s\u00e9g van arra, hogy egy kiscsoport tagja legy\u00e9l, misszi\u00f3ban vegy\u00e9l r\u00e9szt, \u00e9s m\u00e1s gy\u00fclekezetek \u00e9s v\u00e1rosok tin\u00e9dzserekkel tal\u00e1lkozz. A TeenStreet l\u00e9nyege, hogy m\u00e9lyre menj\u00fcnk, b\u00e1tran \u00e9lj\u00fcnk J\u00e9zus\u00e9rt \u00e9s j\u00f3l \u00e9rezz\u00fck magunkat.<\/p>\t\t\t\t\t\t\t\t<\/div>\n\t\t\t\t<\/div>\n\t\t\t\t\t<\/div>\n\t\t<\/div>\n\t\t\t\t<div class=\"elementor-column elementor-col-16 elementor-top-column elementor-element elementor-element-d9f4974\" data-id=\"d9f4974\" data-element_type=\"column\" data-e-type=\"column\">\n\t\t\t<div class=\"elementor-widget-wrap\">\n\t\t\t\t\t\t\t<\/div>\n\t\t<\/div>\n\t\t\t\t\t<\/div>\n\t\t<\/section>\n\t\t\t\t<\/div>","protected":false},"excerpt":{"rendered":"<p>https:\/\/www.youtube.com\/watch?v=-4P0EcTh4lA A TeenStreet az Operation Mobilisation (OM) egyik miniszt\u00e9riuma. Az OM a vil\u00e1g minden t\u00e1j\u00e1r\u00f3l \u00f6sszegy\u0171jti J\u00e9zus k\u00f6vet\u0151it, hogy adotts\u00e1gaikat \u00e9s k\u00e9pess\u00e9geiket olyan helyeken haszn\u00e1lj\u00e1k, ahol az emberek m\u00e9g soha nem tapasztalt\u00e1k meg J\u00e9zust - hogy J\u00e9zus k\u00f6vet\u0151inek \u00e9l\u00e9nk k\u00f6z\u00f6ss\u00e9geit l\u00e1ss\u00e1k a legkev\u00e9sb\u00e9 el\u00e9rtek k\u00f6z\u00f6tt. A mozgalom 1957-ben indult, \u00e9s ma t\u00f6bb mint 130 nemzet 4500 munkat\u00e1rsa vagyunk jelen, akik t\u00f6bb mint 140 orsz\u00e1gban \u00e9s a Logos Hope \u00e9s a Doulos Hope haj\u00f3kon osztj\u00e1k az evang\u00e9liumot, gy\u00fclekezeteket alap\u00edtanak \u00e9s gyakorlatiasan dolgoznak a t\u00e1rsadalmi v\u00e1ltoz\u00e1sok\u00e9rt. TeenStreet A TeenStreet 1993-ban indult N\u00e9metorsz\u00e1gban. Az\u00f3ta t\u00f6bb t\u00edzezer tin\u00e9dzser vett r\u00e9szt a konferenci\u00e1n szerte a vil\u00e1gon. A ny\u00e1ri \u00f6sszej\u00f6veteleken k\u00edv\u00fcl eg\u00e9sz \u00e9vben lehet\u0151s\u00e9g van arra, hogy egy kiscsoport tagja legy\u00e9l, misszi\u00f3ban vegy\u00e9l r\u00e9szt, \u00e9s m\u00e1s gy\u00fclekezetek \u00e9s v\u00e1rosok tin\u00e9dzserekkel tal\u00e1lkozz. A TeenStreet l\u00e9nyege, hogy m\u00e9lyre menj\u00fcnk, b\u00e1tran \u00e9lj\u00fcnk J\u00e9zus\u00e9rt \u00e9s j\u00f3l \u00e9rezz\u00fck magunkat.<\/p>","protected":false},"author":1,"featured_media":377,"parent":56,"menu_order":0,"comment_status":"closed","ping_status":"closed","template":"","meta":{"iawp_total_views":13,"footnotes":""},"class_list":["post-107","page","type-page","status-publish","has-post-thumbnail","hentry"],"_links":{"self":[{"href":"https:\/\/teenstreet.life\/eu\/hu\/wp-json\/wp\/v2\/pages\/107","targetHints":{"allow":["GET"]}}],"collection":[{"href":"https:\/\/teenstreet.life\/eu\/hu\/wp-json\/wp\/v2\/pages"}],"about":[{"href":"https:\/\/teenstreet.life\/eu\/hu\/wp-json\/wp\/v2\/types\/page"}],"author":[{"embeddable":true,"href":"https:\/\/teenstreet.life\/eu\/hu\/wp-json\/wp\/v2\/users\/1"}],"replies":[{"embeddable":true,"href":"https:\/\/teenstreet.life\/eu\/hu\/wp-json\/wp\/v2\/comments?post=107"}],"version-history":[{"count":4,"href":"https:\/\/teenstreet.life\/eu\/hu\/wp-json\/wp\/v2\/pages\/107\/revisions"}],"predecessor-version":[{"id":8578,"href":"https:\/\/teenstreet.life\/eu\/hu\/wp-json\/wp\/v2\/pages\/107\/revisions\/8578"}],"up":[{"embeddable":true,"href":"https:\/\/teenstreet.life\/eu\/hu\/wp-json\/wp\/v2\/pages\/56"}],"wp:featuredmedia":[{"embeddable":true,"href":"https:\/\/teenstreet.life\/eu\/hu\/wp-json\/wp\/v2\/media\/377"}],"wp:attachment":[{"href":"https:\/\/teenstreet.life\/eu\/hu\/wp-json\/wp\/v2\/media?parent=107"}],"curies":[{"name":"wp","href":"https:\/\/api.w.org\/{rel}","templated":true}]}}