{"id":1034,"date":"2020-05-29T15:15:20","date_gmt":"2020-05-29T15:15:20","guid":{"rendered":"https:\/\/teenstreet.life\/eu\/?page_id=1034"},"modified":"2025-05-23T16:08:39","modified_gmt":"2025-05-23T14:08:39","slug":"impresszum","status":"publish","type":"page","link":"https:\/\/teenstreet.life\/eu\/hu\/imprint\/","title":{"rendered":"Impresszum"},"content":{"rendered":"<div data-elementor-type=\"wp-page\" data-elementor-id=\"1034\" class=\"elementor elementor-1034\" data-elementor-post-type=\"page\">\n\t\t\t\t\t\t<section class=\"elementor-section elementor-top-section elementor-element elementor-element-51f46195 elementor-section-boxed elementor-section-height-default elementor-section-height-default wpr-particle-no wpr-jarallax-no wpr-parallax-no wpr-sticky-section-no\" data-id=\"51f46195\" data-element_type=\"section\" data-e-type=\"section\">\n\t\t\t\t\t\t<div class=\"elementor-container elementor-column-gap-default\">\n\t\t\t\t\t<div class=\"elementor-column elementor-col-100 elementor-top-column elementor-element elementor-element-4a8aaae4\" data-id=\"4a8aaae4\" data-element_type=\"column\" data-e-type=\"column\">\n\t\t\t<div class=\"elementor-widget-wrap elementor-element-populated\">\n\t\t\t\t\t\t<div class=\"elementor-element elementor-element-6efcf38 elementor-widget elementor-widget-text-editor\" data-id=\"6efcf38\" data-element_type=\"widget\" data-e-type=\"widget\" data-widget_type=\"text-editor.default\">\n\t\t\t\t<div class=\"elementor-widget-container\">\n\t\t\t\t\t\t\t\t\t\n<p>OM N\u00e9metorsz\u00e1g \/ Operation Mobilization e. V. <br \/>Alte Neckarelzer Str. 2 <br \/>74821 Mosbach\/N\u00e9metorsz\u00e1g<\/p>\n\n<p>Telefon: +49 6261 947-0 <br \/>Fax: +49 6261 947-147 <br \/>email: <a href=\"mailto:info.de@om.org\">info.de@om.org<\/a><\/p>\n\n<h2 class=\"wp-block-heading\">A BGB 26. \u00a7-a \u00e9rtelm\u00e9ben k\u00f6z\u00f6s k\u00e9pviseleti jogk\u00f6rrel rendelkez\u0151 v\u00e9grehajt\u00f3 bizotts\u00e1g:<\/h2>\n\n<p>Simone Schwab (eln\u00f6k)<\/p>\n\n<p>C\u00edmet l\u00e1sd fent.<\/p>\n\n<h2 class=\"wp-block-heading\">C\u00e9gb\u00edr\u00f3s\u00e1g:<\/h2>\n\n<p>Mannheim<\/p>\n\n<h2 class=\"wp-block-heading\">Regisztr\u00e1ci\u00f3s sz\u00e1m:<\/h2>\n\n<p>VR 440471<\/p>\n\n<h2 class=\"wp-block-heading\">27a \u00a7 szerinti forgalmi ad\u00f3 azonos\u00edt\u00f3 sz\u00e1m:<\/h2>\n\n<p>DE 144031730<\/p>\n\n<h2 class=\"wp-block-heading\">Az MDStV 6. \u00a7-a szerinti tartalom\u00e9rt felel\u0151s:<\/h2>\n\n<p>Tobias Kuebler<\/p>\n\n<p>C\u00edmet l\u00e1sd fent.<\/p>\n\n<h2 class=\"wp-block-heading\">N<strong>megjegyz\u00e9sek:<\/strong><\/h2>\n\n<p>A tartalom gondos ellen\u0151rz\u00e9se ellen\u00e9re nem v\u00e1llalunk felel\u0151ss\u00e9get a k\u00fcls\u0151 hivatkoz\u00e1sok tartalm\u00e1\u00e9rt. A linkelt oldalak \u00fczemeltet\u0151i kiz\u00e1r\u00f3lagos felel\u0151ss\u00e9get v\u00e1llalnak oldalaik tartalm\u00e1\u00e9rt.<\/p>\n\n<p>A weboldalon l\u00e1that\u00f3 minden k\u00e9p, grafika \u00e9s design szerz\u0151i jogv\u00e9delem alatt \u00e1ll, \u00e9s a szerz\u0151 \u00edr\u00e1sos enged\u00e9lye n\u00e9lk\u00fcl nem haszn\u00e1lhat\u00f3 fel.<\/p>\n\n<p>Az online vitarendez\u00e9sr\u0151l (ODR) sz\u00f3l\u00f3 524\/2013 sz\u00e1m\u00fa EU-rendelet 2016. janu\u00e1r 9-t\u0151l alkalmazand\u00f3. Az EU Bizotts\u00e1g online vitarendez\u00e9si platformja az al\u00e1bbi linken \u00e9rhet\u0151 el: ec.europa.eu\/consumers\/odr\/ az ott k\u00f6zz\u00e9tett inform\u00e1ci\u00f3k alapj\u00e1n a platform az ODR-nek megfelel\u0151en 2016. febru\u00e1r 15-t\u0151l haszn\u00e1lhat\u00f3.<\/p>\n\n<p>Mozg\u00f3s\u00edt\u00e1s hadm\u0171velet e. V. a legut\u00f3bbi, 2020.01.09-\u00e9n be\u00e9rkezett t\u00e1rsas\u00e1giad\u00f3-meg\u00e1llap\u00edt\u00e1s szerint StNr. 40004\/04959, a Mosbach-ad\u00f3hivatal \u00e1ltal a vall\u00e1si c\u00e9lzatok el\u0151mozd\u00edt\u00e1sa miatt mentes\u00edtett t\u00e1rsas\u00e1gi ad\u00f3 al\u00f3l az 5. \u00a7 (2) bekezd\u00e9se szerint. t\u00f6rv\u00e9ny 1. 9. sz., valamint az ipar\u0171z\u00e9si ad\u00f3b\u00f3l az ipar\u0171z\u00e9si ad\u00f3r\u00f3l sz\u00f3l\u00f3 t\u00f6rv\u00e9ny 3. \u00a7 6. sz. Az egyes\u00fclet tagd\u00edjat nem sz\u00e1m\u00edt fel.<\/p>\n\t\t\t\t\t\t\t\t<\/div>\n\t\t\t\t<\/div>\n\t\t\t\t\t<\/div>\n\t\t<\/div>\n\t\t\t\t\t<\/div>\n\t\t<\/section>\n\t\t\t\t<\/div>","protected":false},"excerpt":{"rendered":"<p>OM Germany \/ Operation Mobilisation e. V. Alte Neckarelzer Str. 2 74821 Mosbach\/Germany Phone: +49 6261 947-0 Fax: +49 6261 947-147 e-mail: info.de@om.org Executive committee with joint power of representation in the sense of BGB \u00a7 26: Simone Schwab (Chairwoman) Address see above. Registry court: Mannheim Register number: VR 440471 Sales tax identification number according to \u00a7 27a: DE 144031730 Responsible for content according to \u00a7 6 MDStV: Tobias Kuebler Address see above. Notes: Despite careful control of the contents, we do not assume any liability for the contents of external links. The operators of the linked pages are solely responsible for the content of their pages. All pictures, graphics and the design shown on this website are protected by copyright and may not be used without written permission of the author. The EU Regulation No. 524\/2013 on Online Dispute Resolution (ODR) will apply from 9 January 2016. The EU Commission&#8217;s platform for Online Dispute Resolution can be accessed via the following link: ec.europa.eu\/consumers\/odr\/ According to the information published there, the platform can be used in accordance with the ODR from 15 February 2016. Operation Mobilisation e. V. is, according to the last corporate income tax assessment we received on 09.01.2020, StNr. 40004\/04959, exempt from corporate income tax by the Mosbach tax office due to the promotion of religious purposes in accordance with \u00a7 5 Para. 1 No. 9 of the Corporate Income Tax Act and from trade tax in accordance with \u00a7 3 No. 6 of the Trade Tax Act. The association does not charge membership fees.<\/p>","protected":false},"author":1,"featured_media":0,"parent":0,"menu_order":0,"comment_status":"closed","ping_status":"closed","template":"","meta":{"iawp_total_views":3,"footnotes":""},"class_list":["post-1034","page","type-page","status-publish","hentry"],"_links":{"self":[{"href":"https:\/\/teenstreet.life\/eu\/hu\/wp-json\/wp\/v2\/pages\/1034","targetHints":{"allow":["GET"]}}],"collection":[{"href":"https:\/\/teenstreet.life\/eu\/hu\/wp-json\/wp\/v2\/pages"}],"about":[{"href":"https:\/\/teenstreet.life\/eu\/hu\/wp-json\/wp\/v2\/types\/page"}],"author":[{"embeddable":true,"href":"https:\/\/teenstreet.life\/eu\/hu\/wp-json\/wp\/v2\/users\/1"}],"replies":[{"embeddable":true,"href":"https:\/\/teenstreet.life\/eu\/hu\/wp-json\/wp\/v2\/comments?post=1034"}],"version-history":[{"count":5,"href":"https:\/\/teenstreet.life\/eu\/hu\/wp-json\/wp\/v2\/pages\/1034\/revisions"}],"predecessor-version":[{"id":8329,"href":"https:\/\/teenstreet.life\/eu\/hu\/wp-json\/wp\/v2\/pages\/1034\/revisions\/8329"}],"wp:attachment":[{"href":"https:\/\/teenstreet.life\/eu\/hu\/wp-json\/wp\/v2\/media?parent=1034"}],"curies":[{"name":"wp","href":"https:\/\/api.w.org\/{rel}","templated":true}]}}