{"id":8911,"date":"2026-01-30T11:46:06","date_gmt":"2026-01-30T10:46:06","guid":{"rendered":"https:\/\/teenstreet.life\/eu\/?page_id=8911"},"modified":"2026-01-30T11:53:31","modified_gmt":"2026-01-30T10:53:31","slug":"tema-2026","status":"publish","type":"page","link":"https:\/\/teenstreet.life\/eu\/hr\/theme-2026\/","title":{"rendered":"Tema 2026"},"content":{"rendered":"<div data-elementor-type=\"wp-page\" data-elementor-id=\"8911\" class=\"elementor elementor-8911\" data-elementor-post-type=\"page\">\n\t\t\t\t\t\t<section class=\"elementor-section elementor-top-section elementor-element elementor-element-6dc2c26 elementor-section-boxed elementor-section-height-default elementor-section-height-default wpr-particle-no wpr-jarallax-no wpr-parallax-no wpr-sticky-section-no\" data-id=\"6dc2c26\" data-element_type=\"section\" data-e-type=\"section\">\n\t\t\t\t\t\t<div class=\"elementor-container elementor-column-gap-default\">\n\t\t\t\t\t<div class=\"elementor-column elementor-col-100 elementor-top-column elementor-element elementor-element-6571512\" data-id=\"6571512\" data-element_type=\"column\" data-e-type=\"column\">\n\t\t\t<div class=\"elementor-widget-wrap elementor-element-populated\">\n\t\t\t\t\t\t<section class=\"elementor-section elementor-inner-section elementor-element elementor-element-909717a elementor-section-boxed elementor-section-height-default elementor-section-height-default wpr-particle-no wpr-jarallax-no wpr-parallax-no wpr-sticky-section-no\" data-id=\"909717a\" data-element_type=\"section\" data-e-type=\"section\">\n\t\t\t\t\t\t<div class=\"elementor-container elementor-column-gap-default\">\n\t\t\t\t\t<div class=\"elementor-column elementor-col-50 elementor-inner-column elementor-element elementor-element-a815779\" data-id=\"a815779\" data-element_type=\"column\" data-e-type=\"column\">\n\t\t\t<div class=\"elementor-widget-wrap elementor-element-populated\">\n\t\t\t\t\t\t<div class=\"elementor-element elementor-element-76af625 elementor-widget elementor-widget-image\" data-id=\"76af625\" data-element_type=\"widget\" data-e-type=\"widget\" data-widget_type=\"image.default\">\n\t\t\t\t<div class=\"elementor-widget-container\">\n\t\t\t\t\t\t\t\t\t\t\t\t\t\t\t<img fetchpriority=\"high\" decoding=\"async\" width=\"1000\" height=\"1000\" src=\"https:\/\/teenstreet.life\/eu\/wp-content\/uploads\/sites\/13\/2026\/01\/Pathsthemelogo.png\" class=\"attachment-large size-large wp-image-8915\" alt=\"\" srcset=\"https:\/\/teenstreet.life\/eu\/wp-content\/uploads\/sites\/13\/2026\/01\/Pathsthemelogo.png 1000w, https:\/\/teenstreet.life\/eu\/wp-content\/uploads\/sites\/13\/2026\/01\/Pathsthemelogo-300x300.png 300w, https:\/\/teenstreet.life\/eu\/wp-content\/uploads\/sites\/13\/2026\/01\/Pathsthemelogo-150x150.png 150w, https:\/\/teenstreet.life\/eu\/wp-content\/uploads\/sites\/13\/2026\/01\/Pathsthemelogo-768x768.png 768w, https:\/\/teenstreet.life\/eu\/wp-content\/uploads\/sites\/13\/2026\/01\/Pathsthemelogo-12x12.png 12w, https:\/\/teenstreet.life\/eu\/wp-content\/uploads\/sites\/13\/2026\/01\/Pathsthemelogo-360x360.png 360w, https:\/\/teenstreet.life\/eu\/wp-content\/uploads\/sites\/13\/2026\/01\/Pathsthemelogo-480x480.png 480w, https:\/\/teenstreet.life\/eu\/wp-content\/uploads\/sites\/13\/2026\/01\/Pathsthemelogo-720x720.png 720w, https:\/\/teenstreet.life\/eu\/wp-content\/uploads\/sites\/13\/2026\/01\/Pathsthemelogo-600x600.png 600w, https:\/\/teenstreet.life\/eu\/wp-content\/uploads\/sites\/13\/2026\/01\/Pathsthemelogo-100x100.png 100w\" sizes=\"(max-width: 1000px) 100vw, 1000px\" \/>\t\t\t\t\t\t\t\t\t\t\t\t\t\t\t<\/div>\n\t\t\t\t<\/div>\n\t\t\t\t\t<\/div>\n\t\t<\/div>\n\t\t\t\t<div class=\"elementor-column elementor-col-50 elementor-inner-column elementor-element elementor-element-edf35d4\" data-id=\"edf35d4\" data-element_type=\"column\" data-e-type=\"column\">\n\t\t\t<div class=\"elementor-widget-wrap elementor-element-populated\">\n\t\t\t\t\t\t<div class=\"elementor-element elementor-element-7884912 elementor-widget elementor-widget-text-editor\" data-id=\"7884912\" data-element_type=\"widget\" data-e-type=\"widget\" data-widget_type=\"text-editor.default\">\n\t\t\t\t<div class=\"elementor-widget-container\">\n\t\t\t\t\t\t\t\t\t<h3><span class=\"TextRun SCXW187387299 BCX0\" lang=\"EN-US\" xml:lang=\"EN-US\" data-contrast=\"auto\"><span class=\"NormalTextRun SCXW187387299 BCX0\"><span class=\"TextRun SCXW72985384 BCX0\" lang=\"EN-US\" xml:lang=\"EN-US\" data-contrast=\"none\"><span class=\"NormalTextRun SCXW72985384 BCX0\" data-ccp-parastyle=\"heading 2\">Ovogodi\u0161nji\u00a0<\/span><span class=\"NormalTextRun CommentStart CommentHighlightPipeRest CommentHighlightRest SCXW72985384 BCX0\" data-ccp-parastyle=\"heading 2\">tema<\/span><span class=\"NormalTextRun CommentHighlightPipeRest SCXW72985384 BCX0\" data-ccp-parastyle=\"heading 2\">:<br \/><\/span><\/span><\/span><\/span><span class=\"TextRun SCXW187387299 BCX0\" lang=\"EN-US\" xml:lang=\"EN-US\" data-contrast=\"auto\"><span class=\"NormalTextRun SCXW187387299 BCX0\"><span class=\"TextRun SCXW72985384 BCX0\" lang=\"EN-US\" xml:lang=\"EN-US\" data-contrast=\"none\"><span class=\"NormalTextRun SCXW72985384 BCX0\" data-ccp-parastyle=\"heading 2\">STAZE | Poziv mudrosti<\/span><\/span><span class=\"EOP SCXW72985384 BCX0\" data-ccp-props=\"{&quot;134245418&quot;:true,&quot;134245529&quot;:true,&quot;335559738&quot;:160,&quot;335559739&quot;:80}\">\u00a0<\/span><\/span><\/span><\/h3><p><span class=\"TextRun SCXW187387299 BCX0\" lang=\"EN-US\" xml:lang=\"EN-US\" data-contrast=\"auto\"><span class=\"NormalTextRun SCXW187387299 BCX0\">\u0160to ako mudrost\u00a0<\/span><span class=\"NormalTextRun SCXW187387299 BCX0\">nije bio<\/span><span class=\"NormalTextRun SCXW187387299 BCX0\">\u00a0ne\u0161to \u0161to si nau\u010dio ili jednostavno\u00a0<\/span><span class=\"NormalTextRun SCXW187387299 BCX0\">znao\/la,<\/span><span class=\"NormalTextRun SCXW187387299 BCX0\">\u00a0ali ne\u0161to\u00a0<\/span><span class=\"NormalTextRun SCXW187387299 BCX0\">vas\u00a0<\/span><span class=\"NormalTextRun ContextualSpellingAndGrammarErrorV2Themed SCXW187387299 BCX0\">nosila?!<\/span><span class=\"NormalTextRun SCXW187387299 BCX0\">\u00a0<\/span><span class=\"NormalTextRun SCXW187387299 BCX0\">Ne\u0161to \u0161to se vidi!<\/span><span class=\"NormalTextRun SCXW187387299 BCX0\">\u00a0<\/span><span class=\"NormalTextRun SCXW187387299 BCX0\">Vidljivo u tvojim prijateljstvima, vidjelo se u tvojim\u00a0<\/span><span class=\"NormalTextRun SCXW187387299 BCX0\">djela, \u010duju se u tvojim rije\u010dima, osje\u0107aju se u tvojim emocijama.<\/span><span class=\"NormalTextRun SCXW187387299 BCX0\">\u00a0PATHS vas vodi na putovanje kroz Izreke kako biste otkrili kako Bo\u017eja mudrost\u00a0<\/span><span class=\"NormalTextRun SCXW187387299 BCX0\">ja<\/span><span class=\"NormalTextRun SCXW187387299 BCX0\">nije<\/span><span class=\"NormalTextRun SCXW187387299 BCX0\">\u00a0<\/span><span class=\"NormalTextRun SCXW187387299 BCX0\">upravo nau\u010deno: primljeno je i PRO\u017dIVLJENO, prohodano\u00a0<\/span><span class=\"NormalTextRun SCXW187387299 BCX0\">o<\/span><span class=\"NormalTextRun SCXW187387299 BCX0\">van<\/span><span class=\"NormalTextRun SCXW187387299 BCX0\">\u00a0<\/span><span class=\"NormalTextRun SCXW187387299 BCX0\">i VIDJENO.\u00a0<\/span><span class=\"NormalTextRun SCXW187387299 BCX0\">Gospa Mudrost, Solomon i njihova sporedna gluma\u010dka postava istra\u017euju staze mudrosti! Gdje mudrost po\u010dinje?\u00a0<\/span><span class=\"NormalTextRun SCXW187387299 BCX0\">Kako ga primamo i kako ga \u017eivimo?<\/span><span class=\"NormalTextRun SCXW187387299 BCX0\">\u00a0<\/span><span class=\"NormalTextRun SCXW187387299 BCX0\">Ove godine,\u00a0<\/span><span class=\"NormalTextRun SCXW187387299 BCX0\">w<\/span><span class=\"NormalTextRun SCXW187387299 BCX0\">lakat<\/span><span class=\"NormalTextRun SCXW187387299 BCX0\">\u00a0<\/span><span class=\"NormalTextRun SCXW187387299 BCX0\">istra\u017eivati \u0161to zna\u010di hoditi s mudro\u0161\u0107u - donositi odluke koje oblikuju ono \u0161to postajemo i\u00a0<\/span><span class=\"NormalTextRun SCXW187387299 BCX0\">kako<\/span><span class=\"NormalTextRun SCXW187387299 BCX0\">\u00a0<\/span><span class=\"NormalTextRun SCXW187387299 BCX0\">mi<\/span><span class=\"NormalTextRun SCXW187387299 BCX0\">\u00a0\u017eivjeti u\u00a0<\/span><span class=\"NormalTextRun SCXW187387299 BCX0\">svijet.<\/span><\/span><span class=\"EOP SCXW187387299 BCX0\" data-ccp-props=\"{}\">\u00a0<\/span><\/p>\t\t\t\t\t\t\t\t<\/div>\n\t\t\t\t<\/div>\n\t\t\t\t\t<\/div>\n\t\t<\/div>\n\t\t\t\t\t<\/div>\n\t\t<\/section>\n\t\t\t\t\t<\/div>\n\t\t<\/div>\n\t\t\t\t\t<\/div>\n\t\t<\/section>\n\t\t\t\t<\/div>","protected":false},"excerpt":{"rendered":"<p>Ovogodi\u0161nja tema: PUTEVI | Poziv mudrosti   \u0160to ako mudrost nije samo ne\u0161to \u0161to nau\u010di\u0161 ili jednostavno zna\u0161, nego ne\u0161to \u0161to nosi\u0161?!\u00a0Ne\u0161to \u0161to se vidi! Vidi se u tvojim prijateljstvima, vidi se u tvojim djelima, \u010duje se u tvojim rije\u010dima, osje\u0107a se u tvojim emocijama. PATHS te vodi na putovanje kroz Izreke kako bi otkrio da Bo\u017eja mudrost nije samo nau\u010dena: ona se prima i \u017dIVI, provodi se u djelo i VI\u0110A. Gospa Mudrost, Salomon i njihovi sporedni likovi istra\u017euju putove mudrosti! Gdje po\u010dinje mudrost? Kako je primamo i kako \u017eivimo njome? Ove \u0107emo godine istra\u017eivati \u0161to zna\u010di hodati mudro\u0161\u0107u \u2014 donositi odluke koje oblikuju tko postajemo i kako \u017eivimo u svijetu.\u00a0<\/p>","protected":false},"author":82,"featured_media":0,"parent":0,"menu_order":0,"comment_status":"closed","ping_status":"closed","template":"","meta":{"iawp_total_views":39,"footnotes":""},"class_list":["post-8911","page","type-page","status-publish","hentry"],"_links":{"self":[{"href":"https:\/\/teenstreet.life\/eu\/hr\/wp-json\/wp\/v2\/pages\/8911","targetHints":{"allow":["GET"]}}],"collection":[{"href":"https:\/\/teenstreet.life\/eu\/hr\/wp-json\/wp\/v2\/pages"}],"about":[{"href":"https:\/\/teenstreet.life\/eu\/hr\/wp-json\/wp\/v2\/types\/page"}],"author":[{"embeddable":true,"href":"https:\/\/teenstreet.life\/eu\/hr\/wp-json\/wp\/v2\/users\/82"}],"replies":[{"embeddable":true,"href":"https:\/\/teenstreet.life\/eu\/hr\/wp-json\/wp\/v2\/comments?post=8911"}],"version-history":[{"count":6,"href":"https:\/\/teenstreet.life\/eu\/hr\/wp-json\/wp\/v2\/pages\/8911\/revisions"}],"predecessor-version":[{"id":8936,"href":"https:\/\/teenstreet.life\/eu\/hr\/wp-json\/wp\/v2\/pages\/8911\/revisions\/8936"}],"wp:attachment":[{"href":"https:\/\/teenstreet.life\/eu\/hr\/wp-json\/wp\/v2\/media?parent=8911"}],"curies":[{"name":"radni list","href":"https:\/\/api.w.org\/{rel}","templated":true}]}}