{"id":7608,"date":"2024-07-29T19:04:06","date_gmt":"2024-07-29T17:04:06","guid":{"rendered":"https:\/\/teenstreet.life\/eu\/?page_id=7608"},"modified":"2024-07-30T12:33:11","modified_gmt":"2024-07-30T10:33:11","slug":"2-dan-podebljano","status":"publish","type":"page","link":"https:\/\/teenstreet.life\/eu\/hr\/day-2-bold\/","title":{"rendered":"2. dan \u2013 Hrabro"},"content":{"rendered":"<div data-elementor-type=\"wp-page\" data-elementor-id=\"7608\" class=\"elementor elementor-7608\" data-elementor-post-type=\"page\">\n\t\t\t\t\t\t<section class=\"elementor-section elementor-top-section elementor-element elementor-element-2146acf elementor-section-boxed elementor-section-height-default elementor-section-height-default wpr-particle-no wpr-jarallax-no wpr-parallax-no wpr-sticky-section-no\" data-id=\"2146acf\" data-element_type=\"section\" data-e-type=\"section\">\n\t\t\t\t\t\t<div class=\"elementor-container elementor-column-gap-default\">\n\t\t\t\t\t<div class=\"elementor-column elementor-col-100 elementor-top-column elementor-element elementor-element-ce80660\" data-id=\"ce80660\" data-element_type=\"column\" data-e-type=\"column\">\n\t\t\t<div class=\"elementor-widget-wrap elementor-element-populated\">\n\t\t\t\t\t\t<div class=\"elementor-element elementor-element-04e814a elementor-skin-carousel elementor-arrows-yes elementor-pagination-type-bullets elementor-pagination-position-outside elementor-widget elementor-widget-media-carousel\" data-id=\"04e814a\" data-element_type=\"widget\" data-e-type=\"widget\" data-settings=\"{&quot;skin&quot;:&quot;carousel&quot;,&quot;effect&quot;:&quot;slide&quot;,&quot;show_arrows&quot;:&quot;yes&quot;,&quot;pagination&quot;:&quot;bullets&quot;,&quot;speed&quot;:500,&quot;autoplay&quot;:&quot;yes&quot;,&quot;autoplay_speed&quot;:5000,&quot;loop&quot;:&quot;yes&quot;,&quot;pause_on_hover&quot;:&quot;yes&quot;,&quot;pause_on_interaction&quot;:&quot;yes&quot;,&quot;space_between&quot;:{&quot;unit&quot;:&quot;px&quot;,&quot;size&quot;:10,&quot;sizes&quot;:[]},&quot;space_between_tablet&quot;:{&quot;unit&quot;:&quot;px&quot;,&quot;size&quot;:10,&quot;sizes&quot;:[]},&quot;space_between_mobile&quot;:{&quot;unit&quot;:&quot;px&quot;,&quot;size&quot;:10,&quot;sizes&quot;:[]}}\" data-widget_type=\"media-carousel.default\">\n\t\t\t\t<div class=\"elementor-widget-container\">\n\t\t\t\t\t\t\t\t\t<div class=\"elementor-swiper\">\n\t\t\t\t\t<div class=\"elementor-main-swiper swiper\" role=\"region\" aria-roledescription=\"carousel\" aria-label=\"Dias (slides)\">\n\t\t\t\t<div class=\"swiper-wrapper\">\n\t\t\t\t\t\t\t\t\t\t\t<div class=\"swiper-slide\" role=\"group\" aria-roledescription=\"slide\">\n\t\t\t\t\t\t\t\t\t<div class=\"elementor-carousel-image\" role=\"img\" aria-label=\"TS24_Day2_Logo_RvanKranenburg_18_Mainhall\" style=\"background-image: url(&#039;https:\/\/teenstreet.life\/eu\/wp-content\/uploads\/sites\/13\/2024\/07\/TS24_Day2_Logo_RvanKranenburg_18_Mainhall.jpg&#039;)\">\n\n\t\t\t\n\t\t\t\t\t<\/div>\n\t\t\t\t\t\t\t\t<\/div>\n\t\t\t\t\t\t\t\t\t\t\t<div class=\"swiper-slide\" role=\"group\" aria-roledescription=\"slide\">\n\t\t\t\t\t\t\t\t\t<div class=\"elementor-carousel-image\" role=\"img\" aria-label=\"TS24_Day2_Logo_RvanKranenburg_12_Mainhall\" style=\"background-image: url(&#039;https:\/\/teenstreet.life\/eu\/wp-content\/uploads\/sites\/13\/2024\/07\/TS24_Day2_Logo_RvanKranenburg_12_Mainhall.jpg&#039;)\">\n\n\t\t\t\n\t\t\t\t\t<\/div>\n\t\t\t\t\t\t\t\t<\/div>\n\t\t\t\t\t\t\t\t\t\t\t<div class=\"swiper-slide\" role=\"group\" aria-roledescription=\"slide\">\n\t\t\t\t\t\t\t\t\t<div class=\"elementor-carousel-image\" role=\"img\" aria-label=\"TS24_Day2_Logo_MBosch_28_Throneroom\" style=\"background-image: url(&#039;https:\/\/teenstreet.life\/eu\/wp-content\/uploads\/sites\/13\/2024\/07\/TS24_Day2_Logo_MBosch_28_Throneroom.jpg&#039;)\">\n\n\t\t\t\n\t\t\t\t\t<\/div>\n\t\t\t\t\t\t\t\t<\/div>\n\t\t\t\t\t\t\t\t\t\t\t<div class=\"swiper-slide\" role=\"group\" aria-roledescription=\"slide\">\n\t\t\t\t\t\t\t\t\t<div class=\"elementor-carousel-image\" role=\"img\" aria-label=\"TS24_DAY2_Logo_ASchneider_10_Interact\" style=\"background-image: url(&#039;https:\/\/teenstreet.life\/eu\/wp-content\/uploads\/sites\/13\/2024\/07\/TS24_DAY2_Logo_ASchneider_10_Interact-scaled.jpg&#039;)\">\n\n\t\t\t\n\t\t\t\t\t<\/div>\n\t\t\t\t\t\t\t\t<\/div>\n\t\t\t\t\t\t\t\t\t\t\t<div class=\"swiper-slide\" role=\"group\" aria-roledescription=\"slide\">\n\t\t\t\t\t\t\t\t\t<div class=\"elementor-carousel-image\" role=\"img\" aria-label=\"TS24_Day2_Logo_RvanKranenburg_09_Mainhall\" style=\"background-image: url(&#039;https:\/\/teenstreet.life\/eu\/wp-content\/uploads\/sites\/13\/2024\/07\/TS24_Day2_Logo_RvanKranenburg_09_Mainhall.jpg&#039;)\">\n\n\t\t\t\n\t\t\t\t\t<\/div>\n\t\t\t\t\t\t\t\t<\/div>\n\t\t\t\t\t\t\t\t\t<\/div>\n\t\t\t\t\t\t\t\t\t\t\t\t\t\t\t<div class=\"elementor-swiper-button elementor-swiper-button-prev\" role=\"button\" tabindex=\"0\" aria-label=\"Tidligere\" data-no-translation-aria-label=\"\">\n\t\t\t\t\t\t\t<i aria-hidden=\"true\" class=\"eicon-chevron-left\"><\/i>\t\t\t\t\t\t<\/div>\n\t\t\t\t\t\t<div class=\"elementor-swiper-button elementor-swiper-button-next\" role=\"button\" tabindex=\"0\" aria-label=\"N\u00e6ste\" data-no-translation-aria-label=\"\">\n\t\t\t\t\t\t\t<i aria-hidden=\"true\" class=\"eicon-chevron-right\"><\/i>\t\t\t\t\t\t<\/div>\n\t\t\t\t\t\t\t\t\t\t\t\t\t\t\t\t<div class=\"swiper-pagination\"><\/div>\n\t\t\t\t\t\t\t\t\t\t\t\t<\/div>\n\t\t\t\t<\/div>\n\t\t\t\t\t\t\t\t<\/div>\n\t\t\t\t<\/div>\n\t\t\t\t<div class=\"elementor-element elementor-element-976dc05 elementor-widget elementor-widget-text-editor\" data-id=\"976dc05\" data-element_type=\"widget\" data-e-type=\"widget\" data-widget_type=\"text-editor.default\">\n\t\t\t\t<div class=\"elementor-widget-container\">\n\t\t\t\t\t\t\t\t\t<div style=\"clear: both;cursor: text;overflow: visible;position: relative;direction: ltr;, arial, verdana, sans-serif;font-size: 12px\"><div style=\"clear: both;cursor: text;overflow: visible;position: relative;direction: ltr;font-family: 'Segoe UI', 'Segoe UI Web', Arial, Verdana, sans-serif\"><p style=\"margin-right: 0px;margin-bottom: 0px;margin-left: 0px;vertical-align: baseline\"><span lang=\"EN-US\" style=\"font-size: 13pt;line-height: 21.583333px;font-family: AppleSystemUIFont, AppleSystemUIFont_EmbeddedFont, AppleSystemUIFont_MSFontService, sans-serif\" xml:lang=\"EN-US\" data-contrast=\"auto\"><span>&quot;<\/span><span>Hrabrost nije osje\u0107aj ne\u010dega<\/span><span>stvar, a ONDA gluma \u2013 suprotno je! <\/span><span>Petar, kukavica koji je zanijekao Isusa, postao je <\/span><span>podebljano<\/span><span> kada je po\u010deo djelovati poput Isusa, opona\u0161aju\u0107i ga. Ovako je <\/span><span style=\"background-position: 0px 100%;background-repeat: repeat-x;background-image: var(--urlSpellingErrorV2,);border-bottom-width: 1px;border-bottom-style: solid;border-bottom-color: transparent\">smjelost<\/span><span> ro\u0111en je. S stihovima iz Rimljanima 8:37-39 i obe\u0107anjem da smo vi\u0161e od pobjednika, tinejd\u017eeri su pu\u0161teni iz glavne dvorane da odu u svoje male grupe.<\/span><\/span><span style=\"font-size: 13pt;line-height: 21.583333px;font-family: AppleSystemUIFont, AppleSystemUIFont_EmbeddedFont, AppleSystemUIFont_MSFontService, sans-serif\" data-ccp-props=\"{}\">\u00a0<\/span><\/p><\/div><div style=\"clear: both;cursor: text;overflow: visible;position: relative;direction: ltr;font-family: 'Segoe UI', 'Segoe UI Web', Arial, Verdana, sans-serif\"><p style=\"margin-right: 0px;margin-bottom: 0px;margin-left: 0px;vertical-align: baseline\"><span style=\"font-size: 13pt;line-height: 21.583333px;font-family: AppleSystemUIFont, AppleSystemUIFont_EmbeddedFont, AppleSystemUIFont_MSFontService, sans-serif\" data-ccp-props=\"{}\">\u00a0<\/span><\/p><\/div><div style=\"clear: both;cursor: text;overflow: visible;position: relative;direction: ltr;font-family: 'Segoe UI', 'Segoe UI Web', Arial, Verdana, sans-serif\"><p style=\"margin-right: 0px;margin-bottom: 0px;margin-left: 0px;vertical-align: baseline\"><span lang=\"EN-US\" style=\"font-size: 13pt;line-height: 21.583333px;font-family: AppleSystemUIFont, AppleSystemUIFont_EmbeddedFont, AppleSystemUIFont_MSFontService, sans-serif\" xml:lang=\"EN-US\" data-contrast=\"auto\"><span>TeenStreet je dio OM (Operation Mobili<\/span><span>z<\/span><span>acija<\/span><span style=\"background-position: 0px 100%;background-repeat: repeat-x;background-image: var(--urlContextualSpellingAndGrammarErrorV2,);border-bottom-width: 1px;border-bottom-style: solid;border-bottom-color: transparent\">)<\/span><span> i OM \u017eeli dosegnuti 3 milijarde ljudi koji imaju malo prilika \u010duti o Isusu i Njegovoj ljubavi. Stoga se TeenStreet tako\u0111er svakodnevno usredoto\u010duje na jednu nedosegnutu zemlju. Dana\u0161nja nedosegnuta zemlja bio je Kirgistan pa smo se tijekom dana molili za tu zemlju i njezine ljude na raznim mjestima.\u00a0<\/span><\/span><span style=\"font-size: 13pt;line-height: 21.583333px;font-family: AppleSystemUIFont, AppleSystemUIFont_EmbeddedFont, AppleSystemUIFont_MSFontService, sans-serif\" data-ccp-props=\"{}\">\u00a0<\/span><\/p><\/div><div style=\"clear: both;cursor: text;overflow: visible;position: relative;direction: ltr;font-family: 'Segoe UI', 'Segoe UI Web', Arial, Verdana, sans-serif\"><p style=\"margin-right: 0px;margin-bottom: 0px;margin-left: 0px;vertical-align: baseline\"><span style=\"font-size: 13pt;line-height: 21.583333px;font-family: AppleSystemUIFont, AppleSystemUIFont_EmbeddedFont, AppleSystemUIFont_MSFontService, sans-serif\" data-ccp-props=\"{}\">\u00a0<\/span><\/p><\/div><div style=\"clear: both;cursor: text;overflow: visible;position: relative;direction: ltr;font-family: 'Segoe UI', 'Segoe UI Web', Arial, Verdana, sans-serif\"><p style=\"margin-right: 0px;margin-bottom: 0px;margin-left: 0px;vertical-align: baseline\"><span lang=\"EN-US\" style=\"font-size: 13pt;line-height: 21.583333px;font-family: AppleSystemUIFont, AppleSystemUIFont_EmbeddedFont, AppleSystemUIFont_MSFontService, sans-serif\" xml:lang=\"EN-US\" data-contrast=\"auto\"><span>Tijekom Prijestolne sobe podsjetili smo se na pri\u010du o ozdravljenju prosjaka u Djelima apostolskim 3. Prosjak, Petar i Ivan imali su jednu zajedni\u010dku stvar: <\/span><span style=\"background-position: 0px 100%;background-repeat: repeat-x;background-image: var(--urlContextualSpellingAndGrammarErrorV2,);border-bottom-width: 1px;border-bottom-style: solid;border-bottom-color: transparent\">Otac<\/span><span> Tko ih poznaje, voli <\/span><span>ih<\/span><span> i \u017eeli ih izlije\u010diti \u2013 a isto vrijedi i za nas. Elle <\/span><span style=\"background-position: 0px 100%;background-repeat: repeat-x;background-image: var(--urlSpellingErrorV2,);border-bottom-width: 1px;border-bottom-style: solid;border-bottom-color: transparent\">Limebear<\/span><span> (UK) vodila je bogoslu\u017eje. Govorila je o mentalnom zdravlju i vlastitim problemima s anksiozno\u0161\u0107u i <\/span><span>nagla\u0161eno<\/span><span> da sigurnost, nadu i mir mo\u017eemo prona\u0107i samo u Isusu. Izazvala nas je da napravimo sljede\u0107i hrabar korak vjere \u2013 odemo u molitveni tim, razgovaramo s na\u0161im trenerom ili malom grupom. Bog nas ve\u0107 \u010deka.\u00a0<\/span><\/span><span style=\"font-size: 13pt;line-height: 21.583333px;font-family: AppleSystemUIFont, AppleSystemUIFont_EmbeddedFont, AppleSystemUIFont_MSFontService, sans-serif\" data-ccp-props=\"{}\">\u00a0<\/span><\/p><\/div><div style=\"clear: both;cursor: text;overflow: visible;position: relative;direction: ltr;font-family: 'Segoe UI', 'Segoe UI Web', Arial, Verdana, sans-serif\"><p style=\"margin-right: 0px;margin-bottom: 0px;margin-left: 0px;vertical-align: baseline\"><span style=\"font-size: 13pt;line-height: 21.583333px;font-family: AppleSystemUIFont, AppleSystemUIFont_EmbeddedFont, AppleSystemUIFont_MSFontService, sans-serif\" data-ccp-props=\"{}\">\u00a0<\/span><\/p><\/div><div style=\"clear: both;cursor: text;overflow: visible;position: relative;direction: ltr;font-family: 'Segoe UI', 'Segoe UI Web', Arial, Verdana, sans-serif\"><p style=\"margin-right: 0px;margin-bottom: 0px;margin-left: 0px;vertical-align: baseline\"><span lang=\"EN-US\" style=\"font-size: 13pt;line-height: 21.583333px;font-family: AppleSystemUIFont, AppleSystemUIFont_EmbeddedFont, AppleSystemUIFont_MSFontService, sans-serif\" xml:lang=\"EN-US\" data-contrast=\"auto\"><span>Vrijeme bogoslu\u017eja bilo je intenzivno i oni koji su htjeli du\u017ee ostati u Bo\u017ejoj prisutnosti mogli su nastaviti<\/span><span> hvale\u0107i<\/span><span> On u glavnoj dvorani, dok su ostali zavr\u0161ili jo\u0161 jedan TeenStreet dan uz hamburgere, bezalkoholne koktele, sport, zabavu i dru\u017eenje.<\/span><\/span><span style=\"font-size: 13pt;line-height: 21.583333px;font-family: AppleSystemUIFont, AppleSystemUIFont_EmbeddedFont, AppleSystemUIFont_MSFontService, sans-serif\" data-ccp-props=\"{}\">\u00a0<\/span><\/p><\/div><\/div><div style=\"clear: both;cursor: text;overflow: visible;position: relative;direction: ltr;, arial, verdana, sans-serif;font-size: 12px\">\u00a0<\/div>\t\t\t\t\t\t\t\t<\/div>\n\t\t\t\t<\/div>\n\t\t\t\t\t<\/div>\n\t\t<\/div>\n\t\t\t\t\t<\/div>\n\t\t<\/section>\n\t\t\t\t<section class=\"elementor-section elementor-top-section elementor-element elementor-element-ae84be4 elementor-section-boxed elementor-section-height-default elementor-section-height-default wpr-particle-no wpr-jarallax-no wpr-parallax-no wpr-sticky-section-no\" data-id=\"ae84be4\" data-element_type=\"section\" data-e-type=\"section\">\n\t\t\t\t\t\t<div class=\"elementor-container elementor-column-gap-default\">\n\t\t\t\t\t<div class=\"elementor-column elementor-col-100 elementor-top-column elementor-element elementor-element-06f2652\" data-id=\"06f2652\" data-element_type=\"column\" data-e-type=\"column\">\n\t\t\t<div class=\"elementor-widget-wrap elementor-element-populated\">\n\t\t\t\t\t\t<div class=\"elementor-element elementor-element-1054a12 elementor-widget elementor-widget-image\" data-id=\"1054a12\" data-element_type=\"widget\" data-e-type=\"widget\" data-widget_type=\"image.default\">\n\t\t\t\t<div class=\"elementor-widget-container\">\n\t\t\t\t\t\t\t\t\t\t\t\t\t\t\t<img decoding=\"async\" src=\"https:\/\/teenstreet.life\/eu\/wp-content\/uploads\/sites\/13\/2024\/07\/Capture-decran-2024-07-30-a-09.37.43.png\" title=\"Snimanje zaslona 2024-07-30 do 09.37.43\" alt=\"Snimanje zaslona 2024-07-30 do 09.37.43\" loading=\"lazy\" \/>\t\t\t\t\t\t\t\t\t\t\t\t\t\t\t<\/div>\n\t\t\t\t<\/div>\n\t\t\t\t\t<\/div>\n\t\t<\/div>\n\t\t\t\t\t<\/div>\n\t\t<\/section>\n\t\t\t\t<\/div>","protected":false},"excerpt":{"rendered":"<p>Prethodna Sljede\u0107a \u201cHrabrost nije osje\u0107ati ne\u0161to i ONDA djelovati \u2013 to je suprotno!\u201d Petar, kukavica koji je zanijekao Isusa, postao je hrabar kada je po\u010deo djelovati poput Isusa, opona\u0161aju\u0107i ga. Tako se ra\u0111a hrabrost. Uz stihove iz Poslanice Rimljanima 8,37-39 i obe\u0107anje da smo vi\u0161e od pobjednika, tinejd\u017eeri su otpu\u0161teni iz Glavne dvorane kako bi oti\u0161li u svoje male grupe.\u00a0 \u00a0 TeenStreet je dio OM-a (Operation Mobilization) i OM \u017eeli dosegnuti 3 milijarde ljudi koji imaju malo prilike \u010duti za Isusa i Njegovu ljubav. Stoga se TeenStreet svaki dan tako\u0111er usredoto\u010duje na jednu neevangeliziranu zemlju. Dana\u0161nja nerazvijena zemlja bila je Kirgistan, pa smo tijekom dana na razli\u010ditim mjestima molili za tu zemlju i njezin narod. Tijekom Throne Room-a podsjetili su nas na pri\u010du o iscjeljenju hromog u Djela apostolskih 3. Hromi, Petar i Ivan imali su jednu zajedni\u010dku stvar: Oca koji ih poznaje, voli ih i \u017eeli ih iscijeliti \u2013 a isto vrijedi i za nas. Elle Limebear (UK) vodila je slavljenje. Govorila je o mentalnom zdravlju i vlastitim problemima s anksiozno\u0161\u0107u te naglasila da sigurnost, nadu i mir mo\u017eemo prona\u0107i samo u Isusu. Pozvala nas je da poduzmemo sljede\u0107i hrabar korak vjere \u2013 obratimo se molitvenom timu, razgovarajmo s na\u0161im trenerom ili u maloj grupi. Bog nas ve\u0107 \u010deka.     Vrijeme obo\u017eavanja bilo je intenzivno, a oni koji su \u017eeljeli du\u017ee ostati u Bo\u017ejoj prisutnosti mogli su nastaviti slaviti Ga u Glavnoj dvorani, dok su ostali zavr\u0161ili jo\u0161 jedan dan TeenStreeta s hamburgerima, bezalkoholnim koktelima, sportom, zabavom i zajedni\u0161tvom.\u00a0 \u00a0<\/p>","protected":false},"author":74,"featured_media":7720,"parent":0,"menu_order":0,"comment_status":"closed","ping_status":"closed","template":"","meta":{"iawp_total_views":0,"footnotes":""},"class_list":["post-7608","page","type-page","status-publish","has-post-thumbnail","hentry"],"_links":{"self":[{"href":"https:\/\/teenstreet.life\/eu\/hr\/wp-json\/wp\/v2\/pages\/7608","targetHints":{"allow":["GET"]}}],"collection":[{"href":"https:\/\/teenstreet.life\/eu\/hr\/wp-json\/wp\/v2\/pages"}],"about":[{"href":"https:\/\/teenstreet.life\/eu\/hr\/wp-json\/wp\/v2\/types\/page"}],"author":[{"embeddable":true,"href":"https:\/\/teenstreet.life\/eu\/hr\/wp-json\/wp\/v2\/users\/74"}],"replies":[{"embeddable":true,"href":"https:\/\/teenstreet.life\/eu\/hr\/wp-json\/wp\/v2\/comments?post=7608"}],"version-history":[{"count":5,"href":"https:\/\/teenstreet.life\/eu\/hr\/wp-json\/wp\/v2\/pages\/7608\/revisions"}],"predecessor-version":[{"id":7868,"href":"https:\/\/teenstreet.life\/eu\/hr\/wp-json\/wp\/v2\/pages\/7608\/revisions\/7868"}],"wp:featuredmedia":[{"embeddable":true,"href":"https:\/\/teenstreet.life\/eu\/hr\/wp-json\/wp\/v2\/media\/7720"}],"wp:attachment":[{"href":"https:\/\/teenstreet.life\/eu\/hr\/wp-json\/wp\/v2\/media?parent=7608"}],"curies":[{"name":"radni list","href":"https:\/\/api.w.org\/{rel}","templated":true}]}}