{"id":60,"date":"2020-05-25T09:24:00","date_gmt":"2020-05-25T09:24:00","guid":{"rendered":"https:\/\/teenstreet.life\/eu\/?page_id=60"},"modified":"2023-11-29T12:57:44","modified_gmt":"2023-11-29T11:57:44","slug":"povijesti","status":"publish","type":"page","link":"https:\/\/teenstreet.life\/eu\/hr\/about\/history\/","title":{"rendered":"Povijest"},"content":{"rendered":"<div data-elementor-type=\"wp-page\" data-elementor-id=\"60\" class=\"elementor elementor-60\" data-elementor-post-type=\"page\">\n\t\t\t\t\t\t<section class=\"elementor-section elementor-top-section elementor-element elementor-element-672cfdb elementor-section-boxed elementor-section-height-default elementor-section-height-default\" data-id=\"672cfdb\" data-element_type=\"section\" data-e-type=\"section\">\n\t\t\t\t\t\t<div class=\"elementor-container elementor-column-gap-default\">\n\t\t\t\t\t<div class=\"elementor-column elementor-col-16 elementor-top-column elementor-element elementor-element-54fde2a\" data-id=\"54fde2a\" data-element_type=\"column\" data-e-type=\"column\">\n\t\t\t<div class=\"elementor-widget-wrap\">\n\t\t\t\t\t\t\t<\/div>\n\t\t<\/div>\n\t\t\t\t<div class=\"elementor-column elementor-col-66 elementor-top-column elementor-element elementor-element-50a2e63\" data-id=\"50a2e63\" data-element_type=\"column\" data-e-type=\"column\">\n\t\t\t<div class=\"elementor-widget-wrap elementor-element-populated\">\n\t\t\t\t\t\t<div class=\"elementor-element elementor-element-19d84d82 elementor-widget elementor-widget-text-editor\" data-id=\"19d84d82\" data-element_type=\"widget\" data-e-type=\"widget\" data-widget_type=\"text-editor.default\">\n\t\t\t\t<div class=\"elementor-widget-container\">\n\t\t\t\t\t\t\t\t\t<p>TeenStreet je zapo\u010deo 1992. kao vizija za me\u0111unarodnu kr\u0161\u0107ansku konferenciju za tinejd\u017eere. Osniva\u010di Dan i Suzie Potter iz SAD-a dali su mu ime TeenStreet \u201cjer je cijela svrha bila pru\u017eiti tinejd\u017eerima ulicu po kojoj \u0107e putovati...na\u010din \u017eivota\u201d.<\/p>\n<p>Prvi TeenStreet odr\u017ean je u njema\u010dkom Offenburgu u ljeto 1993. s ukupno 56 ljudi. Odatle je brzo rastao, a do 2000. godine sudjelovanje je prema\u0161ilo 2000.<\/p>\n<p>Godine 2004. TeenStreet se pro\u0161irio na Brazil, zatim na Australiju 2010., a sli\u010dni pokreti pokrenuti su diljem svijeta.<\/p>\n<p>Danas TeenStreet djeluje u sedam zemalja, s ukupno 8000 sudionika svake godine\u2014ali nismo zavr\u0161ili s rastom.<\/p>\n<p>\u201cTeenStreet je mnogo vi\u0161e od jednotjednog doga\u0111aja\u201d, obja\u0161njava biv\u0161i direktor TeenStreeta Europe Ger van Veen. \u201cTisu\u0107e mladih ljudi svake godine napuste TeenStreet i osna\u017eeni su \u017eivjeti za Isusa i odra\u017eavati ga u svom svijetu.\u201d<\/p>\n<p>Godine 2020. TeenStreet je pokrenuo svoj prvi online doga\u0111aj, kao odgovor na pandemiju COVID-19. Kako se na\u0161 utjecaj \u0161iri kroz nove tehnologije i prilike, slijedimo Bo\u017eji smjer za budu\u0107nost, putuju\u0107i zajedno kao globalna zajednica Isusovih sljedbenika koji su predani proslavi Njegovog imena.<\/p>\t\t\t\t\t\t\t\t<\/div>\n\t\t\t\t<\/div>\n\t\t\t\t\t<\/div>\n\t\t<\/div>\n\t\t\t\t<div class=\"elementor-column elementor-col-16 elementor-top-column elementor-element elementor-element-0320df7\" data-id=\"0320df7\" data-element_type=\"column\" data-e-type=\"column\">\n\t\t\t<div class=\"elementor-widget-wrap\">\n\t\t\t\t\t\t\t<\/div>\n\t\t<\/div>\n\t\t\t\t\t<\/div>\n\t\t<\/section>\n\t\t\t\t<\/div>","protected":false},"excerpt":{"rendered":"<p>TeenStreet began in 1992 as a vision for an international Christian conference for teens. Founders Dan and Suzie Potter from the U.S. gave it the name TeenStreet \u201cbecause the whole purpose was to give teens a street to travel upon\u2026a way to live\u201d. The first TeenStreet was held in Offenburg, Germany, in the summer of [&hellip;]<\/p>\n","protected":false},"author":1,"featured_media":7036,"parent":56,"menu_order":0,"comment_status":"closed","ping_status":"closed","template":"","meta":{"iawp_total_views":31,"footnotes":""},"class_list":["post-60","page","type-page","status-publish","has-post-thumbnail","hentry"],"_links":{"self":[{"href":"https:\/\/teenstreet.life\/eu\/hr\/wp-json\/wp\/v2\/pages\/60","targetHints":{"allow":["GET"]}}],"collection":[{"href":"https:\/\/teenstreet.life\/eu\/hr\/wp-json\/wp\/v2\/pages"}],"about":[{"href":"https:\/\/teenstreet.life\/eu\/hr\/wp-json\/wp\/v2\/types\/page"}],"author":[{"embeddable":true,"href":"https:\/\/teenstreet.life\/eu\/hr\/wp-json\/wp\/v2\/users\/1"}],"replies":[{"embeddable":true,"href":"https:\/\/teenstreet.life\/eu\/hr\/wp-json\/wp\/v2\/comments?post=60"}],"version-history":[{"count":1,"href":"https:\/\/teenstreet.life\/eu\/hr\/wp-json\/wp\/v2\/pages\/60\/revisions"}],"predecessor-version":[{"id":7039,"href":"https:\/\/teenstreet.life\/eu\/hr\/wp-json\/wp\/v2\/pages\/60\/revisions\/7039"}],"up":[{"embeddable":true,"href":"https:\/\/teenstreet.life\/eu\/hr\/wp-json\/wp\/v2\/pages\/56"}],"wp:featuredmedia":[{"embeddable":true,"href":"https:\/\/teenstreet.life\/eu\/hr\/wp-json\/wp\/v2\/media\/7036"}],"wp:attachment":[{"href":"https:\/\/teenstreet.life\/eu\/hr\/wp-json\/wp\/v2\/media?parent=60"}],"curies":[{"name":"radni list","href":"https:\/\/api.w.org\/{rel}","templated":true}]}}