{"id":1034,"date":"2020-05-29T15:15:20","date_gmt":"2020-05-29T15:15:20","guid":{"rendered":"https:\/\/teenstreet.life\/eu\/?page_id=1034"},"modified":"2025-05-23T16:08:39","modified_gmt":"2025-05-23T14:08:39","slug":"otisak","status":"publish","type":"page","link":"https:\/\/teenstreet.life\/eu\/hr\/imprint\/","title":{"rendered":"Otisak"},"content":{"rendered":"<div data-elementor-type=\"wp-page\" data-elementor-id=\"1034\" class=\"elementor elementor-1034\" data-elementor-post-type=\"page\">\n\t\t\t\t\t\t<section class=\"elementor-section elementor-top-section elementor-element elementor-element-51f46195 elementor-section-boxed elementor-section-height-default elementor-section-height-default\" data-id=\"51f46195\" data-element_type=\"section\" data-e-type=\"section\">\n\t\t\t\t\t\t<div class=\"elementor-container elementor-column-gap-default\">\n\t\t\t\t\t<div class=\"elementor-column elementor-col-100 elementor-top-column elementor-element elementor-element-4a8aaae4\" data-id=\"4a8aaae4\" data-element_type=\"column\" data-e-type=\"column\">\n\t\t\t<div class=\"elementor-widget-wrap elementor-element-populated\">\n\t\t\t\t\t\t<div class=\"elementor-element elementor-element-6efcf38 elementor-widget elementor-widget-text-editor\" data-id=\"6efcf38\" data-element_type=\"widget\" data-e-type=\"widget\" data-widget_type=\"text-editor.default\">\n\t\t\t\t<div class=\"elementor-widget-container\">\n\t\t\t\t\t\t\t\t\t\n<p>OM Njema\u010dka \/ Operacija Mobilizacija e. V. <br \/>Alte Neckarelzer Str. 2 <br \/>74821 Mosbach\/Njema\u010dka<\/p>\n\n<p>Telefon: +49 6261 947-0 <br \/>Fax: +49 6261 947-147 <br \/>e-mail: <a href=\"mailto:info.de@om.org\">info.de@om.org<\/a><\/p>\n\n<h2 class=\"wp-block-heading\">Izvr\u0161ni odbor sa zajedni\u010dkom ovlasti zastupanja u smislu BGB \u00a7 26:<\/h2>\n\n<p>Simone Schwab (predsjednica)<\/p>\n\n<p>Adresa vidi gore.<\/p>\n\n<h2 class=\"wp-block-heading\">Registarski sud:<\/h2>\n\n<p>Mannheim<\/p>\n\n<h2 class=\"wp-block-heading\">Registarski broj:<\/h2>\n\n<p>VR 440471<\/p>\n\n<h2 class=\"wp-block-heading\">Identifikacijski broj poreza na promet prema \u00a7 27a:<\/h2>\n\n<p>DE 144031730<\/p>\n\n<h2 class=\"wp-block-heading\">Odgovoran za sadr\u017eaj prema \u00a7 6 MDStV:<\/h2>\n\n<p>Tobias Kuebler<\/p>\n\n<p>Adresa vidi gore.<\/p>\n\n<h2 class=\"wp-block-heading\">N<strong>napomene:<\/strong><\/h2>\n\n<p>Unato\u010d pa\u017eljivoj kontroli sadr\u017eaja, ne preuzimamo nikakvu odgovornost za sadr\u017eaj vanjskih poveznica. Operateri povezanih stranica isklju\u010divo su odgovorni za sadr\u017eaj svojih stranica.<\/p>\n\n<p>Sve slike, grafike i dizajn prikazani na ovoj web stranici za\u0161ti\u0107eni su autorskim pravima i ne smiju se koristiti bez pismenog dopu\u0161tenja autora.<\/p>\n\n<p>Uredba EU-a br. 524\/2013 o online rje\u0161avanju sporova (ODR) primjenjivat \u0107e se od 9. sije\u010dnja 2016. Platformi Europske komisije za online rje\u0161avanje sporova mo\u017ee se pristupiti putem sljede\u0107e poveznice: ec.europa.eu\/consumers\/odr\/ Prema tamo objavljenim informacijama, platforma se mo\u017ee koristiti u skladu s ODR-om od 15. velja\u010de 2016.<\/p>\n\n<p>Operacija Mobilizacija e. V. je, prema posljednjoj procjeni poreza na dobit koju smo primili 09.01.2020., StNr. 40004\/04959, oslobo\u0111en pla\u0107anja poreza na dobit od strane poreznog ureda Mosbach zbog promicanja vjerskih svrha u skladu s \u00a7 5. st. 1. br. 9. Zakona o porezu na dobit i od poreza na dohodak u skladu s st. 3. br. 6. Zakona o porezu na dobit. Udruga ne napla\u0107uje \u010dlanarinu.<\/p>\n\t\t\t\t\t\t\t\t<\/div>\n\t\t\t\t<\/div>\n\t\t\t\t\t<\/div>\n\t\t<\/div>\n\t\t\t\t\t<\/div>\n\t\t<\/section>\n\t\t\t\t<\/div>","protected":false},"excerpt":{"rendered":"<p>OM Germany \/ Operation Mobilisation e. V. Alte Neckarelzer Str. 2 74821 Mosbach\/Germany Phone: +49 6261 947-0 Fax: +49 6261 947-147 e-mail: info.de@om.org Executive committee with joint power of representation in the sense of BGB \u00a7 26: Simone Schwab (Chairwoman) Address see above. Registry court: Mannheim Register number: VR 440471 Sales tax identification number according [&hellip;]<\/p>\n","protected":false},"author":1,"featured_media":0,"parent":0,"menu_order":0,"comment_status":"closed","ping_status":"closed","template":"","meta":{"iawp_total_views":12,"footnotes":""},"class_list":["post-1034","page","type-page","status-publish","hentry"],"_links":{"self":[{"href":"https:\/\/teenstreet.life\/eu\/hr\/wp-json\/wp\/v2\/pages\/1034","targetHints":{"allow":["GET"]}}],"collection":[{"href":"https:\/\/teenstreet.life\/eu\/hr\/wp-json\/wp\/v2\/pages"}],"about":[{"href":"https:\/\/teenstreet.life\/eu\/hr\/wp-json\/wp\/v2\/types\/page"}],"author":[{"embeddable":true,"href":"https:\/\/teenstreet.life\/eu\/hr\/wp-json\/wp\/v2\/users\/1"}],"replies":[{"embeddable":true,"href":"https:\/\/teenstreet.life\/eu\/hr\/wp-json\/wp\/v2\/comments?post=1034"}],"version-history":[{"count":5,"href":"https:\/\/teenstreet.life\/eu\/hr\/wp-json\/wp\/v2\/pages\/1034\/revisions"}],"predecessor-version":[{"id":8329,"href":"https:\/\/teenstreet.life\/eu\/hr\/wp-json\/wp\/v2\/pages\/1034\/revisions\/8329"}],"wp:attachment":[{"href":"https:\/\/teenstreet.life\/eu\/hr\/wp-json\/wp\/v2\/media?parent=1034"}],"curies":[{"name":"radni list","href":"https:\/\/api.w.org\/{rel}","templated":true}]}}