{"id":8297,"date":"2025-05-09T12:59:58","date_gmt":"2025-05-09T10:59:58","guid":{"rendered":"https:\/\/teenstreet.life\/eu\/?page_id=8297"},"modified":"2026-03-30T09:06:45","modified_gmt":"2026-03-30T07:06:45","slug":"chiffon","status":"publish","type":"page","link":"https:\/\/teenstreet.life\/eu\/fr\/rag\/","title":{"rendered":"RAG"},"content":{"rendered":"<div data-elementor-type=\"wp-page\" data-elementor-id=\"8297\" class=\"elementor elementor-8297\" data-elementor-post-type=\"page\">\n\t\t\t\t\t\t<section class=\"elementor-section elementor-top-section elementor-element elementor-element-395d558 elementor-section-boxed elementor-section-height-default elementor-section-height-default\" data-id=\"395d558\" data-element_type=\"section\" data-e-type=\"section\">\n\t\t\t\t\t\t<div class=\"elementor-container elementor-column-gap-default\">\n\t\t\t\t\t<div class=\"elementor-column elementor-col-100 elementor-top-column elementor-element elementor-element-558de68\" data-id=\"558de68\" data-element_type=\"column\" data-e-type=\"column\">\n\t\t\t<div class=\"elementor-widget-wrap elementor-element-populated\">\n\t\t\t\t\t\t<div class=\"elementor-element elementor-element-f5c9a71 elementor-widget elementor-widget-image\" data-id=\"f5c9a71\" data-element_type=\"widget\" data-e-type=\"widget\" data-widget_type=\"image.default\">\n\t\t\t\t<div class=\"elementor-widget-container\">\n\t\t\t\t\t\t\t\t\t\t\t\t\t\t\t<img fetchpriority=\"high\" decoding=\"async\" width=\"1024\" height=\"683\" src=\"https:\/\/teenstreet.life\/eu\/wp-content\/uploads\/sites\/13\/2025\/11\/54700690382_07eff34a4a_k-1024x683.jpg\" class=\"attachment-large size-large wp-image-8560\" alt=\"\" srcset=\"https:\/\/teenstreet.life\/eu\/wp-content\/uploads\/sites\/13\/2025\/11\/54700690382_07eff34a4a_k-1024x683.jpg 1024w, https:\/\/teenstreet.life\/eu\/wp-content\/uploads\/sites\/13\/2025\/11\/54700690382_07eff34a4a_k-300x200.jpg 300w, https:\/\/teenstreet.life\/eu\/wp-content\/uploads\/sites\/13\/2025\/11\/54700690382_07eff34a4a_k-768x512.jpg 768w, https:\/\/teenstreet.life\/eu\/wp-content\/uploads\/sites\/13\/2025\/11\/54700690382_07eff34a4a_k-1536x1024.jpg 1536w, https:\/\/teenstreet.life\/eu\/wp-content\/uploads\/sites\/13\/2025\/11\/54700690382_07eff34a4a_k-18x12.jpg 18w, https:\/\/teenstreet.life\/eu\/wp-content\/uploads\/sites\/13\/2025\/11\/54700690382_07eff34a4a_k-600x400.jpg 600w, https:\/\/teenstreet.life\/eu\/wp-content\/uploads\/sites\/13\/2025\/11\/54700690382_07eff34a4a_k.jpg 2048w\" sizes=\"(max-width: 1024px) 100vw, 1024px\" \/>\t\t\t\t\t\t\t\t\t\t\t\t\t\t\t<\/div>\n\t\t\t\t<\/div>\n\t\t\t\t\t<\/div>\n\t\t<\/div>\n\t\t\t\t\t<\/div>\n\t\t<\/section>\n\t\t\t\t<section class=\"elementor-section elementor-top-section elementor-element elementor-element-7d71714 elementor-section-boxed elementor-section-height-default elementor-section-height-default\" data-id=\"7d71714\" data-element_type=\"section\" data-e-type=\"section\">\n\t\t\t\t\t\t<div class=\"elementor-container elementor-column-gap-default\">\n\t\t\t\t\t<div class=\"elementor-column elementor-col-100 elementor-top-column elementor-element elementor-element-a4a6bcf\" data-id=\"a4a6bcf\" data-element_type=\"column\" data-e-type=\"column\">\n\t\t\t<div class=\"elementor-widget-wrap elementor-element-populated\">\n\t\t\t\t\t\t<div class=\"elementor-element elementor-element-664fa80 elementor-widget elementor-widget-text-editor\" data-id=\"664fa80\" data-element_type=\"widget\" data-e-type=\"widget\" data-widget_type=\"text-editor.default\">\n\t\t\t\t<div class=\"elementor-widget-container\">\n\t\t\t\t\t\t\t\t\t<p>RAG (Raise and Give) est la m\u00e9thode de collecte de fonds de TeenStreet. Avant et pendant chaque TeenStreet, nous collectons des fonds pour soutenir de bonnes causes qui auront un impact positif sur la jeunesse en Europe et au-del\u00e0. L'argent est collect\u00e9 par le biais de notre course RAG et d'autres activit\u00e9s au cours de la semaine. <span class=\"TextRun SCXW8656431 BCX0\" lang=\"EN-GB\" xml:lang=\"EN-GB\" data-contrast=\"auto\"><span class=\"NormalTextRun SCXW8656431 BCX0\">Cette ann\u00e9e, nous collecterons des fonds pour les projets suivants.<\/span><\/span><\/p>\t\t\t\t\t\t\t\t<\/div>\n\t\t\t\t<\/div>\n\t\t\t\t\t<\/div>\n\t\t<\/div>\n\t\t\t\t\t<\/div>\n\t\t<\/section>\n\t\t\t\t<section class=\"elementor-section elementor-top-section elementor-element elementor-element-b06c416 elementor-section-boxed elementor-section-height-default elementor-section-height-default\" data-id=\"b06c416\" data-element_type=\"section\" data-e-type=\"section\">\n\t\t\t\t\t\t<div class=\"elementor-container elementor-column-gap-default\">\n\t\t\t\t\t<div class=\"elementor-column elementor-col-50 elementor-top-column elementor-element elementor-element-8c36043\" data-id=\"8c36043\" data-element_type=\"column\" data-e-type=\"column\">\n\t\t\t<div class=\"elementor-widget-wrap elementor-element-populated\">\n\t\t\t\t\t\t<div class=\"elementor-element elementor-element-23f6739 elementor-widget elementor-widget-image\" data-id=\"23f6739\" data-element_type=\"widget\" data-e-type=\"widget\" data-widget_type=\"image.default\">\n\t\t\t\t<div class=\"elementor-widget-container\">\n\t\t\t\t\t\t\t\t\t\t\t\t\t\t\t<img decoding=\"async\" width=\"1024\" height=\"768\" src=\"https:\/\/teenstreet.life\/eu\/wp-content\/uploads\/sites\/13\/2026\/03\/WhatsApp-Image-2026-02-22-at-10.13.47-1-1024x768.jpeg\" class=\"attachment-large size-large wp-image-8991\" alt=\"\" srcset=\"https:\/\/teenstreet.life\/eu\/wp-content\/uploads\/sites\/13\/2026\/03\/WhatsApp-Image-2026-02-22-at-10.13.47-1-1024x768.jpeg 1024w, https:\/\/teenstreet.life\/eu\/wp-content\/uploads\/sites\/13\/2026\/03\/WhatsApp-Image-2026-02-22-at-10.13.47-1-300x225.jpeg 300w, https:\/\/teenstreet.life\/eu\/wp-content\/uploads\/sites\/13\/2026\/03\/WhatsApp-Image-2026-02-22-at-10.13.47-1-768x576.jpeg 768w, https:\/\/teenstreet.life\/eu\/wp-content\/uploads\/sites\/13\/2026\/03\/WhatsApp-Image-2026-02-22-at-10.13.47-1-1536x1152.jpeg 1536w, https:\/\/teenstreet.life\/eu\/wp-content\/uploads\/sites\/13\/2026\/03\/WhatsApp-Image-2026-02-22-at-10.13.47-1-16x12.jpeg 16w, https:\/\/teenstreet.life\/eu\/wp-content\/uploads\/sites\/13\/2026\/03\/WhatsApp-Image-2026-02-22-at-10.13.47-1-600x450.jpeg 600w, https:\/\/teenstreet.life\/eu\/wp-content\/uploads\/sites\/13\/2026\/03\/WhatsApp-Image-2026-02-22-at-10.13.47-1.jpeg 1600w\" sizes=\"(max-width: 1024px) 100vw, 1024px\" \/>\t\t\t\t\t\t\t\t\t\t\t\t\t\t\t<\/div>\n\t\t\t\t<\/div>\n\t\t\t\t\t<\/div>\n\t\t<\/div>\n\t\t\t\t<div class=\"elementor-column elementor-col-50 elementor-top-column elementor-element elementor-element-1c70343\" data-id=\"1c70343\" data-element_type=\"column\" data-e-type=\"column\">\n\t\t\t<div class=\"elementor-widget-wrap elementor-element-populated\">\n\t\t\t\t\t\t<div class=\"elementor-element elementor-element-55da049 elementor-widget elementor-widget-text-editor\" data-id=\"55da049\" data-element_type=\"widget\" data-e-type=\"widget\" data-widget_type=\"text-editor.default\">\n\t\t\t\t<div class=\"elementor-widget-container\">\n\t\t\t\t\t\t\t\t\t<h4><b><span data-contrast=\"auto\">Reconstruction apr\u00e8s la temp\u00eate Portugal<\/span><\/b><span data-ccp-props=\"{&quot;134233117&quot;:false,&quot;134233118&quot;:false,&quot;201341983&quot;:0,&quot;335551550&quot;:1,&quot;335551620&quot;:1,&quot;335559685&quot;:0,&quot;335559737&quot;:0,&quot;335559738&quot;:0,&quot;335559739&quot;:0,&quot;335559740&quot;:279}\">\u00a0<\/span><\/h4><p><span data-contrast=\"auto\">En janvier 2026, le Portugal a \u00e9t\u00e9 frapp\u00e9 par des inondations d'une ampleur record.\u00a0<\/span><span data-contrast=\"auto\">Temp\u00eate Kristin<\/span><span data-contrast=\"auto\">. La temp\u00eate a s\u00e9v\u00e8rement touch\u00e9 le centre du pays, y compris la ville de Monte Real, o\u00f9 une \u00e9quipe de l'OM a implant\u00e9 une \u00e9glise il y a cinq ans. L'\u00e9glise est strat\u00e9giquement situ\u00e9e et est la seule \u00e9glise \u00e9vang\u00e9lique desservant une zone de plus de 20 000 habitants. Le b\u00e2timent de l'\u00e9glise a \u00e9t\u00e9 compl\u00e8tement d\u00e9truit par la temp\u00eate. Les fonds collect\u00e9s seront utilis\u00e9s pour reconstruire le b\u00e2timent de l'\u00e9glise et pour parrainer un travailleur social afin de soutenir les familles qui luttent apr\u00e8s la temp\u00eate.<\/span><span data-ccp-props=\"{&quot;134233117&quot;:false,&quot;134233118&quot;:false,&quot;201341983&quot;:0,&quot;335551550&quot;:1,&quot;335551620&quot;:1,&quot;335559685&quot;:0,&quot;335559737&quot;:0,&quot;335559738&quot;:0,&quot;335559739&quot;:0,&quot;335559740&quot;:279}\">\u00a0<\/span><\/p>\t\t\t\t\t\t\t\t<\/div>\n\t\t\t\t<\/div>\n\t\t\t\t\t<\/div>\n\t\t<\/div>\n\t\t\t\t\t<\/div>\n\t\t<\/section>\n\t\t\t\t<section class=\"elementor-section elementor-top-section elementor-element elementor-element-0b8a916 elementor-section-boxed elementor-section-height-default elementor-section-height-default\" data-id=\"0b8a916\" data-element_type=\"section\" data-e-type=\"section\">\n\t\t\t\t\t\t<div class=\"elementor-container elementor-column-gap-default\">\n\t\t\t\t\t<div class=\"elementor-column elementor-col-100 elementor-top-column elementor-element elementor-element-d599ebc\" data-id=\"d599ebc\" data-element_type=\"column\" data-e-type=\"column\">\n\t\t\t<div class=\"elementor-widget-wrap elementor-element-populated\">\n\t\t\t\t\t\t<div class=\"elementor-element elementor-element-212bde3 elementor-widget elementor-widget-text-editor\" data-id=\"212bde3\" data-element_type=\"widget\" data-e-type=\"widget\" data-widget_type=\"text-editor.default\">\n\t\t\t\t<div class=\"elementor-widget-container\">\n\t\t\t\t\t\t\t\t\t<h4><b>Le minist\u00e8re des m\u00e9dias parmi les moins atteints<\/b><\/h4><p>Nous collectons des fonds pour un minist\u00e8re d\u00e9di\u00e9 au partage de l'\u00c9vangile par le biais des m\u00e9dias sociaux et de la t\u00e9l\u00e9vision, afin de toucher un groupe de personnes sp\u00e9cifique, tant au niveau local qu'international. Les fonds que nous collecterons soutiendront la diffusion et l'\u00e9vang\u00e9lisation sur les m\u00e9dias sociaux, la formation en ligne des disciples et des dirigeants, ainsi qu'un service d'\u00e9glise virtuel.\u00a0\u00a0<\/p>\t\t\t\t\t\t\t\t<\/div>\n\t\t\t\t<\/div>\n\t\t\t\t\t<\/div>\n\t\t<\/div>\n\t\t\t\t\t<\/div>\n\t\t<\/section>\n\t\t\t\t<section class=\"elementor-section elementor-top-section elementor-element elementor-element-565ac34 elementor-section-boxed elementor-section-height-default elementor-section-height-default\" data-id=\"565ac34\" data-element_type=\"section\" data-e-type=\"section\">\n\t\t\t\t\t\t<div class=\"elementor-container elementor-column-gap-default\">\n\t\t\t\t\t<div class=\"elementor-column elementor-col-100 elementor-top-column elementor-element elementor-element-4b2a389\" data-id=\"4b2a389\" data-element_type=\"column\" data-e-type=\"column\">\n\t\t\t<div class=\"elementor-widget-wrap elementor-element-populated\">\n\t\t\t\t\t\t<div class=\"elementor-element elementor-element-67f50c4 elementor-widget elementor-widget-text-editor\" data-id=\"67f50c4\" data-element_type=\"widget\" data-e-type=\"widget\" data-widget_type=\"text-editor.default\">\n\t\t\t\t<div class=\"elementor-widget-container\">\n\t\t\t\t\t\t\t\t\t<h4><b><span data-contrast=\"auto\">Soutenir les adolescents dans le monde entier\u00a0\u00a0<\/span><\/b><span data-ccp-props=\"{&quot;134233117&quot;:false,&quot;134233118&quot;:false,&quot;335559738&quot;:0,&quot;335559739&quot;:0}\">\u00a0<\/span><\/h4><p><span data-contrast=\"auto\">\u00a0<\/span><span data-contrast=\"auto\">Au fil des ann\u00e9es, nous avons vu l'impact de TeenStreet sur les adolescents en Europe, et l'impact de ces derniers sur leur environnement et au-del\u00e0. Nous voulons aussi voir des adolescents d'autres parties du monde grandir dans leur relation personnelle avec J\u00e9sus, avoir un impact spirituel et transmettre l'amour de J\u00e9sus dans leur propre pays. Nous croyons que cela est possible gr\u00e2ce \u00e0 TeenStreet et nous r\u00eavons non seulement de d\u00e9velopper TeenStreet en Europe, mais aussi de cr\u00e9er de nouvelles TeenStreet dans le monde entier, afin que les adolescents de ces pays puissent faire la diff\u00e9rence. Ces fonds seront dirig\u00e9s vers le Fonds international de multiplication de TeenStreet et vers le Fonds TeenStreet Europe. Une partie de ces fonds sera \u00e9galement utilis\u00e9e pour permettre \u00e0 des adolescents d\u00e9favoris\u00e9s d'Europe de venir \u00e0 l'\u00e9v\u00e9nement europ\u00e9en, par exemple des adolescents d'Ukraine.<\/span><span data-ccp-props=\"{&quot;134233117&quot;:false,&quot;134233118&quot;:false,&quot;335559738&quot;:0,&quot;335559739&quot;:0}\">\u00a0<\/span><\/p>\t\t\t\t\t\t\t\t<\/div>\n\t\t\t\t<\/div>\n\t\t\t\t\t<\/div>\n\t\t<\/div>\n\t\t\t\t\t<\/div>\n\t\t<\/section>\n\t\t\t\t<\/div>","protected":false},"excerpt":{"rendered":"<p>RAG ( Raise and Give) is the fundraising at TeenStreet. Before and during every TeenStreet, we raise funds to support good causes that will positively impact youth in Europe and beyond. Money is raised through our RAG race and other activities during the week. This year we will be raising money for the following projects. [&hellip;]<\/p>\n","protected":false},"author":42,"featured_media":0,"parent":0,"menu_order":0,"comment_status":"closed","ping_status":"closed","template":"","meta":{"iawp_total_views":112,"footnotes":""},"class_list":["post-8297","page","type-page","status-publish","hentry"],"_links":{"self":[{"href":"https:\/\/teenstreet.life\/eu\/fr\/wp-json\/wp\/v2\/pages\/8297","targetHints":{"allow":["GET"]}}],"collection":[{"href":"https:\/\/teenstreet.life\/eu\/fr\/wp-json\/wp\/v2\/pages"}],"about":[{"href":"https:\/\/teenstreet.life\/eu\/fr\/wp-json\/wp\/v2\/types\/page"}],"author":[{"embeddable":true,"href":"https:\/\/teenstreet.life\/eu\/fr\/wp-json\/wp\/v2\/users\/42"}],"replies":[{"embeddable":true,"href":"https:\/\/teenstreet.life\/eu\/fr\/wp-json\/wp\/v2\/comments?post=8297"}],"version-history":[{"count":5,"href":"https:\/\/teenstreet.life\/eu\/fr\/wp-json\/wp\/v2\/pages\/8297\/revisions"}],"predecessor-version":[{"id":9057,"href":"https:\/\/teenstreet.life\/eu\/fr\/wp-json\/wp\/v2\/pages\/8297\/revisions\/9057"}],"wp:attachment":[{"href":"https:\/\/teenstreet.life\/eu\/fr\/wp-json\/wp\/v2\/media?parent=8297"}],"curies":[{"name":"wp","href":"https:\/\/api.w.org\/{rel}","templated":true}]}}