{"id":7888,"date":"2024-08-01T09:35:47","date_gmt":"2024-08-01T07:35:47","guid":{"rendered":"https:\/\/teenstreet.life\/eu\/?page_id=7888"},"modified":"2024-08-01T11:54:05","modified_gmt":"2024-08-01T09:54:05","slug":"jour-5-objectif","status":"publish","type":"page","link":"https:\/\/teenstreet.life\/eu\/fr\/day-5-purpose\/","title":{"rendered":"Cinqui\u00e8me jour - Objectif"},"content":{"rendered":"<div data-elementor-type=\"wp-page\" data-elementor-id=\"7888\" class=\"elementor elementor-7888\" data-elementor-post-type=\"page\">\n\t\t\t\t\t\t<section class=\"elementor-section elementor-top-section elementor-element elementor-element-bcdf2cd elementor-section-boxed elementor-section-height-default elementor-section-height-default wpr-particle-no wpr-jarallax-no wpr-parallax-no wpr-sticky-section-no\" data-id=\"bcdf2cd\" data-element_type=\"section\" data-e-type=\"section\">\n\t\t\t\t\t\t<div class=\"elementor-container elementor-column-gap-default\">\n\t\t\t\t\t<div class=\"elementor-column elementor-col-100 elementor-top-column elementor-element elementor-element-631672e\" data-id=\"631672e\" data-element_type=\"column\" data-e-type=\"column\">\n\t\t\t<div class=\"elementor-widget-wrap elementor-element-populated\">\n\t\t\t\t\t\t<div class=\"elementor-element elementor-element-fb452f1 elementor-skin-carousel elementor-arrows-yes elementor-pagination-type-bullets elementor-pagination-position-outside elementor-widget elementor-widget-media-carousel\" data-id=\"fb452f1\" data-element_type=\"widget\" data-e-type=\"widget\" data-settings=\"{&quot;skin&quot;:&quot;carousel&quot;,&quot;effect&quot;:&quot;slide&quot;,&quot;show_arrows&quot;:&quot;yes&quot;,&quot;pagination&quot;:&quot;bullets&quot;,&quot;speed&quot;:500,&quot;autoplay&quot;:&quot;yes&quot;,&quot;autoplay_speed&quot;:5000,&quot;loop&quot;:&quot;yes&quot;,&quot;pause_on_hover&quot;:&quot;yes&quot;,&quot;pause_on_interaction&quot;:&quot;yes&quot;,&quot;space_between&quot;:{&quot;unit&quot;:&quot;px&quot;,&quot;size&quot;:10,&quot;sizes&quot;:[]},&quot;space_between_tablet&quot;:{&quot;unit&quot;:&quot;px&quot;,&quot;size&quot;:10,&quot;sizes&quot;:[]},&quot;space_between_mobile&quot;:{&quot;unit&quot;:&quot;px&quot;,&quot;size&quot;:10,&quot;sizes&quot;:[]}}\" data-widget_type=\"media-carousel.default\">\n\t\t\t\t<div class=\"elementor-widget-container\">\n\t\t\t\t\t\t\t\t\t<div class=\"elementor-swiper\">\n\t\t\t\t\t<div class=\"elementor-main-swiper swiper\" role=\"region\" aria-roledescription=\"carousel\" aria-label=\"Diapositives\">\n\t\t\t\t<div class=\"swiper-wrapper\">\n\t\t\t\t\t\t\t\t\t\t\t<div class=\"swiper-slide\" role=\"group\" aria-roledescription=\"slide\">\n\t\t\t\t\t\t\t\t\t<div class=\"elementor-carousel-image\" role=\"img\" aria-label=\"\ud83d\udcf8 Benjamin H\u00f8yland\" style=\"background-image: url(&#039;https:\/\/teenstreet.life\/eu\/wp-content\/uploads\/sites\/13\/2024\/08\/TS24-DAY5-Logo-BHoyland-25-Mainhall.jpg&#039;)\">\n\n\t\t\t\n\t\t\t\t\t<\/div>\n\t\t\t\t\t\t\t\t<\/div>\n\t\t\t\t\t\t\t\t\t\t\t<div class=\"swiper-slide\" role=\"group\" aria-roledescription=\"slide\">\n\t\t\t\t\t\t\t\t\t<div class=\"elementor-carousel-image\" role=\"img\" aria-label=\"\ud83d\udcf8 Benjamin H\u00f8yland\" style=\"background-image: url(&#039;https:\/\/teenstreet.life\/eu\/wp-content\/uploads\/sites\/13\/2024\/08\/TS24-DAY5-Logo-BHoyland-15-Mainhall.jpg&#039;)\">\n\n\t\t\t\n\t\t\t\t\t<\/div>\n\t\t\t\t\t\t\t\t<\/div>\n\t\t\t\t\t\t\t\t\t\t\t<div class=\"swiper-slide\" role=\"group\" aria-roledescription=\"slide\">\n\t\t\t\t\t\t\t\t\t<div class=\"elementor-carousel-image\" role=\"img\" aria-label=\"TS24_Day5_BRathke_10_Outreach\" style=\"background-image: url(&#039;https:\/\/teenstreet.life\/eu\/wp-content\/uploads\/sites\/13\/2024\/08\/TS24_Day5_BRathke_10_Outreach-scaled.jpg&#039;)\">\n\n\t\t\t\n\t\t\t\t\t<\/div>\n\t\t\t\t\t\t\t\t<\/div>\n\t\t\t\t\t\t\t\t\t\t\t<div class=\"swiper-slide\" role=\"group\" aria-roledescription=\"slide\">\n\t\t\t\t\t\t\t\t\t<div class=\"elementor-carousel-image\" role=\"img\" aria-label=\"TS24_Jour5_Logo_BRathke_08_Throne Room\" style=\"background-image: url(&#039;https:\/\/teenstreet.life\/eu\/wp-content\/uploads\/sites\/13\/2024\/08\/TS24_Day5_Logo_BRathke_08_Throne-Room.jpg&#039;)\">\n\n\t\t\t\n\t\t\t\t\t<\/div>\n\t\t\t\t\t\t\t\t<\/div>\n\t\t\t\t\t\t\t\t\t\t\t<div class=\"swiper-slide\" role=\"group\" aria-roledescription=\"slide\">\n\t\t\t\t\t\t\t\t\t<div class=\"elementor-carousel-image\" role=\"img\" aria-label=\"\ud83d\udcf8 Benjamin H\u00f8yland\" style=\"background-image: url(&#039;https:\/\/teenstreet.life\/eu\/wp-content\/uploads\/sites\/13\/2024\/08\/TS24-DAY5-Logo-BHoyland-27-Interact.jpg&#039;)\">\n\n\t\t\t\n\t\t\t\t\t<\/div>\n\t\t\t\t\t\t\t\t<\/div>\n\t\t\t\t\t\t\t\t\t<\/div>\n\t\t\t\t\t\t\t\t\t\t\t\t\t\t\t<div class=\"elementor-swiper-button elementor-swiper-button-prev\" role=\"button\" tabindex=\"0\" aria-label=\"Vorherige\" data-no-translation-aria-label=\"\">\n\t\t\t\t\t\t\t<i aria-hidden=\"true\" class=\"eicon-chevron-left\"><\/i>\t\t\t\t\t\t<\/div>\n\t\t\t\t\t\t<div class=\"elementor-swiper-button elementor-swiper-button-next\" role=\"button\" tabindex=\"0\" aria-label=\"N\u00e4chste\" data-no-translation-aria-label=\"\">\n\t\t\t\t\t\t\t<i aria-hidden=\"true\" class=\"eicon-chevron-right\"><\/i>\t\t\t\t\t\t<\/div>\n\t\t\t\t\t\t\t\t\t\t\t\t\t\t\t\t<div class=\"swiper-pagination\"><\/div>\n\t\t\t\t\t\t\t\t\t\t\t\t<\/div>\n\t\t\t\t<\/div>\n\t\t\t\t\t\t\t\t<\/div>\n\t\t\t\t<\/div>\n\t\t\t\t\t<\/div>\n\t\t<\/div>\n\t\t\t\t\t<\/div>\n\t\t<\/section>\n\t\t\t\t<section class=\"elementor-section elementor-top-section elementor-element elementor-element-948dfb4 elementor-section-boxed elementor-section-height-default elementor-section-height-default wpr-particle-no wpr-jarallax-no wpr-parallax-no wpr-sticky-section-no\" data-id=\"948dfb4\" data-element_type=\"section\" data-e-type=\"section\">\n\t\t\t\t\t\t<div class=\"elementor-container elementor-column-gap-default\">\n\t\t\t\t\t<div class=\"elementor-column elementor-col-100 elementor-top-column elementor-element elementor-element-05e9216\" data-id=\"05e9216\" data-element_type=\"column\" data-e-type=\"column\">\n\t\t\t<div class=\"elementor-widget-wrap elementor-element-populated\">\n\t\t\t\t\t\t<div class=\"elementor-element elementor-element-b5568df elementor-widget elementor-widget-text-editor\" data-id=\"b5568df\" data-element_type=\"widget\" data-e-type=\"widget\" data-widget_type=\"text-editor.default\">\n\t\t\t\t<div class=\"elementor-widget-container\">\n\t\t\t\t\t\t\t\t\t<p>Cinqui\u00e8me jour : Objectif\u00a0<\/p><p>\u00a0Que serait la TeenStreet sans l'\u00e9quipe de service ? Cette ann\u00e9e, 652 personnes travaillent dans les coulisses et rendent TeenStreet possible - dans la cuisine, en nettoyant les toilettes, en assurant la s\u00e9curit\u00e9, \u00e0 un stand de nourriture amusante, etc. Ce matin, nous les avons remerci\u00e9es \u00e0 haute voix ! \u00c9quipe de service, nous vous aimons !\u00a0<\/p><p>\u00a0Tout comme la flamme olympique, il est \u00e9galement important pour nous, en tant que chr\u00e9tiens, de transmettre le flambeau et d'apporter la lumi\u00e8re de J\u00e9sus dans le monde. Car il y a encore 3 milliards de personnes qui n'ont pas ou peu l'occasion d'entendre parler de J\u00e9sus. \u00a0<\/p><p>\u00a0Paul nous a appris qu'il ne s'est pas repos\u00e9, m\u00eame \u00e0 la fin de son minist\u00e8re, mais qu'il a continu\u00e9 \u00e0 pr\u00eacher l'\u00c9vangile jusqu'\u00e0 ce que la g\u00e9n\u00e9ration suivante reprenne le flambeau. Juste avant de retourner aupr\u00e8s de son P\u00e8re c\u00e9leste, J\u00e9sus a dit \u00e0 ses disciples qu'ils seraient ses t\u00e9moins, ses preuves (Actes 1:8). Avec la puissance DUNAMIS du Saint-Esprit, nos vies changeront \u00e9galement et nous serons des preuves de son amour et nous apporterons sa lumi\u00e8re dans le monde. Sa puissance DUMANIS nous prot\u00e9gera.\u00a0<\/p><p>\u00a0L'apr\u00e8s-midi, de nombreux adolescents sont sortis dans la ville et ont apport\u00e9 sa lumi\u00e8re aux habitants d'Offenburg - en jouant au football, \u00e0 des stands de pri\u00e8re ou en parlant aux passants. Les adolescents sont revenus avec des yeux brillants et pleins d'enthousiasme \u00e0 propos de ce qu'ils avaient v\u00e9cu. \u00a0<\/p><p>\u00a0Dans la salle du Tr\u00f4ne, on nous a rappel\u00e9 qu'en tant que chr\u00e9tiens, nous devons choisir Dieu CHAQUE jour. Nous avons ensuite entam\u00e9 un temps de louange, au cours duquel nous avons \u00e9galement utilis\u00e9 les petites torches que chacun avait re\u00e7ues \u00e0 l'entr\u00e9e, en les agitant pour louer Dieu. Lorsque nous avons chant\u00e9 la chanson \"Battle belongs\", nous nous sommes tous mis \u00e0 genoux et avons chant\u00e9 : \"Quand je me bats, je me bats \u00e0 genoux, les mains lev\u00e9es. Oh, Dieu, la bataille t'appartient.\" Plus tard, nous nous sommes \u00e0 nouveau agenouill\u00e9s - cette fois pour confesser nos p\u00e9ch\u00e9s \u00e0 Dieu - et nous avons chant\u00e9 \"Christ et Christ crucifi\u00e9\". Quelle soir\u00e9e !<\/p>\t\t\t\t\t\t\t\t<\/div>\n\t\t\t\t<\/div>\n\t\t\t\t\t<\/div>\n\t\t<\/div>\n\t\t\t\t\t<\/div>\n\t\t<\/section>\n\t\t\t\t<section class=\"elementor-section elementor-top-section elementor-element elementor-element-0ee6a83 elementor-section-boxed elementor-section-height-default elementor-section-height-default wpr-particle-no wpr-jarallax-no wpr-parallax-no wpr-sticky-section-no\" data-id=\"0ee6a83\" data-element_type=\"section\" data-e-type=\"section\">\n\t\t\t\t\t\t<div class=\"elementor-container elementor-column-gap-default\">\n\t\t\t\t\t<div class=\"elementor-column elementor-col-100 elementor-top-column elementor-element elementor-element-2573971\" data-id=\"2573971\" data-element_type=\"column\" data-e-type=\"column\">\n\t\t\t<div class=\"elementor-widget-wrap elementor-element-populated\">\n\t\t\t\t\t\t<div class=\"elementor-element elementor-element-95bab5a elementor-widget elementor-widget-image\" data-id=\"95bab5a\" data-element_type=\"widget\" data-e-type=\"widget\" data-widget_type=\"image.default\">\n\t\t\t\t<div class=\"elementor-widget-container\">\n\t\t\t\t\t\t\t\t\t\t\t\t\t\t\t<img decoding=\"async\" src=\"https:\/\/teenstreet.life\/eu\/wp-content\/uploads\/sites\/13\/2024\/07\/Capture-decran-2024-07-30-a-09.37.43.png\" title=\"Capture d&#039;\u00e9cran 2024-07-30 \u00e0 09.37.43\" alt=\"Capture d&#039;\u00e9cran 2024-07-30 \u00e0 09.37.43\" loading=\"lazy\" \/>\t\t\t\t\t\t\t\t\t\t\t\t\t\t\t<\/div>\n\t\t\t\t<\/div>\n\t\t\t\t\t<\/div>\n\t\t<\/div>\n\t\t\t\t\t<\/div>\n\t\t<\/section>\n\t\t\t\t<\/div>","protected":false},"excerpt":{"rendered":"<p>Pr\u00e9c\u00e9dent Suivant Jour 5 : Objectif Que serait TeenStreet sans l'\u00e9quipe de service ? Cette ann\u00e9e, 652 personnes travaillent dans les coulisses et rendent TeenStreet possible - dans la cuisine, en nettoyant les toilettes, en assurant la s\u00e9curit\u00e9, \u00e0 un stand de nourriture amusante, etc. Ce matin, nous les avons remerci\u00e9es \u00e0 haute voix ! \u00c9quipe de service, nous vous aimons !   Tout comme la flamme olympique, il est \u00e9galement important pour nous, chr\u00e9tiens, de transmettre le flambeau et d'apporter la lumi\u00e8re de J\u00e9sus dans le monde. Car il y a encore 3 milliards de personnes qui n'ont pas ou peu l'occasion d'entendre parler de J\u00e9sus.    Paul nous a appris qu'il ne s'est pas repos\u00e9, m\u00eame \u00e0 la fin de son minist\u00e8re, mais qu'il a continu\u00e9 \u00e0 pr\u00eacher l'\u00c9vangile jusqu'\u00e0 ce que la g\u00e9n\u00e9ration suivante reprenne le flambeau. Juste avant de retourner aupr\u00e8s de son P\u00e8re c\u00e9leste, J\u00e9sus a dit \u00e0 ses disciples qu'ils seraient ses t\u00e9moins, ses preuves (Actes 1:8). Avec la puissance DUNAMIS du Saint-Esprit, nos vies changeront \u00e9galement et nous serons des preuves de son amour et nous apporterons sa lumi\u00e8re dans le monde. Sa puissance DUMANIS nous prot\u00e9gera.   Dans l'apr\u00e8s-midi, de nombreux adolescents sont sortis dans la ville et ont apport\u00e9 sa lumi\u00e8re aux habitants d'Offenburg - en jouant au football, \u00e0 des stands de pri\u00e8re ou en parlant aux passants. Les adolescents sont revenus avec des yeux brillants et pleins d'enthousiasme pour ce qu'ils avaient v\u00e9cu.    Dans la salle du tr\u00f4ne, on nous a rappel\u00e9 qu'en tant que chr\u00e9tiens, nous devons choisir Dieu CHAQUE jour. Nous avons ensuite entam\u00e9 un temps de louange, au cours duquel nous avons \u00e9galement utilis\u00e9 les petites torches que chacun avait re\u00e7ues \u00e0 l'entr\u00e9e, en les agitant pour louer Dieu. Lorsque nous avons chant\u00e9 la chanson \"Battle belongs\", nous nous sommes tous mis \u00e0 genoux et avons chant\u00e9 : \"Quand je me bats, je me bats \u00e0 genoux, les mains lev\u00e9es. Oh, Dieu, la bataille t'appartient.\" Plus tard, nous nous sommes \u00e0 nouveau agenouill\u00e9s - cette fois pour confesser nos p\u00e9ch\u00e9s \u00e0 Dieu - et nous avons chant\u00e9 \"Christ et Christ crucifi\u00e9\". Quelle soir\u00e9e !<\/p>","protected":false},"author":74,"featured_media":7913,"parent":0,"menu_order":0,"comment_status":"closed","ping_status":"closed","template":"","meta":{"iawp_total_views":0,"footnotes":""},"class_list":["post-7888","page","type-page","status-publish","has-post-thumbnail","hentry"],"_links":{"self":[{"href":"https:\/\/teenstreet.life\/eu\/fr\/wp-json\/wp\/v2\/pages\/7888","targetHints":{"allow":["GET"]}}],"collection":[{"href":"https:\/\/teenstreet.life\/eu\/fr\/wp-json\/wp\/v2\/pages"}],"about":[{"href":"https:\/\/teenstreet.life\/eu\/fr\/wp-json\/wp\/v2\/types\/page"}],"author":[{"embeddable":true,"href":"https:\/\/teenstreet.life\/eu\/fr\/wp-json\/wp\/v2\/users\/74"}],"replies":[{"embeddable":true,"href":"https:\/\/teenstreet.life\/eu\/fr\/wp-json\/wp\/v2\/comments?post=7888"}],"version-history":[{"count":5,"href":"https:\/\/teenstreet.life\/eu\/fr\/wp-json\/wp\/v2\/pages\/7888\/revisions"}],"predecessor-version":[{"id":7926,"href":"https:\/\/teenstreet.life\/eu\/fr\/wp-json\/wp\/v2\/pages\/7888\/revisions\/7926"}],"wp:featuredmedia":[{"embeddable":true,"href":"https:\/\/teenstreet.life\/eu\/fr\/wp-json\/wp\/v2\/media\/7913"}],"wp:attachment":[{"href":"https:\/\/teenstreet.life\/eu\/fr\/wp-json\/wp\/v2\/media?parent=7888"}],"curies":[{"name":"wp","href":"https:\/\/api.w.org\/{rel}","templated":true}]}}