{"id":7873,"date":"2024-07-31T11:52:59","date_gmt":"2024-07-31T09:52:59","guid":{"rendered":"https:\/\/teenstreet.life\/eu\/?page_id=7873"},"modified":"2024-07-31T11:53:00","modified_gmt":"2024-07-31T09:53:00","slug":"jour-4-le-contentement","status":"publish","type":"page","link":"https:\/\/teenstreet.life\/eu\/fr\/day-4-contentment\/","title":{"rendered":"Jour 4 - Le contentement"},"content":{"rendered":"<div data-elementor-type=\"wp-page\" data-elementor-id=\"7873\" class=\"elementor elementor-7873\" data-elementor-post-type=\"page\">\n\t\t\t\t\t\t<section class=\"elementor-section elementor-top-section elementor-element elementor-element-174c546 elementor-section-boxed elementor-section-height-default elementor-section-height-default wpr-particle-no wpr-jarallax-no wpr-parallax-no wpr-sticky-section-no\" data-id=\"174c546\" data-element_type=\"section\" data-e-type=\"section\">\n\t\t\t\t\t\t<div class=\"elementor-container elementor-column-gap-default\">\n\t\t\t\t\t<div class=\"elementor-column elementor-col-100 elementor-top-column elementor-element elementor-element-8efb91b\" data-id=\"8efb91b\" data-element_type=\"column\" data-e-type=\"column\">\n\t\t\t<div class=\"elementor-widget-wrap elementor-element-populated\">\n\t\t\t\t\t\t<div class=\"elementor-element elementor-element-4ab9919 elementor-skin-carousel elementor-arrows-yes elementor-pagination-type-bullets elementor-pagination-position-outside elementor-widget elementor-widget-media-carousel\" data-id=\"4ab9919\" data-element_type=\"widget\" data-e-type=\"widget\" data-settings=\"{&quot;skin&quot;:&quot;carousel&quot;,&quot;effect&quot;:&quot;slide&quot;,&quot;show_arrows&quot;:&quot;yes&quot;,&quot;pagination&quot;:&quot;bullets&quot;,&quot;speed&quot;:500,&quot;autoplay&quot;:&quot;yes&quot;,&quot;autoplay_speed&quot;:5000,&quot;loop&quot;:&quot;yes&quot;,&quot;pause_on_hover&quot;:&quot;yes&quot;,&quot;pause_on_interaction&quot;:&quot;yes&quot;,&quot;space_between&quot;:{&quot;unit&quot;:&quot;px&quot;,&quot;size&quot;:10,&quot;sizes&quot;:[]},&quot;space_between_tablet&quot;:{&quot;unit&quot;:&quot;px&quot;,&quot;size&quot;:10,&quot;sizes&quot;:[]},&quot;space_between_mobile&quot;:{&quot;unit&quot;:&quot;px&quot;,&quot;size&quot;:10,&quot;sizes&quot;:[]}}\" data-widget_type=\"media-carousel.default\">\n\t\t\t\t<div class=\"elementor-widget-container\">\n\t\t\t\t\t\t\t\t\t<div class=\"elementor-swiper\">\n\t\t\t\t\t<div class=\"elementor-main-swiper swiper\" role=\"region\" aria-roledescription=\"carousel\" aria-label=\"Diapositives\">\n\t\t\t\t<div class=\"swiper-wrapper\">\n\t\t\t\t\t\t\t\t\t\t\t<div class=\"swiper-slide\" role=\"group\" aria-roledescription=\"slide\">\n\t\t\t\t\t\t\t\t\t<div class=\"elementor-carousel-image\" role=\"img\" aria-label=\"TS24_DAY4_Logo_ASchneider_02_Interact2\" style=\"background-image: url(&#039;https:\/\/teenstreet.life\/eu\/wp-content\/uploads\/sites\/13\/2024\/07\/TS24_DAY4_Logo_ASchneider_02_Interact2.jpg&#039;)\">\n\n\t\t\t\n\t\t\t\t\t<\/div>\n\t\t\t\t\t\t\t\t<\/div>\n\t\t\t\t\t\t\t\t\t\t\t<div class=\"swiper-slide\" role=\"group\" aria-roledescription=\"slide\">\n\t\t\t\t\t\t\t\t\t<div class=\"elementor-carousel-image\" role=\"img\" aria-label=\"\ud83d\udcf8 Benjamin H\u00f8yland\" style=\"background-image: url(&#039;https:\/\/teenstreet.life\/eu\/wp-content\/uploads\/sites\/13\/2024\/07\/TS24-DAY4-Logo-BHoyland-36-Interact.jpg&#039;)\">\n\n\t\t\t\n\t\t\t\t\t<\/div>\n\t\t\t\t\t\t\t\t<\/div>\n\t\t\t\t\t\t\t\t\t\t\t<div class=\"swiper-slide\" role=\"group\" aria-roledescription=\"slide\">\n\t\t\t\t\t\t\t\t\t<div class=\"elementor-carousel-image\" role=\"img\" aria-label=\"TS24_DAY4_Logo_ASchneider_02_Interact3\" style=\"background-image: url(&#039;https:\/\/teenstreet.life\/eu\/wp-content\/uploads\/sites\/13\/2024\/07\/TS24_DAY4_Logo_ASchneider_02_Interact3.jpg&#039;)\">\n\n\t\t\t\n\t\t\t\t\t<\/div>\n\t\t\t\t\t\t\t\t<\/div>\n\t\t\t\t\t\t\t\t\t\t\t<div class=\"swiper-slide\" role=\"group\" aria-roledescription=\"slide\">\n\t\t\t\t\t\t\t\t\t<div class=\"elementor-carousel-image\" role=\"img\" aria-label=\"TS24_DAY4_Logo_ASchneider_05_Interact3\" style=\"background-image: url(&#039;https:\/\/teenstreet.life\/eu\/wp-content\/uploads\/sites\/13\/2024\/07\/TS24_DAY4_Logo_ASchneider_05_Interact3.jpg&#039;)\">\n\n\t\t\t\n\t\t\t\t\t<\/div>\n\t\t\t\t\t\t\t\t<\/div>\n\t\t\t\t\t\t\t\t\t\t\t<div class=\"swiper-slide\" role=\"group\" aria-roledescription=\"slide\">\n\t\t\t\t\t\t\t\t\t<div class=\"elementor-carousel-image\" role=\"img\" aria-label=\"TS24_Day4_Logo_MBosch_16_Throne Room\" style=\"background-image: url(&#039;https:\/\/teenstreet.life\/eu\/wp-content\/uploads\/sites\/13\/2024\/07\/TS24_Day4_Logo_MBosch_16_Throne-Room.jpg&#039;)\">\n\n\t\t\t\n\t\t\t\t\t<\/div>\n\t\t\t\t\t\t\t\t<\/div>\n\t\t\t\t\t\t\t\t\t<\/div>\n\t\t\t\t\t\t\t\t\t\t\t\t\t\t\t<div class=\"elementor-swiper-button elementor-swiper-button-prev\" role=\"button\" tabindex=\"0\" aria-label=\"Pr\u00e9c\u00e9dent\">\n\t\t\t\t\t\t\t<i aria-hidden=\"true\" class=\"eicon-chevron-left\"><\/i>\t\t\t\t\t\t<\/div>\n\t\t\t\t\t\t<div class=\"elementor-swiper-button elementor-swiper-button-next\" role=\"button\" tabindex=\"0\" aria-label=\"Suivant\">\n\t\t\t\t\t\t\t<i aria-hidden=\"true\" class=\"eicon-chevron-right\"><\/i>\t\t\t\t\t\t<\/div>\n\t\t\t\t\t\t\t\t\t\t\t\t\t\t\t\t<div class=\"swiper-pagination\"><\/div>\n\t\t\t\t\t\t\t\t\t\t\t\t<\/div>\n\t\t\t\t<\/div>\n\t\t\t\t\t\t\t\t<\/div>\n\t\t\t\t<\/div>\n\t\t\t\t\t<\/div>\n\t\t<\/div>\n\t\t\t\t\t<\/div>\n\t\t<\/section>\n\t\t\t\t<section class=\"elementor-section elementor-top-section elementor-element elementor-element-22d2b21 elementor-section-boxed elementor-section-height-default elementor-section-height-default wpr-particle-no wpr-jarallax-no wpr-parallax-no wpr-sticky-section-no\" data-id=\"22d2b21\" data-element_type=\"section\" data-e-type=\"section\">\n\t\t\t\t\t\t<div class=\"elementor-container elementor-column-gap-default\">\n\t\t\t\t\t<div class=\"elementor-column elementor-col-100 elementor-top-column elementor-element elementor-element-e8fba36\" data-id=\"e8fba36\" data-element_type=\"column\" data-e-type=\"column\">\n\t\t\t<div class=\"elementor-widget-wrap elementor-element-populated\">\n\t\t\t\t\t\t<div class=\"elementor-element elementor-element-52a0a51 elementor-widget elementor-widget-text-editor\" data-id=\"52a0a51\" data-element_type=\"widget\" data-e-type=\"widget\" data-widget_type=\"text-editor.default\">\n\t\t\t\t<div class=\"elementor-widget-container\">\n\t\t\t\t\t\t\t\t\t<p>Jour 4 : le contentement<\/p><p>\u00c7a risque de faire du bruit\" - c'est avec cette chanson que les adolescents ont \u00e9t\u00e9 accueillis dans le hall principal aujourd'hui. Et le ton est mont\u00e9 lorsque le meilleur costume de la course au chiffon - les Aliens - a \u00e9t\u00e9 choisi et lorsque le montant total des dons a \u00e9t\u00e9 annonc\u00e9 : 48 166 euros.<\/p>\n<p>Le th\u00e8me d'aujourd'hui portait sur le contentement, m\u00eame dans la souffrance. Apr\u00e8s sa conversion, Paul, l'ancien pers\u00e9cuteur des chr\u00e9tiens Saul, est all\u00e9 vers les gens qui ne connaissaient pas encore J\u00e9sus et a beaucoup souffert. Il a notamment surv\u00e9cu \u00e0 sa propre lapidation. Sur la base de Romains 8:18, nous avons reconnu que dans les moments de souffrance, nous faisons souvent un zoom sur le probl\u00e8me comme avec un microscope, mais Paul nous demande de faire un zoom arri\u00e8re et de nous concentrer sur Dieu.<\/p>\n<p>Il n'y a pas eu beaucoup d'activit\u00e9s sur le site TeenStreet dans l'apr\u00e8s-midi en raison de la chaleur, beaucoup ont pr\u00e9f\u00e9r\u00e9 rester \u00e0 l'int\u00e9rieur ou se baigner dans le lac voisin.<\/p>\n<p>&nbsp;Le soir, une salle du tr\u00f4ne l\u00e9g\u00e8rement diff\u00e9rente \u00e9tait au programme : la soir\u00e9e de pri\u00e8re. Le groupe a jou\u00e9 en acoustique et Josh Green, directeur de la jeunesse pour 24-7 Prayer, a dirig\u00e9 la soir\u00e9e. Il a soulign\u00e9 que J\u00e9sus avait cr\u00e9\u00e9 l'\u00c9glise sous la forme d'une r\u00e9union de pri\u00e8re et qu'il \u00e9tait temps pour l'\u00c9glise de revenir \u00e0 ses origines et de devenir une maison de pri\u00e8re. \"La pri\u00e8re doit \u00eatre persistante, coh\u00e9rente et r\u00e9sistante\", nous a-t-il lanc\u00e9.<\/p>\n<p>Ensuite, les adolescents se sont rendus en petits groupes \u00e0 diff\u00e9rents postes de pri\u00e8re afin de prier pour les exclus et les uns pour les autres. \u00c0 la fin, des adolescents de plus de 30 nations sont mont\u00e9s sur la sc\u00e8ne pour prier pour leur pays dans leur propre langue. Un \"chaos sacr\u00e9\" et pourtant un si beau signe du corps du Christ. Enfin, chacun a pri\u00e9 le Notre P\u00e8re simultan\u00e9ment dans sa propre langue.<\/p>\t\t\t\t\t\t\t\t<\/div>\n\t\t\t\t<\/div>\n\t\t\t\t\t<\/div>\n\t\t<\/div>\n\t\t\t\t\t<\/div>\n\t\t<\/section>\n\t\t\t\t<section class=\"elementor-section elementor-top-section elementor-element elementor-element-87967e1 elementor-section-boxed elementor-section-height-default elementor-section-height-default wpr-particle-no wpr-jarallax-no wpr-parallax-no wpr-sticky-section-no\" data-id=\"87967e1\" data-element_type=\"section\" data-e-type=\"section\">\n\t\t\t\t\t\t<div class=\"elementor-container elementor-column-gap-default\">\n\t\t\t\t\t<div class=\"elementor-column elementor-col-100 elementor-top-column elementor-element elementor-element-386a533\" data-id=\"386a533\" data-element_type=\"column\" data-e-type=\"column\">\n\t\t\t<div class=\"elementor-widget-wrap elementor-element-populated\">\n\t\t\t\t\t\t<div class=\"elementor-element elementor-element-887f3fc elementor-widget elementor-widget-image\" data-id=\"887f3fc\" data-element_type=\"widget\" data-e-type=\"widget\" data-widget_type=\"image.default\">\n\t\t\t\t<div class=\"elementor-widget-container\">\n\t\t\t\t\t\t\t\t\t\t\t\t\t\t\t<img decoding=\"async\" src=\"https:\/\/teenstreet.life\/eu\/wp-content\/uploads\/sites\/13\/2024\/07\/Capture-decran-2024-07-30-a-09.37.43.png\" title=\"Capture d&#039;\u00e9cran 2024-07-30 \u00e0 09.37.43\" alt=\"Capture d&#039;\u00e9cran 2024-07-30 \u00e0 09.37.43\" loading=\"lazy\" \/>\t\t\t\t\t\t\t\t\t\t\t\t\t\t\t<\/div>\n\t\t\t\t<\/div>\n\t\t\t\t\t<\/div>\n\t\t<\/div>\n\t\t\t\t\t<\/div>\n\t\t<\/section>\n\t\t\t\t<\/div>","protected":false},"excerpt":{"rendered":"<p>Pr\u00e9c\u00e9dent Suivant Jour 4 : contentment It might get loud\" - c'est avec cette chanson que les adolescents ont \u00e9t\u00e9 accueillis dans le hall principal aujourd'hui. Et le ton est mont\u00e9 lorsque le meilleur costume de la course au chiffon - les Aliens - a \u00e9t\u00e9 choisi et lorsque le total des dons a \u00e9t\u00e9 annonc\u00e9 : 48 166 euros. Le th\u00e8me d'aujourd'hui \u00e9tait le contentement, m\u00eame dans la souffrance. Apr\u00e8s sa conversion, Paul, l'ancien pers\u00e9cuteur des chr\u00e9tiens Saul, est all\u00e9 vers les gens qui ne connaissaient pas encore J\u00e9sus et a beaucoup souffert. Il a notamment surv\u00e9cu \u00e0 sa propre lapidation. En nous basant sur Romains 8:18, nous avons reconnu que dans les moments de souffrance, nous faisons souvent un zoom sur le probl\u00e8me comme avec un microscope, mais Paul nous demande de faire un zoom arri\u00e8re et de nous concentrer sur Dieu. L'apr\u00e8s-midi, il ne s'est pas pass\u00e9 grand-chose sur le site de TeenStreet en raison de la chaleur, et beaucoup ont pr\u00e9f\u00e9r\u00e9 rester \u00e0 l'int\u00e9rieur ou se baigner dans le lac voisin.  Le soir, une salle du tr\u00f4ne un peu diff\u00e9rente \u00e9tait au programme : la soir\u00e9e de pri\u00e8re. Le groupe a jou\u00e9 en acoustique et Josh Green, directeur de la jeunesse pour 24-7 Prayer, a dirig\u00e9 la soir\u00e9e. Il a soulign\u00e9 que J\u00e9sus avait cr\u00e9\u00e9 l'\u00c9glise sous la forme d'une r\u00e9union de pri\u00e8re et qu'il \u00e9tait temps pour l'\u00c9glise de revenir \u00e0 ses origines et de devenir une maison de pri\u00e8re. \"La pri\u00e8re doit \u00eatre persistante, coh\u00e9rente et r\u00e9sistante\", nous a-t-il lanc\u00e9. Les adolescents se sont ensuite rendus en petits groupes \u00e0 diff\u00e9rents postes de pri\u00e8re afin de prier pour les non-atteints et les uns pour les autres. \u00c0 la fin, des adolescents de plus de 30 nations sont mont\u00e9s sur sc\u00e8ne pour prier pour leur pays dans leur propre langue. Un \"chaos sacr\u00e9\" et pourtant un si beau signe du corps du Christ. Enfin, chacun a pri\u00e9 le Notre P\u00e8re simultan\u00e9ment dans sa propre langue.<\/p>","protected":false},"author":74,"featured_media":7876,"parent":0,"menu_order":0,"comment_status":"closed","ping_status":"closed","template":"","meta":{"iawp_total_views":0,"footnotes":""},"class_list":["post-7873","page","type-page","status-publish","has-post-thumbnail","hentry"],"_links":{"self":[{"href":"https:\/\/teenstreet.life\/eu\/fr\/wp-json\/wp\/v2\/pages\/7873","targetHints":{"allow":["GET"]}}],"collection":[{"href":"https:\/\/teenstreet.life\/eu\/fr\/wp-json\/wp\/v2\/pages"}],"about":[{"href":"https:\/\/teenstreet.life\/eu\/fr\/wp-json\/wp\/v2\/types\/page"}],"author":[{"embeddable":true,"href":"https:\/\/teenstreet.life\/eu\/fr\/wp-json\/wp\/v2\/users\/74"}],"replies":[{"embeddable":true,"href":"https:\/\/teenstreet.life\/eu\/fr\/wp-json\/wp\/v2\/comments?post=7873"}],"version-history":[{"count":5,"href":"https:\/\/teenstreet.life\/eu\/fr\/wp-json\/wp\/v2\/pages\/7873\/revisions"}],"predecessor-version":[{"id":7908,"href":"https:\/\/teenstreet.life\/eu\/fr\/wp-json\/wp\/v2\/pages\/7873\/revisions\/7908"}],"wp:featuredmedia":[{"embeddable":true,"href":"https:\/\/teenstreet.life\/eu\/fr\/wp-json\/wp\/v2\/media\/7876"}],"wp:attachment":[{"href":"https:\/\/teenstreet.life\/eu\/fr\/wp-json\/wp\/v2\/media?parent=7873"}],"curies":[{"name":"wp","href":"https:\/\/api.w.org\/{rel}","templated":true}]}}