{"id":60,"date":"2020-05-25T09:24:00","date_gmt":"2020-05-25T09:24:00","guid":{"rendered":"https:\/\/teenstreet.life\/eu\/?page_id=60"},"modified":"2023-11-29T12:57:44","modified_gmt":"2023-11-29T11:57:44","slug":"lhistoire","status":"publish","type":"page","link":"https:\/\/teenstreet.life\/eu\/fr\/about\/history\/","title":{"rendered":"Histoire"},"content":{"rendered":"<div data-elementor-type=\"wp-page\" data-elementor-id=\"60\" class=\"elementor elementor-60\" data-elementor-post-type=\"page\">\n\t\t\t\t\t\t<section class=\"elementor-section elementor-top-section elementor-element elementor-element-672cfdb elementor-section-boxed elementor-section-height-default elementor-section-height-default\" data-id=\"672cfdb\" data-element_type=\"section\" data-e-type=\"section\">\n\t\t\t\t\t\t<div class=\"elementor-container elementor-column-gap-default\">\n\t\t\t\t\t<div class=\"elementor-column elementor-col-16 elementor-top-column elementor-element elementor-element-54fde2a\" data-id=\"54fde2a\" data-element_type=\"column\" data-e-type=\"column\">\n\t\t\t<div class=\"elementor-widget-wrap\">\n\t\t\t\t\t\t\t<\/div>\n\t\t<\/div>\n\t\t\t\t<div class=\"elementor-column elementor-col-66 elementor-top-column elementor-element elementor-element-50a2e63\" data-id=\"50a2e63\" data-element_type=\"column\" data-e-type=\"column\">\n\t\t\t<div class=\"elementor-widget-wrap elementor-element-populated\">\n\t\t\t\t\t\t<div class=\"elementor-element elementor-element-19d84d82 elementor-widget elementor-widget-text-editor\" data-id=\"19d84d82\" data-element_type=\"widget\" data-e-type=\"widget\" data-widget_type=\"text-editor.default\">\n\t\t\t\t<div class=\"elementor-widget-container\">\n\t\t\t\t\t\t\t\t\t<p>TeenStreet a commenc\u00e9 en 1992 en tant que vision d&#039;une conf\u00e9rence chr\u00e9tienne internationale pour les adolescents. Les fondateurs Dan et Suzie Potter des \u00c9tats-Unis lui ont donn\u00e9 le nom de TeenStreet &quot;parce que le but \u00e9tait de donner aux adolescents une rue sur laquelle voyager\u2026 une fa\u00e7on de vivre&quot;.<\/p>\n<p>Le premier TeenStreet a eu lieu \u00e0 Offenburg, en Allemagne, \u00e0 l&#039;\u00e9t\u00e9 1993, avec un total de 56 personnes. Il s&#039;est d\u00e9velopp\u00e9 rapidement \u00e0 partir de l\u00e0 et, en 2000, la participation a d\u00e9pass\u00e9 les 2 000.<\/p>\n<p>En 2004, TeenStreet s&#039;est \u00e9tendu au Br\u00e9sil, puis en Australie en 2010, et des mouvements similaires ont \u00e9t\u00e9 lanc\u00e9s dans le monde entier.<\/p>\n<p>Aujourd&#039;hui, TeenStreet op\u00e8re dans sept pays, avec un total de 8 000 participants chaque ann\u00e9e, mais nous n&#039;avons pas fini de grandir.<\/p>\n<p>&quot;TeenStreet est bien plus qu&#039;un \u00e9v\u00e9nement d&#039;une semaine&quot;, explique Ger van Veen, ancien directeur de TeenStreet Europe. &quot;Des milliers de jeunes quittent TeenStreet chaque ann\u00e9e et sont habilit\u00e9s \u00e0 vivre pour J\u00e9sus et \u00e0 le refl\u00e9ter dans leur monde.&quot;<\/p>\n<p>En 2020, TeenStreet a lanc\u00e9 son tout premier \u00e9v\u00e9nement en ligne, en r\u00e9ponse \u00e0 la pand\u00e9mie de COVID-19. Alors que notre influence s&#039;\u00e9tend gr\u00e2ce aux nouvelles technologies et opportunit\u00e9s, nous suivons la direction de Dieu pour l&#039;avenir, cheminant ensemble en tant que communaut\u00e9 mondiale de disciples de J\u00e9sus qui s&#039;engagent \u00e0 glorifier son nom.<\/p>\t\t\t\t\t\t\t\t<\/div>\n\t\t\t\t<\/div>\n\t\t\t\t\t<\/div>\n\t\t<\/div>\n\t\t\t\t<div class=\"elementor-column elementor-col-16 elementor-top-column elementor-element elementor-element-0320df7\" data-id=\"0320df7\" data-element_type=\"column\" data-e-type=\"column\">\n\t\t\t<div class=\"elementor-widget-wrap\">\n\t\t\t\t\t\t\t<\/div>\n\t\t<\/div>\n\t\t\t\t\t<\/div>\n\t\t<\/section>\n\t\t\t\t<\/div>","protected":false},"excerpt":{"rendered":"<p>TeenStreet began in 1992 as a vision for an international Christian conference for teens. Founders Dan and Suzie Potter from the U.S. gave it the name TeenStreet \u201cbecause the whole purpose was to give teens a street to travel upon\u2026a way to live\u201d. The first TeenStreet was held in Offenburg, Germany, in the summer of [&hellip;]<\/p>\n","protected":false},"author":1,"featured_media":7036,"parent":56,"menu_order":0,"comment_status":"closed","ping_status":"closed","template":"","meta":{"iawp_total_views":23,"footnotes":""},"class_list":["post-60","page","type-page","status-publish","has-post-thumbnail","hentry"],"_links":{"self":[{"href":"https:\/\/teenstreet.life\/eu\/fr\/wp-json\/wp\/v2\/pages\/60","targetHints":{"allow":["GET"]}}],"collection":[{"href":"https:\/\/teenstreet.life\/eu\/fr\/wp-json\/wp\/v2\/pages"}],"about":[{"href":"https:\/\/teenstreet.life\/eu\/fr\/wp-json\/wp\/v2\/types\/page"}],"author":[{"embeddable":true,"href":"https:\/\/teenstreet.life\/eu\/fr\/wp-json\/wp\/v2\/users\/1"}],"replies":[{"embeddable":true,"href":"https:\/\/teenstreet.life\/eu\/fr\/wp-json\/wp\/v2\/comments?post=60"}],"version-history":[{"count":1,"href":"https:\/\/teenstreet.life\/eu\/fr\/wp-json\/wp\/v2\/pages\/60\/revisions"}],"predecessor-version":[{"id":7039,"href":"https:\/\/teenstreet.life\/eu\/fr\/wp-json\/wp\/v2\/pages\/60\/revisions\/7039"}],"up":[{"embeddable":true,"href":"https:\/\/teenstreet.life\/eu\/fr\/wp-json\/wp\/v2\/pages\/56"}],"wp:featuredmedia":[{"embeddable":true,"href":"https:\/\/teenstreet.life\/eu\/fr\/wp-json\/wp\/v2\/media\/7036"}],"wp:attachment":[{"href":"https:\/\/teenstreet.life\/eu\/fr\/wp-json\/wp\/v2\/media?parent=60"}],"curies":[{"name":"wp","href":"https:\/\/api.w.org\/{rel}","templated":true}]}}