{"id":1034,"date":"2020-05-29T15:15:20","date_gmt":"2020-05-29T15:15:20","guid":{"rendered":"https:\/\/teenstreet.life\/eu\/?page_id=1034"},"modified":"2025-05-23T16:08:39","modified_gmt":"2025-05-23T14:08:39","slug":"imprimer","status":"publish","type":"page","link":"https:\/\/teenstreet.life\/eu\/fr\/imprint\/","title":{"rendered":"Imprimer"},"content":{"rendered":"<div data-elementor-type=\"wp-page\" data-elementor-id=\"1034\" class=\"elementor elementor-1034\" data-elementor-post-type=\"page\">\n\t\t\t\t\t\t<section class=\"elementor-section elementor-top-section elementor-element elementor-element-51f46195 elementor-section-boxed elementor-section-height-default elementor-section-height-default wpr-particle-no wpr-jarallax-no wpr-parallax-no wpr-sticky-section-no\" data-id=\"51f46195\" data-element_type=\"section\" data-e-type=\"section\">\n\t\t\t\t\t\t<div class=\"elementor-container elementor-column-gap-default\">\n\t\t\t\t\t<div class=\"elementor-column elementor-col-100 elementor-top-column elementor-element elementor-element-4a8aaae4\" data-id=\"4a8aaae4\" data-element_type=\"column\" data-e-type=\"column\">\n\t\t\t<div class=\"elementor-widget-wrap elementor-element-populated\">\n\t\t\t\t\t\t<div class=\"elementor-element elementor-element-6efcf38 elementor-widget elementor-widget-text-editor\" data-id=\"6efcf38\" data-element_type=\"widget\" data-e-type=\"widget\" data-widget_type=\"text-editor.default\">\n\t\t\t\t<div class=\"elementor-widget-container\">\n\t\t\t\t\t\t\t\t\t\n<p>OM Allemagne \/ Op\u00e9ration Mobilisation e. V <br \/>Alte Neckarelzer Str. 2 <br \/>74821 Mosbach\/Allemagne<\/p>\n\n<p>T\u00e9l\u00e9phone : +49 6261 947-0 <br \/>T\u00e9l\u00e9copie : +49 6261 947-147 <br \/>e-mail: <a href=\"mailto:info.de@om.org\">info.de@om.org<\/a><\/p>\n\n<h2 class=\"wp-block-heading\">Comit\u00e9 de direction avec pouvoir de repr\u00e9sentation commun au sens du BGB \u00a7 26\u00a0:<\/h2>\n\n<p>Simone Schwab (Pr\u00e9sidente)<\/p>\n\n<p>Adresse voir ci-dessus.<\/p>\n\n<h2 class=\"wp-block-heading\">Tribunal d&#039;enregistrement :<\/h2>\n\n<p>Mannheim<\/p>\n\n<h2 class=\"wp-block-heading\">Num\u00e9ro d&#039;enregistrement:<\/h2>\n\n<p>RV 440471<\/p>\n\n<h2 class=\"wp-block-heading\">Num\u00e9ro d&#039;identification fiscale selon \u00a7 27a\u00a0:<\/h2>\n\n<p>DE 144031730<\/p>\n\n<h2 class=\"wp-block-heading\">Responsable du contenu selon \u00a7 6 MDStV\u00a0:<\/h2>\n\n<p>Tobias K\u00fcbler<\/p>\n\n<p>Adresse voir ci-dessus.<\/p>\n\n<h2 class=\"wp-block-heading\">N<strong>remarques\u00a0:<\/strong><\/h2>\n\n<p>Malgr\u00e9 un contr\u00f4le minutieux du contenu, nous d\u00e9clinons toute responsabilit\u00e9 pour le contenu des liens externes. Les exploitants des pages li\u00e9es sont seuls responsables du contenu de leurs pages.<\/p>\n\n<p>Toutes les images, les graphiques et la conception pr\u00e9sent\u00e9s sur ce site Web sont prot\u00e9g\u00e9s par le droit d&#039;auteur et ne peuvent \u00eatre utilis\u00e9s sans l&#039;autorisation \u00e9crite de l&#039;auteur.<\/p>\n\n<p>Le r\u00e8glement UE n\u00b0 524\/2013 sur le r\u00e8glement des litiges en ligne (RLL) s&#039;appliquera \u00e0 partir du 9 janvier 2016. La plateforme de la Commission europ\u00e9enne pour le r\u00e8glement des litiges en ligne est accessible via le lien suivant : ec.europa.eu\/consumers\/odr\/ Selon les informations qui y sont publi\u00e9es, la plateforme peut \u00eatre utilis\u00e9e conform\u00e9ment \u00e0 l&#039;ODR \u00e0 partir du 15 f\u00e9vrier 2016.<\/p>\n\n<p>Op\u00e9ration Mobilisation e. V. est, selon le dernier avis d&#039;imposition sur les soci\u00e9t\u00e9s que nous avons re\u00e7u le 09.01.2020, StNr. 40004\/04959, exon\u00e9r\u00e9e de l&#039;imp\u00f4t sur les soci\u00e9t\u00e9s par l&#039;administration fiscale de Mosbach en raison de la promotion d&#039;objectifs religieux conform\u00e9ment au \u00a7 5 al. 1 n\u00b0 9 de la loi sur l&#039;imp\u00f4t sur les soci\u00e9t\u00e9s et de la taxe professionnelle conform\u00e9ment au \u00a7 3 n\u00b0 6 de la loi sur la taxe professionnelle. L&#039;association ne facture pas de frais d&#039;adh\u00e9sion.<\/p>\n\t\t\t\t\t\t\t\t<\/div>\n\t\t\t\t<\/div>\n\t\t\t\t\t<\/div>\n\t\t<\/div>\n\t\t\t\t\t<\/div>\n\t\t<\/section>\n\t\t\t\t<\/div>","protected":false},"excerpt":{"rendered":"<p>OM Germany \/ Operation Mobilisation e. V. Alte Neckarelzer Str. 2 74821 Mosbach\/Germany Phone: +49 6261 947-0 Fax: +49 6261 947-147 e-mail: info.de@om.org Executive committee with joint power of representation in the sense of BGB \u00a7 26: Simone Schwab (Chairwoman) Address see above. Registry court: Mannheim Register number: VR 440471 Sales tax identification number according to \u00a7 27a: DE 144031730 Responsible for content according to \u00a7 6 MDStV: Tobias Kuebler Address see above. Notes: Despite careful control of the contents, we do not assume any liability for the contents of external links. The operators of the linked pages are solely responsible for the content of their pages. All pictures, graphics and the design shown on this website are protected by copyright and may not be used without written permission of the author. The EU Regulation No. 524\/2013 on Online Dispute Resolution (ODR) will apply from 9 January 2016. The EU Commission&#8217;s platform for Online Dispute Resolution can be accessed via the following link: ec.europa.eu\/consumers\/odr\/ According to the information published there, the platform can be used in accordance with the ODR from 15 February 2016. Operation Mobilisation e. V. is, according to the last corporate income tax assessment we received on 09.01.2020, StNr. 40004\/04959, exempt from corporate income tax by the Mosbach tax office due to the promotion of religious purposes in accordance with \u00a7 5 Para. 1 No. 9 of the Corporate Income Tax Act and from trade tax in accordance with \u00a7 3 No. 6 of the Trade Tax Act. The association does not charge membership fees.<\/p>","protected":false},"author":1,"featured_media":0,"parent":0,"menu_order":0,"comment_status":"closed","ping_status":"closed","template":"","meta":{"iawp_total_views":1,"footnotes":""},"class_list":["post-1034","page","type-page","status-publish","hentry"],"_links":{"self":[{"href":"https:\/\/teenstreet.life\/eu\/fr\/wp-json\/wp\/v2\/pages\/1034","targetHints":{"allow":["GET"]}}],"collection":[{"href":"https:\/\/teenstreet.life\/eu\/fr\/wp-json\/wp\/v2\/pages"}],"about":[{"href":"https:\/\/teenstreet.life\/eu\/fr\/wp-json\/wp\/v2\/types\/page"}],"author":[{"embeddable":true,"href":"https:\/\/teenstreet.life\/eu\/fr\/wp-json\/wp\/v2\/users\/1"}],"replies":[{"embeddable":true,"href":"https:\/\/teenstreet.life\/eu\/fr\/wp-json\/wp\/v2\/comments?post=1034"}],"version-history":[{"count":5,"href":"https:\/\/teenstreet.life\/eu\/fr\/wp-json\/wp\/v2\/pages\/1034\/revisions"}],"predecessor-version":[{"id":8329,"href":"https:\/\/teenstreet.life\/eu\/fr\/wp-json\/wp\/v2\/pages\/1034\/revisions\/8329"}],"wp:attachment":[{"href":"https:\/\/teenstreet.life\/eu\/fr\/wp-json\/wp\/v2\/media?parent=1034"}],"curies":[{"name":"wp","href":"https:\/\/api.w.org\/{rel}","templated":true}]}}