{"id":7608,"date":"2024-07-29T19:04:06","date_gmt":"2024-07-29T17:04:06","guid":{"rendered":"https:\/\/teenstreet.life\/eu\/?page_id=7608"},"modified":"2024-07-30T12:33:11","modified_gmt":"2024-07-30T10:33:11","slug":"jour-2-audacieux","status":"publish","type":"page","link":"https:\/\/teenstreet.life\/eu\/fr-ch\/day-2-bold\/","title":{"rendered":"Jour 2 - Audace"},"content":{"rendered":"<div data-elementor-type=\"wp-page\" data-elementor-id=\"7608\" class=\"elementor elementor-7608\" data-elementor-post-type=\"page\">\n\t\t\t\t\t\t<section class=\"elementor-section elementor-top-section elementor-element elementor-element-2146acf elementor-section-boxed elementor-section-height-default elementor-section-height-default wpr-particle-no wpr-jarallax-no wpr-parallax-no wpr-sticky-section-no\" data-id=\"2146acf\" data-element_type=\"section\" data-e-type=\"section\">\n\t\t\t\t\t\t<div class=\"elementor-container elementor-column-gap-default\">\n\t\t\t\t\t<div class=\"elementor-column elementor-col-100 elementor-top-column elementor-element elementor-element-ce80660\" data-id=\"ce80660\" data-element_type=\"column\" data-e-type=\"column\">\n\t\t\t<div class=\"elementor-widget-wrap elementor-element-populated\">\n\t\t\t\t\t\t<div class=\"elementor-element elementor-element-04e814a elementor-skin-carousel elementor-arrows-yes elementor-pagination-type-bullets elementor-pagination-position-outside elementor-widget elementor-widget-media-carousel\" data-id=\"04e814a\" data-element_type=\"widget\" data-e-type=\"widget\" data-settings=\"{&quot;skin&quot;:&quot;carousel&quot;,&quot;effect&quot;:&quot;slide&quot;,&quot;show_arrows&quot;:&quot;yes&quot;,&quot;pagination&quot;:&quot;bullets&quot;,&quot;speed&quot;:500,&quot;autoplay&quot;:&quot;yes&quot;,&quot;autoplay_speed&quot;:5000,&quot;loop&quot;:&quot;yes&quot;,&quot;pause_on_hover&quot;:&quot;yes&quot;,&quot;pause_on_interaction&quot;:&quot;yes&quot;,&quot;space_between&quot;:{&quot;unit&quot;:&quot;px&quot;,&quot;size&quot;:10,&quot;sizes&quot;:[]},&quot;space_between_tablet&quot;:{&quot;unit&quot;:&quot;px&quot;,&quot;size&quot;:10,&quot;sizes&quot;:[]},&quot;space_between_mobile&quot;:{&quot;unit&quot;:&quot;px&quot;,&quot;size&quot;:10,&quot;sizes&quot;:[]}}\" data-widget_type=\"media-carousel.default\">\n\t\t\t\t<div class=\"elementor-widget-container\">\n\t\t\t\t\t\t\t\t\t<div class=\"elementor-swiper\">\n\t\t\t\t\t<div class=\"elementor-main-swiper swiper\" role=\"region\" aria-roledescription=\"carousel\" aria-label=\"Dias (diapositives)\">\n\t\t\t\t<div class=\"swiper-wrapper\">\n\t\t\t\t\t\t\t\t\t\t\t<div class=\"swiper-slide\" role=\"group\" aria-roledescription=\"slide\">\n\t\t\t\t\t\t\t\t\t<div class=\"elementor-carousel-image\" role=\"img\" aria-label=\"TS24_Day2_Logo_RvanKranenburg_18_Mainhall\" style=\"background-image: url(&#039;https:\/\/teenstreet.life\/eu\/wp-content\/uploads\/sites\/13\/2024\/07\/TS24_Day2_Logo_RvanKranenburg_18_Mainhall.jpg&#039;)\">\n\n\t\t\t\n\t\t\t\t\t<\/div>\n\t\t\t\t\t\t\t\t<\/div>\n\t\t\t\t\t\t\t\t\t\t\t<div class=\"swiper-slide\" role=\"group\" aria-roledescription=\"slide\">\n\t\t\t\t\t\t\t\t\t<div class=\"elementor-carousel-image\" role=\"img\" aria-label=\"TS24_Day2_Logo_RvanKranenburg_12_Mainhall\" style=\"background-image: url(&#039;https:\/\/teenstreet.life\/eu\/wp-content\/uploads\/sites\/13\/2024\/07\/TS24_Day2_Logo_RvanKranenburg_12_Mainhall.jpg&#039;)\">\n\n\t\t\t\n\t\t\t\t\t<\/div>\n\t\t\t\t\t\t\t\t<\/div>\n\t\t\t\t\t\t\t\t\t\t\t<div class=\"swiper-slide\" role=\"group\" aria-roledescription=\"slide\">\n\t\t\t\t\t\t\t\t\t<div class=\"elementor-carousel-image\" role=\"img\" aria-label=\"TS24_Day2_Logo_MBosch_28_Throneroom\" style=\"background-image: url(&#039;https:\/\/teenstreet.life\/eu\/wp-content\/uploads\/sites\/13\/2024\/07\/TS24_Day2_Logo_MBosch_28_Throneroom.jpg&#039;)\">\n\n\t\t\t\n\t\t\t\t\t<\/div>\n\t\t\t\t\t\t\t\t<\/div>\n\t\t\t\t\t\t\t\t\t\t\t<div class=\"swiper-slide\" role=\"group\" aria-roledescription=\"slide\">\n\t\t\t\t\t\t\t\t\t<div class=\"elementor-carousel-image\" role=\"img\" aria-label=\"TS24_DAY2_Logo_ASchneider_10_Interact\" style=\"background-image: url(&#039;https:\/\/teenstreet.life\/eu\/wp-content\/uploads\/sites\/13\/2024\/07\/TS24_DAY2_Logo_ASchneider_10_Interact-scaled.jpg&#039;)\">\n\n\t\t\t\n\t\t\t\t\t<\/div>\n\t\t\t\t\t\t\t\t<\/div>\n\t\t\t\t\t\t\t\t\t\t\t<div class=\"swiper-slide\" role=\"group\" aria-roledescription=\"slide\">\n\t\t\t\t\t\t\t\t\t<div class=\"elementor-carousel-image\" role=\"img\" aria-label=\"TS24_Day2_Logo_RvanKranenburg_09_Mainhall\" style=\"background-image: url(&#039;https:\/\/teenstreet.life\/eu\/wp-content\/uploads\/sites\/13\/2024\/07\/TS24_Day2_Logo_RvanKranenburg_09_Mainhall.jpg&#039;)\">\n\n\t\t\t\n\t\t\t\t\t<\/div>\n\t\t\t\t\t\t\t\t<\/div>\n\t\t\t\t\t\t\t\t\t<\/div>\n\t\t\t\t\t\t\t\t\t\t\t\t\t\t\t<div class=\"elementor-swiper-button elementor-swiper-button-prev\" role=\"button\" tabindex=\"0\" aria-label=\"Tidligere\" data-no-translation-aria-label=\"\">\n\t\t\t\t\t\t\t<i aria-hidden=\"true\" class=\"eicon-chevron-left\"><\/i>\t\t\t\t\t\t<\/div>\n\t\t\t\t\t\t<div class=\"elementor-swiper-button elementor-swiper-button-next\" role=\"button\" tabindex=\"0\" aria-label=\"N\u00e6ste\" data-no-translation-aria-label=\"\">\n\t\t\t\t\t\t\t<i aria-hidden=\"true\" class=\"eicon-chevron-right\"><\/i>\t\t\t\t\t\t<\/div>\n\t\t\t\t\t\t\t\t\t\t\t\t\t\t\t\t<div class=\"swiper-pagination\"><\/div>\n\t\t\t\t\t\t\t\t\t\t\t\t<\/div>\n\t\t\t\t<\/div>\n\t\t\t\t\t\t\t\t<\/div>\n\t\t\t\t<\/div>\n\t\t\t\t<div class=\"elementor-element elementor-element-976dc05 elementor-widget elementor-widget-text-editor\" data-id=\"976dc05\" data-element_type=\"widget\" data-e-type=\"widget\" data-widget_type=\"text-editor.default\">\n\t\t\t\t<div class=\"elementor-widget-container\">\n\t\t\t\t\t\t\t\t\t<div style=\"clear: both;cursor: text;overflow: visible;position: relative;direction: ltr;, arial, verdana, sans-serif;font-size: 12px\"><div style=\"clear: both;cursor: text;overflow: visible;position: relative;direction: ltr;font-family: 'Segoe UI', 'Segoe UI Web', Arial, Verdana, sans-serif\"><p style=\"margin-right: 0px;margin-bottom: 0px;margin-left: 0px;vertical-align: baseline\"><span lang=\"EN-US\" style=\"font-size: 13pt;line-height: 21.583333px;font-family: AppleSystemUIFont, AppleSystemUIFont_EmbeddedFont, AppleSystemUIFont_MSFontService, sans-serif\" xml:lang=\"EN-US\" data-contrast=\"auto\"><span>\"<\/span><span>L'audace, c'est de ne pas ressentir de<\/span><span>et ensuite agir - c'est le contraire !\". <\/span><span>Pierre, le l\u00e2che qui a reni\u00e9 J\u00e9sus, est devenu <\/span><span>audacieux<\/span><span> quand il a commenc\u00e9 \u00e0 agir comme J\u00e9sus, \u00e0 l'imiter. C'est ainsi que <\/span><span style=\"background-position: 0px 100%;background-repeat: repeat-x;background-image: var(--urlSpellingErrorV2,);border-bottom-width: 1px;border-bottom-style: solid;border-bottom-color: transparent\">audace<\/span><span> est n\u00e9. Avec les versets de Romains 8:37-39 et la promesse que nous sommes plus que vainqueurs, les adolescents ont \u00e9t\u00e9 renvoy\u00e9s de la salle principale pour rejoindre leurs petits groupes.<\/span><\/span><span style=\"font-size: 13pt;line-height: 21.583333px;font-family: AppleSystemUIFont, AppleSystemUIFont_EmbeddedFont, AppleSystemUIFont_MSFontService, sans-serif\" data-ccp-props=\"{}\">\u00a0<\/span><\/p><\/div><div style=\"clear: both;cursor: text;overflow: visible;position: relative;direction: ltr;font-family: 'Segoe UI', 'Segoe UI Web', Arial, Verdana, sans-serif\"><p style=\"margin-right: 0px;margin-bottom: 0px;margin-left: 0px;vertical-align: baseline\"><span style=\"font-size: 13pt;line-height: 21.583333px;font-family: AppleSystemUIFont, AppleSystemUIFont_EmbeddedFont, AppleSystemUIFont_MSFontService, sans-serif\" data-ccp-props=\"{}\">\u00a0<\/span><\/p><\/div><div style=\"clear: both;cursor: text;overflow: visible;position: relative;direction: ltr;font-family: 'Segoe UI', 'Segoe UI Web', Arial, Verdana, sans-serif\"><p style=\"margin-right: 0px;margin-bottom: 0px;margin-left: 0px;vertical-align: baseline\"><span lang=\"EN-US\" style=\"font-size: 13pt;line-height: 21.583333px;font-family: AppleSystemUIFont, AppleSystemUIFont_EmbeddedFont, AppleSystemUIFont_MSFontService, sans-serif\" xml:lang=\"EN-US\" data-contrast=\"auto\"><span>TeenStreet fait partie de l'OM (Operation Mobili<\/span><span>z<\/span><span>ation<\/span><span style=\"background-position: 0px 100%;background-repeat: repeat-x;background-image: var(--urlContextualSpellingAndGrammarErrorV2,);border-bottom-width: 1px;border-bottom-style: solid;border-bottom-color: transparent\">)<\/span><span> et l'OM veut atteindre les 3 milliards de personnes qui ont peu d'occasions d'entendre parler de J\u00e9sus et de son amour. C'est pourquoi TeenStreet se concentre \u00e9galement sur un pays non atteint chaque jour. Aujourd'hui, le pays non atteint \u00e9tait le Kirghizistan. Nous avons donc pri\u00e9 pour ce pays et son peuple \u00e0 diff\u00e9rents endroits tout au long de la journ\u00e9e.\u00a0<\/span><\/span><span style=\"font-size: 13pt;line-height: 21.583333px;font-family: AppleSystemUIFont, AppleSystemUIFont_EmbeddedFont, AppleSystemUIFont_MSFontService, sans-serif\" data-ccp-props=\"{}\">\u00a0<\/span><\/p><\/div><div style=\"clear: both;cursor: text;overflow: visible;position: relative;direction: ltr;font-family: 'Segoe UI', 'Segoe UI Web', Arial, Verdana, sans-serif\"><p style=\"margin-right: 0px;margin-bottom: 0px;margin-left: 0px;vertical-align: baseline\"><span style=\"font-size: 13pt;line-height: 21.583333px;font-family: AppleSystemUIFont, AppleSystemUIFont_EmbeddedFont, AppleSystemUIFont_MSFontService, sans-serif\" data-ccp-props=\"{}\">\u00a0<\/span><\/p><\/div><div style=\"clear: both;cursor: text;overflow: visible;position: relative;direction: ltr;font-family: 'Segoe UI', 'Segoe UI Web', Arial, Verdana, sans-serif\"><p style=\"margin-right: 0px;margin-bottom: 0px;margin-left: 0px;vertical-align: baseline\"><span lang=\"EN-US\" style=\"font-size: 13pt;line-height: 21.583333px;font-family: AppleSystemUIFont, AppleSystemUIFont_EmbeddedFont, AppleSystemUIFont_MSFontService, sans-serif\" xml:lang=\"EN-US\" data-contrast=\"auto\"><span>La salle du tr\u00f4ne nous a rappel\u00e9 l'histoire de la gu\u00e9rison du mendiant dans Actes 3. Le mendiant, Pierre et Jean avaient une chose en commun : l'amour de la vie. <\/span><span style=\"background-position: 0px 100%;background-repeat: repeat-x;background-image: var(--urlContextualSpellingAndGrammarErrorV2,);border-bottom-width: 1px;border-bottom-style: solid;border-bottom-color: transparent\">P\u00e8re<\/span><span> qui les conna\u00eet, les aime <\/span><span>les<\/span><span> et veut les gu\u00e9rir - et il en va de m\u00eame pour nous. Elle <\/span><span style=\"background-position: 0px 100%;background-repeat: repeat-x;background-image: var(--urlSpellingErrorV2,);border-bottom-width: 1px;border-bottom-style: solid;border-bottom-color: transparent\">Limebear<\/span><span> (Royaume-Uni) a dirig\u00e9 le culte. Elle a parl\u00e9 de la sant\u00e9 mentale et de ses propres probl\u00e8mes d'anxi\u00e9t\u00e9 et d'angoisse. <\/span><span>soulign\u00e9<\/span><span> que nous ne pouvons trouver la s\u00e9curit\u00e9, l'espoir et la paix qu'en J\u00e9sus. Elle nous a mis au d\u00e9fi de faire le prochain pas audacieux de la foi - aller vers l'\u00e9quipe de pri\u00e8re, parler \u00e0 notre entra\u00eeneur ou \u00e0 notre petit groupe. Dieu nous attend d\u00e9j\u00e0.\u00a0<\/span><\/span><span style=\"font-size: 13pt;line-height: 21.583333px;font-family: AppleSystemUIFont, AppleSystemUIFont_EmbeddedFont, AppleSystemUIFont_MSFontService, sans-serif\" data-ccp-props=\"{}\">\u00a0<\/span><\/p><\/div><div style=\"clear: both;cursor: text;overflow: visible;position: relative;direction: ltr;font-family: 'Segoe UI', 'Segoe UI Web', Arial, Verdana, sans-serif\"><p style=\"margin-right: 0px;margin-bottom: 0px;margin-left: 0px;vertical-align: baseline\"><span style=\"font-size: 13pt;line-height: 21.583333px;font-family: AppleSystemUIFont, AppleSystemUIFont_EmbeddedFont, AppleSystemUIFont_MSFontService, sans-serif\" data-ccp-props=\"{}\">\u00a0<\/span><\/p><\/div><div style=\"clear: both;cursor: text;overflow: visible;position: relative;direction: ltr;font-family: 'Segoe UI', 'Segoe UI Web', Arial, Verdana, sans-serif\"><p style=\"margin-right: 0px;margin-bottom: 0px;margin-left: 0px;vertical-align: baseline\"><span lang=\"EN-US\" style=\"font-size: 13pt;line-height: 21.583333px;font-family: AppleSystemUIFont, AppleSystemUIFont_EmbeddedFont, AppleSystemUIFont_MSFontService, sans-serif\" xml:lang=\"EN-US\" data-contrast=\"auto\"><span>Le temps d'adoration \u00e9tait intense et ceux qui voulaient rester plus longtemps dans la pr\u00e9sence de Dieu ont pu continuer \u00e0 le faire<\/span><span> louange<\/span><span> Lui dans le hall principal, tandis que les autres ont termin\u00e9 une autre journ\u00e9e TeenStreet avec des hamburgers, des cocktails non alcoolis\u00e9s, du sport, du plaisir et de la camaraderie.<\/span><\/span><span style=\"font-size: 13pt;line-height: 21.583333px;font-family: AppleSystemUIFont, AppleSystemUIFont_EmbeddedFont, AppleSystemUIFont_MSFontService, sans-serif\" data-ccp-props=\"{}\">\u00a0<\/span><\/p><\/div><\/div><div style=\"clear: both;cursor: text;overflow: visible;position: relative;direction: ltr;, arial, verdana, sans-serif;font-size: 12px\">\u00a0<\/div>\t\t\t\t\t\t\t\t<\/div>\n\t\t\t\t<\/div>\n\t\t\t\t\t<\/div>\n\t\t<\/div>\n\t\t\t\t\t<\/div>\n\t\t<\/section>\n\t\t\t\t<section class=\"elementor-section elementor-top-section elementor-element elementor-element-ae84be4 elementor-section-boxed elementor-section-height-default elementor-section-height-default wpr-particle-no wpr-jarallax-no wpr-parallax-no wpr-sticky-section-no\" data-id=\"ae84be4\" data-element_type=\"section\" data-e-type=\"section\">\n\t\t\t\t\t\t<div class=\"elementor-container elementor-column-gap-default\">\n\t\t\t\t\t<div class=\"elementor-column elementor-col-100 elementor-top-column elementor-element elementor-element-06f2652\" data-id=\"06f2652\" data-element_type=\"column\" data-e-type=\"column\">\n\t\t\t<div class=\"elementor-widget-wrap elementor-element-populated\">\n\t\t\t\t\t\t<div class=\"elementor-element elementor-element-1054a12 elementor-widget elementor-widget-image\" data-id=\"1054a12\" data-element_type=\"widget\" data-e-type=\"widget\" data-widget_type=\"image.default\">\n\t\t\t\t<div class=\"elementor-widget-container\">\n\t\t\t\t\t\t\t\t\t\t\t\t\t\t\t<img decoding=\"async\" src=\"https:\/\/teenstreet.life\/eu\/wp-content\/uploads\/sites\/13\/2024\/07\/Capture-decran-2024-07-30-a-09.37.43.png\" title=\"Capture d&#039;\u00e9cran 2024-07-30 \u00e0 09.37.43\" alt=\"Capture d&#039;\u00e9cran 2024-07-30 \u00e0 09.37.43\" loading=\"lazy\" \/>\t\t\t\t\t\t\t\t\t\t\t\t\t\t\t<\/div>\n\t\t\t\t<\/div>\n\t\t\t\t\t<\/div>\n\t\t<\/div>\n\t\t\t\t\t<\/div>\n\t\t<\/section>\n\t\t\t\t<\/div>","protected":false},"excerpt":{"rendered":"<p>Previous Next \u201cBoldness is not feeling something and THEN acting \u2013 it\u2019s the opposite!\u201d Peter, the coward who denied Jesus, became bold when he began to act like Jesus, imitating him. This is how boldness is born. With the verses from Romans 8:37-39 and the promise that we are more than conquerors, the teenagers were dismissed from the Main Hall to go to their small groups.\u00a0 \u00a0 TeenStreet is part of OM (Operation Mobilization) and OM wants to reach the 3 billion people who have little opportunity to hear about Jesus and His love. So TeenStreet also focuses on an unreached country every day. Todays unreached country was Kyrgyzstan so we prayed for the country and their people in various places throughout the day.\u00a0\u00a0 \u00a0 During Throne Room, we were reminded about the story of the healing of the beggar in Acts 3. The beggar, Peter and John had one thing in common: the Father who knows them, loves them and wants to heal them &#8211; and the same is true for us. Elle Limebear (UK) led the worship. She spoke about mental health and her own problems with anxiety and emphasized that we can only find safety, hope and peace in Jesus. She challenged us to take the next bold step of faith &#8211; go to the prayer team, talk to our coach or small group. God is already waiting for us.\u00a0\u00a0 \u00a0 The worship time was intense and those who wanted to stay in God&#8217;s presence longer were able to continue praising Him in the Main Hall, while the others ended another TeenStreet day with burgers, non-alcoholic cocktails, sports, fun and fellowship.\u00a0 \u00a0<\/p>","protected":false},"author":74,"featured_media":7720,"parent":0,"menu_order":0,"comment_status":"closed","ping_status":"closed","template":"","meta":{"iawp_total_views":0,"footnotes":""},"class_list":["post-7608","page","type-page","status-publish","has-post-thumbnail","hentry"],"_links":{"self":[{"href":"https:\/\/teenstreet.life\/eu\/fr-ch\/wp-json\/wp\/v2\/pages\/7608","targetHints":{"allow":["GET"]}}],"collection":[{"href":"https:\/\/teenstreet.life\/eu\/fr-ch\/wp-json\/wp\/v2\/pages"}],"about":[{"href":"https:\/\/teenstreet.life\/eu\/fr-ch\/wp-json\/wp\/v2\/types\/page"}],"author":[{"embeddable":true,"href":"https:\/\/teenstreet.life\/eu\/fr-ch\/wp-json\/wp\/v2\/users\/74"}],"replies":[{"embeddable":true,"href":"https:\/\/teenstreet.life\/eu\/fr-ch\/wp-json\/wp\/v2\/comments?post=7608"}],"version-history":[{"count":5,"href":"https:\/\/teenstreet.life\/eu\/fr-ch\/wp-json\/wp\/v2\/pages\/7608\/revisions"}],"predecessor-version":[{"id":7868,"href":"https:\/\/teenstreet.life\/eu\/fr-ch\/wp-json\/wp\/v2\/pages\/7608\/revisions\/7868"}],"wp:featuredmedia":[{"embeddable":true,"href":"https:\/\/teenstreet.life\/eu\/fr-ch\/wp-json\/wp\/v2\/media\/7720"}],"wp:attachment":[{"href":"https:\/\/teenstreet.life\/eu\/fr-ch\/wp-json\/wp\/v2\/media?parent=7608"}],"curies":[{"name":"wp","href":"https:\/\/api.w.org\/{rel}","templated":true}]}}