{"id":56,"date":"2020-05-25T09:23:25","date_gmt":"2020-05-25T09:23:25","guid":{"rendered":"https:\/\/teenstreet.life\/eu\/?page_id=56"},"modified":"2023-11-29T12:56:54","modified_gmt":"2023-11-29T11:56:54","slug":"sur","status":"publish","type":"page","link":"https:\/\/teenstreet.life\/eu\/fr-ch\/about\/","title":{"rendered":"\u00c0 propos de Teenstreet"},"content":{"rendered":"<div data-elementor-type=\"wp-page\" data-elementor-id=\"56\" class=\"elementor elementor-56\" data-elementor-post-type=\"page\">\n\t\t\t\t\t\t<section class=\"elementor-section elementor-top-section elementor-element elementor-element-c593276 elementor-section-boxed elementor-section-height-default elementor-section-height-default wpr-particle-no wpr-jarallax-no wpr-parallax-no wpr-sticky-section-no\" data-id=\"c593276\" data-element_type=\"section\" data-e-type=\"section\">\n\t\t\t\t\t\t<div class=\"elementor-container elementor-column-gap-default\">\n\t\t\t\t\t<div class=\"elementor-column elementor-col-16 elementor-top-column elementor-element elementor-element-2af51f9\" data-id=\"2af51f9\" data-element_type=\"column\" data-e-type=\"column\">\n\t\t\t<div class=\"elementor-widget-wrap\">\n\t\t\t\t\t\t\t<\/div>\n\t\t<\/div>\n\t\t\t\t<div class=\"elementor-column elementor-col-66 elementor-top-column elementor-element elementor-element-9c8ab1e\" data-id=\"9c8ab1e\" data-element_type=\"column\" data-e-type=\"column\">\n\t\t\t<div class=\"elementor-widget-wrap elementor-element-populated\">\n\t\t\t\t\t\t<div class=\"elementor-element elementor-element-4f3065b elementor-widget elementor-widget-text-editor\" data-id=\"4f3065b\" data-element_type=\"widget\" data-e-type=\"widget\" data-widget_type=\"text-editor.default\">\n\t\t\t\t<div class=\"elementor-widget-container\">\n\t\t\t\t\t\t\t\t\t<p>TeenStreet est un \u00e9v\u00e9nement chr\u00e9tien international pour adolescents. Nous travaillons avec l&#039;\u00c9glise pour motiver, \u00e9quiper et marcher aux c\u00f4t\u00e9s des adolescents (chr\u00e9tiens) de toute l&#039;Europe pour avoir une v\u00e9ritable amiti\u00e9 avec J\u00e9sus et le refl\u00e9ter quotidiennement dans leur monde.<\/p><p>TeenStreet a commenc\u00e9 en 1993 avec un total de 53 adolescents et a grandi rapidement. Aujourd&#039;hui, nous avons 7 \u00e9v\u00e9nements annuels d&#039;une semaine dans 6 pays et plusieurs week-ends dans plus de 15 pays, r\u00e9partis sur 4 continents. Environ 10 000 participants et b\u00e9n\u00e9voles assistent et s&#039;investissent dans ces \u00e9v\u00e9nements. Au cours des prochaines ann\u00e9es, nous nous attendons \u00e0 voir au moins 30 autres \u00e9v\u00e9nements commencer dans des pays du monde entier, notamment au Moyen-Orient, en Afrique et en Asie.<\/p><p>Nous nous engageons \u00e0 travailler avec des \u00e9glises et des groupes de jeunes, en les soutenant dans leur minist\u00e8re aupr\u00e8s des adolescents. En m\u00eame temps, nous mettons l&#039;accent sur la coop\u00e9ration avec les \u00e9glises, car il est si important que les adolescents aient une communaut\u00e9 chr\u00e9tienne \u00e0 laquelle faire partie apr\u00e8s TeenStreet.<\/p><p>Chez TeenStreet, nous voulons encourager les adolescents dans leur marche avec J\u00e9sus et les aider \u00e0 prendre de sages d\u00e9cisions. C&#039;est pourquoi chaque participant fait partie d&#039;un petit groupe. Les membres d&#039;un petit groupe partagent la m\u00eame langue et ont le m\u00eame \u00e2ge. Leur leader adulte les soutient et partage avec eux sa relation personnelle avec J\u00e9sus.<\/p><p>Au cours des principales rencontres, les adolescents apprennent aussi \u00e0 vivre en relation avec Dieu. Ils apportent ce qu&#039;ils entendent dans les r\u00e9unions principales \u00e0 leurs petits groupes pour y r\u00e9fl\u00e9chir et l&#039;appliquer \u00e0 leur vie \u00e0 la maison. De plus, TeenStreet propose de nombreuses activit\u00e9s passionnantes auxquelles les adolescents peuvent participer, notamment des sports, des arts cr\u00e9atifs, des s\u00e9minaires et des ateliers. Ils ont \u00e9galement du temps libre pour faire connaissance avec des personnes d&#039;autres pays, avec des contextes culturels et religieux diff\u00e9rents.<\/p>\t\t\t\t\t\t\t\t<\/div>\n\t\t\t\t<\/div>\n\t\t\t\t<div class=\"elementor-element elementor-element-bfa60f8 elementor-widget elementor-widget-heading\" data-id=\"bfa60f8\" data-element_type=\"widget\" data-e-type=\"widget\" data-widget_type=\"heading.default\">\n\t\t\t\t<div class=\"elementor-widget-container\">\n\t\t\t\t\t<h2 class=\"elementor-heading-title elementor-size-default\">Vision<\/h2>\t\t\t\t<\/div>\n\t\t\t\t<\/div>\n\t\t\t\t<div class=\"elementor-element elementor-element-7a02c69 elementor-blockquote--skin-quotation elementor-widget elementor-widget-blockquote\" data-id=\"7a02c69\" data-element_type=\"widget\" data-e-type=\"widget\" data-widget_type=\"blockquote.default\">\n\t\t\t\t<div class=\"elementor-widget-container\">\n\t\t\t\t\t\t\t<blockquote class=\"elementor-blockquote\">\n\t\t\t<p class=\"elementor-blockquote__content\">\n\t\t\t\tTeenStreet travaille avec l&#039;\u00c9glise pour motiver, \u00e9quiper et marcher aux c\u00f4t\u00e9s des adolescents (chr\u00e9tiens) pour avoir une v\u00e9ritable amiti\u00e9 avec J\u00e9sus et le refl\u00e9ter quotidiennement dans leur monde.  \t\t\t<\/p>\n\t\t\t\t\t<\/blockquote>\n\t\t\t\t\t\t<\/div>\n\t\t\t\t<\/div>\n\t\t\t\t<div class=\"elementor-element elementor-element-c367197 elementor-widget elementor-widget-heading\" data-id=\"c367197\" data-element_type=\"widget\" data-e-type=\"widget\" data-widget_type=\"heading.default\">\n\t\t\t\t<div class=\"elementor-widget-container\">\n\t\t\t\t\t<h2 class=\"elementor-heading-title elementor-size-default\">En savoir plus sur TeenStreet<\/h2>\t\t\t\t<\/div>\n\t\t\t\t<\/div>\n\t\t\t\t\t<\/div>\n\t\t<\/div>\n\t\t\t\t<div class=\"elementor-column elementor-col-16 elementor-top-column elementor-element elementor-element-e3a5560\" data-id=\"e3a5560\" data-element_type=\"column\" data-e-type=\"column\">\n\t\t\t<div class=\"elementor-widget-wrap\">\n\t\t\t\t\t\t\t<\/div>\n\t\t<\/div>\n\t\t\t\t\t<\/div>\n\t\t<\/section>\n\t\t\t\t<section class=\"elementor-section elementor-inner-section elementor-element elementor-element-6d47c340 elementor-section-boxed elementor-section-height-default elementor-section-height-default wpr-particle-no wpr-jarallax-no wpr-parallax-no wpr-sticky-section-no\" data-id=\"6d47c340\" data-element_type=\"section\" data-e-type=\"section\">\n\t\t\t\t\t\t<div class=\"elementor-container elementor-column-gap-extended\">\n\t\t\t\t\t<div class=\"elementor-column elementor-col-33 elementor-inner-column elementor-element elementor-element-64429f9c\" data-id=\"64429f9c\" data-element_type=\"column\" data-e-type=\"column\">\n\t\t\t<div class=\"elementor-widget-wrap elementor-element-populated\">\n\t\t\t\t\t\t<div class=\"elementor-element elementor-element-59b56d48 elementor-widget elementor-widget-ts-card\" data-id=\"59b56d48\" data-element_type=\"widget\" data-e-type=\"widget\" data-widget_type=\"ts-card.default\">\n\t\t\t\t<div class=\"elementor-widget-container\">\n\t\t\t\t\t            <div class=\"ts-card ts-image-background\" style=\"background-image: url(https:\/\/teenstreet.life\/eu\/wp-content\/uploads\/sites\/13\/2020\/05\/teenstreet-1993-participants.jpg);\">\r\n\r\n                \t\t\t\t\t<h3 class=\"ts-card-title\">\r\n\t\t\t\t\t\t<a href=\"https:\/\/teenstreet.life\/eu\/fr-ch\/sur\/lhistoire\/\">\r\n\t\t\t\t\t\t\tHistoire\t\t\t\t\t\t<\/a>\r\n                    <\/h3>\r\n                \r\n                                    <p class=\"ts-card-description\">\r\n                        TeenStreet a commenc\u00e9 en 1993 avec 56 participants \u00e0 Oldenburg. Aujourd&#039;hui, 4 000 participants de 20 pays diff\u00e9rents se r\u00e9unissent chaque ann\u00e9e pour mieux conna\u00eetre J\u00e9sus et rendre Dieu grand !                    <\/p>\r\n                \t\t\t\t\r\n\r\n                                    <a class=\"ts-card-button elementor-button-link\" href=\"https:\/\/teenstreet.life\/eu\/fr-ch\/sur\/lhistoire\/\">\r\n                        Plus d&#039;information                    <\/a>\r\n                \r\n                 \r\n                    <a class=\"ts-card-full-link\" href=\"https:\/\/teenstreet.life\/eu\/fr-ch\/sur\/lhistoire\/\"><\/a>\r\n                \r\n            <\/div>\r\n\r\n        \t\t\t\t<\/div>\n\t\t\t\t<\/div>\n\t\t\t\t\t<\/div>\n\t\t<\/div>\n\t\t\t\t<div class=\"elementor-column elementor-col-33 elementor-inner-column elementor-element elementor-element-364681c9\" data-id=\"364681c9\" data-element_type=\"column\" data-e-type=\"column\">\n\t\t\t<div class=\"elementor-widget-wrap elementor-element-populated\">\n\t\t\t\t\t\t<div class=\"elementor-element elementor-element-7a182468 elementor-widget elementor-widget-ts-card\" data-id=\"7a182468\" data-element_type=\"widget\" data-e-type=\"widget\" data-widget_type=\"ts-card.default\">\n\t\t\t\t<div class=\"elementor-widget-container\">\n\t\t\t\t\t            <div class=\"ts-card ts-image-background\" style=\"background-image: url(https:\/\/teenstreet.life\/eu\/wp-content\/uploads\/sites\/13\/2020\/05\/core-values-480x480.jpg);\">\r\n\r\n                \t\t\t\t\t<h3 class=\"ts-card-title\">\r\n\t\t\t\t\t\t<a href=\"https:\/\/teenstreet.life\/eu\/fr-ch\/sur\/valeurs-fondamentales\/\">\r\n\t\t\t\t\t\t\tValeurs fondamentales\t\t\t\t\t\t<\/a>\r\n                    <\/h3>\r\n                \r\n                                    <p class=\"ts-card-description\">\r\n                        Chez TeenStreet, nous pensons que les adolescents doivent \u00eatre pris au s\u00e9rieux. leurs r\u00eaves et leurs combats. Ce sont les leaders de demain dans lesquels nous devons investir. C&#039;est pourquoi TeenStreet existe.                    <\/p>\r\n                \t\t\t\t\r\n\r\n                                    <a class=\"ts-card-button elementor-button-link\" href=\"https:\/\/teenstreet.life\/eu\/fr-ch\/sur\/valeurs-fondamentales\/\">\r\n                        Nos valeurs                    <\/a>\r\n                \r\n                 \r\n                    <a class=\"ts-card-full-link\" href=\"https:\/\/teenstreet.life\/eu\/fr-ch\/sur\/valeurs-fondamentales\/\"><\/a>\r\n                \r\n            <\/div>\r\n\r\n        \t\t\t\t<\/div>\n\t\t\t\t<\/div>\n\t\t\t\t\t<\/div>\n\t\t<\/div>\n\t\t\t\t<div class=\"elementor-column elementor-col-33 elementor-inner-column elementor-element elementor-element-10a5bb30\" data-id=\"10a5bb30\" data-element_type=\"column\" data-e-type=\"column\">\n\t\t\t<div class=\"elementor-widget-wrap elementor-element-populated\">\n\t\t\t\t\t\t<div class=\"elementor-element elementor-element-2524ee34 elementor-widget elementor-widget-ts-card\" data-id=\"2524ee34\" data-element_type=\"widget\" data-e-type=\"widget\" data-widget_type=\"ts-card.default\">\n\t\t\t\t<div class=\"elementor-widget-container\">\n\t\t\t\t\t            <div class=\"ts-card ts-image-background\" style=\"background-image: url(https:\/\/teenstreet.life\/eu\/wp-content\/uploads\/sites\/13\/2020\/05\/ts-about-om-480x480.png);\">\r\n\r\n                \t\t\t\t\t<h3 class=\"ts-card-title\">\r\n\t\t\t\t\t\t<a href=\"https:\/\/teenstreet.life\/eu\/fr-ch\/sur\/a-propos-de\/\">\r\n\t\t\t\t\t\t\t\u00c0 propos de l&#039;OM\t\t\t\t\t\t<\/a>\r\n                    <\/h3>\r\n                \r\n                                    <p class=\"ts-card-description\">\r\n                        TeenStreet est un minist\u00e8re d&#039;Operation Mobilization, une organisation missionnaire op\u00e9rant dans plus de 110 pays qui \u00e9quipe et motive les gens \u00e0 partager l&#039;amour de Dieu dans le monde entier.                    <\/p>\r\n                \t\t\t\t\r\n\r\n                                    <a class=\"ts-card-button elementor-button-link\" href=\"https:\/\/teenstreet.life\/eu\/fr-ch\/sur\/a-propos-de\/\">\r\n                        D\u00e9couvrir plus                    <\/a>\r\n                \r\n                 \r\n                    <a class=\"ts-card-full-link\" href=\"https:\/\/teenstreet.life\/eu\/fr-ch\/sur\/a-propos-de\/\"><\/a>\r\n                \r\n            <\/div>\r\n\r\n        \t\t\t\t<\/div>\n\t\t\t\t<\/div>\n\t\t\t\t\t<\/div>\n\t\t<\/div>\n\t\t\t\t\t<\/div>\n\t\t<\/section>\n\t\t\t\t<\/div>","protected":false},"excerpt":{"rendered":"<p>TeenStreet is an international Christian event for teenagers. We work with the Church to motivate, equip and walk alongside (Christian) teens from all across Europe to have a real friendship with Jesus and reflect Him daily in their world. TeenStreet started in 1993 with a total of 53 teenagers and has grown rapidly. Today we have 7 annual week-long events in 6 countries and multiple weekend events in over 15 countries, spread over 4 continents. Around 10,000 participants and volunteers attend and invest in these events. In the next years, we expect to see at least 30 more events started in countries across the world, including the Middle East, Africa, and Asia. We are committed to working with churches and youth groups, supporting them in their ministry to teenagers. At the same time, we emphasise cooperation with churches, because it\u2019s so important that teenagers have a Christian community to be part of after TeenStreet. At TeenStreet we want to encourage teenagers in their walk with Jesus and help them make wise decisions. That is why every participant is part of a small group. Members of a small group share the same language and are the same age. Their adult leader supports them and shares his or her personal relationship with Jesus with them. During the main meetings the teenagers also learn about living in relationship with God. They take what they hear in the main meetings to their small groups to reflect on it and apply it to their lives at home. In addition, TeenStreet offers many exciting things for the teenagers to take part in, including sports, creative arts, seminars and workshops. They also have free time to get to know people from other countries, with different cultural and church backgrounds. Vision TeenStreet works with the Church to motivate, equip and walk alongside (Christian) teens to have a real friendship with Jesus and reflect Him daily in their world. More about TeenStreet<\/p>","protected":false},"author":1,"featured_media":334,"parent":0,"menu_order":0,"comment_status":"closed","ping_status":"closed","template":"","meta":{"iawp_total_views":46,"footnotes":""},"class_list":["post-56","page","type-page","status-publish","has-post-thumbnail","hentry"],"_links":{"self":[{"href":"https:\/\/teenstreet.life\/eu\/fr-ch\/wp-json\/wp\/v2\/pages\/56","targetHints":{"allow":["GET"]}}],"collection":[{"href":"https:\/\/teenstreet.life\/eu\/fr-ch\/wp-json\/wp\/v2\/pages"}],"about":[{"href":"https:\/\/teenstreet.life\/eu\/fr-ch\/wp-json\/wp\/v2\/types\/page"}],"author":[{"embeddable":true,"href":"https:\/\/teenstreet.life\/eu\/fr-ch\/wp-json\/wp\/v2\/users\/1"}],"replies":[{"embeddable":true,"href":"https:\/\/teenstreet.life\/eu\/fr-ch\/wp-json\/wp\/v2\/comments?post=56"}],"version-history":[{"count":2,"href":"https:\/\/teenstreet.life\/eu\/fr-ch\/wp-json\/wp\/v2\/pages\/56\/revisions"}],"predecessor-version":[{"id":8573,"href":"https:\/\/teenstreet.life\/eu\/fr-ch\/wp-json\/wp\/v2\/pages\/56\/revisions\/8573"}],"wp:featuredmedia":[{"embeddable":true,"href":"https:\/\/teenstreet.life\/eu\/fr-ch\/wp-json\/wp\/v2\/media\/334"}],"wp:attachment":[{"href":"https:\/\/teenstreet.life\/eu\/fr-ch\/wp-json\/wp\/v2\/media?parent=56"}],"curies":[{"name":"wp","href":"https:\/\/api.w.org\/{rel}","templated":true}]}}