{"id":4013,"date":"2021-04-19T16:30:12","date_gmt":"2021-04-19T14:30:12","guid":{"rendered":"https:\/\/teenstreet.life\/eu\/?page_id=4013"},"modified":"2025-02-14T10:29:04","modified_gmt":"2025-02-14T09:29:04","slug":"etre-separe","status":"publish","type":"page","link":"https:\/\/teenstreet.life\/eu\/fr-ch\/teenstreet\/be-a-part\/","title":{"rendered":"Faites-en partie!"},"content":{"rendered":"<div data-elementor-type=\"wp-page\" data-elementor-id=\"4013\" class=\"elementor elementor-4013\" data-elementor-post-type=\"page\">\n\t\t\t\t\t\t<section class=\"elementor-section elementor-top-section elementor-element elementor-element-4079d3f elementor-section-content-middle elementor-section-boxed elementor-section-height-default elementor-section-height-default wpr-particle-no wpr-jarallax-no wpr-parallax-no wpr-sticky-section-no\" data-id=\"4079d3f\" data-element_type=\"section\" data-e-type=\"section\">\n\t\t\t\t\t\t<div class=\"elementor-container elementor-column-gap-wider\">\n\t\t\t\t\t<div class=\"elementor-column elementor-col-50 elementor-top-column elementor-element elementor-element-0f5309c\" data-id=\"0f5309c\" data-element_type=\"column\" data-e-type=\"column\">\n\t\t\t<div class=\"elementor-widget-wrap elementor-element-populated\">\n\t\t\t\t\t\t<div class=\"elementor-element elementor-element-6adfb40 elementor-widget elementor-widget-heading\" data-id=\"6adfb40\" data-element_type=\"widget\" data-e-type=\"widget\" data-widget_type=\"heading.default\">\n\t\t\t\t<div class=\"elementor-widget-container\">\n\t\t\t\t\t<h2 class=\"elementor-heading-title elementor-size-default\">Adolescent<\/h2>\t\t\t\t<\/div>\n\t\t\t\t<\/div>\n\t\t\t\t<div class=\"elementor-element elementor-element-7ae250d elementor-widget elementor-widget-text-editor\" data-id=\"7ae250d\" data-element_type=\"widget\" data-e-type=\"widget\" data-widget_type=\"text-editor.default\">\n\t\t\t\t<div class=\"elementor-widget-container\">\n\t\t\t\t\t\t\t\t\t<p><b>\u00c2ge : Adolescents n\u00e9s entre 2007 et 2012<\/b><\/p>\t\t\t\t\t\t\t\t<\/div>\n\t\t\t\t<\/div>\n\t\t\t\t<div class=\"elementor-element elementor-element-2850c2d elementor-widget elementor-widget-text-editor\" data-id=\"2850c2d\" data-element_type=\"widget\" data-e-type=\"widget\" data-widget_type=\"text-editor.default\">\n\t\t\t\t<div class=\"elementor-widget-container\">\n\t\t\t\t\t\t\t\t\t<p>Faire partie de TeenStreet signifie \u00eatre en communion avec de nombreux autres adolescents qui sont sur le m\u00eame chemin que vous. Chez TeenStreet, vous aurez l&#039;opportunit\u00e9 de poser toutes vos questions, de passer du temps en pr\u00e9sence de Dieu, d&#039;adorer Dieu avec d&#039;autres adolescents \u00e0 travers l&#039;Europe, d&#039;apprendre de la Bible et bien plus encore. TeenStreet est exactement comme \u00e7a en a l&#039;air ; c&#039;est un endroit o\u00f9 vous pouvez renforcer votre relation avec Dieu et aider \u00e0 d\u00e9couvrir sa direction pour votre vie !<\/p>\t\t\t\t\t\t\t\t<\/div>\n\t\t\t\t<\/div>\n\t\t\t\t<div class=\"elementor-element elementor-element-3548968 elementor-widget elementor-widget-image\" data-id=\"3548968\" data-element_type=\"widget\" data-e-type=\"widget\" data-widget_type=\"image.default\">\n\t\t\t\t<div class=\"elementor-widget-container\">\n\t\t\t\t\t\t\t\t\t\t\t\t\t\t\t<img decoding=\"async\" width=\"127\" height=\"127\" src=\"https:\/\/teenstreet.life\/eu\/wp-content\/uploads\/sites\/13\/2020\/07\/smile.svg\" class=\"attachment-medium size-medium wp-image-1618\" alt=\"\" \/>\t\t\t\t\t\t\t\t\t\t\t\t\t\t\t<\/div>\n\t\t\t\t<\/div>\n\t\t\t\t\t<\/div>\n\t\t<\/div>\n\t\t\t\t<div class=\"elementor-column elementor-col-50 elementor-top-column elementor-element elementor-element-17212f0\" data-id=\"17212f0\" data-element_type=\"column\" data-e-type=\"column\">\n\t\t\t<div class=\"elementor-widget-wrap elementor-element-populated\">\n\t\t\t\t\t\t<div class=\"elementor-element elementor-element-7092561 elementor-widget elementor-widget-ts-card\" data-id=\"7092561\" data-element_type=\"widget\" data-e-type=\"widget\" data-widget_type=\"ts-card.default\">\n\t\t\t\t<div class=\"elementor-widget-container\">\n\t\t\t\t\t            <div class=\"ts-card ts-image-background\" style=\"background-image: url(https:\/\/teenstreet.life\/eu\/wp-content\/uploads\/sites\/13\/2020\/05\/ts-awesome-image-480x480.jpg);\">\r\n\r\n                \r\n                \t\t\t\t\r\n\r\n                \r\n                \r\n            <\/div>\r\n\r\n        \t\t\t\t<\/div>\n\t\t\t\t<\/div>\n\t\t\t\t\t<\/div>\n\t\t<\/div>\n\t\t\t\t\t<\/div>\n\t\t<\/section>\n\t\t\t\t<section class=\"elementor-section elementor-top-section elementor-element elementor-element-23231d4 elementor-section-content-middle elementor-section-boxed elementor-section-height-default elementor-section-height-default wpr-particle-no wpr-jarallax-no wpr-parallax-no wpr-sticky-section-no\" data-id=\"23231d4\" data-element_type=\"section\" data-e-type=\"section\" data-settings=\"{&quot;background_background&quot;:&quot;classic&quot;}\">\n\t\t\t\t\t\t<div class=\"elementor-container elementor-column-gap-wider\">\n\t\t\t\t\t<div class=\"elementor-column elementor-col-50 elementor-top-column elementor-element elementor-element-b9dd4eb\" data-id=\"b9dd4eb\" data-element_type=\"column\" data-e-type=\"column\">\n\t\t\t<div class=\"elementor-widget-wrap elementor-element-populated\">\n\t\t\t\t\t\t<div class=\"elementor-element elementor-element-f02abf9 elementor-widget elementor-widget-ts-card\" data-id=\"f02abf9\" data-element_type=\"widget\" data-e-type=\"widget\" data-widget_type=\"ts-card.default\">\n\t\t\t\t<div class=\"elementor-widget-container\">\n\t\t\t\t\t            <div class=\"ts-card ts-image-background\" style=\"background-image: url(https:\/\/teenstreet.life\/eu\/wp-content\/uploads\/sites\/13\/2021\/04\/48421154806_bab4b3f931_o-480x480.jpg);\">\r\n\r\n                \r\n                \t\t\t\t\r\n\r\n                \r\n                 \r\n                    <a class=\"ts-card-full-link\" href=\"#\"><\/a>\r\n                \r\n            <\/div>\r\n\r\n        \t\t\t\t<\/div>\n\t\t\t\t<\/div>\n\t\t\t\t\t<\/div>\n\t\t<\/div>\n\t\t\t\t<div class=\"elementor-column elementor-col-50 elementor-top-column elementor-element elementor-element-68e4444\" data-id=\"68e4444\" data-element_type=\"column\" data-e-type=\"column\">\n\t\t\t<div class=\"elementor-widget-wrap elementor-element-populated\">\n\t\t\t\t\t\t<div class=\"elementor-element elementor-element-dafab5e elementor-widget elementor-widget-heading\" data-id=\"dafab5e\" data-element_type=\"widget\" data-e-type=\"widget\" data-widget_type=\"heading.default\">\n\t\t\t\t<div class=\"elementor-widget-container\">\n\t\t\t\t\t<h2 class=\"elementor-heading-title elementor-size-default\">Responsable de petit groupe<\/h2>\t\t\t\t<\/div>\n\t\t\t\t<\/div>\n\t\t\t\t<div class=\"elementor-element elementor-element-5ddaf0e elementor-widget elementor-widget-text-editor\" data-id=\"5ddaf0e\" data-element_type=\"widget\" data-e-type=\"widget\" data-widget_type=\"text-editor.default\">\n\t\t\t\t<div class=\"elementor-widget-container\">\n\t\t\t\t\t\t\t\t\t<p style=\"text-align: left\"><b>\u00c2ge: <\/b><b>20+ (les co-entra\u00eeneurs peuvent \u00eatre \u00e2g\u00e9s de 18 ou 19 ans)<\/b><b>s'ils sont accompagn\u00e9s d'un entra\u00eeneur \u00e2g\u00e9 de 20 ans ou plus)<\/b><\/p>\t\t\t\t\t\t\t\t<\/div>\n\t\t\t\t<\/div>\n\t\t\t\t<div class=\"elementor-element elementor-element-6ce2cb5 elementor-widget elementor-widget-text-editor\" data-id=\"6ce2cb5\" data-element_type=\"widget\" data-e-type=\"widget\" data-widget_type=\"text-editor.default\">\n\t\t\t\t<div class=\"elementor-widget-container\">\n\t\t\t\t\t\t\t\t\t<p class=\"p1\">Si le travail avec les jeunes te tient \u00e0 c\u0153ur et que tu as au moins 20 ans, l'animation d'un petit groupe \u00e0 TeenStreet est le poste qu'il te faut. En tant que responsable d'un petit groupe, tu aideras \u00e0 cr\u00e9er un espace s\u00fbr pour un groupe de cinq \u00e0 sept adolescents de ton pays afin qu'ils approfondissent ensemble la Bible. Tu accompagneras le petit groupe tout au long de la semaine de l'\u00e9v\u00e9nement et tu auras l'occasion de t'investir dans la vie des adolescents par le biais d'\u00e9tudes bibliques, d'activit\u00e9s de groupe, de pri\u00e8res, de sports, etc. Vous pouvez venir avec les adolescents de votre groupe de jeunes ou de votre \u00e9glise, mais vous pouvez aussi prendre en charge un nouveau groupe d'adolescents.<\/p><p>\u00c0 TeenStreet, vous serez responsable d'un petit groupe. Ce petit groupe sera compos\u00e9 de six adolescents du m\u00eame sexe. Les responsables de petits groupes sont charg\u00e9s d'animer ces petits groupes et doivent g\u00e9n\u00e9ralement prendre le temps d'\u00eatre l\u00e0 pour leurs adolescents. Si vous avez 20 ans ou plus et que vous souhaitez devenir responsable d'un petit groupe, vous pouvez vous inscrire directement.<\/p>\t\t\t\t\t\t\t\t<\/div>\n\t\t\t\t<\/div>\n\t\t\t\t\t<\/div>\n\t\t<\/div>\n\t\t\t\t\t<\/div>\n\t\t<\/section>\n\t\t\t\t<section class=\"elementor-section elementor-top-section elementor-element elementor-element-d7d9d6b elementor-section-content-middle elementor-section-boxed elementor-section-height-default elementor-section-height-default wpr-particle-no wpr-jarallax-no wpr-parallax-no wpr-sticky-section-no\" data-id=\"d7d9d6b\" data-element_type=\"section\" data-e-type=\"section\" id=\"service-team\">\n\t\t\t\t\t\t<div class=\"elementor-container elementor-column-gap-wider\">\n\t\t\t\t\t<div class=\"elementor-column elementor-col-50 elementor-top-column elementor-element elementor-element-f6b28e9\" data-id=\"f6b28e9\" data-element_type=\"column\" data-e-type=\"column\">\n\t\t\t<div class=\"elementor-widget-wrap elementor-element-populated\">\n\t\t\t\t\t\t<div class=\"elementor-element elementor-element-f1990db elementor-widget elementor-widget-heading\" data-id=\"f1990db\" data-element_type=\"widget\" data-e-type=\"widget\" data-widget_type=\"heading.default\">\n\t\t\t\t<div class=\"elementor-widget-container\">\n\t\t\t\t\t<h2 class=\"elementor-heading-title elementor-size-default\"><a href=\"#service-team\">\u00c9quipe de service<\/a><\/h2>\t\t\t\t<\/div>\n\t\t\t\t<\/div>\n\t\t\t\t<div class=\"elementor-element elementor-element-92c670a elementor-widget elementor-widget-text-editor\" data-id=\"92c670a\" data-element_type=\"widget\" data-e-type=\"widget\" data-widget_type=\"text-editor.default\">\n\t\t\t\t<div class=\"elementor-widget-container\">\n\t\t\t\t\t\t\t\t\t<p><b>\u00c2ge : 18+ (n\u00e9s en 2007 ou avant)<\/b><\/p>\t\t\t\t\t\t\t\t<\/div>\n\t\t\t\t<\/div>\n\t\t\t\t<div class=\"elementor-element elementor-element-764c794 elementor-widget__width-initial elementor-widget elementor-widget-text-editor\" data-id=\"764c794\" data-element_type=\"widget\" data-e-type=\"widget\" data-widget_type=\"text-editor.default\">\n\t\t\t\t<div class=\"elementor-widget-container\">\n\t\t\t\t\t\t\t\t\t<p>Cette ann\u00e9e, nous recherchons \u00e0 nouveau des personnes pour participer \u00e0 diverses t\u00e2ches au sein de l&#039;\u00e9quipe de service.\u00a0<\/p><p>Boutiques (Kiosk, Fruitstand, IceCream shop, Funfood, T-ShirtShop, librairie, par exemple)<\/p><p>-CleanStreet (rangement et nettoyage)<\/p><p>-Boissons et boissons (Coffebar, Mocktailbar, StaffCaf\u00e9)<\/p><p>-Salle \u00e0 manger (Vaisselle, service, cuisine par exemple)<\/p><p>-KidsStreet (Garderie, programme et jeu avec les enfants)<\/p><p>-S\u00e9curit\u00e9 (autour de la zone, Mainhall, piscines par exemple)<\/p><p>-Bureau (Info-desk, Day-guest registration, TS-office, TS-Bank par exemple))<\/p><p>-Sports et activit\u00e9s (Football, basket, comp\u00e9titions ex)<\/p><p>-Technique (informatique, \u00e9lectricit\u00e9, par exemple)<\/p><p><b>Pour plus d'informations, veuillez contacter votre bureau TS ou\u00a0<\/b><\/p>\t\t\t\t\t\t\t\t<\/div>\n\t\t\t\t<\/div>\n\t\t\t\t<div class=\"elementor-element elementor-element-7c90d5f elementor-widget elementor-widget-button\" data-id=\"7c90d5f\" data-element_type=\"widget\" data-e-type=\"widget\" data-widget_type=\"button.default\">\n\t\t\t\t<div class=\"elementor-widget-container\">\n\t\t\t\t\t\t\t\t\t<div class=\"elementor-button-wrapper\">\n\t\t\t\t\t<a class=\"elementor-button elementor-button-link elementor-size-sm\" href=\"https:\/\/registration.teenstreet.de\/ts-2025\/\" target=\"_blank\" rel=\"noopener\">\n\t\t\t\t\t\t<span class=\"elementor-button-content-wrapper\">\n\t\t\t\t\t\t\t\t\t<span class=\"elementor-button-text\"> S'inscrire ici<\/span>\n\t\t\t\t\t<\/span>\n\t\t\t\t\t<\/a>\n\t\t\t\t<\/div>\n\t\t\t\t\t\t\t\t<\/div>\n\t\t\t\t<\/div>\n\t\t\t\t<div class=\"elementor-element elementor-element-2a7ced1 elementor-widget elementor-widget-image\" data-id=\"2a7ced1\" data-element_type=\"widget\" data-e-type=\"widget\" data-widget_type=\"image.default\">\n\t\t\t\t<div class=\"elementor-widget-container\">\n\t\t\t\t\t\t\t\t\t\t\t\t\t\t\t<img decoding=\"async\" width=\"127\" height=\"127\" src=\"https:\/\/teenstreet.life\/eu\/wp-content\/uploads\/sites\/13\/2020\/07\/support.svg\" class=\"attachment-thumbnail size-thumbnail wp-image-2727\" alt=\"\" \/>\t\t\t\t\t\t\t\t\t\t\t\t\t\t\t<\/div>\n\t\t\t\t<\/div>\n\t\t\t\t\t<\/div>\n\t\t<\/div>\n\t\t\t\t<div class=\"elementor-column elementor-col-50 elementor-top-column elementor-element elementor-element-2c252a3\" data-id=\"2c252a3\" data-element_type=\"column\" data-e-type=\"column\">\n\t\t\t<div class=\"elementor-widget-wrap elementor-element-populated\">\n\t\t\t\t\t\t<div class=\"elementor-element elementor-element-d2310c6 elementor-widget elementor-widget-ts-card\" data-id=\"d2310c6\" data-element_type=\"widget\" data-e-type=\"widget\" data-widget_type=\"ts-card.default\">\n\t\t\t\t<div class=\"elementor-widget-container\">\n\t\t\t\t\t            <div class=\"ts-card ts-image-background\" style=\"background-image: url(https:\/\/teenstreet.life\/eu\/wp-content\/uploads\/sites\/13\/2021\/04\/48584667401_847b2f04a0_c-480x480.jpg);\">\r\n\r\n                \r\n                \t\t\t\t\r\n\r\n                \r\n                 \r\n                    <a class=\"ts-card-full-link\" href=\"#\"><\/a>\r\n                \r\n            <\/div>\r\n\r\n        \t\t\t\t<\/div>\n\t\t\t\t<\/div>\n\t\t\t\t\t<\/div>\n\t\t<\/div>\n\t\t\t\t\t<\/div>\n\t\t<\/section>\n\t\t\t\t<\/div>","protected":false},"excerpt":{"rendered":"<p>Teenager Ages: Teenagers born between 2007 &#8211; 2012 Being a part of TeenStreet means fellowship with many other teens who are on the same journey as you. At TeenStreet you will have the opportunity to ask any questions you may have, spend time in the presence of God, worship God with other teens across Europe, learn from the Bible and much more. TeenStreet is exactly as it sounds; it&#8217;s a place where you can strengthen your relationship with God and help discover His direction for your life! Small Group Leader Ages: 20+ (Co-coaches can be 18 or 19 years old, if they are with a coach that is 20 or older) If youth work is close to your heart and you are at least 20 years old then leading a Small Group at TeenStreet is the job for you. As a Small Group Leader (SGL), you will help create a safe space for a group of five &#8211; seven teens from your country to go deep in the Bible together. You will accompany the Small Group throughout the event week and have the opportunity to invest in the teens&#8217; lives through Bible studies, group activities, prayer, sports, and more. You are welcome to come with the teens from your youth group or church, but you can also take on a new group of teens. At TeenStreet you will be responsible for a small group. This small group will be made up of up to six teens of the same gender. Small Group Leaders are responsible for leading these small group times and generally should just take time to \u2018be there\u2019 for their teens. If you are 20 years or older and would like to be a SGL, you can simply sign up directly. Service Team Ages: 18+ (born in 2007 or before) This year we are looking again for people to take part in various tasks in the Service Team.\u00a0 Shops (Kiosk, Fruitstand, IceCream shop, Funfood, T-ShirtShop, bookstore, e.g.) -CleanStreet (tidying up and cleaning) -Drinks and beverages (Coffebar, Mocktailbar, StaffCaf\u00e9) -Dininghall (Dishwashing, serving, kitchen e.g.) -KidsStreet (Daycare, program and play with kids) -Security (Around the area, Mainhall, pools e.g) -Office (Info-desk, Day-guest registration, TS-office, TS-Bank e.g)) -Sports and activities (Football, basketball, competitions e.g.) -Technical (IT, Electricity, e.g.) For more information, please contact your TS office or\u00a0 Register Here<\/p>","protected":false},"author":18,"featured_media":7043,"parent":3641,"menu_order":0,"comment_status":"closed","ping_status":"closed","template":"","meta":{"iawp_total_views":16,"footnotes":""},"class_list":["post-4013","page","type-page","status-publish","has-post-thumbnail","hentry"],"_links":{"self":[{"href":"https:\/\/teenstreet.life\/eu\/fr-ch\/wp-json\/wp\/v2\/pages\/4013","targetHints":{"allow":["GET"]}}],"collection":[{"href":"https:\/\/teenstreet.life\/eu\/fr-ch\/wp-json\/wp\/v2\/pages"}],"about":[{"href":"https:\/\/teenstreet.life\/eu\/fr-ch\/wp-json\/wp\/v2\/types\/page"}],"author":[{"embeddable":true,"href":"https:\/\/teenstreet.life\/eu\/fr-ch\/wp-json\/wp\/v2\/users\/18"}],"replies":[{"embeddable":true,"href":"https:\/\/teenstreet.life\/eu\/fr-ch\/wp-json\/wp\/v2\/comments?post=4013"}],"version-history":[{"count":5,"href":"https:\/\/teenstreet.life\/eu\/fr-ch\/wp-json\/wp\/v2\/pages\/4013\/revisions"}],"predecessor-version":[{"id":8193,"href":"https:\/\/teenstreet.life\/eu\/fr-ch\/wp-json\/wp\/v2\/pages\/4013\/revisions\/8193"}],"up":[{"embeddable":true,"href":"https:\/\/teenstreet.life\/eu\/fr-ch\/wp-json\/wp\/v2\/pages\/3641"}],"wp:featuredmedia":[{"embeddable":true,"href":"https:\/\/teenstreet.life\/eu\/fr-ch\/wp-json\/wp\/v2\/media\/7043"}],"wp:attachment":[{"href":"https:\/\/teenstreet.life\/eu\/fr-ch\/wp-json\/wp\/v2\/media?parent=4013"}],"curies":[{"name":"wp","href":"https:\/\/api.w.org\/{rel}","templated":true}]}}