{"id":8911,"date":"2026-01-30T11:46:06","date_gmt":"2026-01-30T10:46:06","guid":{"rendered":"https:\/\/teenstreet.life\/eu\/?page_id=8911"},"modified":"2026-01-30T11:53:31","modified_gmt":"2026-01-30T10:53:31","slug":"tema-2026","status":"publish","type":"page","link":"https:\/\/teenstreet.life\/eu\/es\/theme-2026\/","title":{"rendered":"Tema 2026"},"content":{"rendered":"<div data-elementor-type=\"wp-page\" data-elementor-id=\"8911\" class=\"elementor elementor-8911\" data-elementor-post-type=\"page\">\n\t\t\t\t\t\t<section class=\"elementor-section elementor-top-section elementor-element elementor-element-6dc2c26 elementor-section-boxed elementor-section-height-default elementor-section-height-default wpr-particle-no wpr-jarallax-no wpr-parallax-no wpr-sticky-section-no wpr-equal-height-no\" data-id=\"6dc2c26\" data-element_type=\"section\" data-e-type=\"section\">\n\t\t\t\t\t\t<div class=\"elementor-container elementor-column-gap-default\">\n\t\t\t\t\t<div class=\"elementor-column elementor-col-100 elementor-top-column elementor-element elementor-element-6571512\" data-id=\"6571512\" data-element_type=\"column\" data-e-type=\"column\">\n\t\t\t<div class=\"elementor-widget-wrap elementor-element-populated\">\n\t\t\t\t\t\t<section class=\"elementor-section elementor-inner-section elementor-element elementor-element-909717a elementor-section-boxed elementor-section-height-default elementor-section-height-default wpr-particle-no wpr-jarallax-no wpr-parallax-no wpr-sticky-section-no wpr-equal-height-no\" data-id=\"909717a\" data-element_type=\"section\" data-e-type=\"section\">\n\t\t\t\t\t\t<div class=\"elementor-container elementor-column-gap-default\">\n\t\t\t\t\t<div class=\"elementor-column elementor-col-50 elementor-inner-column elementor-element elementor-element-a815779\" data-id=\"a815779\" data-element_type=\"column\" data-e-type=\"column\">\n\t\t\t<div class=\"elementor-widget-wrap elementor-element-populated\">\n\t\t\t\t\t\t<div class=\"elementor-element elementor-element-76af625 elementor-widget elementor-widget-image\" data-id=\"76af625\" data-element_type=\"widget\" data-e-type=\"widget\" data-widget_type=\"image.default\">\n\t\t\t\t<div class=\"elementor-widget-container\">\n\t\t\t\t\t\t\t\t\t\t\t\t\t\t\t<img fetchpriority=\"high\" decoding=\"async\" width=\"1000\" height=\"1000\" src=\"https:\/\/teenstreet.life\/eu\/wp-content\/uploads\/sites\/13\/2026\/01\/Pathsthemelogo.png\" class=\"attachment-large size-large wp-image-8915\" alt=\"\" srcset=\"https:\/\/teenstreet.life\/eu\/wp-content\/uploads\/sites\/13\/2026\/01\/Pathsthemelogo.png 1000w, https:\/\/teenstreet.life\/eu\/wp-content\/uploads\/sites\/13\/2026\/01\/Pathsthemelogo-300x300.png 300w, https:\/\/teenstreet.life\/eu\/wp-content\/uploads\/sites\/13\/2026\/01\/Pathsthemelogo-150x150.png 150w, https:\/\/teenstreet.life\/eu\/wp-content\/uploads\/sites\/13\/2026\/01\/Pathsthemelogo-768x768.png 768w, https:\/\/teenstreet.life\/eu\/wp-content\/uploads\/sites\/13\/2026\/01\/Pathsthemelogo-12x12.png 12w, https:\/\/teenstreet.life\/eu\/wp-content\/uploads\/sites\/13\/2026\/01\/Pathsthemelogo-360x360.png 360w, https:\/\/teenstreet.life\/eu\/wp-content\/uploads\/sites\/13\/2026\/01\/Pathsthemelogo-480x480.png 480w, https:\/\/teenstreet.life\/eu\/wp-content\/uploads\/sites\/13\/2026\/01\/Pathsthemelogo-720x720.png 720w, https:\/\/teenstreet.life\/eu\/wp-content\/uploads\/sites\/13\/2026\/01\/Pathsthemelogo-600x600.png 600w, https:\/\/teenstreet.life\/eu\/wp-content\/uploads\/sites\/13\/2026\/01\/Pathsthemelogo-100x100.png 100w\" sizes=\"(max-width: 1000px) 100vw, 1000px\" \/>\t\t\t\t\t\t\t\t\t\t\t\t\t\t\t<\/div>\n\t\t\t\t<\/div>\n\t\t\t\t\t<\/div>\n\t\t<\/div>\n\t\t\t\t<div class=\"elementor-column elementor-col-50 elementor-inner-column elementor-element elementor-element-edf35d4\" data-id=\"edf35d4\" data-element_type=\"column\" data-e-type=\"column\">\n\t\t\t<div class=\"elementor-widget-wrap elementor-element-populated\">\n\t\t\t\t\t\t<div class=\"elementor-element elementor-element-7884912 elementor-widget elementor-widget-text-editor\" data-id=\"7884912\" data-element_type=\"widget\" data-e-type=\"widget\" data-widget_type=\"text-editor.default\">\n\t\t\t\t<div class=\"elementor-widget-container\">\n\t\t\t\t\t\t\t\t\t<h3><span class=\"TextRun SCXW187387299 BCX0\" lang=\"EN-US\" xml:lang=\"EN-US\" data-contrast=\"auto\"><span class=\"NormalTextRun SCXW187387299 BCX0\"><span class=\"TextRun SCXW72985384 BCX0\" lang=\"EN-US\" xml:lang=\"EN-US\" data-contrast=\"none\"><span class=\"NormalTextRun SCXW72985384 BCX0\" data-ccp-parastyle=\"heading 2\">Este a\u00f1o\u00a0<\/span><span class=\"NormalTextRun CommentStart CommentHighlightPipeRest CommentHighlightRest SCXW72985384 BCX0\" data-ccp-parastyle=\"heading 2\">tema<\/span><span class=\"NormalTextRun CommentHighlightPipeRest SCXW72985384 BCX0\" data-ccp-parastyle=\"heading 2\">:<br \/><\/span><\/span><\/span><\/span><span class=\"TextRun SCXW187387299 BCX0\" lang=\"EN-US\" xml:lang=\"EN-US\" data-contrast=\"auto\"><span class=\"NormalTextRun SCXW187387299 BCX0\"><span class=\"TextRun SCXW72985384 BCX0\" lang=\"EN-US\" xml:lang=\"EN-US\" data-contrast=\"none\"><span class=\"NormalTextRun SCXW72985384 BCX0\" data-ccp-parastyle=\"heading 2\">SENDEROS | La llamada de la sabidur\u00eda<\/span><\/span><span class=\"EOP SCXW72985384 BCX0\" data-ccp-props=\"{&quot;134245418&quot;:true,&quot;134245529&quot;:true,&quot;335559738&quot;:160,&quot;335559739&quot;:80}\">\u00a0<\/span><\/span><\/span><\/h3><p><span class=\"TextRun SCXW187387299 BCX0\" lang=\"EN-US\" xml:lang=\"EN-US\" data-contrast=\"auto\"><span class=\"NormalTextRun SCXW187387299 BCX0\">\u00bfY si la sabidur\u00eda\u00a0<\/span><span class=\"NormalTextRun SCXW187387299 BCX0\">no era<\/span><span class=\"NormalTextRun SCXW187387299 BCX0\">\u00a0solo algo que aprendiste o solo\u00a0<\/span><span class=\"NormalTextRun SCXW187387299 BCX0\">sab\u00eda,<\/span><span class=\"NormalTextRun SCXW187387299 BCX0\">\u00a0pero algo\u00a0<\/span><span class=\"NormalTextRun SCXW187387299 BCX0\">usted\u00a0<\/span><span class=\"NormalTextRun ContextualSpellingAndGrammarErrorV2Themed SCXW187387299 BCX0\">\u00a1\u00bfLlevabas?!<\/span><span class=\"NormalTextRun SCXW187387299 BCX0\">\u00a0<\/span><span class=\"NormalTextRun SCXW187387299 BCX0\">\u00a1Algo que se ve!<\/span><span class=\"NormalTextRun SCXW187387299 BCX0\">\u00a0<\/span><span class=\"NormalTextRun SCXW187387299 BCX0\">Se ve en tus amistades, se ve en tu\u00a0<\/span><span class=\"NormalTextRun SCXW187387299 BCX0\">acciones, o\u00eddas en tus palabras, sentidas en tus emociones.<\/span><span class=\"NormalTextRun SCXW187387299 BCX0\">\u00a0PATHS te lleva en un viaje a trav\u00e9s de Proverbios para descubrir c\u00f3mo la sabidur\u00eda de Dios\u00a0<\/span><span class=\"NormalTextRun SCXW187387299 BCX0\">i<\/span><span class=\"NormalTextRun SCXW187387299 BCX0\">no<\/span><span class=\"NormalTextRun SCXW187387299 BCX0\">\u00a0<\/span><span class=\"NormalTextRun SCXW187387299 BCX0\">acaba de aprender: se recibe y se VIVE, se camina\u00a0<\/span><span class=\"NormalTextRun SCXW187387299 BCX0\">o<\/span><span class=\"NormalTextRun SCXW187387299 BCX0\">ut<\/span><span class=\"NormalTextRun SCXW187387299 BCX0\">\u00a0<\/span><span class=\"NormalTextRun SCXW187387299 BCX0\">y VISTO.\u00a0<\/span><span class=\"NormalTextRun SCXW187387299 BCX0\">La Dama Sabidur\u00eda, Salom\u00f3n y sus compa\u00f1eros exploran los caminos de la sabidur\u00eda. \u00bfD\u00f3nde empieza la sabidur\u00eda?\u00a0<\/span><span class=\"NormalTextRun SCXW187387299 BCX0\">\u00bfC\u00f3mo la recibimos y c\u00f3mo la vivimos?<\/span><span class=\"NormalTextRun SCXW187387299 BCX0\">\u00a0<\/span><span class=\"NormalTextRun SCXW187387299 BCX0\">Este a\u00f1o,\u00a0<\/span><span class=\"NormalTextRun SCXW187387299 BCX0\">w<\/span><span class=\"NormalTextRun SCXW187387299 BCX0\">e'll<\/span><span class=\"NormalTextRun SCXW187387299 BCX0\">\u00a0<\/span><span class=\"NormalTextRun SCXW187387299 BCX0\">explorar\u00e1 lo que significa caminar con sabidur\u00eda, es decir, tomar decisiones que nos conviertan en lo que somos y en lo que somos.\u00a0<\/span><span class=\"NormalTextRun SCXW187387299 BCX0\">c\u00f3mo<\/span><span class=\"NormalTextRun SCXW187387299 BCX0\">\u00a0<\/span><span class=\"NormalTextRun SCXW187387299 BCX0\">nosotros<\/span><span class=\"NormalTextRun SCXW187387299 BCX0\">\u00a0vivir en el\u00a0<\/span><span class=\"NormalTextRun SCXW187387299 BCX0\">mundo.<\/span><\/span><span class=\"EOP SCXW187387299 BCX0\" data-ccp-props=\"{}\">\u00a0<\/span><\/p>\t\t\t\t\t\t\t\t<\/div>\n\t\t\t\t<\/div>\n\t\t\t\t\t<\/div>\n\t\t<\/div>\n\t\t\t\t\t<\/div>\n\t\t<\/section>\n\t\t\t\t\t<\/div>\n\t\t<\/div>\n\t\t\t\t\t<\/div>\n\t\t<\/section>\n\t\t\t\t<\/div>","protected":false},"excerpt":{"rendered":"<p>This year\u2019s\u00a0theme:PATHS | Wisdom\u2019s Call\u00a0 What if wisdom\u00a0wasn\u2019t\u00a0just something you learned or just\u00a0knew,\u00a0but something\u00a0you\u00a0wore?!\u00a0Something that is seen!\u00a0Seen in your friendships, seen in your\u00a0actions, heard in your words, felt in your emotions.\u00a0PATHS takes you into a journey through Proverbs to uncover how God\u2019s wisdom\u00a0isn\u2019t\u00a0just learned: it is received and LIVED, walked\u00a0out\u00a0and SEEN.\u00a0Lady Wisdom, Solomon, and their supporting cast explore wisdom\u2019s paths! Where does wisdom begin?\u00a0How do we receive it and how do we live it?\u00a0This year,\u00a0we\u2019ll\u00a0be exploring what it means to walk with wisdom \u2014 to make choices that shape who we become and\u00a0how\u00a0we\u00a0live in the\u00a0world.\u00a0<\/p>","protected":false},"author":82,"featured_media":0,"parent":0,"menu_order":0,"comment_status":"closed","ping_status":"closed","template":"","meta":{"iawp_total_views":177,"footnotes":""},"class_list":["post-8911","page","type-page","status-publish","hentry"],"_links":{"self":[{"href":"https:\/\/teenstreet.life\/eu\/es\/wp-json\/wp\/v2\/pages\/8911","targetHints":{"allow":["GET"]}}],"collection":[{"href":"https:\/\/teenstreet.life\/eu\/es\/wp-json\/wp\/v2\/pages"}],"about":[{"href":"https:\/\/teenstreet.life\/eu\/es\/wp-json\/wp\/v2\/types\/page"}],"author":[{"embeddable":true,"href":"https:\/\/teenstreet.life\/eu\/es\/wp-json\/wp\/v2\/users\/82"}],"replies":[{"embeddable":true,"href":"https:\/\/teenstreet.life\/eu\/es\/wp-json\/wp\/v2\/comments?post=8911"}],"version-history":[{"count":6,"href":"https:\/\/teenstreet.life\/eu\/es\/wp-json\/wp\/v2\/pages\/8911\/revisions"}],"predecessor-version":[{"id":8936,"href":"https:\/\/teenstreet.life\/eu\/es\/wp-json\/wp\/v2\/pages\/8911\/revisions\/8936"}],"wp:attachment":[{"href":"https:\/\/teenstreet.life\/eu\/es\/wp-json\/wp\/v2\/media?parent=8911"}],"curies":[{"name":"wp","href":"https:\/\/api.w.org\/{rel}","templated":true}]}}