{"id":7888,"date":"2024-08-01T09:35:47","date_gmt":"2024-08-01T07:35:47","guid":{"rendered":"https:\/\/teenstreet.life\/eu\/?page_id=7888"},"modified":"2024-08-01T11:54:05","modified_gmt":"2024-08-01T09:54:05","slug":"dia-5-proposito","status":"publish","type":"page","link":"https:\/\/teenstreet.life\/eu\/es\/day-5-purpose\/","title":{"rendered":"D\u00eda 5 - Prop\u00f3sito"},"content":{"rendered":"<div data-elementor-type=\"wp-page\" data-elementor-id=\"7888\" class=\"elementor elementor-7888\" data-elementor-post-type=\"page\">\n\t\t\t\t\t\t<section class=\"elementor-section elementor-top-section elementor-element elementor-element-bcdf2cd elementor-section-boxed elementor-section-height-default elementor-section-height-default wpr-particle-no wpr-jarallax-no wpr-parallax-no wpr-sticky-section-no\" data-id=\"bcdf2cd\" data-element_type=\"section\" data-e-type=\"section\">\n\t\t\t\t\t\t<div class=\"elementor-container elementor-column-gap-default\">\n\t\t\t\t\t<div class=\"elementor-column elementor-col-100 elementor-top-column elementor-element elementor-element-631672e\" data-id=\"631672e\" data-element_type=\"column\" data-e-type=\"column\">\n\t\t\t<div class=\"elementor-widget-wrap elementor-element-populated\">\n\t\t\t\t\t\t<div class=\"elementor-element elementor-element-fb452f1 elementor-skin-carousel elementor-arrows-yes elementor-pagination-type-bullets elementor-pagination-position-outside elementor-widget elementor-widget-media-carousel\" data-id=\"fb452f1\" data-element_type=\"widget\" data-e-type=\"widget\" data-settings=\"{&quot;skin&quot;:&quot;carousel&quot;,&quot;effect&quot;:&quot;slide&quot;,&quot;show_arrows&quot;:&quot;yes&quot;,&quot;pagination&quot;:&quot;bullets&quot;,&quot;speed&quot;:500,&quot;autoplay&quot;:&quot;yes&quot;,&quot;autoplay_speed&quot;:5000,&quot;loop&quot;:&quot;yes&quot;,&quot;pause_on_hover&quot;:&quot;yes&quot;,&quot;pause_on_interaction&quot;:&quot;yes&quot;,&quot;space_between&quot;:{&quot;unit&quot;:&quot;px&quot;,&quot;size&quot;:10,&quot;sizes&quot;:[]},&quot;space_between_tablet&quot;:{&quot;unit&quot;:&quot;px&quot;,&quot;size&quot;:10,&quot;sizes&quot;:[]},&quot;space_between_mobile&quot;:{&quot;unit&quot;:&quot;px&quot;,&quot;size&quot;:10,&quot;sizes&quot;:[]}}\" data-widget_type=\"media-carousel.default\">\n\t\t\t\t<div class=\"elementor-widget-container\">\n\t\t\t\t\t\t\t\t\t<div class=\"elementor-swiper\">\n\t\t\t\t\t<div class=\"elementor-main-swiper swiper\" role=\"region\" aria-roledescription=\"carousel\" aria-label=\"Diapositivas\">\n\t\t\t\t<div class=\"swiper-wrapper\">\n\t\t\t\t\t\t\t\t\t\t\t<div class=\"swiper-slide\" role=\"group\" aria-roledescription=\"slide\">\n\t\t\t\t\t\t\t\t\t<div class=\"elementor-carousel-image\" role=\"img\" aria-label=\"\ud83d\udcf8 Benjamin H\u00f8yland\" style=\"background-image: url(&#039;https:\/\/teenstreet.life\/eu\/wp-content\/uploads\/sites\/13\/2024\/08\/TS24-DAY5-Logo-BHoyland-25-Mainhall.jpg&#039;)\">\n\n\t\t\t\n\t\t\t\t\t<\/div>\n\t\t\t\t\t\t\t\t<\/div>\n\t\t\t\t\t\t\t\t\t\t\t<div class=\"swiper-slide\" role=\"group\" aria-roledescription=\"slide\">\n\t\t\t\t\t\t\t\t\t<div class=\"elementor-carousel-image\" role=\"img\" aria-label=\"\ud83d\udcf8 Benjamin H\u00f8yland\" style=\"background-image: url(&#039;https:\/\/teenstreet.life\/eu\/wp-content\/uploads\/sites\/13\/2024\/08\/TS24-DAY5-Logo-BHoyland-15-Mainhall.jpg&#039;)\">\n\n\t\t\t\n\t\t\t\t\t<\/div>\n\t\t\t\t\t\t\t\t<\/div>\n\t\t\t\t\t\t\t\t\t\t\t<div class=\"swiper-slide\" role=\"group\" aria-roledescription=\"slide\">\n\t\t\t\t\t\t\t\t\t<div class=\"elementor-carousel-image\" role=\"img\" aria-label=\"TS24_Day5_BRathke_10_Outreach\" style=\"background-image: url(&#039;https:\/\/teenstreet.life\/eu\/wp-content\/uploads\/sites\/13\/2024\/08\/TS24_Day5_BRathke_10_Outreach-scaled.jpg&#039;)\">\n\n\t\t\t\n\t\t\t\t\t<\/div>\n\t\t\t\t\t\t\t\t<\/div>\n\t\t\t\t\t\t\t\t\t\t\t<div class=\"swiper-slide\" role=\"group\" aria-roledescription=\"slide\">\n\t\t\t\t\t\t\t\t\t<div class=\"elementor-carousel-image\" role=\"img\" aria-label=\"TS24_Day5_Logo_BRathke_08_Throne Room\" style=\"background-image: url(&#039;https:\/\/teenstreet.life\/eu\/wp-content\/uploads\/sites\/13\/2024\/08\/TS24_Day5_Logo_BRathke_08_Throne-Room.jpg&#039;)\">\n\n\t\t\t\n\t\t\t\t\t<\/div>\n\t\t\t\t\t\t\t\t<\/div>\n\t\t\t\t\t\t\t\t\t\t\t<div class=\"swiper-slide\" role=\"group\" aria-roledescription=\"slide\">\n\t\t\t\t\t\t\t\t\t<div class=\"elementor-carousel-image\" role=\"img\" aria-label=\"\ud83d\udcf8 Benjamin H\u00f8yland\" style=\"background-image: url(&#039;https:\/\/teenstreet.life\/eu\/wp-content\/uploads\/sites\/13\/2024\/08\/TS24-DAY5-Logo-BHoyland-27-Interact.jpg&#039;)\">\n\n\t\t\t\n\t\t\t\t\t<\/div>\n\t\t\t\t\t\t\t\t<\/div>\n\t\t\t\t\t\t\t\t\t<\/div>\n\t\t\t\t\t\t\t\t\t\t\t\t\t\t\t<div class=\"elementor-swiper-button elementor-swiper-button-prev\" role=\"button\" tabindex=\"0\" aria-label=\"Anterior\">\n\t\t\t\t\t\t\t<i aria-hidden=\"true\" class=\"eicon-chevron-left\"><\/i>\t\t\t\t\t\t<\/div>\n\t\t\t\t\t\t<div class=\"elementor-swiper-button elementor-swiper-button-next\" role=\"button\" tabindex=\"0\" aria-label=\"Siguiente\">\n\t\t\t\t\t\t\t<i aria-hidden=\"true\" class=\"eicon-chevron-right\"><\/i>\t\t\t\t\t\t<\/div>\n\t\t\t\t\t\t\t\t\t\t\t\t\t\t\t\t<div class=\"swiper-pagination\"><\/div>\n\t\t\t\t\t\t\t\t\t\t\t\t<\/div>\n\t\t\t\t<\/div>\n\t\t\t\t\t\t\t\t<\/div>\n\t\t\t\t<\/div>\n\t\t\t\t\t<\/div>\n\t\t<\/div>\n\t\t\t\t\t<\/div>\n\t\t<\/section>\n\t\t\t\t<section class=\"elementor-section elementor-top-section elementor-element elementor-element-948dfb4 elementor-section-boxed elementor-section-height-default elementor-section-height-default wpr-particle-no wpr-jarallax-no wpr-parallax-no wpr-sticky-section-no\" data-id=\"948dfb4\" data-element_type=\"section\" data-e-type=\"section\">\n\t\t\t\t\t\t<div class=\"elementor-container elementor-column-gap-default\">\n\t\t\t\t\t<div class=\"elementor-column elementor-col-100 elementor-top-column elementor-element elementor-element-05e9216\" data-id=\"05e9216\" data-element_type=\"column\" data-e-type=\"column\">\n\t\t\t<div class=\"elementor-widget-wrap elementor-element-populated\">\n\t\t\t\t\t\t<div class=\"elementor-element elementor-element-b5568df elementor-widget elementor-widget-text-editor\" data-id=\"b5568df\" data-element_type=\"widget\" data-e-type=\"widget\" data-widget_type=\"text-editor.default\">\n\t\t\t\t<div class=\"elementor-widget-container\">\n\t\t\t\t\t\t\t\t\t<p>D\u00eda 5: Prop\u00f3sito\u00a0<\/p><p>\u00a0\u00bfQu\u00e9 ser\u00eda de TeenStreet sin el equipo de servicio? 652 personas trabajan entre bastidores este a\u00f1o y hacen posible TeenStreet: en la cocina, limpiando los aseos, como seguridad, en un divertido puesto de comida, etc\u00e9tera. Esta ma\u00f1ana les hemos dado las gracias en voz alta. Equipo de servicio, \u00a1os queremos!\u00a0<\/p><p>\u00a0Al igual que la llama ol\u00edmpica, tambi\u00e9n es importante que los cristianos pasemos la antorcha y llevemos la luz de Jes\u00fas al mundo. Porque todav\u00eda hay 3.000 millones de personas que tienen poca o ninguna oportunidad de o\u00edr hablar de Jes\u00fas. \u00a0<\/p><p>\u00a0Sabemos por Pablo que no descans\u00f3 ni siquiera al final de su ministerio, sino que sigui\u00f3 predicando el Evangelio hasta que la siguiente generaci\u00f3n tom\u00f3 la antorcha. Justo antes de regresar a su Padre celestial, Jes\u00fas dijo a sus disc\u00edpulos que ellos ser\u00edan sus testigos, su evidencia, su prueba (Hechos 1:8). Con el poder DUNAMIS del Esp\u00edritu Santo, nuestras vidas tambi\u00e9n cambiar\u00e1n y seremos evidencia, prueba de su amor y llevaremos su luz al mundo. Su poder DUMANIS nos proteger\u00e1.\u00a0<\/p><p>\u00a0Por la tarde, muchos adolescentes salieron a la ciudad y llevaron Su luz a los habitantes de Offenburg: jugando al f\u00fatbol, en los puestos de oraci\u00f3n o hablando con los transe\u00fantes. Los j\u00f3venes volvieron con los ojos brillantes y llenos de entusiasmo por lo que hab\u00edan vivido. \u00a0<\/p><p>\u00a0En el Sal\u00f3n del Trono se nos record\u00f3 que como cristianos tenemos que elegir a Dios TODOS los d\u00edas. Luego comenzamos un tiempo de adoraci\u00f3n, donde tambi\u00e9n usamos las peque\u00f1as antorchas que todos recibieron a la entrada agit\u00e1ndolas alrededor alabando a Dios. Cuando cantamos la canci\u00f3n \"Battle belongs\", todos nos pusimos de rodillas y cantamos: \"Cuando lucho, lo hago de rodillas y con las manos en alto. Oh, Dios, la batalla te pertenece\". M\u00e1s tarde, volvimos a ponernos de rodillas -esta vez para confesar nuestros pecados a Dios- y cantamos \"Cristo y Cristo crucificado\". \u00a1Qu\u00e9 velada!<\/p>\t\t\t\t\t\t\t\t<\/div>\n\t\t\t\t<\/div>\n\t\t\t\t\t<\/div>\n\t\t<\/div>\n\t\t\t\t\t<\/div>\n\t\t<\/section>\n\t\t\t\t<section class=\"elementor-section elementor-top-section elementor-element elementor-element-0ee6a83 elementor-section-boxed elementor-section-height-default elementor-section-height-default wpr-particle-no wpr-jarallax-no wpr-parallax-no wpr-sticky-section-no\" data-id=\"0ee6a83\" data-element_type=\"section\" data-e-type=\"section\">\n\t\t\t\t\t\t<div class=\"elementor-container elementor-column-gap-default\">\n\t\t\t\t\t<div class=\"elementor-column elementor-col-100 elementor-top-column elementor-element elementor-element-2573971\" data-id=\"2573971\" data-element_type=\"column\" data-e-type=\"column\">\n\t\t\t<div class=\"elementor-widget-wrap elementor-element-populated\">\n\t\t\t\t\t\t<div class=\"elementor-element elementor-element-95bab5a elementor-widget elementor-widget-image\" data-id=\"95bab5a\" data-element_type=\"widget\" data-e-type=\"widget\" data-widget_type=\"image.default\">\n\t\t\t\t<div class=\"elementor-widget-container\">\n\t\t\t\t\t\t\t\t\t\t\t\t\t\t\t<img decoding=\"async\" src=\"https:\/\/teenstreet.life\/eu\/wp-content\/uploads\/sites\/13\/2024\/07\/Capture-decran-2024-07-30-a-09.37.43.png\" title=\"Captura de pantalla 2024-07-30 \u00e0 09.37.43\" alt=\"Captura de pantalla 2024-07-30 \u00e0 09.37.43\" loading=\"lazy\" \/>\t\t\t\t\t\t\t\t\t\t\t\t\t\t\t<\/div>\n\t\t\t\t<\/div>\n\t\t\t\t\t<\/div>\n\t\t<\/div>\n\t\t\t\t\t<\/div>\n\t\t<\/section>\n\t\t\t\t<\/div>","protected":false},"excerpt":{"rendered":"<p>Previous Next Day 5: Purpose\u00a0 \u00a0What would TeenStreet be without the Service team? 652 people are working behind the scenes this year and making TeenStreet possible &#8211; in the kitchen, cleaning toilets, as security, at a fun food stand and so on. This morning we thanked them out loud! Service team, we love you!\u00a0 \u00a0Just like the Olympic flame, it is also important for us as Christians to pass on the torch and bring the light of Jesus into the world. Because there are still a good 3 billion people who have little or no opportunity to hear about Jesus. \u00a0 \u00a0We know from Paul that he did not rest even at the end of his ministry, but continued to preach the gospel until the next generation took up the torch. Just before Jesus went back to his heavenly Father, he told his disciples that they would be his witnesses &#8211; his evidence, proof (Acts 1:8). With the DUNAMIS power of the Holy Spirit, our lives will also change and we will be evidence, proof of his love and bring his light into the world. His DUMANIS power will protect us.\u00a0 \u00a0In the afternoon, many teens went out into the city and brought His light to the people of Offenburg &#8211; playing football, at prayer stands or by talking to passers-by. The teens came back with shining eyes and full of enthusiasm about what they had experienced. \u00a0 \u00a0At Throne Room we were reminded that as Christians we have to choose God EVERY day. Then we started a time of worship, where we also used the little torches that everyone received at the entrance waving them around praising God. When we sang the song &#8220;Battle belongs&#8221;, we all got down on our knees and sung: &#8220;So when I fight, I fight on my knees with my hands lifted high. Oh, God, the battle belongs to you.&#8221; Later, we got down on our knees again &#8211; this time to confess our sins to God &#8211; and sang &#8220;Christ and Christ crucified&#8221;. What an evening!<\/p>","protected":false},"author":74,"featured_media":7913,"parent":0,"menu_order":0,"comment_status":"closed","ping_status":"closed","template":"","meta":{"iawp_total_views":0,"footnotes":""},"class_list":["post-7888","page","type-page","status-publish","has-post-thumbnail","hentry"],"_links":{"self":[{"href":"https:\/\/teenstreet.life\/eu\/es\/wp-json\/wp\/v2\/pages\/7888","targetHints":{"allow":["GET"]}}],"collection":[{"href":"https:\/\/teenstreet.life\/eu\/es\/wp-json\/wp\/v2\/pages"}],"about":[{"href":"https:\/\/teenstreet.life\/eu\/es\/wp-json\/wp\/v2\/types\/page"}],"author":[{"embeddable":true,"href":"https:\/\/teenstreet.life\/eu\/es\/wp-json\/wp\/v2\/users\/74"}],"replies":[{"embeddable":true,"href":"https:\/\/teenstreet.life\/eu\/es\/wp-json\/wp\/v2\/comments?post=7888"}],"version-history":[{"count":5,"href":"https:\/\/teenstreet.life\/eu\/es\/wp-json\/wp\/v2\/pages\/7888\/revisions"}],"predecessor-version":[{"id":7926,"href":"https:\/\/teenstreet.life\/eu\/es\/wp-json\/wp\/v2\/pages\/7888\/revisions\/7926"}],"wp:featuredmedia":[{"embeddable":true,"href":"https:\/\/teenstreet.life\/eu\/es\/wp-json\/wp\/v2\/media\/7913"}],"wp:attachment":[{"href":"https:\/\/teenstreet.life\/eu\/es\/wp-json\/wp\/v2\/media?parent=7888"}],"curies":[{"name":"wp","href":"https:\/\/api.w.org\/{rel}","templated":true}]}}