{"id":56,"date":"2020-05-25T09:23:25","date_gmt":"2020-05-25T09:23:25","guid":{"rendered":"https:\/\/teenstreet.life\/eu\/?page_id=56"},"modified":"2023-11-29T12:56:54","modified_gmt":"2023-11-29T11:56:54","slug":"sobre","status":"publish","type":"page","link":"https:\/\/teenstreet.life\/eu\/es\/about\/","title":{"rendered":"Acerca de Teenstreet"},"content":{"rendered":"<div data-elementor-type=\"wp-page\" data-elementor-id=\"56\" class=\"elementor elementor-56\" data-elementor-post-type=\"page\">\n\t\t\t\t\t\t<section class=\"elementor-section elementor-top-section elementor-element elementor-element-c593276 elementor-section-boxed elementor-section-height-default elementor-section-height-default wpr-particle-no wpr-jarallax-no wpr-parallax-no wpr-sticky-section-no wpr-equal-height-no\" data-id=\"c593276\" data-element_type=\"section\" data-e-type=\"section\">\n\t\t\t\t\t\t<div class=\"elementor-container elementor-column-gap-default\">\n\t\t\t\t\t<div class=\"elementor-column elementor-col-16 elementor-top-column elementor-element elementor-element-2af51f9\" data-id=\"2af51f9\" data-element_type=\"column\" data-e-type=\"column\">\n\t\t\t<div class=\"elementor-widget-wrap\">\n\t\t\t\t\t\t\t<\/div>\n\t\t<\/div>\n\t\t\t\t<div class=\"elementor-column elementor-col-66 elementor-top-column elementor-element elementor-element-9c8ab1e\" data-id=\"9c8ab1e\" data-element_type=\"column\" data-e-type=\"column\">\n\t\t\t<div class=\"elementor-widget-wrap elementor-element-populated\">\n\t\t\t\t\t\t<div class=\"elementor-element elementor-element-4f3065b elementor-widget elementor-widget-text-editor\" data-id=\"4f3065b\" data-element_type=\"widget\" data-e-type=\"widget\" data-widget_type=\"text-editor.default\">\n\t\t\t\t<div class=\"elementor-widget-container\">\n\t\t\t\t\t\t\t\t\t<p>TeenStreet es un evento cristiano internacional para adolescentes. Trabajamos con la Iglesia para motivar, equipar y caminar junto a los adolescentes (cristianos) de toda Europa para tener una verdadera amistad con Jes\u00fas y reflejarlo diariamente en su mundo.<\/p><p>TeenStreet comenz\u00f3 en 1993 con un total de 53 adolescentes y ha crecido r\u00e1pidamente. Hoy tenemos 7 eventos anuales de una semana en 6 pa\u00edses y m\u00faltiples eventos de fin de semana en m\u00e1s de 15 pa\u00edses, repartidos en 4 continentes. Alrededor de 10.000 participantes y voluntarios asisten e invierten en estos eventos. En los pr\u00f3ximos a\u00f1os, esperamos que se inicien al menos 30 eventos m\u00e1s en pa\u00edses de todo el mundo, incluidos Oriente Medio, \u00c1frica y Asia.<\/p><p>Estamos comprometidos a trabajar con iglesias y grupos de j\u00f3venes, apoy\u00e1ndolos en su ministerio con los adolescentes. Al mismo tiempo, hacemos hincapi\u00e9 en la cooperaci\u00f3n con las iglesias, porque es muy importante que los adolescentes tengan una comunidad cristiana de la que formar parte despu\u00e9s de TeenStreet.<\/p><p>En TeenStreet queremos animar a los adolescentes en su caminar con Jes\u00fas y ayudarlos a tomar decisiones sabias. Es por eso que cada participante es parte de un peque\u00f1o grupo. Los miembros de un grupo peque\u00f1o comparten el mismo idioma y tienen la misma edad. Su l\u00edder adulto los apoya y comparte con ellos su relaci\u00f3n personal con Jes\u00fas.<\/p><p>Durante las reuniones principales los j\u00f3venes tambi\u00e9n aprenden a vivir en relaci\u00f3n con Dios. Llevan lo que escuchan en las reuniones principales a sus peque\u00f1os grupos para reflexionar sobre ello y aplicarlo a sus vidas en el hogar. Adem\u00e1s, TeenStreet ofrece muchas cosas emocionantes para que participen los adolescentes, incluidos deportes, artes creativas, seminarios y talleres. Tambi\u00e9n tienen tiempo libre para conocer gente de otros pa\u00edses, con diferentes antecedentes culturales y eclesi\u00e1sticos.<\/p>\t\t\t\t\t\t\t\t<\/div>\n\t\t\t\t<\/div>\n\t\t\t\t<div class=\"elementor-element elementor-element-bfa60f8 elementor-widget elementor-widget-heading\" data-id=\"bfa60f8\" data-element_type=\"widget\" data-e-type=\"widget\" data-widget_type=\"heading.default\">\n\t\t\t\t<div class=\"elementor-widget-container\">\n\t\t\t\t\t<h2 class=\"elementor-heading-title elementor-size-default\">Visi\u00f3n<\/h2>\t\t\t\t<\/div>\n\t\t\t\t<\/div>\n\t\t\t\t<div class=\"elementor-element elementor-element-7a02c69 elementor-blockquote--skin-quotation elementor-widget elementor-widget-blockquote\" data-id=\"7a02c69\" data-element_type=\"widget\" data-e-type=\"widget\" data-widget_type=\"blockquote.default\">\n\t\t\t\t<div class=\"elementor-widget-container\">\n\t\t\t\t\t\t\t<blockquote class=\"elementor-blockquote\">\n\t\t\t<p class=\"elementor-blockquote__content\">\n\t\t\t\tTeenStreet trabaja con la Iglesia para motivar, equipar y caminar junto a los adolescentes (cristianos) para tener una verdadera amistad con Jes\u00fas y reflejarlo diariamente en su mundo.  \t\t\t<\/p>\n\t\t\t\t\t<\/blockquote>\n\t\t\t\t\t\t<\/div>\n\t\t\t\t<\/div>\n\t\t\t\t<div class=\"elementor-element elementor-element-c367197 elementor-widget elementor-widget-heading\" data-id=\"c367197\" data-element_type=\"widget\" data-e-type=\"widget\" data-widget_type=\"heading.default\">\n\t\t\t\t<div class=\"elementor-widget-container\">\n\t\t\t\t\t<h2 class=\"elementor-heading-title elementor-size-default\">M\u00e1s sobre TeenStreet<\/h2>\t\t\t\t<\/div>\n\t\t\t\t<\/div>\n\t\t\t\t\t<\/div>\n\t\t<\/div>\n\t\t\t\t<div class=\"elementor-column elementor-col-16 elementor-top-column elementor-element elementor-element-e3a5560\" data-id=\"e3a5560\" data-element_type=\"column\" data-e-type=\"column\">\n\t\t\t<div class=\"elementor-widget-wrap\">\n\t\t\t\t\t\t\t<\/div>\n\t\t<\/div>\n\t\t\t\t\t<\/div>\n\t\t<\/section>\n\t\t\t\t<section class=\"elementor-section elementor-inner-section elementor-element elementor-element-6d47c340 elementor-section-boxed elementor-section-height-default elementor-section-height-default wpr-particle-no wpr-jarallax-no wpr-parallax-no wpr-sticky-section-no wpr-equal-height-no\" data-id=\"6d47c340\" data-element_type=\"section\" data-e-type=\"section\">\n\t\t\t\t\t\t<div class=\"elementor-container elementor-column-gap-extended\">\n\t\t\t\t\t<div class=\"elementor-column elementor-col-33 elementor-inner-column elementor-element elementor-element-64429f9c\" data-id=\"64429f9c\" data-element_type=\"column\" data-e-type=\"column\">\n\t\t\t<div class=\"elementor-widget-wrap elementor-element-populated\">\n\t\t\t\t\t\t<div class=\"elementor-element elementor-element-59b56d48 elementor-widget elementor-widget-ts-card\" data-id=\"59b56d48\" data-element_type=\"widget\" data-e-type=\"widget\" data-widget_type=\"ts-card.default\">\n\t\t\t\t<div class=\"elementor-widget-container\">\n\t\t\t\t\t            <div class=\"ts-card ts-image-background\" style=\"background-image: url(https:\/\/teenstreet.life\/eu\/wp-content\/uploads\/sites\/13\/2020\/05\/teenstreet-1993-participants.jpg);\">\r\n\r\n                \t\t\t\t\t<h3 class=\"ts-card-title\">\r\n\t\t\t\t\t\t<a href=\"https:\/\/teenstreet.life\/eu\/es\/sobre\/historia\/\">\r\n\t\t\t\t\t\t\tHistoria\t\t\t\t\t\t<\/a>\r\n                    <\/h3>\r\n                \r\n                                    <p class=\"ts-card-description\">\r\n                        TeenStreet comenz\u00f3 en 1993 con 56 participantes en Oldenburg. \u00a1Ahora 4,000 participantes de 20 pa\u00edses diferentes se re\u00fanen cada a\u00f1o para conocer mejor a Jes\u00fas y adorar a Dios!                    <\/p>\r\n                \t\t\t\t\r\n\r\n                                    <a class=\"ts-card-button elementor-button-link\" href=\"https:\/\/teenstreet.life\/eu\/es\/sobre\/historia\/\">\r\n                        M\u00e1s informaci\u00f3n                    <\/a>\r\n                \r\n                 \r\n                    <a class=\"ts-card-full-link\" href=\"https:\/\/teenstreet.life\/eu\/es\/sobre\/historia\/\"><\/a>\r\n                \r\n            <\/div>\r\n\r\n        \t\t\t\t<\/div>\n\t\t\t\t<\/div>\n\t\t\t\t\t<\/div>\n\t\t<\/div>\n\t\t\t\t<div class=\"elementor-column elementor-col-33 elementor-inner-column elementor-element elementor-element-364681c9\" data-id=\"364681c9\" data-element_type=\"column\" data-e-type=\"column\">\n\t\t\t<div class=\"elementor-widget-wrap elementor-element-populated\">\n\t\t\t\t\t\t<div class=\"elementor-element elementor-element-7a182468 elementor-widget elementor-widget-ts-card\" data-id=\"7a182468\" data-element_type=\"widget\" data-e-type=\"widget\" data-widget_type=\"ts-card.default\">\n\t\t\t\t<div class=\"elementor-widget-container\">\n\t\t\t\t\t            <div class=\"ts-card ts-image-background\" style=\"background-image: url(https:\/\/teenstreet.life\/eu\/wp-content\/uploads\/sites\/13\/2020\/05\/core-values-480x480.jpg);\">\r\n\r\n                \t\t\t\t\t<h3 class=\"ts-card-title\">\r\n\t\t\t\t\t\t<a href=\"https:\/\/teenstreet.life\/eu\/es\/sobre\/valores-fundamentales\/\">\r\n\t\t\t\t\t\t\tValores fundamentales\t\t\t\t\t\t<\/a>\r\n                    <\/h3>\r\n                \r\n                                    <p class=\"ts-card-description\">\r\n                        En TeenStreet creemos que los adolescentes deben ser tomados en serio; sus sue\u00f1os y sus luchas. Son los l\u00edderes del ma\u00f1ana en los que debemos invertir. Por eso existe TeenStreet.                    <\/p>\r\n                \t\t\t\t\r\n\r\n                                    <a class=\"ts-card-button elementor-button-link\" href=\"https:\/\/teenstreet.life\/eu\/es\/sobre\/valores-fundamentales\/\">\r\n                        Nuestros valores                    <\/a>\r\n                \r\n                 \r\n                    <a class=\"ts-card-full-link\" href=\"https:\/\/teenstreet.life\/eu\/es\/sobre\/valores-fundamentales\/\"><\/a>\r\n                \r\n            <\/div>\r\n\r\n        \t\t\t\t<\/div>\n\t\t\t\t<\/div>\n\t\t\t\t\t<\/div>\n\t\t<\/div>\n\t\t\t\t<div class=\"elementor-column elementor-col-33 elementor-inner-column elementor-element elementor-element-10a5bb30\" data-id=\"10a5bb30\" data-element_type=\"column\" data-e-type=\"column\">\n\t\t\t<div class=\"elementor-widget-wrap elementor-element-populated\">\n\t\t\t\t\t\t<div class=\"elementor-element elementor-element-2524ee34 elementor-widget elementor-widget-ts-card\" data-id=\"2524ee34\" data-element_type=\"widget\" data-e-type=\"widget\" data-widget_type=\"ts-card.default\">\n\t\t\t\t<div class=\"elementor-widget-container\">\n\t\t\t\t\t            <div class=\"ts-card ts-image-background\" style=\"background-image: url(https:\/\/teenstreet.life\/eu\/wp-content\/uploads\/sites\/13\/2020\/05\/ts-about-om-480x480.png);\">\r\n\r\n                \t\t\t\t\t<h3 class=\"ts-card-title\">\r\n\t\t\t\t\t\t<a href=\"https:\/\/teenstreet.life\/eu\/es\/sobre\/sobre-om\/\">\r\n\t\t\t\t\t\t\tAcerca de OM\t\t\t\t\t\t<\/a>\r\n                    <\/h3>\r\n                \r\n                                    <p class=\"ts-card-description\">\r\n                        TeenStreet es un ministerio de Operaci\u00f3n Movilizaci\u00f3n, una organizaci\u00f3n misionera que opera en m\u00e1s de 110 pa\u00edses que equipa y motiva a las personas a compartir el amor de Dios en todo el mundo.                    <\/p>\r\n                \t\t\t\t\r\n\r\n                                    <a class=\"ts-card-button elementor-button-link\" href=\"https:\/\/teenstreet.life\/eu\/es\/sobre\/sobre-om\/\">\r\n                        Descubrir m\u00e1s                    <\/a>\r\n                \r\n                 \r\n                    <a class=\"ts-card-full-link\" href=\"https:\/\/teenstreet.life\/eu\/es\/sobre\/sobre-om\/\"><\/a>\r\n                \r\n            <\/div>\r\n\r\n        \t\t\t\t<\/div>\n\t\t\t\t<\/div>\n\t\t\t\t\t<\/div>\n\t\t<\/div>\n\t\t\t\t\t<\/div>\n\t\t<\/section>\n\t\t\t\t<\/div>","protected":false},"excerpt":{"rendered":"<p>TeenStreet es un evento cristiano internacional para adolescentes. Trabajamos con la Iglesia para motivar, equipar y caminar junto a adolescentes (cristianos) de toda Europa para tener una verdadera amistad con Jes\u00fas y reflejarlo diariamente en su mundo. TeenStreet comenz\u00f3 en 1993 con un total de 53 adolescentes y ha crecido r\u00e1pidamente. Hoy tenemos 7 eventos anuales de una semana en 6 pa\u00edses y m\u00faltiples eventos de fin de semana en m\u00e1s de 15 pa\u00edses, repartidos en 4 continentes. Alrededor de 10.000 participantes y voluntarios asisten e invierten en estos eventos. En los pr\u00f3ximos a\u00f1os, esperamos que se inicien al menos 30 eventos m\u00e1s en pa\u00edses de todo el mundo, incluidos Oriente Medio, \u00c1frica y Asia. Estamos comprometidos a trabajar con iglesias y grupos de j\u00f3venes, apoy\u00e1ndoles en su ministerio con los adolescentes. Al mismo tiempo, hacemos hincapi\u00e9 en la cooperaci\u00f3n con las iglesias, porque es muy importante que los adolescentes tengan una comunidad cristiana de la que formar parte despu\u00e9s de TeenStreet. En TeenStreet queremos animar a los adolescentes en su camino con Jes\u00fas y ayudarles a tomar decisiones sabias. Por eso cada participante forma parte de un grupo peque\u00f1o. Los miembros de un grupo peque\u00f1o comparten el mismo idioma y tienen la misma edad. Su l\u00edder adulto les apoya y comparte con ellos su relaci\u00f3n personal con Jes\u00fas. Durante las reuniones principales, los adolescentes tambi\u00e9n aprenden a vivir en relaci\u00f3n con Dios. Llevan lo que escuchan en las reuniones principales a sus grupos peque\u00f1os para reflexionar sobre ello y aplicarlo a sus vidas en casa. Adem\u00e1s, TeenStreet ofrece a los adolescentes muchas actividades interesantes, como deportes, artes creativas, seminarios y talleres. Tambi\u00e9n tienen tiempo libre para conocer a gente de otros pa\u00edses, con diferentes antecedentes culturales y eclesi\u00e1sticos. Visi\u00f3n TeenStreet trabaja con la Iglesia para motivar, equipar y caminar junto a los adolescentes (cristianos) para tener una verdadera amistad con Jes\u00fas y reflejarlo diariamente en su mundo. M\u00e1s sobre TeenStreet<\/p>","protected":false},"author":1,"featured_media":334,"parent":0,"menu_order":0,"comment_status":"closed","ping_status":"closed","template":"","meta":{"iawp_total_views":112,"footnotes":""},"class_list":["post-56","page","type-page","status-publish","has-post-thumbnail","hentry"],"_links":{"self":[{"href":"https:\/\/teenstreet.life\/eu\/es\/wp-json\/wp\/v2\/pages\/56","targetHints":{"allow":["GET"]}}],"collection":[{"href":"https:\/\/teenstreet.life\/eu\/es\/wp-json\/wp\/v2\/pages"}],"about":[{"href":"https:\/\/teenstreet.life\/eu\/es\/wp-json\/wp\/v2\/types\/page"}],"author":[{"embeddable":true,"href":"https:\/\/teenstreet.life\/eu\/es\/wp-json\/wp\/v2\/users\/1"}],"replies":[{"embeddable":true,"href":"https:\/\/teenstreet.life\/eu\/es\/wp-json\/wp\/v2\/comments?post=56"}],"version-history":[{"count":2,"href":"https:\/\/teenstreet.life\/eu\/es\/wp-json\/wp\/v2\/pages\/56\/revisions"}],"predecessor-version":[{"id":8573,"href":"https:\/\/teenstreet.life\/eu\/es\/wp-json\/wp\/v2\/pages\/56\/revisions\/8573"}],"wp:featuredmedia":[{"embeddable":true,"href":"https:\/\/teenstreet.life\/eu\/es\/wp-json\/wp\/v2\/media\/334"}],"wp:attachment":[{"href":"https:\/\/teenstreet.life\/eu\/es\/wp-json\/wp\/v2\/media?parent=56"}],"curies":[{"name":"wp","href":"https:\/\/api.w.org\/{rel}","templated":true}]}}