{"id":4013,"date":"2021-04-19T16:30:12","date_gmt":"2021-04-19T14:30:12","guid":{"rendered":"https:\/\/teenstreet.life\/eu\/?page_id=4013"},"modified":"2025-02-14T10:29:04","modified_gmt":"2025-02-14T09:29:04","slug":"estar-separados","status":"publish","type":"page","link":"https:\/\/teenstreet.life\/eu\/es\/teenstreet\/be-a-part\/","title":{"rendered":"\u00a1Participa!"},"content":{"rendered":"<div data-elementor-type=\"wp-page\" data-elementor-id=\"4013\" class=\"elementor elementor-4013\" data-elementor-post-type=\"page\">\n\t\t\t\t\t\t<section class=\"elementor-section elementor-top-section elementor-element elementor-element-4079d3f elementor-section-content-middle elementor-section-boxed elementor-section-height-default elementor-section-height-default\" data-id=\"4079d3f\" data-element_type=\"section\" data-e-type=\"section\">\n\t\t\t\t\t\t<div class=\"elementor-container elementor-column-gap-wider\">\n\t\t\t\t\t<div class=\"elementor-column elementor-col-50 elementor-top-column elementor-element elementor-element-0f5309c\" data-id=\"0f5309c\" data-element_type=\"column\" data-e-type=\"column\">\n\t\t\t<div class=\"elementor-widget-wrap elementor-element-populated\">\n\t\t\t\t\t\t<div class=\"elementor-element elementor-element-6adfb40 elementor-widget elementor-widget-heading\" data-id=\"6adfb40\" data-element_type=\"widget\" data-e-type=\"widget\" data-widget_type=\"heading.default\">\n\t\t\t\t<div class=\"elementor-widget-container\">\n\t\t\t\t\t<h2 class=\"elementor-heading-title elementor-size-default\">Adolescente<\/h2>\t\t\t\t<\/div>\n\t\t\t\t<\/div>\n\t\t\t\t<div class=\"elementor-element elementor-element-7ae250d elementor-widget elementor-widget-text-editor\" data-id=\"7ae250d\" data-element_type=\"widget\" data-e-type=\"widget\" data-widget_type=\"text-editor.default\">\n\t\t\t\t<div class=\"elementor-widget-container\">\n\t\t\t\t\t\t\t\t\t<p><b>Edades: Adolescentes nacidos entre 2007 y 2012<\/b><\/p>\t\t\t\t\t\t\t\t<\/div>\n\t\t\t\t<\/div>\n\t\t\t\t<div class=\"elementor-element elementor-element-2850c2d elementor-widget elementor-widget-text-editor\" data-id=\"2850c2d\" data-element_type=\"widget\" data-e-type=\"widget\" data-widget_type=\"text-editor.default\">\n\t\t\t\t<div class=\"elementor-widget-container\">\n\t\t\t\t\t\t\t\t\t<p>Ser parte de TeenStreet significa compa\u00f1erismo con muchos otros adolescentes que est\u00e1n en el mismo camino que t\u00fa. En TeenStreet tendr\u00e1s la oportunidad de hacer cualquier pregunta que puedas tener, pasar tiempo en la presencia de Dios, adorar a Dios con otros adolescentes de toda Europa, aprender de la Biblia y mucho m\u00e1s. TeenStreet es exactamente como suena; \u00a1es un lugar donde puedes fortalecer tu relaci\u00f3n con Dios y ayudar a descubrir Su direcci\u00f3n para tu vida!<\/p>\t\t\t\t\t\t\t\t<\/div>\n\t\t\t\t<\/div>\n\t\t\t\t<div class=\"elementor-element elementor-element-3548968 elementor-widget elementor-widget-image\" data-id=\"3548968\" data-element_type=\"widget\" data-e-type=\"widget\" data-widget_type=\"image.default\">\n\t\t\t\t<div class=\"elementor-widget-container\">\n\t\t\t\t\t\t\t\t\t\t\t\t\t\t\t<img decoding=\"async\" width=\"127\" height=\"127\" src=\"https:\/\/teenstreet.life\/eu\/wp-content\/uploads\/sites\/13\/2020\/07\/smile.svg\" class=\"attachment-medium size-medium wp-image-1618\" alt=\"\" \/>\t\t\t\t\t\t\t\t\t\t\t\t\t\t\t<\/div>\n\t\t\t\t<\/div>\n\t\t\t\t\t<\/div>\n\t\t<\/div>\n\t\t\t\t<div class=\"elementor-column elementor-col-50 elementor-top-column elementor-element elementor-element-17212f0\" data-id=\"17212f0\" data-element_type=\"column\" data-e-type=\"column\">\n\t\t\t<div class=\"elementor-widget-wrap elementor-element-populated\">\n\t\t\t\t\t\t<div class=\"elementor-element elementor-element-7092561 elementor-widget elementor-widget-ts-card\" data-id=\"7092561\" data-element_type=\"widget\" data-e-type=\"widget\" data-widget_type=\"ts-card.default\">\n\t\t\t\t<div class=\"elementor-widget-container\">\n\t\t\t\t\t            <div class=\"ts-card ts-image-background\" style=\"background-image: url(https:\/\/teenstreet.life\/eu\/wp-content\/uploads\/sites\/13\/2020\/05\/ts-awesome-image-480x480.jpg);\">\r\n\r\n                \r\n                \t\t\t\t\r\n\r\n                \r\n                \r\n            <\/div>\r\n\r\n        \t\t\t\t<\/div>\n\t\t\t\t<\/div>\n\t\t\t\t\t<\/div>\n\t\t<\/div>\n\t\t\t\t\t<\/div>\n\t\t<\/section>\n\t\t\t\t<section class=\"elementor-section elementor-top-section elementor-element elementor-element-23231d4 elementor-section-content-middle elementor-section-boxed elementor-section-height-default elementor-section-height-default\" data-id=\"23231d4\" data-element_type=\"section\" data-e-type=\"section\" data-settings=\"{&quot;background_background&quot;:&quot;classic&quot;}\">\n\t\t\t\t\t\t<div class=\"elementor-container elementor-column-gap-wider\">\n\t\t\t\t\t<div class=\"elementor-column elementor-col-50 elementor-top-column elementor-element elementor-element-b9dd4eb\" data-id=\"b9dd4eb\" data-element_type=\"column\" data-e-type=\"column\">\n\t\t\t<div class=\"elementor-widget-wrap elementor-element-populated\">\n\t\t\t\t\t\t<div class=\"elementor-element elementor-element-f02abf9 elementor-widget elementor-widget-ts-card\" data-id=\"f02abf9\" data-element_type=\"widget\" data-e-type=\"widget\" data-widget_type=\"ts-card.default\">\n\t\t\t\t<div class=\"elementor-widget-container\">\n\t\t\t\t\t            <div class=\"ts-card ts-image-background\" style=\"background-image: url(https:\/\/teenstreet.life\/eu\/wp-content\/uploads\/sites\/13\/2021\/04\/48421154806_bab4b3f931_o-480x480.jpg);\">\r\n\r\n                \r\n                \t\t\t\t\r\n\r\n                \r\n                 \r\n                    <a class=\"ts-card-full-link\" href=\"#\"><\/a>\r\n                \r\n            <\/div>\r\n\r\n        \t\t\t\t<\/div>\n\t\t\t\t<\/div>\n\t\t\t\t\t<\/div>\n\t\t<\/div>\n\t\t\t\t<div class=\"elementor-column elementor-col-50 elementor-top-column elementor-element elementor-element-68e4444\" data-id=\"68e4444\" data-element_type=\"column\" data-e-type=\"column\">\n\t\t\t<div class=\"elementor-widget-wrap elementor-element-populated\">\n\t\t\t\t\t\t<div class=\"elementor-element elementor-element-dafab5e elementor-widget elementor-widget-heading\" data-id=\"dafab5e\" data-element_type=\"widget\" data-e-type=\"widget\" data-widget_type=\"heading.default\">\n\t\t\t\t<div class=\"elementor-widget-container\">\n\t\t\t\t\t<h2 class=\"elementor-heading-title elementor-size-default\">L\u00edder de grupos peque\u00f1os<\/h2>\t\t\t\t<\/div>\n\t\t\t\t<\/div>\n\t\t\t\t<div class=\"elementor-element elementor-element-5ddaf0e elementor-widget elementor-widget-text-editor\" data-id=\"5ddaf0e\" data-element_type=\"widget\" data-e-type=\"widget\" data-widget_type=\"text-editor.default\">\n\t\t\t\t<div class=\"elementor-widget-container\">\n\t\t\t\t\t\t\t\t\t<p style=\"text-align: left\"><b>Siglos: <\/b><b>20+ (Los co-entrenadores pueden tener 18 o 19 a\u00f1os)<\/b><b>(si est\u00e1n con un entrenador de 20 a\u00f1os o m\u00e1s)<\/b><\/p>\t\t\t\t\t\t\t\t<\/div>\n\t\t\t\t<\/div>\n\t\t\t\t<div class=\"elementor-element elementor-element-6ce2cb5 elementor-widget elementor-widget-text-editor\" data-id=\"6ce2cb5\" data-element_type=\"widget\" data-e-type=\"widget\" data-widget_type=\"text-editor.default\">\n\t\t\t\t<div class=\"elementor-widget-container\">\n\t\t\t\t\t\t\t\t\t<p class=\"p1\">Si el trabajo con j\u00f3venes est\u00e1 cerca de tu coraz\u00f3n y tienes al menos 20 a\u00f1os, entonces liderar un Grupo Peque\u00f1o en TeenStreet es el trabajo para ti. Como L\u00edder de un Grupo Peque\u00f1o (LPE), ayudar\u00e1s a crear un espacio seguro para un grupo de cinco a siete adolescentes de tu pa\u00eds para profundizar juntos en la Biblia. Acompa\u00f1ar\u00e1s al Grupo Peque\u00f1o durante toda la semana del evento y tendr\u00e1s la oportunidad de invertir en las vidas de los adolescentes a trav\u00e9s de estudios b\u00edblicos, actividades de grupo, oraci\u00f3n, deportes y mucho m\u00e1s. Te invitamos a venir con los adolescentes de tu grupo de j\u00f3venes o iglesia, pero tambi\u00e9n puedes encargarte de un nuevo grupo de adolescentes.<\/p><p>En TeenStreet ser\u00e1s responsable de un peque\u00f1o grupo. Este peque\u00f1o grupo estar\u00e1 formado por un m\u00e1ximo de seis adolescentes del mismo sexo. Los L\u00edderes de los Grupos Peque\u00f1os son responsables de dirigir estos grupos y generalmente deben tomarse el tiempo para \"estar ah\u00ed\" para sus adolescentes. Si tienes 20 a\u00f1os o m\u00e1s y te gustar\u00eda ser un SGL, puedes inscribirte directamente.<\/p>\t\t\t\t\t\t\t\t<\/div>\n\t\t\t\t<\/div>\n\t\t\t\t\t<\/div>\n\t\t<\/div>\n\t\t\t\t\t<\/div>\n\t\t<\/section>\n\t\t\t\t<section class=\"elementor-section elementor-top-section elementor-element elementor-element-d7d9d6b elementor-section-content-middle elementor-section-boxed elementor-section-height-default elementor-section-height-default\" data-id=\"d7d9d6b\" data-element_type=\"section\" data-e-type=\"section\" id=\"service-team\">\n\t\t\t\t\t\t<div class=\"elementor-container elementor-column-gap-wider\">\n\t\t\t\t\t<div class=\"elementor-column elementor-col-50 elementor-top-column elementor-element elementor-element-f6b28e9\" data-id=\"f6b28e9\" data-element_type=\"column\" data-e-type=\"column\">\n\t\t\t<div class=\"elementor-widget-wrap elementor-element-populated\">\n\t\t\t\t\t\t<div class=\"elementor-element elementor-element-f1990db elementor-widget elementor-widget-heading\" data-id=\"f1990db\" data-element_type=\"widget\" data-e-type=\"widget\" data-widget_type=\"heading.default\">\n\t\t\t\t<div class=\"elementor-widget-container\">\n\t\t\t\t\t<h2 class=\"elementor-heading-title elementor-size-default\"><a href=\"#service-team\">Equipo de servicio<\/a><\/h2>\t\t\t\t<\/div>\n\t\t\t\t<\/div>\n\t\t\t\t<div class=\"elementor-element elementor-element-92c670a elementor-widget elementor-widget-text-editor\" data-id=\"92c670a\" data-element_type=\"widget\" data-e-type=\"widget\" data-widget_type=\"text-editor.default\">\n\t\t\t\t<div class=\"elementor-widget-container\">\n\t\t\t\t\t\t\t\t\t<p><b>Edades: Mayores de 18 a\u00f1os (nacidos en 2007 o antes)<\/b><\/p>\t\t\t\t\t\t\t\t<\/div>\n\t\t\t\t<\/div>\n\t\t\t\t<div class=\"elementor-element elementor-element-764c794 elementor-widget__width-initial elementor-widget elementor-widget-text-editor\" data-id=\"764c794\" data-element_type=\"widget\" data-e-type=\"widget\" data-widget_type=\"text-editor.default\">\n\t\t\t\t<div class=\"elementor-widget-container\">\n\t\t\t\t\t\t\t\t\t<p>Este a\u00f1o estamos buscando nuevamente personas para participar en diversas tareas en el Equipo de Servicio.\u00a0<\/p><p>Tiendas (quiosco, fruter\u00eda, helader\u00eda, Funfood, T-ShirtShop, librer\u00eda, p. ej.)<\/p><p>-CleanStreet (ordenar y limpiar)<\/p><p>-Bebidas y bebidas (Coffebar, Mocktailbar, StaffCaf\u00e9)<\/p><p>-Comedor (lavavajillas, servicio, cocina, por ejemplo)<\/p><p>-KidsStreet (Guarder\u00eda, programa y juego con ni\u00f1os)<\/p><p>-Seguridad (alrededor del \u00e1rea, sal\u00f3n principal, piscinas, por ejemplo)<\/p><p>-Oficina (mostrador de informaci\u00f3n, registro de invitados de d\u00eda, oficina de TS, banco de TS, por ejemplo))<\/p><p>-Deportes y actividades (f\u00fatbol, baloncesto, competiciones, por ejemplo)<\/p><p>-T\u00e9cnico (TI, Electricidad, por ejemplo)<\/p><p><b>Para m\u00e1s informaci\u00f3n, p\u00f3ngase en contacto con su oficina de TS o con\u00a0<\/b><\/p>\t\t\t\t\t\t\t\t<\/div>\n\t\t\t\t<\/div>\n\t\t\t\t<div class=\"elementor-element elementor-element-7c90d5f elementor-widget elementor-widget-button\" data-id=\"7c90d5f\" data-element_type=\"widget\" data-e-type=\"widget\" data-widget_type=\"button.default\">\n\t\t\t\t<div class=\"elementor-widget-container\">\n\t\t\t\t\t\t\t\t\t<div class=\"elementor-button-wrapper\">\n\t\t\t\t\t<a class=\"elementor-button elementor-button-link elementor-size-sm\" href=\"https:\/\/registration.teenstreet.de\/ts-2025\/\" target=\"_blank\" rel=\"noopener\">\n\t\t\t\t\t\t<span class=\"elementor-button-content-wrapper\">\n\t\t\t\t\t\t\t\t\t<span class=\"elementor-button-text\"> Reg\u00edstrese aqu\u00ed<\/span>\n\t\t\t\t\t<\/span>\n\t\t\t\t\t<\/a>\n\t\t\t\t<\/div>\n\t\t\t\t\t\t\t\t<\/div>\n\t\t\t\t<\/div>\n\t\t\t\t<div class=\"elementor-element elementor-element-2a7ced1 elementor-widget elementor-widget-image\" data-id=\"2a7ced1\" data-element_type=\"widget\" data-e-type=\"widget\" data-widget_type=\"image.default\">\n\t\t\t\t<div class=\"elementor-widget-container\">\n\t\t\t\t\t\t\t\t\t\t\t\t\t\t\t<img decoding=\"async\" width=\"127\" height=\"127\" src=\"https:\/\/teenstreet.life\/eu\/wp-content\/uploads\/sites\/13\/2020\/07\/support.svg\" class=\"attachment-thumbnail size-thumbnail wp-image-2727\" alt=\"\" \/>\t\t\t\t\t\t\t\t\t\t\t\t\t\t\t<\/div>\n\t\t\t\t<\/div>\n\t\t\t\t\t<\/div>\n\t\t<\/div>\n\t\t\t\t<div class=\"elementor-column elementor-col-50 elementor-top-column elementor-element elementor-element-2c252a3\" data-id=\"2c252a3\" data-element_type=\"column\" data-e-type=\"column\">\n\t\t\t<div class=\"elementor-widget-wrap elementor-element-populated\">\n\t\t\t\t\t\t<div class=\"elementor-element elementor-element-d2310c6 elementor-widget elementor-widget-ts-card\" data-id=\"d2310c6\" data-element_type=\"widget\" data-e-type=\"widget\" data-widget_type=\"ts-card.default\">\n\t\t\t\t<div class=\"elementor-widget-container\">\n\t\t\t\t\t            <div class=\"ts-card ts-image-background\" style=\"background-image: url(https:\/\/teenstreet.life\/eu\/wp-content\/uploads\/sites\/13\/2021\/04\/48584667401_847b2f04a0_c-480x480.jpg);\">\r\n\r\n                \r\n                \t\t\t\t\r\n\r\n                \r\n                 \r\n                    <a class=\"ts-card-full-link\" href=\"#\"><\/a>\r\n                \r\n            <\/div>\r\n\r\n        \t\t\t\t<\/div>\n\t\t\t\t<\/div>\n\t\t\t\t\t<\/div>\n\t\t<\/div>\n\t\t\t\t\t<\/div>\n\t\t<\/section>\n\t\t\t\t<\/div>","protected":false},"excerpt":{"rendered":"<p>Teenager Ages: Teenagers born between 2007 &#8211; 2012 Being a part of TeenStreet means fellowship with many other teens who are on the same journey as you. At TeenStreet you will have the opportunity to ask any questions you may have, spend time in the presence of God, worship God with other teens across Europe, [&hellip;]<\/p>\n","protected":false},"author":18,"featured_media":7043,"parent":3641,"menu_order":0,"comment_status":"closed","ping_status":"closed","template":"","meta":{"iawp_total_views":51,"footnotes":""},"class_list":["post-4013","page","type-page","status-publish","has-post-thumbnail","hentry"],"_links":{"self":[{"href":"https:\/\/teenstreet.life\/eu\/es\/wp-json\/wp\/v2\/pages\/4013","targetHints":{"allow":["GET"]}}],"collection":[{"href":"https:\/\/teenstreet.life\/eu\/es\/wp-json\/wp\/v2\/pages"}],"about":[{"href":"https:\/\/teenstreet.life\/eu\/es\/wp-json\/wp\/v2\/types\/page"}],"author":[{"embeddable":true,"href":"https:\/\/teenstreet.life\/eu\/es\/wp-json\/wp\/v2\/users\/18"}],"replies":[{"embeddable":true,"href":"https:\/\/teenstreet.life\/eu\/es\/wp-json\/wp\/v2\/comments?post=4013"}],"version-history":[{"count":5,"href":"https:\/\/teenstreet.life\/eu\/es\/wp-json\/wp\/v2\/pages\/4013\/revisions"}],"predecessor-version":[{"id":8193,"href":"https:\/\/teenstreet.life\/eu\/es\/wp-json\/wp\/v2\/pages\/4013\/revisions\/8193"}],"up":[{"embeddable":true,"href":"https:\/\/teenstreet.life\/eu\/es\/wp-json\/wp\/v2\/pages\/3641"}],"wp:featuredmedia":[{"embeddable":true,"href":"https:\/\/teenstreet.life\/eu\/es\/wp-json\/wp\/v2\/media\/7043"}],"wp:attachment":[{"href":"https:\/\/teenstreet.life\/eu\/es\/wp-json\/wp\/v2\/media?parent=4013"}],"curies":[{"name":"wp","href":"https:\/\/api.w.org\/{rel}","templated":true}]}}