{"id":1034,"date":"2020-05-29T15:15:20","date_gmt":"2020-05-29T15:15:20","guid":{"rendered":"https:\/\/teenstreet.life\/eu\/?page_id=1034"},"modified":"2025-05-23T16:08:39","modified_gmt":"2025-05-23T14:08:39","slug":"imprimir","status":"publish","type":"page","link":"https:\/\/teenstreet.life\/eu\/es\/imprint\/","title":{"rendered":"Imprimir"},"content":{"rendered":"<div data-elementor-type=\"wp-page\" data-elementor-id=\"1034\" class=\"elementor elementor-1034\" data-elementor-post-type=\"page\">\n\t\t\t\t\t\t<section class=\"elementor-section elementor-top-section elementor-element elementor-element-51f46195 elementor-section-boxed elementor-section-height-default elementor-section-height-default wpr-particle-no wpr-jarallax-no wpr-parallax-no wpr-sticky-section-no\" data-id=\"51f46195\" data-element_type=\"section\" data-e-type=\"section\">\n\t\t\t\t\t\t<div class=\"elementor-container elementor-column-gap-default\">\n\t\t\t\t\t<div class=\"elementor-column elementor-col-100 elementor-top-column elementor-element elementor-element-4a8aaae4\" data-id=\"4a8aaae4\" data-element_type=\"column\" data-e-type=\"column\">\n\t\t\t<div class=\"elementor-widget-wrap elementor-element-populated\">\n\t\t\t\t\t\t<div class=\"elementor-element elementor-element-6efcf38 elementor-widget elementor-widget-text-editor\" data-id=\"6efcf38\" data-element_type=\"widget\" data-e-type=\"widget\" data-widget_type=\"text-editor.default\">\n\t\t\t\t<div class=\"elementor-widget-container\">\n\t\t\t\t\t\t\t\t\t\n<p>OM Alemania \/ Operaci\u00f3n Movilizaci\u00f3n e. v <br \/>Calle Alte Neckarelzer. 2 <br \/>74821 Mosbach\/Alemania<\/p>\n\n<p>Tel\u00e9fono: +49 6261 947-0 <br \/>Fax: +49 6261 947-147 <br \/>Email: <a href=\"mailto:info.de@om.org\">info.de@om.org<\/a><\/p>\n\n<h2 class=\"wp-block-heading\">Comit\u00e9 ejecutivo con poder de representaci\u00f3n conjunto en el sentido de BGB \u00a7 26:<\/h2>\n\n<p>Simone Schwab (Presidenta)<\/p>\n\n<p>Direcci\u00f3n ver arriba.<\/p>\n\n<h2 class=\"wp-block-heading\">Tribunal de registro:<\/h2>\n\n<p>mannheim<\/p>\n\n<h2 class=\"wp-block-heading\">N\u00famero de registro:<\/h2>\n\n<p>RV 440471<\/p>\n\n<h2 class=\"wp-block-heading\">N\u00famero de identificaci\u00f3n fiscal sobre las ventas seg\u00fan \u00a7 27a:<\/h2>\n\n<p>DE 144031730<\/p>\n\n<h2 class=\"wp-block-heading\">Responsable del contenido seg\u00fan \u00a7 6 MDStV:<\/h2>\n\n<p>Tobias K\u00fcbler<\/p>\n\n<p>Direcci\u00f3n ver arriba.<\/p>\n\n<h2 class=\"wp-block-heading\">norte<strong>Notas:<\/strong><\/h2>\n\n<p>A pesar del cuidadoso control de los contenidos, no asumimos ninguna responsabilidad por los contenidos de los enlaces externos. Los operadores de las p\u00e1ginas enlazadas son los \u00fanicos responsables del contenido de sus p\u00e1ginas.<\/p>\n\n<p>Todas las im\u00e1genes, gr\u00e1ficos y el dise\u00f1o que se muestran en este sitio web est\u00e1n protegidos por derechos de autor y no pueden utilizarse sin el permiso por escrito del autor.<\/p>\n\n<p>El Reglamento de la UE n.\u00ba 524\/2013 sobre resoluci\u00f3n de disputas en l\u00ednea (ODR) se aplicar\u00e1 a partir del 9 de enero de 2016. Se puede acceder a la plataforma de la Comisi\u00f3n de la UE para la resoluci\u00f3n de disputas en l\u00ednea a trav\u00e9s del siguiente enlace: ec.europa.eu\/consumers\/odr\/ Seg\u00fan la informaci\u00f3n publicada all\u00ed, la plataforma se puede utilizar de acuerdo con la ODR a partir del 15 de febrero de 2016.<\/p>\n\n<p>Operaci\u00f3n Movilizaci\u00f3n e. V. es, seg\u00fan la \u00faltima liquidaci\u00f3n del impuesto sobre la renta de sociedades que recibimos el 09.01.2020, StNr. 40004\/04959, exento del impuesto sobre la renta de sociedades por la oficina de impuestos de Mosbach debido a la promoci\u00f3n de fines religiosos de acuerdo con \u00a7 5 P\u00e1rr. 1 N\u00b0 9 de la Ley del Impuesto sobre Sociedades y del impuesto comercial de conformidad con el \u00a7 3 N\u00b0 6 de la Ley del Impuesto Comercial. La asociaci\u00f3n no cobra cuotas de membres\u00eda.<\/p>\n\t\t\t\t\t\t\t\t<\/div>\n\t\t\t\t<\/div>\n\t\t\t\t\t<\/div>\n\t\t<\/div>\n\t\t\t\t\t<\/div>\n\t\t<\/section>\n\t\t\t\t<\/div>","protected":false},"excerpt":{"rendered":"<p>OM Germany \/ Operation Mobilisation e. V. Alte Neckarelzer Str. 2 74821 Mosbach\/Germany Phone: +49 6261 947-0 Fax: +49 6261 947-147 e-mail: info.de@om.org Executive committee with joint power of representation in the sense of BGB \u00a7 26: Simone Schwab (Chairwoman) Address see above. Registry court: Mannheim Register number: VR 440471 Sales tax identification number according to \u00a7 27a: DE 144031730 Responsible for content according to \u00a7 6 MDStV: Tobias Kuebler Address see above. Notes: Despite careful control of the contents, we do not assume any liability for the contents of external links. The operators of the linked pages are solely responsible for the content of their pages. All pictures, graphics and the design shown on this website are protected by copyright and may not be used without written permission of the author. The EU Regulation No. 524\/2013 on Online Dispute Resolution (ODR) will apply from 9 January 2016. The EU Commission&#8217;s platform for Online Dispute Resolution can be accessed via the following link: ec.europa.eu\/consumers\/odr\/ According to the information published there, the platform can be used in accordance with the ODR from 15 February 2016. Operation Mobilisation e. V. is, according to the last corporate income tax assessment we received on 09.01.2020, StNr. 40004\/04959, exempt from corporate income tax by the Mosbach tax office due to the promotion of religious purposes in accordance with \u00a7 5 Para. 1 No. 9 of the Corporate Income Tax Act and from trade tax in accordance with \u00a7 3 No. 6 of the Trade Tax Act. The association does not charge membership fees.<\/p>","protected":false},"author":1,"featured_media":0,"parent":0,"menu_order":0,"comment_status":"closed","ping_status":"closed","template":"","meta":{"iawp_total_views":1,"footnotes":""},"class_list":["post-1034","page","type-page","status-publish","hentry"],"_links":{"self":[{"href":"https:\/\/teenstreet.life\/eu\/es\/wp-json\/wp\/v2\/pages\/1034","targetHints":{"allow":["GET"]}}],"collection":[{"href":"https:\/\/teenstreet.life\/eu\/es\/wp-json\/wp\/v2\/pages"}],"about":[{"href":"https:\/\/teenstreet.life\/eu\/es\/wp-json\/wp\/v2\/types\/page"}],"author":[{"embeddable":true,"href":"https:\/\/teenstreet.life\/eu\/es\/wp-json\/wp\/v2\/users\/1"}],"replies":[{"embeddable":true,"href":"https:\/\/teenstreet.life\/eu\/es\/wp-json\/wp\/v2\/comments?post=1034"}],"version-history":[{"count":5,"href":"https:\/\/teenstreet.life\/eu\/es\/wp-json\/wp\/v2\/pages\/1034\/revisions"}],"predecessor-version":[{"id":8329,"href":"https:\/\/teenstreet.life\/eu\/es\/wp-json\/wp\/v2\/pages\/1034\/revisions\/8329"}],"wp:attachment":[{"href":"https:\/\/teenstreet.life\/eu\/es\/wp-json\/wp\/v2\/media?parent=1034"}],"curies":[{"name":"wp","href":"https:\/\/api.w.org\/{rel}","templated":true}]}}