{"id":9061,"date":"2026-04-02T11:33:19","date_gmt":"2026-04-02T09:33:19","guid":{"rendered":"https:\/\/teenstreet.life\/eu\/?page_id=9061"},"modified":"2026-04-20T06:56:27","modified_gmt":"2026-04-20T04:56:27","slug":"kleingruppenleiterschulung","status":"publish","type":"page","link":"https:\/\/teenstreet.life\/eu\/de-ch\/small-group-leader-training\/","title":{"rendered":"Kleingruppenleiter-Schulung"},"content":{"rendered":"<div data-elementor-type=\"wp-page\" data-elementor-id=\"9061\" class=\"elementor elementor-9061\" data-elementor-post-type=\"page\">\n\t\t\t\t\t\t<section class=\"elementor-section elementor-top-section elementor-element elementor-element-3b45328 elementor-section-boxed elementor-section-height-default elementor-section-height-default wpr-particle-no wpr-jarallax-no wpr-parallax-no wpr-sticky-section-no wpr-equal-height-no\" data-id=\"3b45328\" data-element_type=\"section\" data-e-type=\"section\">\n\t\t\t\t\t\t<div class=\"elementor-container elementor-column-gap-default\">\n\t\t\t\t\t<div class=\"elementor-column elementor-col-50 elementor-top-column elementor-element elementor-element-c291639\" data-id=\"c291639\" data-element_type=\"column\" data-e-type=\"column\">\n\t\t\t<div class=\"elementor-widget-wrap elementor-element-populated\">\n\t\t\t\t\t\t<div class=\"elementor-element elementor-element-b8729ba elementor-widget elementor-widget-image\" data-id=\"b8729ba\" data-element_type=\"widget\" data-e-type=\"widget\" data-widget_type=\"image.default\">\n\t\t\t\t<div class=\"elementor-widget-container\">\n\t\t\t\t\t\t\t\t\t\t\t\t\t\t\t<img fetchpriority=\"high\" decoding=\"async\" width=\"820\" height=\"1024\" src=\"https:\/\/teenstreet.life\/eu\/wp-content\/uploads\/sites\/13\/2026\/04\/SGL-training-1-820x1024.png\" class=\"attachment-large size-large wp-image-9069\" alt=\"\" srcset=\"https:\/\/teenstreet.life\/eu\/wp-content\/uploads\/sites\/13\/2026\/04\/SGL-training-1-820x1024.png 820w, https:\/\/teenstreet.life\/eu\/wp-content\/uploads\/sites\/13\/2026\/04\/SGL-training-1-240x300.png 240w, https:\/\/teenstreet.life\/eu\/wp-content\/uploads\/sites\/13\/2026\/04\/SGL-training-1-768x959.png 768w, https:\/\/teenstreet.life\/eu\/wp-content\/uploads\/sites\/13\/2026\/04\/SGL-training-1-10x12.png 10w, https:\/\/teenstreet.life\/eu\/wp-content\/uploads\/sites\/13\/2026\/04\/SGL-training-1-600x749.png 600w, https:\/\/teenstreet.life\/eu\/wp-content\/uploads\/sites\/13\/2026\/04\/SGL-training-1.png 1006w\" sizes=\"(max-width: 820px) 100vw, 820px\" \/>\t\t\t\t\t\t\t\t\t\t\t\t\t\t\t<\/div>\n\t\t\t\t<\/div>\n\t\t\t\t\t<\/div>\n\t\t<\/div>\n\t\t\t\t<div class=\"elementor-column elementor-col-50 elementor-top-column elementor-element elementor-element-25afd00\" data-id=\"25afd00\" data-element_type=\"column\" data-e-type=\"column\">\n\t\t\t<div class=\"elementor-widget-wrap elementor-element-populated\">\n\t\t\t\t\t\t<div class=\"elementor-element elementor-element-2bad4f4 elementor-widget elementor-widget-text-editor\" data-id=\"2bad4f4\" data-element_type=\"widget\" data-e-type=\"widget\" data-widget_type=\"text-editor.default\">\n\t\t\t\t<div class=\"elementor-widget-container\">\n\t\t\t\t\t\t\t\t\t<p>Hast du ein Herz daf\u00fcr, anderen zu dienen? Bist du neugierig, wie es ist, eine Kleingruppe zu leiten?<\/p>\n<p>Wir haben etwas f\u00fcr dich erstellt!<\/p>\n<p>Wir werden auf der TeenStreet-Veranstaltung 2026 Schulungen f\u00fcr zuk\u00fcnftige Kleingruppenleiter anbieten.<\/p>\n<h4><strong>Wie man f\u00fchrt<\/strong><\/h4>\n<p>Das SGL Training richtet sich an Mitglieder des Serviceteams \u2013 insbesondere an diejenigen im Alter von 18 bis 20 Jahren \u2013, die daran interessiert sind, zuk\u00fcnftig eine Kleingruppe entweder beim TeenStreet-Event oder zu Hause zu leiten.&nbsp;<\/p>\n<h4><strong>Schulungsprogramm<\/strong><\/h4>\n<p>Das Programm besteht aus t\u00e4glichen Trainingsseminaren, die w\u00e4hrend Interact 2 stattfinden. Den Teilnehmenden wird keine spezifische Aufgabe in einem Service-Team zugewiesen, aber sie nehmen w\u00e4hrend der Woche als Gruppe an speziellen Service-Projekten teil.<\/p>\n<p>Ein wichtiger Teil des Trainings wird die praktische Anwendung von F\u00fchrungsqualit\u00e4ten sein: Jeder Teilnehmer wird w\u00e4hrend der Veranstaltungs woche abwechselnd seine Kleingruppe leiten. (Dies ist keine Pr\u00fcfung \u2013 Hilfe und Unterst\u00fctzung stehen zur Verf\u00fcgung!) Die Kleingruppe wird aus anderen SGL TrainingTeilnehmern bestehen.<\/p>\t\t\t\t\t\t\t\t<\/div>\n\t\t\t\t<\/div>\n\t\t\t\t\t<\/div>\n\t\t<\/div>\n\t\t\t\t\t<\/div>\n\t\t<\/section>\n\t\t\t\t<section class=\"elementor-section elementor-top-section elementor-element elementor-element-c1db653 elementor-section-boxed elementor-section-height-default elementor-section-height-default wpr-particle-no wpr-jarallax-no wpr-parallax-no wpr-sticky-section-no wpr-equal-height-no\" data-id=\"c1db653\" data-element_type=\"section\" data-e-type=\"section\">\n\t\t\t\t\t\t<div class=\"elementor-container elementor-column-gap-default\">\n\t\t\t\t\t<div class=\"elementor-column elementor-col-50 elementor-top-column elementor-element elementor-element-e3eb4e0\" data-id=\"e3eb4e0\" data-element_type=\"column\" data-e-type=\"column\">\n\t\t\t<div class=\"elementor-widget-wrap elementor-element-populated\">\n\t\t\t\t\t\t<div class=\"elementor-element elementor-element-7737bd0 elementor-widget elementor-widget-text-editor\" data-id=\"7737bd0\" data-element_type=\"widget\" data-e-type=\"widget\" data-widget_type=\"text-editor.default\">\n\t\t\t\t<div class=\"elementor-widget-container\">\n\t\t\t\t\t\t\t\t\t<p>Die Seminare werden von Trainern der TeenStreet International geleitet. Individuelles Mentoring und Coaching sind Teil des Programms.<\/p><p>Die Teilnahme an allen geplanten Programmsitzungen ist obligatorisch. Dazu geh\u00f6ren neben den Trainingsseminaren und Serviceprojekten auch Mainhall, Shhh-time, Kleingruppenzeit und Throne Room. Jeder Auszubildende wird verpflichtet, w\u00e4hrend der Veranstaltungs \u200b\u200bwoche mindestens an einer gemeinn\u00fctzigen Veranstaltung teilzunehmen.<\/p><h4><strong>Sind Sie interessiert? <\/strong><\/h4><p>Melde dich als Mitglied des Serviceteams f\u00fcr die Veranstaltung an. F\u00fcge unter den Jobs einen Kommentar hinzu, der dein Interesse an der SGL-Schulung bekundet. Du kannst dich auch an dein Landesb\u00fcro wenden und dein Interesse mitteilen.<\/p><p>Wenn Sie bereits f\u00fcr die Veranstaltung registriert sind, k\u00f6nnen Sie entweder Ihre Bestellung bearbeiten (einen Link dazu finden Sie in Ihrer Bestellbest\u00e4tigung, die Sie per E-Mail von TeenStreet Europe 2026 erhalten haben) oder sich an Ihr Landesb\u00fcro wenden.<\/p><p>K\u00f6nnen Sie sich vorstellen, in Zukunft eine kleine Gruppe zu leiten \u2013 oder leiten Sie zu Hause bereits eine Gruppe?<\/p><p>Das Kleingruppenleiter-Training ist f\u00fcr Sie!<\/p><p><a href=\"https:\/\/registration.teenstreet.de\/tseu\/ts-2026\/\" target=\"_blank\" rel=\"noopener\"><b>Hier registrieren!<\/b><\/a><\/p>\t\t\t\t\t\t\t\t<\/div>\n\t\t\t\t<\/div>\n\t\t\t\t\t<\/div>\n\t\t<\/div>\n\t\t\t\t<div class=\"elementor-column elementor-col-50 elementor-top-column elementor-element elementor-element-612d36c\" data-id=\"612d36c\" data-element_type=\"column\" data-e-type=\"column\">\n\t\t\t<div class=\"elementor-widget-wrap elementor-element-populated\">\n\t\t\t\t\t\t<div class=\"elementor-element elementor-element-a5ce481 elementor-widget elementor-widget-image\" data-id=\"a5ce481\" data-element_type=\"widget\" data-e-type=\"widget\" data-widget_type=\"image.default\">\n\t\t\t\t<div class=\"elementor-widget-container\">\n\t\t\t\t\t\t\t\t\t\t\t\t\t\t\t<img decoding=\"async\" width=\"820\" height=\"1024\" src=\"https:\/\/teenstreet.life\/eu\/wp-content\/uploads\/sites\/13\/2026\/04\/SGL-training-2-820x1024.png\" class=\"attachment-large size-large wp-image-9070\" alt=\"\" srcset=\"https:\/\/teenstreet.life\/eu\/wp-content\/uploads\/sites\/13\/2026\/04\/SGL-training-2-820x1024.png 820w, https:\/\/teenstreet.life\/eu\/wp-content\/uploads\/sites\/13\/2026\/04\/SGL-training-2-240x300.png 240w, https:\/\/teenstreet.life\/eu\/wp-content\/uploads\/sites\/13\/2026\/04\/SGL-training-2-768x959.png 768w, https:\/\/teenstreet.life\/eu\/wp-content\/uploads\/sites\/13\/2026\/04\/SGL-training-2-10x12.png 10w, https:\/\/teenstreet.life\/eu\/wp-content\/uploads\/sites\/13\/2026\/04\/SGL-training-2-600x749.png 600w, https:\/\/teenstreet.life\/eu\/wp-content\/uploads\/sites\/13\/2026\/04\/SGL-training-2.png 1006w\" sizes=\"(max-width: 820px) 100vw, 820px\" \/>\t\t\t\t\t\t\t\t\t\t\t\t\t\t\t<\/div>\n\t\t\t\t<\/div>\n\t\t\t\t\t<\/div>\n\t\t<\/div>\n\t\t\t\t\t<\/div>\n\t\t<\/section>\n\t\t\t\t<\/div>","protected":false},"excerpt":{"rendered":"<p>Do you have a heart for serving others?&nbsp;Are you curious about what leading a small group is like? We have created something for you! We will be offering training for future small group leaders&nbsp;at the 2026 TeenStreet event. Learn How to Lead SGL Training is designed for Service Team members \u2013 particularly those between the ages 18 and 20 \u2013 who are interested in leading a small group in the future either at the TeenStreet event or at home.&nbsp; Training Programme The programme consists of daily training seminars that take place during Interact 2. Participants will not be assigned a specific Service Team job, but they will take part in special service projects as a group throughout the week. An important part of the training will be putting leadership skills into practice: each trainee will take turns leading their small group during the event week. (This is not a test \u2013 help and support will be available!) The small group will consist of other SGL Training participants. The seminars will be led by trainers from TeenStreet International. Individual mentoring and coaching will be part of the programme. Participation in all scheduled programme sessions will be mandatory. In addition to the training seminars and service projects, these include Mainhall, Shhh-time, small group time, and Throne Room. Each trainee will be required to participate in an outreach at least one during the event week. Are You Interested? Sign up for the event as a Service Team member. Add a comment below jobs to indicate you are interested in the SGL Training. You can also contact your country office and let them know you are interested. If you are already registered for the event, you can either edit your order (you will find a link in your order receipt that was emailed to you from TeenStreet Europe 2026) or contact your country office. Can you see yourself leading a small group in the future \u2013 or are you already leading a group back home? The Small Group Leader Training is designed for you! Register here!<\/p>","protected":false},"author":82,"featured_media":0,"parent":0,"menu_order":0,"comment_status":"closed","ping_status":"closed","template":"","meta":{"iawp_total_views":42,"footnotes":""},"class_list":["post-9061","page","type-page","status-publish","hentry"],"_links":{"self":[{"href":"https:\/\/teenstreet.life\/eu\/de-ch\/wp-json\/wp\/v2\/pages\/9061","targetHints":{"allow":["GET"]}}],"collection":[{"href":"https:\/\/teenstreet.life\/eu\/de-ch\/wp-json\/wp\/v2\/pages"}],"about":[{"href":"https:\/\/teenstreet.life\/eu\/de-ch\/wp-json\/wp\/v2\/types\/page"}],"author":[{"embeddable":true,"href":"https:\/\/teenstreet.life\/eu\/de-ch\/wp-json\/wp\/v2\/users\/82"}],"replies":[{"embeddable":true,"href":"https:\/\/teenstreet.life\/eu\/de-ch\/wp-json\/wp\/v2\/comments?post=9061"}],"version-history":[{"count":6,"href":"https:\/\/teenstreet.life\/eu\/de-ch\/wp-json\/wp\/v2\/pages\/9061\/revisions"}],"predecessor-version":[{"id":9088,"href":"https:\/\/teenstreet.life\/eu\/de-ch\/wp-json\/wp\/v2\/pages\/9061\/revisions\/9088"}],"wp:attachment":[{"href":"https:\/\/teenstreet.life\/eu\/de-ch\/wp-json\/wp\/v2\/media?parent=9061"}],"curies":[{"name":"wp","href":"https:\/\/api.w.org\/{rel}","templated":true}]}}