{"id":7435,"date":"2024-06-08T10:31:06","date_gmt":"2024-06-08T08:31:06","guid":{"rendered":"https:\/\/teenstreet.life\/eu\/?page_id=7435"},"modified":"2026-03-16T13:25:37","modified_gmt":"2026-03-16T12:25:37","slug":"teenstreet-2024-zeitplan","status":"publish","type":"page","link":"https:\/\/teenstreet.life\/eu\/de-ch\/teenstreet-2024-schedule\/","title":{"rendered":"Ein typischer Tag bei TeenStreet"},"content":{"rendered":"<div data-elementor-type=\"wp-page\" data-elementor-id=\"7435\" class=\"elementor elementor-7435\" data-elementor-post-type=\"page\">\n\t\t\t\t\t\t<section class=\"elementor-section elementor-top-section elementor-element elementor-element-bc81a2c elementor-section-content-middle elementor-section-boxed elementor-section-height-default elementor-section-height-default wpr-particle-no wpr-jarallax-no wpr-parallax-no wpr-sticky-section-no\" data-id=\"bc81a2c\" data-element_type=\"section\" data-e-type=\"section\" data-settings=\"{&quot;background_background&quot;:&quot;classic&quot;}\">\n\t\t\t\t\t\t\t<div class=\"elementor-background-overlay\"><\/div>\n\t\t\t\t\t\t\t<div class=\"elementor-container elementor-column-gap-no\">\n\t\t\t\t\t<div class=\"elementor-column elementor-col-100 elementor-top-column elementor-element elementor-element-68e822f\" data-id=\"68e822f\" data-element_type=\"column\" data-e-type=\"column\">\n\t\t\t<div class=\"elementor-widget-wrap elementor-element-populated\">\n\t\t\t\t\t\t<div class=\"elementor-element elementor-element-5330a10 elementor-widget elementor-widget-toggle\" data-id=\"5330a10\" data-element_type=\"widget\" data-e-type=\"widget\" data-widget_type=\"toggle.default\">\n\t\t\t\t<div class=\"elementor-widget-container\">\n\t\t\t\t\t\t\t<div class=\"elementor-toggle\">\n\t\t\t\t\t\t\t<div class=\"elementor-toggle-item\">\n\t\t\t\t\t<div id=\"elementor-tab-title-8721\" class=\"elementor-tab-title\" data-tab=\"1\" role=\"button\" aria-controls=\"elementor-tab-content-8721\" aria-expanded=\"false\">\n\t\t\t\t\t\t\t\t\t\t\t\t<span class=\"elementor-toggle-icon elementor-toggle-icon-left\" aria-hidden=\"true\">\n\t\t\t\t\t\t\t\t\t\t\t\t\t\t\t<span class=\"elementor-toggle-icon-closed\"><i class=\"fas fa-caret-right\"><\/i><\/span>\n\t\t\t\t\t\t\t\t<span class=\"elementor-toggle-icon-opened\"><i class=\"elementor-toggle-icon-opened fas fa-caret-up\"><\/i><\/span>\n\t\t\t\t\t\t\t\t\t\t\t\t\t<\/span>\n\t\t\t\t\t\t\t\t\t\t\t\t<a class=\"elementor-toggle-title\" tabindex=\"0\">08:00 Fr\u00fchst\u00fcck<\/a>\n\t\t\t\t\t<\/div>\n\n\t\t\t\t\t<div id=\"elementor-tab-content-8721\" class=\"elementor-tab-content elementor-clearfix\" data-tab=\"1\" role=\"region\" aria-labelledby=\"elementor-tab-title-8721\"><\/div>\n\t\t\t\t<\/div>\n\t\t\t\t\t\t\t<div class=\"elementor-toggle-item\">\n\t\t\t\t\t<div id=\"elementor-tab-title-8722\" class=\"elementor-tab-title\" data-tab=\"2\" role=\"button\" aria-controls=\"elementor-tab-content-8722\" aria-expanded=\"false\">\n\t\t\t\t\t\t\t\t\t\t\t\t<span class=\"elementor-toggle-icon elementor-toggle-icon-left\" aria-hidden=\"true\">\n\t\t\t\t\t\t\t\t\t\t\t\t\t\t\t<span class=\"elementor-toggle-icon-closed\"><i class=\"fas fa-caret-right\"><\/i><\/span>\n\t\t\t\t\t\t\t\t<span class=\"elementor-toggle-icon-opened\"><i class=\"elementor-toggle-icon-opened fas fa-caret-up\"><\/i><\/span>\n\t\t\t\t\t\t\t\t\t\t\t\t\t<\/span>\n\t\t\t\t\t\t\t\t\t\t\t\t<a class=\"elementor-toggle-title\" tabindex=\"0\">09:30 Mainhall<\/a>\n\t\t\t\t\t<\/div>\n\n\t\t\t\t\t<div id=\"elementor-tab-content-8722\" class=\"elementor-tab-content elementor-clearfix\" data-tab=\"2\" role=\"region\" aria-labelledby=\"elementor-tab-title-8722\"><p>Anbetung, Unterricht und Spiele<\/p><\/div>\n\t\t\t\t<\/div>\n\t\t\t\t\t\t\t<div class=\"elementor-toggle-item\">\n\t\t\t\t\t<div id=\"elementor-tab-title-8723\" class=\"elementor-tab-title\" data-tab=\"3\" role=\"button\" aria-controls=\"elementor-tab-content-8723\" aria-expanded=\"false\">\n\t\t\t\t\t\t\t\t\t\t\t\t<span class=\"elementor-toggle-icon elementor-toggle-icon-left\" aria-hidden=\"true\">\n\t\t\t\t\t\t\t\t\t\t\t\t\t\t\t<span class=\"elementor-toggle-icon-closed\"><i class=\"fas fa-caret-right\"><\/i><\/span>\n\t\t\t\t\t\t\t\t<span class=\"elementor-toggle-icon-opened\"><i class=\"elementor-toggle-icon-opened fas fa-caret-up\"><\/i><\/span>\n\t\t\t\t\t\t\t\t\t\t\t\t\t<\/span>\n\t\t\t\t\t\t\t\t\t\t\t\t<a class=\"elementor-toggle-title\" tabindex=\"0\">11:00 Pssst Zeit<\/a>\n\t\t\t\t\t<\/div>\n\n\t\t\t\t\t<div id=\"elementor-tab-content-8723\" class=\"elementor-tab-content elementor-clearfix\" data-tab=\"3\" role=\"region\" aria-labelledby=\"elementor-tab-title-8723\"><p>Stille Zeit zum Beten und Lesen der Bibel<\/p><\/div>\n\t\t\t\t<\/div>\n\t\t\t\t\t\t\t<div class=\"elementor-toggle-item\">\n\t\t\t\t\t<div id=\"elementor-tab-title-8724\" class=\"elementor-tab-title\" data-tab=\"4\" role=\"button\" aria-controls=\"elementor-tab-content-8724\" aria-expanded=\"false\">\n\t\t\t\t\t\t\t\t\t\t\t\t<span class=\"elementor-toggle-icon elementor-toggle-icon-left\" aria-hidden=\"true\">\n\t\t\t\t\t\t\t\t\t\t\t\t\t\t\t<span class=\"elementor-toggle-icon-closed\"><i class=\"fas fa-caret-right\"><\/i><\/span>\n\t\t\t\t\t\t\t\t<span class=\"elementor-toggle-icon-opened\"><i class=\"elementor-toggle-icon-opened fas fa-caret-up\"><\/i><\/span>\n\t\t\t\t\t\t\t\t\t\t\t\t\t<\/span>\n\t\t\t\t\t\t\t\t\t\t\t\t<a class=\"elementor-toggle-title\" tabindex=\"0\">11:45 Kleine Gruppen<\/a>\n\t\t\t\t\t<\/div>\n\n\t\t\t\t\t<div id=\"elementor-tab-content-8724\" class=\"elementor-tab-content elementor-clearfix\" data-tab=\"4\" role=\"region\" aria-labelledby=\"elementor-tab-title-8724\"><p>Bibel, Gebet und Gemeinschaft<\/p><\/div>\n\t\t\t\t<\/div>\n\t\t\t\t\t\t\t<div class=\"elementor-toggle-item\">\n\t\t\t\t\t<div id=\"elementor-tab-title-8725\" class=\"elementor-tab-title\" data-tab=\"5\" role=\"button\" aria-controls=\"elementor-tab-content-8725\" aria-expanded=\"false\">\n\t\t\t\t\t\t\t\t\t\t\t\t<span class=\"elementor-toggle-icon elementor-toggle-icon-left\" aria-hidden=\"true\">\n\t\t\t\t\t\t\t\t\t\t\t\t\t\t\t<span class=\"elementor-toggle-icon-closed\"><i class=\"fas fa-caret-right\"><\/i><\/span>\n\t\t\t\t\t\t\t\t<span class=\"elementor-toggle-icon-opened\"><i class=\"elementor-toggle-icon-opened fas fa-caret-up\"><\/i><\/span>\n\t\t\t\t\t\t\t\t\t\t\t\t\t<\/span>\n\t\t\t\t\t\t\t\t\t\t\t\t<a class=\"elementor-toggle-title\" tabindex=\"0\">13:15 Mittagessen<\/a>\n\t\t\t\t\t<\/div>\n\n\t\t\t\t\t<div id=\"elementor-tab-content-8725\" class=\"elementor-tab-content elementor-clearfix\" data-tab=\"5\" role=\"region\" aria-labelledby=\"elementor-tab-title-8725\"><\/div>\n\t\t\t\t<\/div>\n\t\t\t\t\t\t\t<div class=\"elementor-toggle-item\">\n\t\t\t\t\t<div id=\"elementor-tab-title-8726\" class=\"elementor-tab-title\" data-tab=\"6\" role=\"button\" aria-controls=\"elementor-tab-content-8726\" aria-expanded=\"false\">\n\t\t\t\t\t\t\t\t\t\t\t\t<span class=\"elementor-toggle-icon elementor-toggle-icon-left\" aria-hidden=\"true\">\n\t\t\t\t\t\t\t\t\t\t\t\t\t\t\t<span class=\"elementor-toggle-icon-closed\"><i class=\"fas fa-caret-right\"><\/i><\/span>\n\t\t\t\t\t\t\t\t<span class=\"elementor-toggle-icon-opened\"><i class=\"elementor-toggle-icon-opened fas fa-caret-up\"><\/i><\/span>\n\t\t\t\t\t\t\t\t\t\t\t\t\t<\/span>\n\t\t\t\t\t\t\t\t\t\t\t\t<a class=\"elementor-toggle-title\" tabindex=\"0\">14:30 Interact 1 &amp; 2<\/a>\n\t\t\t\t\t<\/div>\n\n\t\t\t\t\t<div id=\"elementor-tab-content-8726\" class=\"elementor-tab-content elementor-clearfix\" data-tab=\"6\" role=\"region\" aria-labelledby=\"elementor-tab-title-8726\"><p>Seminare, Podiumsdiskussionen, Workshops, Sport, Kunst, Evangelisation, freie Zeit mit Freunden<\/p><\/div>\n\t\t\t\t<\/div>\n\t\t\t\t\t\t\t<div class=\"elementor-toggle-item\">\n\t\t\t\t\t<div id=\"elementor-tab-title-8727\" class=\"elementor-tab-title\" data-tab=\"7\" role=\"button\" aria-controls=\"elementor-tab-content-8727\" aria-expanded=\"false\">\n\t\t\t\t\t\t\t\t\t\t\t\t<span class=\"elementor-toggle-icon elementor-toggle-icon-left\" aria-hidden=\"true\">\n\t\t\t\t\t\t\t\t\t\t\t\t\t\t\t<span class=\"elementor-toggle-icon-closed\"><i class=\"fas fa-caret-right\"><\/i><\/span>\n\t\t\t\t\t\t\t\t<span class=\"elementor-toggle-icon-opened\"><i class=\"elementor-toggle-icon-opened fas fa-caret-up\"><\/i><\/span>\n\t\t\t\t\t\t\t\t\t\t\t\t\t<\/span>\n\t\t\t\t\t\t\t\t\t\t\t\t<a class=\"elementor-toggle-title\" tabindex=\"0\">18:15 Abendessen<\/a>\n\t\t\t\t\t<\/div>\n\n\t\t\t\t\t<div id=\"elementor-tab-content-8727\" class=\"elementor-tab-content elementor-clearfix\" data-tab=\"7\" role=\"region\" aria-labelledby=\"elementor-tab-title-8727\"><\/div>\n\t\t\t\t<\/div>\n\t\t\t\t\t\t\t<div class=\"elementor-toggle-item\">\n\t\t\t\t\t<div id=\"elementor-tab-title-8728\" class=\"elementor-tab-title\" data-tab=\"8\" role=\"button\" aria-controls=\"elementor-tab-content-8728\" aria-expanded=\"false\">\n\t\t\t\t\t\t\t\t\t\t\t\t<span class=\"elementor-toggle-icon elementor-toggle-icon-left\" aria-hidden=\"true\">\n\t\t\t\t\t\t\t\t\t\t\t\t\t\t\t<span class=\"elementor-toggle-icon-closed\"><i class=\"fas fa-caret-right\"><\/i><\/span>\n\t\t\t\t\t\t\t\t<span class=\"elementor-toggle-icon-opened\"><i class=\"elementor-toggle-icon-opened fas fa-caret-up\"><\/i><\/span>\n\t\t\t\t\t\t\t\t\t\t\t\t\t<\/span>\n\t\t\t\t\t\t\t\t\t\t\t\t<a class=\"elementor-toggle-title\" tabindex=\"0\">19:30 Thronsaal<\/a>\n\t\t\t\t\t<\/div>\n\n\t\t\t\t\t<div id=\"elementor-tab-content-8728\" class=\"elementor-tab-content elementor-clearfix\" data-tab=\"8\" role=\"region\" aria-labelledby=\"elementor-tab-title-8728\"><p>Eine besondere Zeit der Anbetung und des Gebets<\/p><\/div>\n\t\t\t\t<\/div>\n\t\t\t\t\t\t\t<div class=\"elementor-toggle-item\">\n\t\t\t\t\t<div id=\"elementor-tab-title-8729\" class=\"elementor-tab-title\" data-tab=\"9\" role=\"button\" aria-controls=\"elementor-tab-content-8729\" aria-expanded=\"false\">\n\t\t\t\t\t\t\t\t\t\t\t\t<span class=\"elementor-toggle-icon elementor-toggle-icon-left\" aria-hidden=\"true\">\n\t\t\t\t\t\t\t\t\t\t\t\t\t\t\t<span class=\"elementor-toggle-icon-closed\"><i class=\"fas fa-caret-right\"><\/i><\/span>\n\t\t\t\t\t\t\t\t<span class=\"elementor-toggle-icon-opened\"><i class=\"elementor-toggle-icon-opened fas fa-caret-up\"><\/i><\/span>\n\t\t\t\t\t\t\t\t\t\t\t\t\t<\/span>\n\t\t\t\t\t\t\t\t\t\t\t\t<a class=\"elementor-toggle-title\" tabindex=\"0\">20:45 Interact 3<\/a>\n\t\t\t\t\t<\/div>\n\n\t\t\t\t\t<div id=\"elementor-tab-content-8729\" class=\"elementor-tab-content elementor-clearfix\" data-tab=\"9\" role=\"region\" aria-labelledby=\"elementor-tab-title-8729\"><p>Unterhaltsames Essen, Live-Musik, Gottesdienste, Sport, Talentshow, Freizeit mit Freunden<\/p><\/div>\n\t\t\t\t<\/div>\n\t\t\t\t\t\t\t<div class=\"elementor-toggle-item\">\n\t\t\t\t\t<div id=\"elementor-tab-title-87210\" class=\"elementor-tab-title\" data-tab=\"10\" role=\"button\" aria-controls=\"elementor-tab-content-87210\" aria-expanded=\"false\">\n\t\t\t\t\t\t\t\t\t\t\t\t<span class=\"elementor-toggle-icon elementor-toggle-icon-left\" aria-hidden=\"true\">\n\t\t\t\t\t\t\t\t\t\t\t\t\t\t\t<span class=\"elementor-toggle-icon-closed\"><i class=\"fas fa-caret-right\"><\/i><\/span>\n\t\t\t\t\t\t\t\t<span class=\"elementor-toggle-icon-opened\"><i class=\"elementor-toggle-icon-opened fas fa-caret-up\"><\/i><\/span>\n\t\t\t\t\t\t\t\t\t\t\t\t\t<\/span>\n\t\t\t\t\t\t\t\t\t\t\t\t<a class=\"elementor-toggle-title\" tabindex=\"0\">23:30 Kleine Gruppen<\/a>\n\t\t\t\t\t<\/div>\n\n\t\t\t\t\t<div id=\"elementor-tab-content-87210\" class=\"elementor-tab-content elementor-clearfix\" data-tab=\"10\" role=\"region\" aria-labelledby=\"elementor-tab-title-87210\"><\/div>\n\t\t\t\t<\/div>\n\t\t\t\t\t\t\t<div class=\"elementor-toggle-item\">\n\t\t\t\t\t<div id=\"elementor-tab-title-87211\" class=\"elementor-tab-title\" data-tab=\"11\" role=\"button\" aria-controls=\"elementor-tab-content-87211\" aria-expanded=\"false\">\n\t\t\t\t\t\t\t\t\t\t\t\t<span class=\"elementor-toggle-icon elementor-toggle-icon-left\" aria-hidden=\"true\">\n\t\t\t\t\t\t\t\t\t\t\t\t\t\t\t<span class=\"elementor-toggle-icon-closed\"><i class=\"fas fa-caret-right\"><\/i><\/span>\n\t\t\t\t\t\t\t\t<span class=\"elementor-toggle-icon-opened\"><i class=\"elementor-toggle-icon-opened fas fa-caret-up\"><\/i><\/span>\n\t\t\t\t\t\t\t\t\t\t\t\t\t<\/span>\n\t\t\t\t\t\t\t\t\t\t\t\t<a class=\"elementor-toggle-title\" tabindex=\"0\">00:00 Ruhig<\/a>\n\t\t\t\t\t<\/div>\n\n\t\t\t\t\t<div id=\"elementor-tab-content-87211\" class=\"elementor-tab-content elementor-clearfix\" data-tab=\"11\" role=\"region\" aria-labelledby=\"elementor-tab-title-87211\"><\/div>\n\t\t\t\t<\/div>\n\t\t\t\t\t\t\t\t<\/div>\n\t\t\t\t\t\t<\/div>\n\t\t\t\t<\/div>\n\t\t\t\t\t<\/div>\n\t\t<\/div>\n\t\t\t\t\t<\/div>\n\t\t<\/section>\n\t\t\t\t<section class=\"elementor-section elementor-top-section elementor-element elementor-element-eb01a24 elementor-section-boxed elementor-section-height-default elementor-section-height-default wpr-particle-no wpr-jarallax-no wpr-parallax-no wpr-sticky-section-no\" data-id=\"eb01a24\" data-element_type=\"section\" data-e-type=\"section\">\n\t\t\t\t\t\t<div class=\"elementor-container elementor-column-gap-default\">\n\t\t\t\t\t<div class=\"elementor-column elementor-col-100 elementor-top-column elementor-element elementor-element-9a56489\" data-id=\"9a56489\" data-element_type=\"column\" data-e-type=\"column\">\n\t\t\t<div class=\"elementor-widget-wrap elementor-element-populated\">\n\t\t\t\t\t\t<div class=\"elementor-element elementor-element-8e8e43f elementor-widget elementor-widget-heading\" data-id=\"8e8e43f\" data-element_type=\"widget\" data-e-type=\"widget\" data-widget_type=\"heading.default\">\n\t\t\t\t<div class=\"elementor-widget-container\">\n\t\t\t\t\t<h2 class=\"elementor-heading-title elementor-size-default\">Was ist was?<\/h2>\t\t\t\t<\/div>\n\t\t\t\t<\/div>\n\t\t\t\t<div class=\"elementor-element elementor-element-20396fb elementor-widget elementor-widget-text-editor\" data-id=\"20396fb\" data-element_type=\"widget\" data-e-type=\"widget\" data-widget_type=\"text-editor.default\">\n\t\t\t\t<div class=\"elementor-widget-container\">\n\t\t\t\t\t\t\t\t\t<p><strong>Interact<\/strong><\/p><p>Interact 1.0, 2.0 und 3.0 sind voller Aktivit\u00e4ten, bei denen du neue Leute kennen lernst, mehr \u00fcber dich selbst und \u00fcber Gott erf\u00e4hrst und alle m\u00f6glichen Themen erkundest.<\/p><p><strong>TeenStreet Dorf<\/strong><\/p><p>Das TeenStreet Village ist das Herzst\u00fcck des TeenStreet-Veranstaltungsgel\u00e4ndes. Hier kannst du etwas essen, Sport treiben, dich mit globalen Missionen besch\u00e4ftigen und die St\u00e4nde der Aussteller besuchen. Es wird auch die M\u00f6glichkeit geben, an Sitzungen und Workshops teilzunehmen sowie gemeinsam zu beten und anzubeten.<\/p><p><strong>Sport<\/strong><\/p><p>Wir bieten vor Ort eine Vielzahl von Sportarten wie Basketball, Volleyball und Fu\u00dfball an. Das Sportteam hat die ganze Woche \u00fcber viele Spiele und Turniere organisiert. Es wird auch Gelegenheiten geben, auf dem Sportplatz und am Spielfeldrand Gemeinschaft zu haben und gemeinsam zu beten.<\/p><p><strong>Kunst Zone<\/strong><\/p><p>Manche Menschen dr\u00fccken sich lieber durch Kunst als mit Worten aus. Wir glauben, dass Kunst auch ein Akt der Anbetung sein kann! In der Art Zone k\u00f6nnen Sie neue Techniken erlernen, malen, zeichnen und mit Ihren H\u00e4nden gestalten. Das Team hat auch einige fantastische praktische Workshops f\u00fcr Sie vorbereitet.<\/p><p><strong>Musik-Zone<\/strong><\/p><p>Wenn Sie sich f\u00fcr Musik interessieren, sollten Sie unbedingt die Music Zone besuchen. Hier kannst du dein musikalisches Wissen erweitern, gemeinsam Gottesdienst feiern und mit anderen Musikern jammen.<\/p><p><strong>Gebetszone<\/strong><\/p><p>Nehmen Sie sich eine Auszeit, um sich im Gebet mit dem Vater zu verbinden. Hier k\u00f6nnen Sie verschiedene Arten des Betens erfahren und lernen und jemanden mit Ihnen beten lassen.<\/p><p><strong>Interaktionszone und ruhiger Bereich<\/strong><\/p><p>Die Interaktionszone ist so etwas wie das Wohnzimmer von TeenStreet. Hier kannst du dich mit Freunden treffen, Brettspiele spielen, auf den Sofas entspannen oder jemanden zu einem Spiel herausfordern. Dies ist auch ein guter Ort, wenn du etwas Ruhe und Frieden suchst.<\/p><p><strong>Outreach<\/strong><\/p><p>Sie werden in Gruppen in die Stadt gehen und Ihren Glauben auf verschiedene Weise weitergeben k\u00f6nnen. Wenn Sie von Ihrem Einsatz zur\u00fcckkommen, haben Sie Zeit, das Erlebte zu besprechen. Dies ist eine gro\u00dfartige Gelegenheit, mutig zu sein!<\/p><p><strong>Sitzungen und Workshops<\/strong><\/p><p>W\u00e4hrend der Interact bieten wir eine Vielzahl von Veranstaltungen und Workshops an. Dazu geh\u00f6ren Podiumsdiskussionen, Lehrveranstaltungen und praktische Workshops. Sie werden die Gelegenheit haben, eine Vielzahl von Themen zu vertiefen, Ihre Gedanken auszutauschen und vielleicht sogar eine neue F\u00e4higkeit zu erlernen.<\/p><p><strong>RAG - Raise and Give<\/strong><\/p><p>Am 3. Tag findet der RAG-Lauf w\u00e4hrend Interact 1.0 und 2.0 statt. Vergessen Sie nicht, Sponsoren zu finden und Geld f\u00fcr gute Zwecke in der ganzen Welt zu sammeln.<\/p>\t\t\t\t\t\t\t\t<\/div>\n\t\t\t\t<\/div>\n\t\t\t\t\t<\/div>\n\t\t<\/div>\n\t\t\t\t\t<\/div>\n\t\t<\/section>\n\t\t\t\t<\/div>","protected":false},"excerpt":{"rendered":"<p>08:00 Breakfast 09:30 Mainhall Worship, teaching and games 11:00 Shhh Time Quiet time to pray and read the Bible 11:45 Small Groups Bible, prayer and community 13:15 Lunch 14:30 Interact 1 &#038; 2 Seminars, panel talks, workshops, sports, art, evangelism, free time with friends 18:15 Dinner 19:30 Throne Room A special time of worship and prayer 20:45 Interact 3 Fun food, live music, worship, sports, talent show, free time with friends 23:30 Small Groups 00:00 Quiet What&#8217;s What? Interact Interact 1.0, 2.0 and 3.0 are full of activities through which you can meet new people, learn more about yourself and about God, and explore all kinds of different topics. TeenStreet Village The TeenStreet Village is the heart of the TeenStreet event site. Here you can grab some food, play sports, engage with global missions and visit the exhibitors stands. There will also be opportunities to participate in sessions &amp; workshops, as well as worshipping and praying together. Sports We offer a wide variety of sports on-site such as basketball, volleyball and football. The sports team have organised many games and tournaments throughout the week. There will also be opportunities to have fellowship and pray together on the sports field and on the sidelines. Art Zone Some people enjoy expressing themselves through art rather than with words. We believe art can be an act of worship too! In the Art Zone you will be able to learn some new techniques, paint, draw, and create with your hands. The team has also prepared some fantastic practical workshops for you. Music Zone If music is your thing, don\u2019t forget to check out the Music Zone. Here you can develop your musical knowledge, worship together and jam with other musicians. Prayer Zone Take some time out to connect with the Father in prayer. Here you can experience and learn various ways of praying and have someone pray with you. Interaction Zone &amp; Quiet Area The Interaction Zone is like the living room of TeenStreet. Hang out with friends, play board games, relax on the sofas or challenge someone in a game. This is also a good space if you\u2019re looking for some peace and quiet. Outreach You will be able to go into the city in groups and share your faith in various ways. After you come back from the outreach, you will have time to debrief what you have experienced. This is a great opportunity to be bold! Sessions and Workshops We offer a wide variety of sessions and workshops during Interact. These include panel talks, teaching and practical workshops. You will have the opportunity to go deeper into a variety of topics, share your thoughts and maybe even learn a new skill. RAG \u2013 Raise and Give On Day 3, the RAG race will take place during Interact 1.0 and 2.0. Don\u2019t forget to gather sponsors and raise money for some great causes around the world.<\/p>","protected":false},"author":42,"featured_media":0,"parent":0,"menu_order":0,"comment_status":"closed","ping_status":"closed","template":"","meta":{"iawp_total_views":85,"footnotes":""},"class_list":["post-7435","page","type-page","status-publish","hentry"],"_links":{"self":[{"href":"https:\/\/teenstreet.life\/eu\/de-ch\/wp-json\/wp\/v2\/pages\/7435","targetHints":{"allow":["GET"]}}],"collection":[{"href":"https:\/\/teenstreet.life\/eu\/de-ch\/wp-json\/wp\/v2\/pages"}],"about":[{"href":"https:\/\/teenstreet.life\/eu\/de-ch\/wp-json\/wp\/v2\/types\/page"}],"author":[{"embeddable":true,"href":"https:\/\/teenstreet.life\/eu\/de-ch\/wp-json\/wp\/v2\/users\/42"}],"replies":[{"embeddable":true,"href":"https:\/\/teenstreet.life\/eu\/de-ch\/wp-json\/wp\/v2\/comments?post=7435"}],"version-history":[{"count":5,"href":"https:\/\/teenstreet.life\/eu\/de-ch\/wp-json\/wp\/v2\/pages\/7435\/revisions"}],"predecessor-version":[{"id":9036,"href":"https:\/\/teenstreet.life\/eu\/de-ch\/wp-json\/wp\/v2\/pages\/7435\/revisions\/9036"}],"wp:attachment":[{"href":"https:\/\/teenstreet.life\/eu\/de-ch\/wp-json\/wp\/v2\/media?parent=7435"}],"curies":[{"name":"wp","href":"https:\/\/api.w.org\/{rel}","templated":true}]}}