{"id":60,"date":"2020-05-25T09:24:00","date_gmt":"2020-05-25T09:24:00","guid":{"rendered":"https:\/\/teenstreet.life\/eu\/?page_id=60"},"modified":"2023-11-29T12:57:44","modified_gmt":"2023-11-29T11:57:44","slug":"geschichte","status":"publish","type":"page","link":"https:\/\/teenstreet.life\/eu\/de-ch\/about\/history\/","title":{"rendered":"Geschichte"},"content":{"rendered":"<div data-elementor-type=\"wp-page\" data-elementor-id=\"60\" class=\"elementor elementor-60\" data-elementor-post-type=\"page\">\n\t\t\t\t\t\t<section class=\"elementor-section elementor-top-section elementor-element elementor-element-672cfdb elementor-section-boxed elementor-section-height-default elementor-section-height-default wpr-particle-no wpr-jarallax-no wpr-parallax-no wpr-sticky-section-no\" data-id=\"672cfdb\" data-element_type=\"section\" data-e-type=\"section\">\n\t\t\t\t\t\t<div class=\"elementor-container elementor-column-gap-default\">\n\t\t\t\t\t<div class=\"elementor-column elementor-col-16 elementor-top-column elementor-element elementor-element-54fde2a\" data-id=\"54fde2a\" data-element_type=\"column\" data-e-type=\"column\">\n\t\t\t<div class=\"elementor-widget-wrap\">\n\t\t\t\t\t\t\t<\/div>\n\t\t<\/div>\n\t\t\t\t<div class=\"elementor-column elementor-col-66 elementor-top-column elementor-element elementor-element-50a2e63\" data-id=\"50a2e63\" data-element_type=\"column\" data-e-type=\"column\">\n\t\t\t<div class=\"elementor-widget-wrap elementor-element-populated\">\n\t\t\t\t\t\t<div class=\"elementor-element elementor-element-19d84d82 elementor-widget elementor-widget-text-editor\" data-id=\"19d84d82\" data-element_type=\"widget\" data-e-type=\"widget\" data-widget_type=\"text-editor.default\">\n\t\t\t\t<div class=\"elementor-widget-container\">\n\t\t\t\t\t\t\t\t\t<p>TeenStreet begann 1992 als Vision einer internationalen christlichen Konferenz f\u00fcr Teenager. Die Gr\u00fcnder Dan und Suzie Potter aus den USA gaben ihm den Namen TeenStreet, \u201eweil der ganze Zweck darin bestand, Teenagern eine Stra\u00dfe zu geben, auf der sie reisen k\u00f6nnen \u2026 eine Art zu leben\u201c.<\/p>\n<p>Das erste TeenStreet fand im Sommer 1993 in Offenburg, Deutschland, mit insgesamt 56 Teilnehmern statt. Von da an wuchs es schnell, und im Jahr 2000 \u00fcberschritt die Teilnahme 2.000.<\/p>\n<p>2004 expandierte TeenStreet nach Brasilien, 2010 nach Australien, und \u00e4hnliche Bewegungen wurden auf der ganzen Welt gestartet.<\/p>\n<p>Heute ist TeenStreet in sieben L\u00e4ndern aktiv, mit insgesamt 8.000 Teilnehmern pro Jahr \u2013 aber wir sind noch nicht fertig mit dem Wachstum.<\/p>\n<p>\u201eTeenStreet ist viel mehr als eine einw\u00f6chige Veranstaltung\u201c, erkl\u00e4rt der ehemalige Direktor von TeenStreet Europe Ger van Veen. \u201eTausende junge Menschen verlassen jedes Jahr TeenStreet und werden bef\u00e4higt, f\u00fcr Jesus zu leben und ihn in ihrer Welt widerzuspiegeln.\u201c<\/p>\n<p>Im Jahr 2020 startete TeenStreet seine allererste Online-Veranstaltung als Reaktion auf die COVID-19-Pandemie. W\u00e4hrend sich unser Einfluss durch neue Technologien und M\u00f6glichkeiten ausdehnt, folgen wir Gottes Anweisungen f\u00fcr die Zukunft und reisen gemeinsam als globale Gemeinschaft von Jesus-Nachfolgern, die sich verpflichtet haben, seinen Namen zu verherrlichen.<\/p>\t\t\t\t\t\t\t\t<\/div>\n\t\t\t\t<\/div>\n\t\t\t\t\t<\/div>\n\t\t<\/div>\n\t\t\t\t<div class=\"elementor-column elementor-col-16 elementor-top-column elementor-element elementor-element-0320df7\" data-id=\"0320df7\" data-element_type=\"column\" data-e-type=\"column\">\n\t\t\t<div class=\"elementor-widget-wrap\">\n\t\t\t\t\t\t\t<\/div>\n\t\t<\/div>\n\t\t\t\t\t<\/div>\n\t\t<\/section>\n\t\t\t\t<\/div>","protected":false},"excerpt":{"rendered":"<p>TeenStreet began in 1992 as a vision for an international Christian conference for teens. Founders Dan and Suzie Potter from the U.S. gave it the name TeenStreet \u201cbecause the whole purpose was to give teens a street to travel upon\u2026a way to live\u201d. The first TeenStreet was held in Offenburg, Germany, in the summer of 1993, with a total of 56 people. It grew rapidly from there, and by 2000, participation topped 2,000. In 2004, TeenStreet expanded to Brazil, then to Australia in 2010, and similar movements have been launched around the globe. Today, TeenStreet operates in seven countries, with a total of 8,000 participants each year\u2014but we\u2019re not done growing. \u201cTeenStreet is much more than a one-week event,\u201d explains former TeenStreet Europe director Ger van Veen. \u201cThousands of young people leave TeenStreet every year and are empowered to live for Jesus and reflect Him in their world.\u201d In 2020, TeenStreet launched its first ever online event, as a response to the COVID-19 pandemic. As our influence expands through new technologies and opportunities, we\u2019re following God\u2019s direction for the future, journeying together as a global community of Jesus followers who are committed to glorifying His name.<\/p>","protected":false},"author":1,"featured_media":7036,"parent":56,"menu_order":0,"comment_status":"closed","ping_status":"closed","template":"","meta":{"iawp_total_views":14,"footnotes":""},"class_list":["post-60","page","type-page","status-publish","has-post-thumbnail","hentry"],"_links":{"self":[{"href":"https:\/\/teenstreet.life\/eu\/de-ch\/wp-json\/wp\/v2\/pages\/60","targetHints":{"allow":["GET"]}}],"collection":[{"href":"https:\/\/teenstreet.life\/eu\/de-ch\/wp-json\/wp\/v2\/pages"}],"about":[{"href":"https:\/\/teenstreet.life\/eu\/de-ch\/wp-json\/wp\/v2\/types\/page"}],"author":[{"embeddable":true,"href":"https:\/\/teenstreet.life\/eu\/de-ch\/wp-json\/wp\/v2\/users\/1"}],"replies":[{"embeddable":true,"href":"https:\/\/teenstreet.life\/eu\/de-ch\/wp-json\/wp\/v2\/comments?post=60"}],"version-history":[{"count":1,"href":"https:\/\/teenstreet.life\/eu\/de-ch\/wp-json\/wp\/v2\/pages\/60\/revisions"}],"predecessor-version":[{"id":7039,"href":"https:\/\/teenstreet.life\/eu\/de-ch\/wp-json\/wp\/v2\/pages\/60\/revisions\/7039"}],"up":[{"embeddable":true,"href":"https:\/\/teenstreet.life\/eu\/de-ch\/wp-json\/wp\/v2\/pages\/56"}],"wp:featuredmedia":[{"embeddable":true,"href":"https:\/\/teenstreet.life\/eu\/de-ch\/wp-json\/wp\/v2\/media\/7036"}],"wp:attachment":[{"href":"https:\/\/teenstreet.life\/eu\/de-ch\/wp-json\/wp\/v2\/media?parent=60"}],"curies":[{"name":"wp","href":"https:\/\/api.w.org\/{rel}","templated":true}]}}