{"id":4013,"date":"2021-04-19T16:30:12","date_gmt":"2021-04-19T14:30:12","guid":{"rendered":"https:\/\/teenstreet.life\/eu\/?page_id=4013"},"modified":"2025-02-14T10:29:04","modified_gmt":"2025-02-14T09:29:04","slug":"teil-sein","status":"publish","type":"page","link":"https:\/\/teenstreet.life\/eu\/de-ch\/teenstreet\/be-a-part\/","title":{"rendered":"Sei dabei!"},"content":{"rendered":"<div data-elementor-type=\"wp-page\" data-elementor-id=\"4013\" class=\"elementor elementor-4013\" data-elementor-post-type=\"page\">\n\t\t\t\t\t\t<section class=\"elementor-section elementor-top-section elementor-element elementor-element-4079d3f elementor-section-content-middle elementor-section-boxed elementor-section-height-default elementor-section-height-default wpr-particle-no wpr-jarallax-no wpr-parallax-no wpr-sticky-section-no wpr-equal-height-no\" data-id=\"4079d3f\" data-element_type=\"section\" data-e-type=\"section\">\n\t\t\t\t\t\t<div class=\"elementor-container elementor-column-gap-wider\">\n\t\t\t\t\t<div class=\"elementor-column elementor-col-50 elementor-top-column elementor-element elementor-element-0f5309c\" data-id=\"0f5309c\" data-element_type=\"column\" data-e-type=\"column\">\n\t\t\t<div class=\"elementor-widget-wrap elementor-element-populated\">\n\t\t\t\t\t\t<div class=\"elementor-element elementor-element-6adfb40 elementor-widget elementor-widget-heading\" data-id=\"6adfb40\" data-element_type=\"widget\" data-e-type=\"widget\" data-widget_type=\"heading.default\">\n\t\t\t\t<div class=\"elementor-widget-container\">\n\t\t\t\t\t<h2 class=\"elementor-heading-title elementor-size-default\">Teenager<\/h2>\t\t\t\t<\/div>\n\t\t\t\t<\/div>\n\t\t\t\t<div class=\"elementor-element elementor-element-7ae250d elementor-widget elementor-widget-text-editor\" data-id=\"7ae250d\" data-element_type=\"widget\" data-e-type=\"widget\" data-widget_type=\"text-editor.default\">\n\t\t\t\t<div class=\"elementor-widget-container\">\n\t\t\t\t\t\t\t\t\t<p><b>Altersgruppen: Teenager, geboren zwischen 2007 und 2012<\/b><\/p>\t\t\t\t\t\t\t\t<\/div>\n\t\t\t\t<\/div>\n\t\t\t\t<div class=\"elementor-element elementor-element-2850c2d elementor-widget elementor-widget-text-editor\" data-id=\"2850c2d\" data-element_type=\"widget\" data-e-type=\"widget\" data-widget_type=\"text-editor.default\">\n\t\t\t\t<div class=\"elementor-widget-container\">\n\t\t\t\t\t\t\t\t\t<p>Als Teen am TeenStreet zu sein bedeutet, Gemeinschaft mit vielen anderen Teens, die auf derselben Reise sind wie du. Am TeenStreet wirst du die M\u00f6glichkeit haben, deine Fragen zu stellen, in der Gegenwart Gottes zu sein, mit anderen Teens aus ganz Europa Gott anzubeten, aus der Bibel zu lernen und vieles mehr. TeenStreet ist genau das, wonach es Klingt: Ein Ort an dem du deine Beziehung zu Gott st\u00e4rken und Gottes Plan f\u00fcr dein Leben finden kannst.<\/p>\t\t\t\t\t\t\t\t<\/div>\n\t\t\t\t<\/div>\n\t\t\t\t<div class=\"elementor-element elementor-element-3548968 elementor-widget elementor-widget-image\" data-id=\"3548968\" data-element_type=\"widget\" data-e-type=\"widget\" data-widget_type=\"image.default\">\n\t\t\t\t<div class=\"elementor-widget-container\">\n\t\t\t\t\t\t\t\t\t\t\t\t\t\t\t<img decoding=\"async\" width=\"127\" height=\"127\" src=\"https:\/\/teenstreet.life\/eu\/wp-content\/uploads\/sites\/13\/2020\/07\/smile.svg\" class=\"attachment-medium size-medium wp-image-1618\" alt=\"\" \/>\t\t\t\t\t\t\t\t\t\t\t\t\t\t\t<\/div>\n\t\t\t\t<\/div>\n\t\t\t\t\t<\/div>\n\t\t<\/div>\n\t\t\t\t<div class=\"elementor-column elementor-col-50 elementor-top-column elementor-element elementor-element-17212f0\" data-id=\"17212f0\" data-element_type=\"column\" data-e-type=\"column\">\n\t\t\t<div class=\"elementor-widget-wrap elementor-element-populated\">\n\t\t\t\t\t\t<div class=\"elementor-element elementor-element-7092561 elementor-widget elementor-widget-ts-card\" data-id=\"7092561\" data-element_type=\"widget\" data-e-type=\"widget\" data-widget_type=\"ts-card.default\">\n\t\t\t\t<div class=\"elementor-widget-container\">\n\t\t\t\t\t            <div class=\"ts-card ts-image-background\" style=\"background-image: url(https:\/\/teenstreet.life\/eu\/wp-content\/uploads\/sites\/13\/2020\/05\/ts-awesome-image-480x480.jpg);\">\r\n\r\n                \r\n                \t\t\t\t\r\n\r\n                \r\n                \r\n            <\/div>\r\n\r\n        \t\t\t\t<\/div>\n\t\t\t\t<\/div>\n\t\t\t\t\t<\/div>\n\t\t<\/div>\n\t\t\t\t\t<\/div>\n\t\t<\/section>\n\t\t\t\t<section class=\"elementor-section elementor-top-section elementor-element elementor-element-23231d4 elementor-section-content-middle elementor-section-boxed elementor-section-height-default elementor-section-height-default wpr-particle-no wpr-jarallax-no wpr-parallax-no wpr-sticky-section-no wpr-equal-height-no\" data-id=\"23231d4\" data-element_type=\"section\" data-e-type=\"section\" data-settings=\"{&quot;background_background&quot;:&quot;classic&quot;}\">\n\t\t\t\t\t\t<div class=\"elementor-container elementor-column-gap-wider\">\n\t\t\t\t\t<div class=\"elementor-column elementor-col-50 elementor-top-column elementor-element elementor-element-b9dd4eb\" data-id=\"b9dd4eb\" data-element_type=\"column\" data-e-type=\"column\">\n\t\t\t<div class=\"elementor-widget-wrap elementor-element-populated\">\n\t\t\t\t\t\t<div class=\"elementor-element elementor-element-f02abf9 elementor-widget elementor-widget-ts-card\" data-id=\"f02abf9\" data-element_type=\"widget\" data-e-type=\"widget\" data-widget_type=\"ts-card.default\">\n\t\t\t\t<div class=\"elementor-widget-container\">\n\t\t\t\t\t            <div class=\"ts-card ts-image-background\" style=\"background-image: url(https:\/\/teenstreet.life\/eu\/wp-content\/uploads\/sites\/13\/2021\/04\/48421154806_bab4b3f931_o-480x480.jpg);\">\r\n\r\n                \r\n                \t\t\t\t\r\n\r\n                \r\n                 \r\n                    <a class=\"ts-card-full-link\" href=\"#\"><\/a>\r\n                \r\n            <\/div>\r\n\r\n        \t\t\t\t<\/div>\n\t\t\t\t<\/div>\n\t\t\t\t\t<\/div>\n\t\t<\/div>\n\t\t\t\t<div class=\"elementor-column elementor-col-50 elementor-top-column elementor-element elementor-element-68e4444\" data-id=\"68e4444\" data-element_type=\"column\" data-e-type=\"column\">\n\t\t\t<div class=\"elementor-widget-wrap elementor-element-populated\">\n\t\t\t\t\t\t<div class=\"elementor-element elementor-element-dafab5e elementor-widget elementor-widget-heading\" data-id=\"dafab5e\" data-element_type=\"widget\" data-e-type=\"widget\" data-widget_type=\"heading.default\">\n\t\t\t\t<div class=\"elementor-widget-container\">\n\t\t\t\t\t<h2 class=\"elementor-heading-title elementor-size-default\">Leiter einer Kleingruppe<\/h2>\t\t\t\t<\/div>\n\t\t\t\t<\/div>\n\t\t\t\t<div class=\"elementor-element elementor-element-5ddaf0e elementor-widget elementor-widget-text-editor\" data-id=\"5ddaf0e\" data-element_type=\"widget\" data-e-type=\"widget\" data-widget_type=\"text-editor.default\">\n\t\t\t\t<div class=\"elementor-widget-container\">\n\t\t\t\t\t\t\t\t\t<p style=\"text-align: left\"><b>Alter: <\/b><b>20+ (Co-Trainer k\u00f6nnen 18 oder 19 Jahre alt sein)<\/b><b>wenn sie mit einem Trainer unterwegs sind, der 20 Jahre oder \u00e4lter ist)<\/b><\/p>\t\t\t\t\t\t\t\t<\/div>\n\t\t\t\t<\/div>\n\t\t\t\t<div class=\"elementor-element elementor-element-6ce2cb5 elementor-widget elementor-widget-text-editor\" data-id=\"6ce2cb5\" data-element_type=\"widget\" data-e-type=\"widget\" data-widget_type=\"text-editor.default\">\n\t\t\t\t<div class=\"elementor-widget-container\">\n\t\t\t\t\t\t\t\t\t<p class=\"p1\">Wenn dir die Jugendarbeit am Herzen liegt und du mindestens 20 Jahre alt bist, dann ist die Leitung einer Kleingruppe bei TeenStreet der richtige Job f\u00fcr dich. Als Kleingruppenleiter (SGL) hilfst du mit, einen sicheren Raum f\u00fcr eine Gruppe von f\u00fcnf bis sieben Teenagern aus deinem Land zu schaffen, um gemeinsam in die Bibel einzutauchen. Du begleitest die Kleingruppe w\u00e4hrend der gesamten Veranstaltungswoche und hast die M\u00f6glichkeit, durch Bibelarbeiten, Gruppenaktivit\u00e4ten, Gebet, Sport und vieles mehr in das Leben der Teenager zu investieren. Du kannst gerne mit den Jugendlichen aus deiner Jugendgruppe oder Kirche kommen, aber du kannst auch eine neue Gruppe von Jugendlichen aufnehmen.<\/p><p>Bei TeenStreet wirst du f\u00fcr eine Kleingruppe verantwortlich sein. Diese Kleingruppe besteht aus bis zu sechs Teenagern desselben Geschlechts. Die Kleingruppenleiter sind f\u00fcr die Leitung dieser Kleingruppen verantwortlich und sollten sich im Allgemeinen einfach Zeit nehmen, um f\u00fcr ihre Teenager da zu sein. Wenn du 20 Jahre oder \u00e4lter bist und gerne ein SGL sein m\u00f6chtest, kannst du dich einfach direkt anmelden.<\/p>\t\t\t\t\t\t\t\t<\/div>\n\t\t\t\t<\/div>\n\t\t\t\t\t<\/div>\n\t\t<\/div>\n\t\t\t\t\t<\/div>\n\t\t<\/section>\n\t\t\t\t<section class=\"elementor-section elementor-top-section elementor-element elementor-element-d7d9d6b elementor-section-content-middle elementor-section-boxed elementor-section-height-default elementor-section-height-default wpr-particle-no wpr-jarallax-no wpr-parallax-no wpr-sticky-section-no wpr-equal-height-no\" data-id=\"d7d9d6b\" data-element_type=\"section\" data-e-type=\"section\" id=\"service-team\">\n\t\t\t\t\t\t<div class=\"elementor-container elementor-column-gap-wider\">\n\t\t\t\t\t<div class=\"elementor-column elementor-col-50 elementor-top-column elementor-element elementor-element-f6b28e9\" data-id=\"f6b28e9\" data-element_type=\"column\" data-e-type=\"column\">\n\t\t\t<div class=\"elementor-widget-wrap elementor-element-populated\">\n\t\t\t\t\t\t<div class=\"elementor-element elementor-element-f1990db elementor-widget elementor-widget-heading\" data-id=\"f1990db\" data-element_type=\"widget\" data-e-type=\"widget\" data-widget_type=\"heading.default\">\n\t\t\t\t<div class=\"elementor-widget-container\">\n\t\t\t\t\t<h2 class=\"elementor-heading-title elementor-size-default\"><a href=\"#service-team\">Service Team<\/a><\/h2>\t\t\t\t<\/div>\n\t\t\t\t<\/div>\n\t\t\t\t<div class=\"elementor-element elementor-element-92c670a elementor-widget elementor-widget-text-editor\" data-id=\"92c670a\" data-element_type=\"widget\" data-e-type=\"widget\" data-widget_type=\"text-editor.default\">\n\t\t\t\t<div class=\"elementor-widget-container\">\n\t\t\t\t\t\t\t\t\t<p><b>Alter: 18+ (geboren in 2007 oder fr\u00fcher)<\/b><\/p>\t\t\t\t\t\t\t\t<\/div>\n\t\t\t\t<\/div>\n\t\t\t\t<div class=\"elementor-element elementor-element-764c794 elementor-widget__width-initial elementor-widget elementor-widget-text-editor\" data-id=\"764c794\" data-element_type=\"widget\" data-e-type=\"widget\" data-widget_type=\"text-editor.default\">\n\t\t\t\t<div class=\"elementor-widget-container\">\n\t\t\t\t\t\t\t\t\t<p>Auch in diesem Jahr suchen wir wieder Mitarbeiter f\u00fcr verschiedene Aufgaben im Service Team.\u00a0<\/p><p>Gesch\u00e4fte (Kiosk, Obststand, Eisdiele, Funfood, T-ShirtShop, Buchhandlung, etc.)<\/p><p>-CleanStreet (Aufr\u00e4umen und Reinigen)<\/p><p>-Getr\u00e4nke und Getr\u00e4nke (Coffebar, Mocktailbar, StaffCaf\u00e9)<\/p><p>-Speisesaal (Sp\u00fclen, Servieren, K\u00fcche zB)<\/p><p>-KidsStreet (Kindertagesst\u00e4tte, Programm und Spiel mit Kindern)<\/p><p>-Sicherheit (Rund um das Gel\u00e4nde, Haupthalle, Schwimmb\u00e4der zB)<\/p><p>-B\u00fcro (Infotheke, Tagesg\u00e4steregistrierung, TS-B\u00fcro, TS-Bank etc))<\/p><p>-Sport und Aktivit\u00e4ten (Fu\u00dfball, Basketball, Wettbewerbe zB)<\/p><p>-Technik (IT, Elektrizit\u00e4t, zB)<\/p><p><b>F\u00fcr weitere Informationen wenden Sie sich bitte an Ihr TS-B\u00fcro oder\u00a0<\/b><\/p>\t\t\t\t\t\t\t\t<\/div>\n\t\t\t\t<\/div>\n\t\t\t\t<div class=\"elementor-element elementor-element-7c90d5f elementor-widget elementor-widget-button\" data-id=\"7c90d5f\" data-element_type=\"widget\" data-e-type=\"widget\" data-widget_type=\"button.default\">\n\t\t\t\t<div class=\"elementor-widget-container\">\n\t\t\t\t\t\t\t\t\t<div class=\"elementor-button-wrapper\">\n\t\t\t\t\t<a class=\"elementor-button elementor-button-link elementor-size-sm\" href=\"https:\/\/registration.teenstreet.de\/ts-2025\/\" target=\"_blank\" rel=\"noopener\">\n\t\t\t\t\t\t<span class=\"elementor-button-content-wrapper\">\n\t\t\t\t\t\t\t\t\t<span class=\"elementor-button-text\"> Hier anmelden<\/span>\n\t\t\t\t\t<\/span>\n\t\t\t\t\t<\/a>\n\t\t\t\t<\/div>\n\t\t\t\t\t\t\t\t<\/div>\n\t\t\t\t<\/div>\n\t\t\t\t<div class=\"elementor-element elementor-element-2a7ced1 elementor-widget elementor-widget-image\" data-id=\"2a7ced1\" data-element_type=\"widget\" data-e-type=\"widget\" data-widget_type=\"image.default\">\n\t\t\t\t<div class=\"elementor-widget-container\">\n\t\t\t\t\t\t\t\t\t\t\t\t\t\t\t<img decoding=\"async\" width=\"127\" height=\"127\" src=\"https:\/\/teenstreet.life\/eu\/wp-content\/uploads\/sites\/13\/2020\/07\/support.svg\" class=\"attachment-thumbnail size-thumbnail wp-image-2727\" alt=\"\" \/>\t\t\t\t\t\t\t\t\t\t\t\t\t\t\t<\/div>\n\t\t\t\t<\/div>\n\t\t\t\t\t<\/div>\n\t\t<\/div>\n\t\t\t\t<div class=\"elementor-column elementor-col-50 elementor-top-column elementor-element elementor-element-2c252a3\" data-id=\"2c252a3\" data-element_type=\"column\" data-e-type=\"column\">\n\t\t\t<div class=\"elementor-widget-wrap elementor-element-populated\">\n\t\t\t\t\t\t<div class=\"elementor-element elementor-element-d2310c6 elementor-widget elementor-widget-ts-card\" data-id=\"d2310c6\" data-element_type=\"widget\" data-e-type=\"widget\" data-widget_type=\"ts-card.default\">\n\t\t\t\t<div class=\"elementor-widget-container\">\n\t\t\t\t\t            <div class=\"ts-card ts-image-background\" style=\"background-image: url(https:\/\/teenstreet.life\/eu\/wp-content\/uploads\/sites\/13\/2021\/04\/48584667401_847b2f04a0_c-480x480.jpg);\">\r\n\r\n                \r\n                \t\t\t\t\r\n\r\n                \r\n                 \r\n                    <a class=\"ts-card-full-link\" href=\"#\"><\/a>\r\n                \r\n            <\/div>\r\n\r\n        \t\t\t\t<\/div>\n\t\t\t\t<\/div>\n\t\t\t\t\t<\/div>\n\t\t<\/div>\n\t\t\t\t\t<\/div>\n\t\t<\/section>\n\t\t\t\t<\/div>","protected":false},"excerpt":{"rendered":"<p>Teenager-Alter: Teenager, geboren zwischen 2007 und 2012 Bei TeenStreet dabei zu sein, bedeutet Gemeinschaft mit vielen anderen Teenagern, die auf demselben Weg sind wie du. Bei TeenStreet hast du die M\u00f6glichkeit, alle Fragen zu stellen, die du hast, Zeit in der Gegenwart Gottes zu verbringen, mit anderen Teenagern aus ganz Europa Gott anzubeten, aus der Bibel zu lernen und vieles mehr. TeenStreet ist genau so, wie es klingt: Es ist ein Ort, an dem du deine Beziehung zu Gott st\u00e4rken und seine Richtung f\u00fcr dein Leben entdecken kannst! Kleingruppenleiter Altersgruppe: 20+ (Co-Coaches k\u00f6nnen 18 oder 19 Jahre alt sein, wenn sie mit einem Coach zusammenarbeiten, der 20 oder \u00e4lter ist) Wenn dir die Jugendarbeit am Herzen liegt und du mindestens 20 Jahre alt bist, dann ist die Leitung einer Kleingruppe bei TeenStreet der richtige Job f\u00fcr dich. Als Kleingruppenleiter (SGL) hilfst du mit, einen sicheren Raum f\u00fcr eine Gruppe von f\u00fcnf bis sieben Teenagern aus deinem Land zu schaffen, um gemeinsam in die Bibel einzutauchen. Du begleitest die Kleingruppe w\u00e4hrend der gesamten Veranstaltungswoche und hast die M\u00f6glichkeit, durch Bibelarbeiten, Gruppenaktivit\u00e4ten, Gebet, Sport und vieles mehr in das Leben der Teenager zu investieren. Du kannst gerne mit den Teenagern aus deiner Jugendgruppe oder Kirche kommen, aber du kannst auch eine neue Gruppe von Teenagern \u00fcbernehmen. Bei TeenStreet wirst du f\u00fcr eine Kleingruppe verantwortlich sein. Diese Kleingruppe besteht aus bis zu sechs Teenagern desselben Geschlechts. Kleingruppenleiter sind f\u00fcr die Leitung dieser Kleingruppen verantwortlich und sollten sich im Allgemeinen einfach Zeit nehmen, um f\u00fcr ihre Teens da zu sein\u2019. Wenn du 20 Jahre oder \u00e4lter bist und gerne ein SGL sein m\u00f6chtest, kannst du dich einfach direkt anmelden. Dienstteam Alter: 18+ (Jahrgang 2007 oder j\u00fcnger) Auch dieses Jahr suchen wir wieder Leute, die sich an verschiedenen Aufgaben im Service Team beteiligen.  Shops (Kiosk, Obststand, Eisdiele, Funfood, T-ShirtShop, Buchladen, u.a.) -CleanStreet (Aufr\u00e4umen und Putzen) -Getr\u00e4nke und Getr\u00e4nke (Coffebar, Mocktailbar, StaffCaf\u00e9) -Dininghall (Abwaschen, Servieren, K\u00fcche u.a.) -KidsStreet (Kinderbetreuung, Programm und Spiel mit Kindern) -Security (Rund um das Gel\u00e4nde, Mainhall, Pools u.a.)g) -B\u00fcro (Info-Desk, Tagesg\u00e4ste-Anmeldung, TS-B\u00fcro, TS-Bank u.a.) -Sport und Aktivit\u00e4ten (Fu\u00dfball, Basketball, Wettbewerbe u.a.) -Technik (IT, Strom u.a.) F\u00fcr weitere Informationen wenden Sie sich bitte an Ihr TS-B\u00fcro oder registrieren Sie sich hier<\/p>","protected":false},"author":18,"featured_media":7043,"parent":3641,"menu_order":0,"comment_status":"closed","ping_status":"closed","template":"","meta":{"iawp_total_views":39,"footnotes":""},"class_list":["post-4013","page","type-page","status-publish","has-post-thumbnail","hentry"],"_links":{"self":[{"href":"https:\/\/teenstreet.life\/eu\/de-ch\/wp-json\/wp\/v2\/pages\/4013","targetHints":{"allow":["GET"]}}],"collection":[{"href":"https:\/\/teenstreet.life\/eu\/de-ch\/wp-json\/wp\/v2\/pages"}],"about":[{"href":"https:\/\/teenstreet.life\/eu\/de-ch\/wp-json\/wp\/v2\/types\/page"}],"author":[{"embeddable":true,"href":"https:\/\/teenstreet.life\/eu\/de-ch\/wp-json\/wp\/v2\/users\/18"}],"replies":[{"embeddable":true,"href":"https:\/\/teenstreet.life\/eu\/de-ch\/wp-json\/wp\/v2\/comments?post=4013"}],"version-history":[{"count":5,"href":"https:\/\/teenstreet.life\/eu\/de-ch\/wp-json\/wp\/v2\/pages\/4013\/revisions"}],"predecessor-version":[{"id":8193,"href":"https:\/\/teenstreet.life\/eu\/de-ch\/wp-json\/wp\/v2\/pages\/4013\/revisions\/8193"}],"up":[{"embeddable":true,"href":"https:\/\/teenstreet.life\/eu\/de-ch\/wp-json\/wp\/v2\/pages\/3641"}],"wp:featuredmedia":[{"embeddable":true,"href":"https:\/\/teenstreet.life\/eu\/de-ch\/wp-json\/wp\/v2\/media\/7043"}],"wp:attachment":[{"href":"https:\/\/teenstreet.life\/eu\/de-ch\/wp-json\/wp\/v2\/media?parent=4013"}],"curies":[{"name":"wp","href":"https:\/\/api.w.org\/{rel}","templated":true}]}}