{"id":2619,"date":"2020-07-20T16:38:00","date_gmt":"2020-07-20T14:38:00","guid":{"rendered":"https:\/\/teenstreet.life\/eu\/?page_id=2619"},"modified":"2020-08-05T17:00:38","modified_gmt":"2020-08-05T15:00:38","slug":"bedingungen","status":"publish","type":"page","link":"https:\/\/teenstreet.life\/eu\/de-ch\/terms\/","title":{"rendered":"Allgemeine Gesch\u00e4ftsbedingungen (AGB)"},"content":{"rendered":"<p>F\u00fcr unseren Webshop gelten die nachfolgenden Bedingungen.<\/p>\n\n\n\n<p><strong>\u00a7 1 Geltungsbereich und \u00c4nderungsvorbehalt<\/strong><\/p>\n\n\n\n<p>a) Operation Mobilisierung Deutschland e. V. f\u00fchrt den Auftrag zu den jeweils zum Zeitpunkt der Bestellung g\u00fcltigen AGB aus. \u00c4nderungen der AGB behalten wir uns ausdr\u00fccklich vor.<\/p>\n\n\n\n<p>b) Entgegenstehende AGB k\u00f6nnen wir nicht anerkennen.<\/p>\n\n\n\n<p><strong>\u00a7 <\/strong><strong>2 Lieferung, Z\u00f6lle und Versandkosten<\/strong><\/p>\n\n\n\n<p>a) Zus\u00e4tzlich zum Kaufpreis berechnen wir eine Versandkostenpauschale von 5,00 \u20ac. Ab einem Warenwert von 50 \u20ac versenden wir versandkostenfrei.<\/p>\n\n\n\n<p>b) Bei Lieferungen ins Ausland werden die tats\u00e4chlichen Kosten berechnet. Die besonderen Einfuhr- und Zollbestimmungen sind vom Kunden zu beachten.<\/p>\n\n\n\n<p>Wir sind zu Teillieferungen berechtigt.<\/p>\n\n\n\n<p><strong>\u00a7 <\/strong><strong>3 Zahlungsbedingungen<\/strong><\/p>\n\n\n\n<p>a) Die Zahlung erfolgt per Kreditkarte oder Paypal \u00fcber unseren Partner iZettle. Mit der Zahlung ist der Bestellvorgang abgeschlossen.<\/p>\n\n\n\n<p>b) Aufrechnung, Wandlung oder Minderung sind nur zul\u00e4ssig, wenn Ihre Forderung von uns schriftlich anerkannt oder rechtskr\u00e4ftig festgestellt wurde. Ein Zur\u00fcckbehaltungsrecht besteht nur, wenn Ihr Gegenanspruch auf demselben Vertragsverh\u00e4ltnis beruht.<\/p>\n\n\n\n<p>c) Die gelieferte Ware bleibt bis zur vollst\u00e4ndigen Bezahlung aller bestehenden Forderungen unser Eigentum (\u00a7455 BGB). Der K\u00e4ufer darf die gelieferte Ware im ordentlichen Gesch\u00e4ftsverkehr unter seinem Eigentumsvorbehalt weiterverkaufen, tritt uns jedoch alle Forderungen, die ihm sofort oder sp\u00e4ter zustehen, in H\u00f6he unseres Rechnungsbetrages sicherungshalber ab.<\/p>\n\n\n\n<p><strong>\u00a7 <\/strong><strong>4 Widerrufsrecht<\/strong><\/p>\n\n\n\n<p>a) Sie k\u00f6nnen den Vertrag innerhalb von 14 Tagen nach Erhalt der Ware ohne Angabe von Gr\u00fcnden widerrufen. Zur Fristwahrung gen\u00fcgt die rechtzeitige Absendung des Widerrufs. Um Ihr Widerrufsrecht auszu\u00fcben, k\u00f6nnen Sie sich entweder per Briefpost, Fax oder E-Mail an uns wenden: Operation Mobilization eV, Alte Neckarelzer Str. 2, 74821 Mosbach, Telefon: 06261-9470, Fax: 06261-947-147, E-Mail. Sie k\u00f6nnen daf\u00fcr das beigef\u00fcgte Muster-Widerrufsformular verwenden, das jedoch nicht vorgeschrieben ist.<\/p>\n\n\n\n<p>Folgen des Widerrufs:<\/p>\n\n\n\n<p>R\u00fccksendung: Sie haben die Waren unverz\u00fcglich und in jedem Fall sp\u00e4testens binnen vierzehn Tagen ab dem Tag, an dem Sie uns \u00fcber den Widerruf dieses Vertrags unterrichten, an uns in Mosbach zur\u00fcckzusenden. Nach Ablauf der 14-t\u00e4gigen Frist k\u00f6nnen wir keine Ware zur\u00fccknehmen, die sich nicht in einem neuen, unbenutzten Zustand befindet. Bei wesentlicher Verschlechterung, Abnutzung oder Verlust behalten wir uns ausdr\u00fccklich vor, Schadensersatz zu verlangen.<\/p>\n\n\n\n<p>R\u00fcckerstattung: Wir erstatten den Kaufpreis unverz\u00fcglich und sp\u00e4testens binnen vierzehn Tagen ab dem Tag, an dem die Mitteilung \u00fcber Ihren Widerruf dieses Vertrags bei uns eingegangen ist. Wir behalten uns ausdr\u00fccklich vor, die R\u00fccksendekosten bei einem Bestellwert unter 40 \u20ac nicht zu erstatten, es sei denn, die gelieferte Ware entspricht nicht der bestellten Ware.<\/p>\n\n\n\n<p><strong>\u00a7 <\/strong><strong>5 Datenschutz<\/strong><\/p>\n\n\n\n<p>a)a) Sie stimmen der Speicherung, Verarbeitung und Nutzung der uns im Rahmen des Bestellvorgangs mitgeteilten personenbezogenen Daten zu Vertragszwecken auf Grundlage der EU-Datenschutz-Grundverordnung (DSGVO) und des Bundesdatenschutzgesetzes ausdr\u00fccklich zu (BDSG).<\/p>\n\n\n\n<p><strong>\u00a7 <\/strong><strong>6 Verschiedenes<\/strong><\/p>\n\n\n\n<p>a) Es gilt deutsches Recht unter Ausschluss des UN-Kaufrechts. Gerichtsstand ist, soweit gesetzlich zul\u00e4ssig, Mosbach. Ist der K\u00e4ufer Kaufmann, ist Operation Mobilization Deutschland e. V. kann ihn auch an seinem Gesch\u00e4ftssitz verklagen.<\/p>\n\n\n\n<p>b) \u00c4nderungen des Vertrages und die Erg\u00e4nzung dieser AGB einschlie\u00dflich dieser Schriftformklausel bed\u00fcrfen der Schriftform. Die Unwirksamkeit einzelner Bestimmungen ber\u00fchrt die \u00fcbrige G\u00fcltigkeit des Vertrages und dieser AGB nicht.<\/p>\n\n\n\n<p><strong>\u00a77 Schlichtung von Streitigkeiten<\/strong><\/p>\n\n\n\n<p>Die EU-Kommission hat eine Internetplattform zur Online-Streitbeilegung geschaffen. Die Plattform dient als Anlaufstelle zur au\u00dfergerichtlichen Beilegung von Streitigkeiten betreffend vertragliche Verpflichtungen aus Online-Kaufvertr\u00e4gen. Weitere Informationen finden Sie unter folgendem Link: http:\/\/ec.europa.eu\/consumers\/odr.<\/p>\n\n\n\n<p>Wir sind bereit, an einem Streitbeilegungsverfahren teilzunehmen. Die zust\u00e4ndige Verbraucherschlichtungsstelle ist: Universalschlichtungsstelle des Bundeszentrums f\u00fcr Schlichtung eV, Stra\u00dfburger Stra\u00dfe 8, 77694 Kehl am Rhein, www.verbraucher-schlichter.de.<\/p>\n\n\n\n<p>Hier ist die Vorlage f\u00fcr das Widerrufsformular:<\/p>\n\n\n\n<p><strong>Muster-Widerrufsformular<\/strong><\/p>\n\n\n\n<p>(Wenn Sie den Vertrag widerrufen wollen, dann f\u00fcllen Sie bitte dieses Formular aus und senden Sie es an uns zur\u00fcck.)<\/p>\n\n\n\n<p>Zu:<\/p>\n\n\n\n<p><strong>Einsatzmobilisierung eV <br>Alte Neckarelzerstr. 2 <br>74821 Mosbach <br>Deutschland<\/strong><\/p>\n\n\n\n<p>Hiermit widerrufe(n) ich\/wir den von mir\/uns online abgeschlossenen Vertrag \u00fcber den Kauf der folgenden Waren\/Dienstleistungen<\/p>\n\n\n\n<p>Art der Ware\/Dienstleistung: ___________________________________<\/p>\n\n\n\n<p>Bestellnummer\/Bestellnummer:______________________________<\/p>\n\n\n\n<p>Bestellt am: _______\/erhalten am: _______<\/p>\n\n\n\n<p>Name des\/der Verbraucher(s): ______________<\/p>\n\n\n\n<p>Anschrift des\/der Verbraucher(s): _______________<\/p>\n\n\n\n<p>Unterschrift des\/der Verbraucher(s) ________________________________<\/p>\n\n\n\n<p>(nur bei Mitteilung auf Papier)<\/p>\n\n\n\n<p>Aktuelles Datum:<\/p>","protected":false},"excerpt":{"rendered":"<p>F\u00fcr unseren Webshop gelten die nachfolgenden Bedingungen. \u00a7 1 Geltungsbereich und \u00c4nderungsvorbehalt a) Die Operation Mobilisation Deutschland e. V. f\u00fchrt den Auftrag zu den jeweils zum Zeitpunkt der Bestellung g\u00fcltigen AGB aus. \u00c4nderungen der AGB behalten wir uns ausdr\u00fccklich vor. b) Entgegenstehende AGB k\u00f6nnen wir nicht akzeptieren. \u00a7 2 Lieferung, Z\u00f6lle und Versandkosten a) Zus\u00e4tzlich zum Kaufpreis berechnen wir eine Versandkostenpauschale von \u20ac 5,00. Ab einem Warenwert von \u20ac 50,- liefern wir versandkostenfrei. b) Bei Lieferungen ins Ausland werden die tats\u00e4chlichen Kosten berechnet. Die spezifischen Einfuhr- und Zollbestimmungen sind vom Kunden zu beachten. Wir sind berechtigt, Teillieferungen vorzunehmen. \u00a7 3 Zahlungsbedingungen a) Die Zahlung erfolgt per Kreditkarte oder Paypal \u00fcber unseren Partner iZettle. Mit der Zahlung ist der Bestellvorgang abgeschlossen. b) Eine Aufrechnung, Umrechnung oder Minderung ist nur zul\u00e4ssig, wenn Ihre Forderung von uns schriftlich anerkannt oder rechtskr\u00e4ftig festgestellt ist. Ein Zur\u00fcckbehaltungsrecht besteht nur, wenn Ihr Gegenanspruch auf demselben Vertragsverh\u00e4ltnis beruht. c) Gelieferte Ware bleibt bis zur vollst\u00e4ndigen Bezahlung aller bestehenden Forderungen unser Eigentum (\u00a7455 BGB). Der K\u00e4ufer darf die gelieferte Ware im ordnungsgem\u00e4\u00dfen Gesch\u00e4ftsverkehr unter Eigentumsvorbehalt weiterver\u00e4u\u00dfern, tritt jedoch alle ihm sofort oder sp\u00e4ter zustehenden Forderungen bis zur H\u00f6he unseres Rechnungsbetrages sicherheitshalber an uns ab. \u00a7 4 Widerrufsrecht a) Sie k\u00f6nnen den Vertrag innerhalb von 14 Tagen nach Erhalt der Ware ohne Angabe von Gr\u00fcnden widerrufen. Zur Wahrung der Frist gen\u00fcgt die rechtzeitige Absendung des Widerrufs. Um Ihr Widerrufsrecht auszu\u00fcben, k\u00f6nnen Sie sich entweder per Briefpost, Fax oder E-Mail an uns wenden: Operation Mobilisation e.V., Alte Neckarelzer Str. 2, 74821 Mosbach, Telefon: 06261-9470, Fax: 06261-947-147, E-Mail.  Sie k\u00f6nnen daf\u00fcr das beigef\u00fcgte Muster-Widerrufsformular verwenden, das jedoch nicht vorgeschrieben ist. Folgen des Widerrufs: R\u00fccksendung: Sie haben die Waren unverz\u00fcglich und in jedem Fall sp\u00e4testens binnen vierzehn Tagen ab dem Tag, an dem Sie uns \u00fcber den Widerruf dieses Vertrags unterrichten, an uns in Mosbach zur\u00fcckzusenden. Waren, die sich nicht in einem neuen, unbenutzten Zustand befinden, k\u00f6nnen wir nach Ablauf der 14-Tage-Frist nicht mehr zur\u00fccknehmen. Bei erheblicher Verschlechterung, Abnutzung oder Verlust behalten wir uns ausdr\u00fccklich das Recht vor, Schadensersatz zu verlangen. R\u00fcckerstattung: Wir werden Ihnen den Kaufpreis unverz\u00fcglich und sp\u00e4testens binnen vierzehn Tagen ab dem Tag, an dem die Mitteilung \u00fcber Ihren Widerruf dieses Vertrags bei uns eingegangen ist, zur\u00fcckzahlen. Wir behalten uns ausdr\u00fccklich vor, die R\u00fccksendekosten bei einem Bestellwert unter 40 \u20ac nicht zu erstatten, es sei denn, die gelieferte Ware entspricht nicht der bestellten Ware. \u00a7 5 Datenschutz a)a) Sie stimmen der Speicherung, Verarbeitung und Nutzung der uns im Rahmen des Bestellvorgangs \u00fcberlassenen personenbezogenen Daten zu Vertragszwecken auf der Grundlage der EU-Datenschutzgrundverordnung (DSGVO) und des Bundesdatenschutzgesetzes (BDSG) ausdr\u00fccklich zu. Es gilt \u00a7 6 Sonstiges a) Deutsches Recht unter Ausschluss des UN-Kaufrechts. Gerichtsstand ist, soweit gesetzlich zul\u00e4ssig, Mosbach. Ist der K\u00e4ufer Kaufmann, kann die Operation Mobilisation Deutschland e. V. ihn auch an seinem Gesch\u00e4ftssitz verklagen. b) Vertrags\u00e4nderungen und die \u00c4nderung dieser Allgemeinen Gesch\u00e4ftsbedingungen einschlie\u00dflich dieser Schriftformklausel bed\u00fcrfen der Schriftform. Die Unwirksamkeit einzelner Bestimmungen ber\u00fchrt die Wirksamkeit des Vertrages und dieser AGB im \u00dcbrigen nicht. \u00a77 Schlichtung von Streitigkeiten Die EU-Kommission hat eine Internetplattform zur Online-Streitbeilegung eingerichtet. Die Plattform dient als Anlaufstelle f\u00fcr die au\u00dfergerichtliche Beilegung von Streitigkeiten \u00fcber vertragliche Verpflichtungen aus Online-Kaufvertr\u00e4gen. Weitere Informationen finden Sie unter folgendem Link: http:\/\/ec.europa.eu\/consumers\/odr. Wir sind bereit, an einem Streitbeilegungsverfahren teilzunehmen. Die zust\u00e4ndige Verbraucherschlichtungsstelle ist: Universalschlichtungsstelle des Bundes Zentrum f\u00fcr Schlichtung e.V., Stra\u00dfburger Stra\u00dfe 8, 77694 Kehl am Rhein, www.verbraucher-schlichter.de. Hier finden Sie die Vorlage f\u00fcr das Widerrufsformular: Muster-Widerrufsformular (Wenn Sie den Vertrag widerrufen wollen, dann f\u00fcllen Sie bitte dieses Formular aus und senden Sie es zur\u00fcck) An: Operation Mobilisation e.V. Alte Neckarelzer Str. 2 74821 Mosbach Deutschland Hiermit widerrufe(n) ich\/wir den von mir\/uns online abgeschlossenen Vertrag \u00fcber den Kauf der folgenden Waren\/Dienstleistungen Art der Waren\/Dienstleistungen: ___________________________________ Bestellnummer\/Auftragsnummer:______________________________ Bestellt am: _______\/erhalten am: _______ Name des\/der Verbraucher(s): ______________ Anschrift des\/der Verbraucher(s): _______________ Unterschrift des\/der Verbraucher(s) _______________________________ (nur im Falle einer Mitteilung auf Papier) Aktuelles Datum:<\/p>","protected":false},"author":1,"featured_media":0,"parent":0,"menu_order":0,"comment_status":"closed","ping_status":"closed","template":"","meta":{"iawp_total_views":4,"footnotes":""},"class_list":["post-2619","page","type-page","status-publish","hentry"],"_links":{"self":[{"href":"https:\/\/teenstreet.life\/eu\/de-ch\/wp-json\/wp\/v2\/pages\/2619","targetHints":{"allow":["GET"]}}],"collection":[{"href":"https:\/\/teenstreet.life\/eu\/de-ch\/wp-json\/wp\/v2\/pages"}],"about":[{"href":"https:\/\/teenstreet.life\/eu\/de-ch\/wp-json\/wp\/v2\/types\/page"}],"author":[{"embeddable":true,"href":"https:\/\/teenstreet.life\/eu\/de-ch\/wp-json\/wp\/v2\/users\/1"}],"replies":[{"embeddable":true,"href":"https:\/\/teenstreet.life\/eu\/de-ch\/wp-json\/wp\/v2\/comments?post=2619"}],"version-history":[{"count":0,"href":"https:\/\/teenstreet.life\/eu\/de-ch\/wp-json\/wp\/v2\/pages\/2619\/revisions"}],"wp:attachment":[{"href":"https:\/\/teenstreet.life\/eu\/de-ch\/wp-json\/wp\/v2\/media?parent=2619"}],"curies":[{"name":"wp","href":"https:\/\/api.w.org\/{rel}","templated":true}]}}