{"id":107,"date":"2020-05-25T10:12:12","date_gmt":"2020-05-25T10:12:12","guid":{"rendered":"https:\/\/teenstreet.life\/eu\/?page_id=107"},"modified":"2025-11-27T08:27:23","modified_gmt":"2025-11-27T07:27:23","slug":"uber-om","status":"publish","type":"page","link":"https:\/\/teenstreet.life\/eu\/de-ch\/about\/about-om\/","title":{"rendered":"\u00dcber OM"},"content":{"rendered":"<div data-elementor-type=\"wp-page\" data-elementor-id=\"107\" class=\"elementor elementor-107\" data-elementor-post-type=\"page\">\n\t\t\t\t\t\t<section class=\"elementor-section elementor-top-section elementor-element elementor-element-ff69198 elementor-section-boxed elementor-section-height-default elementor-section-height-default wpr-particle-no wpr-jarallax-no wpr-parallax-no wpr-sticky-section-no\" data-id=\"ff69198\" data-element_type=\"section\" data-e-type=\"section\">\n\t\t\t\t\t\t<div class=\"elementor-container elementor-column-gap-default\">\n\t\t\t\t\t<div class=\"elementor-column elementor-col-16 elementor-top-column elementor-element elementor-element-aa9d359\" data-id=\"aa9d359\" data-element_type=\"column\" data-e-type=\"column\">\n\t\t\t<div class=\"elementor-widget-wrap elementor-element-populated\">\n\t\t\t\t\t\t<div class=\"elementor-element elementor-element-aa08e11 elementor-invisible elementor-widget elementor-widget-image\" data-id=\"aa08e11\" data-element_type=\"widget\" data-e-type=\"widget\" data-settings=\"{&quot;_animation&quot;:&quot;fadeIn&quot;}\" data-widget_type=\"image.default\">\n\t\t\t\t<div class=\"elementor-widget-container\">\n\t\t\t\t\t\t\t\t\t\t\t\t\t\t\t<img decoding=\"async\" width=\"150\" height=\"150\" src=\"https:\/\/teenstreet.life\/eu\/wp-content\/uploads\/sites\/13\/2020\/05\/om-logo-150x150.png\" class=\"attachment-thumbnail size-thumbnail wp-image-381\" alt=\"Logo f\u00fcr die Mobilisierung der Operation\" srcset=\"https:\/\/teenstreet.life\/eu\/wp-content\/uploads\/sites\/13\/2020\/05\/om-logo-150x150.png 150w, https:\/\/teenstreet.life\/eu\/wp-content\/uploads\/sites\/13\/2020\/05\/om-logo-300x300.png 300w, https:\/\/teenstreet.life\/eu\/wp-content\/uploads\/sites\/13\/2020\/05\/om-logo-1024x1024.png 1024w, https:\/\/teenstreet.life\/eu\/wp-content\/uploads\/sites\/13\/2020\/05\/om-logo-768x768.png 768w, https:\/\/teenstreet.life\/eu\/wp-content\/uploads\/sites\/13\/2020\/05\/om-logo-1536x1536.png 1536w, https:\/\/teenstreet.life\/eu\/wp-content\/uploads\/sites\/13\/2020\/05\/om-logo-2048x2048.png 2048w, https:\/\/teenstreet.life\/eu\/wp-content\/uploads\/sites\/13\/2020\/05\/om-logo-360x360.png 360w, https:\/\/teenstreet.life\/eu\/wp-content\/uploads\/sites\/13\/2020\/05\/om-logo-480x480.png 480w, https:\/\/teenstreet.life\/eu\/wp-content\/uploads\/sites\/13\/2020\/05\/om-logo-720x720.png 720w, https:\/\/teenstreet.life\/eu\/wp-content\/uploads\/sites\/13\/2020\/05\/om-logo-1080x1080.png 1080w\" sizes=\"(max-width: 150px) 100vw, 150px\" \/>\t\t\t\t\t\t\t\t\t\t\t\t\t\t\t<\/div>\n\t\t\t\t<\/div>\n\t\t\t\t\t<\/div>\n\t\t<\/div>\n\t\t\t\t<div class=\"elementor-column elementor-col-66 elementor-top-column elementor-element elementor-element-6f864be\" data-id=\"6f864be\" data-element_type=\"column\" data-e-type=\"column\">\n\t\t\t<div class=\"elementor-widget-wrap elementor-element-populated\">\n\t\t\t\t\t\t<div class=\"elementor-element elementor-element-e43bc4e elementor-widget elementor-widget-video\" data-id=\"e43bc4e\" data-element_type=\"widget\" data-e-type=\"widget\" data-settings=\"{&quot;youtube_url&quot;:&quot;https:\\\/\\\/www.youtube.com\\\/watch?v=-4P0EcTh4lA&quot;,&quot;video_type&quot;:&quot;youtube&quot;,&quot;controls&quot;:&quot;yes&quot;}\" data-widget_type=\"video.default\">\n\t\t\t\t<div class=\"elementor-widget-container\">\n\t\t\t\t\t\t\t<div class=\"elementor-wrapper elementor-open-inline\">\n\t\t\t<div class=\"elementor-video\"><\/div>\t\t<\/div>\n\t\t\t\t\t\t<\/div>\n\t\t\t\t<\/div>\n\t\t\t\t<div class=\"elementor-element elementor-element-6eb7f94 elementor-widget elementor-widget-text-editor\" data-id=\"6eb7f94\" data-element_type=\"widget\" data-e-type=\"widget\" data-widget_type=\"text-editor.default\">\n\t\t\t\t<div class=\"elementor-widget-container\">\n\t\t\t\t\t\t\t\t\t<p>TeenStreet ist ein Ministerium f\u00fcr <a href=\"http:\/\/www.om.org\/\" target=\"_blank\" rel=\"noopener\">Operation Mobilisierung<\/a> (OM). OM bringt Jesus-Nachfolger aus der ganzen Welt zusammen, damit sie ihre Gaben und F\u00e4higkeiten an Orten einsetzen, an denen Menschen noch nie Jesus erlebt haben - um lebendige Gemeinschaften von Jesus-Nachfolgern unter den am wenigsten erreichten Menschen zu sehen.<\/p><p>Die Bewegung begann 1957, und heute sind wir 4500 Mitarbeiter aus \u00fcber 130 Nationen, die in \u00fcber 140 L\u00e4ndern und an Bord der Schiffe Logos Hope und Doulos Hope das Evangelium verk\u00fcnden, Gemeinden gr\u00fcnden und sich praktisch f\u00fcr soziale Ver\u00e4nderungen einsetzen.<\/p><h2>Event<\/h2><p>TeenStreet wurde 1993 in Deutschland ins Leben gerufen. Seitdem haben Zehntausende von Teenagern aus der ganzen Welt an der Konferenz teilgenommen. Neben den Treffen im Sommer gibt es das ganze Jahr \u00fcber die M\u00f6glichkeit, in einer Kleingruppe mitzuarbeiten, an Missionen teilzunehmen und sich mit Teenagern aus anderen Gemeinden und St\u00e4dten zu treffen. Bei TeenStreet geht es darum, in die Tiefe zu gehen, mutig f\u00fcr Jesus zu leben und eine Menge Spa\u00df zu haben.<\/p>\t\t\t\t\t\t\t\t<\/div>\n\t\t\t\t<\/div>\n\t\t\t\t\t<\/div>\n\t\t<\/div>\n\t\t\t\t<div class=\"elementor-column elementor-col-16 elementor-top-column elementor-element elementor-element-d9f4974\" data-id=\"d9f4974\" data-element_type=\"column\" data-e-type=\"column\">\n\t\t\t<div class=\"elementor-widget-wrap\">\n\t\t\t\t\t\t\t<\/div>\n\t\t<\/div>\n\t\t\t\t\t<\/div>\n\t\t<\/section>\n\t\t\t\t<\/div>","protected":false},"excerpt":{"rendered":"<p>https:\/\/www.youtube.com\/watch?v=-4P0EcTh4lA TeenStreet ist ein Dienst der Operation Mobilisation (OM). OM bringt Jesus-Nachfolger aus der ganzen Welt zusammen, um ihre Gaben und F\u00e4higkeiten an Orten einzusetzen, an denen Menschen noch nie Jesus erlebt haben - um lebendige Gemeinschaften von Jesus-Nachfolgern unter den am wenigsten erreichten Menschen zu sehen. Die Bewegung wurde 1957 ins Leben gerufen, und heute sind wir 4500 Mitarbeiter aus \u00fcber 130 Nationen, die das Evangelium in \u00fcber 140 L\u00e4ndern und an Bord der Schiffe Logos Hope und Doulos Hope weitergeben, Gemeinden gr\u00fcnden und sich praktisch f\u00fcr soziale Ver\u00e4nderungen einsetzen. TeenStreet TeenStreet wurde 1993 in Deutschland gegr\u00fcndet. Seitdem haben Zehntausende von Teenagern auf der ganzen Welt an der Konferenz teilgenommen. Neben den Treffen im Sommer gibt es das ganze Jahr \u00fcber die M\u00f6glichkeit, in einer Kleingruppe mitzuarbeiten, an Missionseins\u00e4tzen teilzunehmen und mit Teenagern aus anderen Kirchen und St\u00e4dten zusammenzukommen. Bei TeenStreet geht es darum, in die Tiefe zu gehen, mutig f\u00fcr Jesus zu leben und eine Menge Spa\u00df zu haben.<\/p>","protected":false},"author":1,"featured_media":377,"parent":56,"menu_order":0,"comment_status":"closed","ping_status":"closed","template":"","meta":{"iawp_total_views":4,"footnotes":""},"class_list":["post-107","page","type-page","status-publish","has-post-thumbnail","hentry"],"_links":{"self":[{"href":"https:\/\/teenstreet.life\/eu\/de-ch\/wp-json\/wp\/v2\/pages\/107","targetHints":{"allow":["GET"]}}],"collection":[{"href":"https:\/\/teenstreet.life\/eu\/de-ch\/wp-json\/wp\/v2\/pages"}],"about":[{"href":"https:\/\/teenstreet.life\/eu\/de-ch\/wp-json\/wp\/v2\/types\/page"}],"author":[{"embeddable":true,"href":"https:\/\/teenstreet.life\/eu\/de-ch\/wp-json\/wp\/v2\/users\/1"}],"replies":[{"embeddable":true,"href":"https:\/\/teenstreet.life\/eu\/de-ch\/wp-json\/wp\/v2\/comments?post=107"}],"version-history":[{"count":4,"href":"https:\/\/teenstreet.life\/eu\/de-ch\/wp-json\/wp\/v2\/pages\/107\/revisions"}],"predecessor-version":[{"id":8578,"href":"https:\/\/teenstreet.life\/eu\/de-ch\/wp-json\/wp\/v2\/pages\/107\/revisions\/8578"}],"up":[{"embeddable":true,"href":"https:\/\/teenstreet.life\/eu\/de-ch\/wp-json\/wp\/v2\/pages\/56"}],"wp:featuredmedia":[{"embeddable":true,"href":"https:\/\/teenstreet.life\/eu\/de-ch\/wp-json\/wp\/v2\/media\/377"}],"wp:attachment":[{"href":"https:\/\/teenstreet.life\/eu\/de-ch\/wp-json\/wp\/v2\/media?parent=107"}],"curies":[{"name":"wp","href":"https:\/\/api.w.org\/{rel}","templated":true}]}}