{"id":9061,"date":"2026-04-02T11:33:19","date_gmt":"2026-04-02T09:33:19","guid":{"rendered":"https:\/\/teenstreet.life\/eu\/?page_id=9061"},"modified":"2026-04-20T06:56:27","modified_gmt":"2026-04-20T04:56:27","slug":"traening-for-smagruppeledere","status":"publish","type":"page","link":"https:\/\/teenstreet.life\/eu\/da\/small-group-leader-training\/","title":{"rendered":"Tr\u00e6ning for Sm\u00e5 Gruppeledere"},"content":{"rendered":"<div data-elementor-type=\"wp-page\" data-elementor-id=\"9061\" class=\"elementor elementor-9061\" data-elementor-post-type=\"page\">\n\t\t\t\t\t\t<section class=\"elementor-section elementor-top-section elementor-element elementor-element-3b45328 elementor-section-boxed elementor-section-height-default elementor-section-height-default\" data-id=\"3b45328\" data-element_type=\"section\" data-e-type=\"section\">\n\t\t\t\t\t\t<div class=\"elementor-container elementor-column-gap-default\">\n\t\t\t\t\t<div class=\"elementor-column elementor-col-50 elementor-top-column elementor-element elementor-element-c291639\" data-id=\"c291639\" data-element_type=\"column\" data-e-type=\"column\">\n\t\t\t<div class=\"elementor-widget-wrap elementor-element-populated\">\n\t\t\t\t\t\t<div class=\"elementor-element elementor-element-b8729ba elementor-widget elementor-widget-image\" data-id=\"b8729ba\" data-element_type=\"widget\" data-e-type=\"widget\" data-widget_type=\"image.default\">\n\t\t\t\t<div class=\"elementor-widget-container\">\n\t\t\t\t\t\t\t\t\t\t\t\t\t\t\t<img fetchpriority=\"high\" decoding=\"async\" width=\"820\" height=\"1024\" src=\"https:\/\/teenstreet.life\/eu\/wp-content\/uploads\/sites\/13\/2026\/04\/SGL-training-1-820x1024.png\" class=\"attachment-large size-large wp-image-9069\" alt=\"\" srcset=\"https:\/\/teenstreet.life\/eu\/wp-content\/uploads\/sites\/13\/2026\/04\/SGL-training-1-820x1024.png 820w, https:\/\/teenstreet.life\/eu\/wp-content\/uploads\/sites\/13\/2026\/04\/SGL-training-1-240x300.png 240w, https:\/\/teenstreet.life\/eu\/wp-content\/uploads\/sites\/13\/2026\/04\/SGL-training-1-768x959.png 768w, https:\/\/teenstreet.life\/eu\/wp-content\/uploads\/sites\/13\/2026\/04\/SGL-training-1-10x12.png 10w, https:\/\/teenstreet.life\/eu\/wp-content\/uploads\/sites\/13\/2026\/04\/SGL-training-1-600x749.png 600w, https:\/\/teenstreet.life\/eu\/wp-content\/uploads\/sites\/13\/2026\/04\/SGL-training-1.png 1006w\" sizes=\"(max-width: 820px) 100vw, 820px\" \/>\t\t\t\t\t\t\t\t\t\t\t\t\t\t\t<\/div>\n\t\t\t\t<\/div>\n\t\t\t\t\t<\/div>\n\t\t<\/div>\n\t\t\t\t<div class=\"elementor-column elementor-col-50 elementor-top-column elementor-element elementor-element-25afd00\" data-id=\"25afd00\" data-element_type=\"column\" data-e-type=\"column\">\n\t\t\t<div class=\"elementor-widget-wrap elementor-element-populated\">\n\t\t\t\t\t\t<div class=\"elementor-element elementor-element-2bad4f4 elementor-widget elementor-widget-text-editor\" data-id=\"2bad4f4\" data-element_type=\"widget\" data-e-type=\"widget\" data-widget_type=\"text-editor.default\">\n\t\t\t\t<div class=\"elementor-widget-container\">\n\t\t\t\t\t\t\t\t\t<p>Har du et hjerte for at tjene andre? Er du nysgerrig efter, hvordan det er at lede en lille gruppe?<\/p>\n<p>Vi har skabt noget til dig!<\/p>\n<p>Vi vil tilbyde tr\u00e6ning for fremtidige sm\u00e5gruppesledere p\u00e5 TeenStreet-arrangementet i 2026.<\/p>\n<h4><strong>L\u00e6r at lede<\/strong><\/h4>\n<p>SGL Training er designet til Service Team-medlemmer \u2013 is\u00e6r dem mellem 18 og 20 \u00e5r \u2013 som er interesserede i at lede en lille gruppe i fremtiden enten ved TeenStreet-begivenheden eller derhjemme.&nbsp;<\/p>\n<h4><strong>Tr\u00e6ningsprogram<\/strong><\/h4>\n<p>Programmet best\u00e5r af daglige tr\u00e6ningsseminarer, der finder sted under Interact 2. Deltagerne vil ikke blive tildelt specifikke opgaver i et servicehold, men de vil deltage i s\u00e6rlige serviceprojekter som gruppe i l\u00f8bet af ugen.<\/p>\n<p>En vigtig del af tr\u00e6ningen vil v\u00e6re at s\u00e6tte lederevner i anvendelse: hver deltager vil skiftevis lede sin lille gruppe i l\u00f8bet af eventugen. (Dette er ikke en test \u2013 der vil v\u00e6re hj\u00e6lp og st\u00f8tte tilg\u00e6ngelig!) Den lille gruppe vil best\u00e5 af andre SGL Tr\u00e6ningsdeltagere.<\/p>\t\t\t\t\t\t\t\t<\/div>\n\t\t\t\t<\/div>\n\t\t\t\t\t<\/div>\n\t\t<\/div>\n\t\t\t\t\t<\/div>\n\t\t<\/section>\n\t\t\t\t<section class=\"elementor-section elementor-top-section elementor-element elementor-element-c1db653 elementor-section-boxed elementor-section-height-default elementor-section-height-default\" data-id=\"c1db653\" data-element_type=\"section\" data-e-type=\"section\">\n\t\t\t\t\t\t<div class=\"elementor-container elementor-column-gap-default\">\n\t\t\t\t\t<div class=\"elementor-column elementor-col-50 elementor-top-column elementor-element elementor-element-e3eb4e0\" data-id=\"e3eb4e0\" data-element_type=\"column\" data-e-type=\"column\">\n\t\t\t<div class=\"elementor-widget-wrap elementor-element-populated\">\n\t\t\t\t\t\t<div class=\"elementor-element elementor-element-7737bd0 elementor-widget elementor-widget-text-editor\" data-id=\"7737bd0\" data-element_type=\"widget\" data-e-type=\"widget\" data-widget_type=\"text-editor.default\">\n\t\t\t\t<div class=\"elementor-widget-container\">\n\t\t\t\t\t\t\t\t\t<p>Seminarerne vil blive ledet af tr\u00e6nere fra TeenStreet International. Individuel mentorordning og coaching vil v\u00e6re en del af programmet.<\/p><p>Deltagelse i alle planlagte program-sessioner vil v\u00e6re obligatorisk. Ud over tr\u00e6ningsseminarerne og serviceprojekterne inkluderer disse Mainhall, Shhh-time, sm\u00e5 gruppetimer og Throne Room. Hver deltager vil blive p\u00e5lagt at deltage i en outreach mindst \u00e9n gang i l\u00f8bet af begivenhedsuge.<\/p><h4><strong>Er du interesseret? <\/strong><\/h4><p>Tilmeld dig arrangementet som medlem af Serviceteamet. Tilf\u00f8j en kommentar under jobs for at angive, at du er interesseret i SGL-tr\u00e6ningen. Du kan ogs\u00e5 kontakte dit landeskontor og lade dem vide, at du er interesseret.<\/p><p>Hvis du allerede er registreret til arrangementet, kan du enten redigere din ordre (du finder et link i din ordrebekr\u00e6ftelse, der blev sendt til dig fra TeenStreet Europe 2026) eller kontakte dit landskontor.<\/p><p>Kan du se dig selv lede en lille gruppe i fremtiden \u2013 eller leder du allerede en gruppe derhjemme?<\/p><p>Tr\u00e6ning for sm\u00e5 gruppeledere er designet til dig!<\/p><p><a href=\"https:\/\/registration.teenstreet.de\/tseu\/ts-2026\/\" target=\"_blank\" rel=\"noopener\"><b>Tilmeld dig her!<\/b><\/a><\/p>\t\t\t\t\t\t\t\t<\/div>\n\t\t\t\t<\/div>\n\t\t\t\t\t<\/div>\n\t\t<\/div>\n\t\t\t\t<div class=\"elementor-column elementor-col-50 elementor-top-column elementor-element elementor-element-612d36c\" data-id=\"612d36c\" data-element_type=\"column\" data-e-type=\"column\">\n\t\t\t<div class=\"elementor-widget-wrap elementor-element-populated\">\n\t\t\t\t\t\t<div class=\"elementor-element elementor-element-a5ce481 elementor-widget elementor-widget-image\" data-id=\"a5ce481\" data-element_type=\"widget\" data-e-type=\"widget\" data-widget_type=\"image.default\">\n\t\t\t\t<div class=\"elementor-widget-container\">\n\t\t\t\t\t\t\t\t\t\t\t\t\t\t\t<img decoding=\"async\" width=\"820\" height=\"1024\" src=\"https:\/\/teenstreet.life\/eu\/wp-content\/uploads\/sites\/13\/2026\/04\/SGL-training-2-820x1024.png\" class=\"attachment-large size-large wp-image-9070\" alt=\"\" srcset=\"https:\/\/teenstreet.life\/eu\/wp-content\/uploads\/sites\/13\/2026\/04\/SGL-training-2-820x1024.png 820w, https:\/\/teenstreet.life\/eu\/wp-content\/uploads\/sites\/13\/2026\/04\/SGL-training-2-240x300.png 240w, https:\/\/teenstreet.life\/eu\/wp-content\/uploads\/sites\/13\/2026\/04\/SGL-training-2-768x959.png 768w, https:\/\/teenstreet.life\/eu\/wp-content\/uploads\/sites\/13\/2026\/04\/SGL-training-2-10x12.png 10w, https:\/\/teenstreet.life\/eu\/wp-content\/uploads\/sites\/13\/2026\/04\/SGL-training-2-600x749.png 600w, https:\/\/teenstreet.life\/eu\/wp-content\/uploads\/sites\/13\/2026\/04\/SGL-training-2.png 1006w\" sizes=\"(max-width: 820px) 100vw, 820px\" \/>\t\t\t\t\t\t\t\t\t\t\t\t\t\t\t<\/div>\n\t\t\t\t<\/div>\n\t\t\t\t\t<\/div>\n\t\t<\/div>\n\t\t\t\t\t<\/div>\n\t\t<\/section>\n\t\t\t\t<\/div>","protected":false},"excerpt":{"rendered":"<p>Do you have a heart for serving others?&nbsp;Are you curious about what leading a small group is like? We have created something for you! We will be offering training for future small group leaders&nbsp;at the 2026 TeenStreet event. Learn How to Lead SGL Training is designed for Service Team members \u2013 particularly those between the [&hellip;]<\/p>\n","protected":false},"author":82,"featured_media":0,"parent":0,"menu_order":0,"comment_status":"closed","ping_status":"closed","template":"","meta":{"iawp_total_views":171,"footnotes":""},"class_list":["post-9061","page","type-page","status-publish","hentry"],"_links":{"self":[{"href":"https:\/\/teenstreet.life\/eu\/da\/wp-json\/wp\/v2\/pages\/9061","targetHints":{"allow":["GET"]}}],"collection":[{"href":"https:\/\/teenstreet.life\/eu\/da\/wp-json\/wp\/v2\/pages"}],"about":[{"href":"https:\/\/teenstreet.life\/eu\/da\/wp-json\/wp\/v2\/types\/page"}],"author":[{"embeddable":true,"href":"https:\/\/teenstreet.life\/eu\/da\/wp-json\/wp\/v2\/users\/82"}],"replies":[{"embeddable":true,"href":"https:\/\/teenstreet.life\/eu\/da\/wp-json\/wp\/v2\/comments?post=9061"}],"version-history":[{"count":6,"href":"https:\/\/teenstreet.life\/eu\/da\/wp-json\/wp\/v2\/pages\/9061\/revisions"}],"predecessor-version":[{"id":9088,"href":"https:\/\/teenstreet.life\/eu\/da\/wp-json\/wp\/v2\/pages\/9061\/revisions\/9088"}],"wp:attachment":[{"href":"https:\/\/teenstreet.life\/eu\/da\/wp-json\/wp\/v2\/media?parent=9061"}],"curies":[{"name":"wp","href":"https:\/\/api.w.org\/{rel}","templated":true}]}}