{"id":7613,"date":"2024-07-30T11:52:49","date_gmt":"2024-07-30T09:52:49","guid":{"rendered":"https:\/\/teenstreet.life\/eu\/?page_id=7613"},"modified":"2024-08-03T20:11:55","modified_gmt":"2024-08-03T18:11:55","slug":"dag-3-formal","status":"publish","type":"page","link":"https:\/\/teenstreet.life\/eu\/da\/day-3-purpose\/","title":{"rendered":"Dag 3 - Det f\u00e6lles bedste"},"content":{"rendered":"<div data-elementor-type=\"wp-page\" data-elementor-id=\"7613\" class=\"elementor elementor-7613\" data-elementor-post-type=\"page\">\n\t\t\t\t\t\t<section class=\"elementor-section elementor-top-section elementor-element elementor-element-3c756d8 elementor-section-boxed elementor-section-height-default elementor-section-height-default wpr-particle-no wpr-jarallax-no wpr-parallax-no wpr-sticky-section-no\" data-id=\"3c756d8\" data-element_type=\"section\" data-e-type=\"section\">\n\t\t\t\t\t\t<div class=\"elementor-container elementor-column-gap-default\">\n\t\t\t\t\t<div class=\"elementor-column elementor-col-100 elementor-top-column elementor-element elementor-element-f69963b\" data-id=\"f69963b\" data-element_type=\"column\" data-e-type=\"column\">\n\t\t\t<div class=\"elementor-widget-wrap elementor-element-populated\">\n\t\t\t\t\t\t<div class=\"elementor-element elementor-element-8fdaf50 elementor-skin-carousel elementor-arrows-yes elementor-pagination-type-bullets elementor-pagination-position-outside elementor-widget elementor-widget-media-carousel\" data-id=\"8fdaf50\" data-element_type=\"widget\" data-e-type=\"widget\" data-settings=\"{&quot;skin&quot;:&quot;carousel&quot;,&quot;effect&quot;:&quot;slide&quot;,&quot;show_arrows&quot;:&quot;yes&quot;,&quot;pagination&quot;:&quot;bullets&quot;,&quot;speed&quot;:500,&quot;autoplay&quot;:&quot;yes&quot;,&quot;autoplay_speed&quot;:5000,&quot;loop&quot;:&quot;yes&quot;,&quot;pause_on_hover&quot;:&quot;yes&quot;,&quot;pause_on_interaction&quot;:&quot;yes&quot;,&quot;space_between&quot;:{&quot;unit&quot;:&quot;px&quot;,&quot;size&quot;:10,&quot;sizes&quot;:[]},&quot;space_between_tablet&quot;:{&quot;unit&quot;:&quot;px&quot;,&quot;size&quot;:10,&quot;sizes&quot;:[]},&quot;space_between_mobile&quot;:{&quot;unit&quot;:&quot;px&quot;,&quot;size&quot;:10,&quot;sizes&quot;:[]}}\" data-widget_type=\"media-carousel.default\">\n\t\t\t\t<div class=\"elementor-widget-container\">\n\t\t\t\t\t\t\t\t\t<div class=\"elementor-swiper\">\n\t\t\t\t\t<div class=\"elementor-main-swiper swiper\" role=\"region\" aria-roledescription=\"carousel\" aria-label=\"Lysbilleder\">\n\t\t\t\t<div class=\"swiper-wrapper\">\n\t\t\t\t\t\t\t\t\t\t\t<div class=\"swiper-slide\" role=\"group\" aria-roledescription=\"slide\">\n\t\t\t\t\t\t\t\t\t<div class=\"elementor-carousel-image\" role=\"img\" aria-label=\"TS24_Day3_Logo_BRathke_09_Mainhall\" style=\"background-image: url(&#039;https:\/\/teenstreet.life\/eu\/wp-content\/uploads\/sites\/13\/2024\/07\/TS24_Day3_Logo_BRathke_09_Mainhall.jpg&#039;)\">\n\n\t\t\t\n\t\t\t\t\t<\/div>\n\t\t\t\t\t\t\t\t<\/div>\n\t\t\t\t\t\t\t\t\t\t\t<div class=\"swiper-slide\" role=\"group\" aria-roledescription=\"slide\">\n\t\t\t\t\t\t\t\t\t<div class=\"elementor-carousel-image\" role=\"img\" aria-label=\"TS24_Day3_Logo_BRathke_11_Mainhall\" style=\"background-image: url(&#039;https:\/\/teenstreet.life\/eu\/wp-content\/uploads\/sites\/13\/2024\/07\/TS24_Day3_Logo_BRathke_11_Mainhall.jpg&#039;)\">\n\n\t\t\t\n\t\t\t\t\t<\/div>\n\t\t\t\t\t\t\t\t<\/div>\n\t\t\t\t\t\t\t\t\t\t\t<div class=\"swiper-slide\" role=\"group\" aria-roledescription=\"slide\">\n\t\t\t\t\t\t\t\t\t<div class=\"elementor-carousel-image\" role=\"img\" aria-label=\"TS24_Day3_Logo_MBosch_52_RAG\" style=\"background-image: url(&#039;https:\/\/teenstreet.life\/eu\/wp-content\/uploads\/sites\/13\/2024\/07\/TS24_Day3_Logo_MBosch_52_RAG.jpg&#039;)\">\n\n\t\t\t\n\t\t\t\t\t<\/div>\n\t\t\t\t\t\t\t\t<\/div>\n\t\t\t\t\t\t\t\t\t\t\t<div class=\"swiper-slide\" role=\"group\" aria-roledescription=\"slide\">\n\t\t\t\t\t\t\t\t\t<div class=\"elementor-carousel-image\" role=\"img\" aria-label=\"TS24_Day3_Logo_MBosch_48_RAG\" style=\"background-image: url(&#039;https:\/\/teenstreet.life\/eu\/wp-content\/uploads\/sites\/13\/2024\/07\/TS24_Day3_Logo_MBosch_48_RAG.jpg&#039;)\">\n\n\t\t\t\n\t\t\t\t\t<\/div>\n\t\t\t\t\t\t\t\t<\/div>\n\t\t\t\t\t\t\t\t\t\t\t<div class=\"swiper-slide\" role=\"group\" aria-roledescription=\"slide\">\n\t\t\t\t\t\t\t\t\t<div class=\"elementor-carousel-image\" role=\"img\" aria-label=\"TS24_DAY3_ARENBERG_LOGO_MAINHALL_GIRLS-10\" style=\"background-image: url(&#039;https:\/\/teenstreet.life\/eu\/wp-content\/uploads\/sites\/13\/2024\/07\/TS24_DAY3_ARENBERG_LOGO_MAINHALL_GIRLS-10-scaled.jpg&#039;)\">\n\n\t\t\t\n\t\t\t\t\t<\/div>\n\t\t\t\t\t\t\t\t<\/div>\n\t\t\t\t\t\t\t\t\t\t\t<div class=\"swiper-slide\" role=\"group\" aria-roledescription=\"slide\">\n\t\t\t\t\t\t\t\t\t<div class=\"elementor-carousel-image\" role=\"img\" aria-label=\"TS24_DAY3_Logo_ASchneider_07_SmallGrooup\" style=\"background-image: url(&#039;https:\/\/teenstreet.life\/eu\/wp-content\/uploads\/sites\/13\/2024\/07\/TS24_DAY3_Logo_ASchneider_07_SmallGrooup-scaled.jpg&#039;)\">\n\n\t\t\t\n\t\t\t\t\t<\/div>\n\t\t\t\t\t\t\t\t<\/div>\n\t\t\t\t\t\t\t\t\t<\/div>\n\t\t\t\t\t\t\t\t\t\t\t\t\t\t\t<div class=\"elementor-swiper-button elementor-swiper-button-prev\" role=\"button\" tabindex=\"0\" aria-label=\"Tidligere\">\n\t\t\t\t\t\t\t<i aria-hidden=\"true\" class=\"eicon-chevron-left\"><\/i>\t\t\t\t\t\t<\/div>\n\t\t\t\t\t\t<div class=\"elementor-swiper-button elementor-swiper-button-next\" role=\"button\" tabindex=\"0\" aria-label=\"N\u00e6ste\">\n\t\t\t\t\t\t\t<i aria-hidden=\"true\" class=\"eicon-chevron-right\"><\/i>\t\t\t\t\t\t<\/div>\n\t\t\t\t\t\t\t\t\t\t\t\t\t\t\t\t<div class=\"swiper-pagination\"><\/div>\n\t\t\t\t\t\t\t\t\t\t\t\t<\/div>\n\t\t\t\t<\/div>\n\t\t\t\t\t\t\t\t<\/div>\n\t\t\t\t<\/div>\n\t\t\t\t<div class=\"elementor-element elementor-element-6c674de elementor-widget elementor-widget-text-editor\" data-id=\"6c674de\" data-element_type=\"widget\" data-e-type=\"widget\" data-widget_type=\"text-editor.default\">\n\t\t\t\t<div class=\"elementor-widget-container\">\n\t\t\t\t\t\t\t\t\t<p>Dag 3 p\u00e5 TeenStreet! Drenge- og pigedag! RAG-l\u00f8b! Sikke en dag! &nbsp;<\/p>\n<p>I morges m\u00f8dtes drengene f\u00f8rst i den store sal, mens pigerne havde deres sm\u00e5gruppetid. Drengene kiggede p\u00e5 Timotheus, Silas og Filip i Apostlenes Gerninger og kom frem til tre ting: fokus p\u00e5 Jesus, ingen genveje, og at vi har brug for hinanden. &nbsp;<\/p>\n<p>S\u00e5 var pigerne i den store sal (og drengene i den lille gruppe). De kiggede p\u00e5 tre kvinder i Apostlenes Gerninger: Lydia, Maria (Jesu mor) og Tabitha. Med udgangspunkt i disse kvinder og de tre taleres vidnesbyrd l\u00e6rte pigerne, hvor vigtigt f\u00e6llesskabet med hinanden - s\u00f8sterskabet - er, at DUNAMIS er med dem, og at intet er umuligt for Gud.&nbsp;<\/p>\n<p>Eftermiddagen var farverig og h\u00f8jlydt - RAG race! Kort efter kl. 15 l\u00f8d startskuddet, og hundredvis af l\u00f8bere - teenagere og voksne - begav sig af sted. De gennemf\u00f8rte runde efter runde i det smukke sommervejr og blev h\u00f8jlydt opmuntret og forsynet med vand af resten af TeenStreet-f\u00e6llesskabet. Da det ikke kun er l\u00f8beren med flest omgange eller flest donationer, der vinder en pr\u00e6mie, men ogs\u00e5 det bedste kostume, kunne man se vikinger, larver, astronauter, rumv\u00e6sner, en dragtb\u00e6rer og mange andre kreative outfits. I morgen finder vi ud af, hvor mange penge der blev indsamlet, og hvem der vandt en pris.&nbsp;<\/p>\n<p>&nbsp;Efter endnu et godt Throne Room var der ogs\u00e5 masser af tid til f\u00e6llesskab, spontane lovsangsstunder, sjov mad, sport og et eksklusivt indblik i den nye Jesus-film.<\/p>\t\t\t\t\t\t\t\t<\/div>\n\t\t\t\t<\/div>\n\t\t\t\t\t<\/div>\n\t\t<\/div>\n\t\t\t\t\t<\/div>\n\t\t<\/section>\n\t\t\t\t<section class=\"elementor-section elementor-top-section elementor-element elementor-element-52a689e elementor-section-boxed elementor-section-height-default elementor-section-height-default wpr-particle-no wpr-jarallax-no wpr-parallax-no wpr-sticky-section-no\" data-id=\"52a689e\" data-element_type=\"section\" data-e-type=\"section\">\n\t\t\t\t\t\t<div class=\"elementor-container elementor-column-gap-default\">\n\t\t\t\t\t<div class=\"elementor-column elementor-col-100 elementor-top-column elementor-element elementor-element-3e74c35\" data-id=\"3e74c35\" data-element_type=\"column\" data-e-type=\"column\">\n\t\t\t<div class=\"elementor-widget-wrap elementor-element-populated\">\n\t\t\t\t\t\t<div class=\"elementor-element elementor-element-6abc27e elementor-widget elementor-widget-image\" data-id=\"6abc27e\" data-element_type=\"widget\" data-e-type=\"widget\" data-widget_type=\"image.default\">\n\t\t\t\t<div class=\"elementor-widget-container\">\n\t\t\t\t\t\t\t\t\t\t\t\t\t\t\t<img decoding=\"async\" src=\"https:\/\/teenstreet.life\/eu\/wp-content\/uploads\/sites\/13\/2024\/07\/Capture-decran-2024-07-30-a-09.37.43.png\" title=\"Optagelse af sk\u00e6rm 2024-07-30 \u00e0 09.37.43\" alt=\"Optagelse af sk\u00e6rm 2024-07-30 \u00e0 09.37.43\" loading=\"lazy\" \/>\t\t\t\t\t\t\t\t\t\t\t\t\t\t\t<\/div>\n\t\t\t\t<\/div>\n\t\t\t\t\t<\/div>\n\t\t<\/div>\n\t\t\t\t\t<\/div>\n\t\t<\/section>\n\t\t\t\t<\/div>","protected":false},"excerpt":{"rendered":"<p>Previous Next Day 3 at TeenStreet! Boys and Girls day! RAG race! What a day! &nbsp; This morning, the boys met first in the main hall while the girls had their small group time. The boys looked at Timothy, Silas and Philip in the book of Acts and came up with three things: focus on Jesus, no shortcuts and that we need each other. &nbsp; Then the girls were in the main hall (and the boys did small group). They looked at three women in the book of Acts: Lydia, Mary (the mother of Jesus) and Tabitha. Based on these women and the testimonies of the three speakers, the girls learnt how important community with one another &#8211; sisterhood &#8211; is, that DUNAMIS is with them and that nothing is impossible with God.&nbsp; The afternoon was colourful and loud &#8211; RAG race! Shortly after 3pm, the starting gun sounded and hundreds of runners &#8211; teenagers and adults &#8211; set off. They completed lap after lap in beautiful summer weather and were loudly cheered on and supplied with water by the rest of the TeenStreet community. As not only the runner with the most laps or the most donations wins a prize, but also the best costume, you could see Vikings, caterpillars, astronauts, aliens, a suit wearer and many other creative outfits. We&#8217;ll find out tomorrow how much money was raised and who won a price.&nbsp; &nbsp;After another good Throne Room, there was also plenty of time for fellowship, spontaneous worship times, fun food, sport and an exclusive insight into the new Jesus film.<\/p>","protected":false},"author":74,"featured_media":7814,"parent":0,"menu_order":0,"comment_status":"closed","ping_status":"closed","template":"","meta":{"iawp_total_views":0,"footnotes":""},"class_list":["post-7613","page","type-page","status-publish","has-post-thumbnail","hentry"],"_links":{"self":[{"href":"https:\/\/teenstreet.life\/eu\/da\/wp-json\/wp\/v2\/pages\/7613","targetHints":{"allow":["GET"]}}],"collection":[{"href":"https:\/\/teenstreet.life\/eu\/da\/wp-json\/wp\/v2\/pages"}],"about":[{"href":"https:\/\/teenstreet.life\/eu\/da\/wp-json\/wp\/v2\/types\/page"}],"author":[{"embeddable":true,"href":"https:\/\/teenstreet.life\/eu\/da\/wp-json\/wp\/v2\/users\/74"}],"replies":[{"embeddable":true,"href":"https:\/\/teenstreet.life\/eu\/da\/wp-json\/wp\/v2\/comments?post=7613"}],"version-history":[{"count":5,"href":"https:\/\/teenstreet.life\/eu\/da\/wp-json\/wp\/v2\/pages\/7613\/revisions"}],"predecessor-version":[{"id":7942,"href":"https:\/\/teenstreet.life\/eu\/da\/wp-json\/wp\/v2\/pages\/7613\/revisions\/7942"}],"wp:featuredmedia":[{"embeddable":true,"href":"https:\/\/teenstreet.life\/eu\/da\/wp-json\/wp\/v2\/media\/7814"}],"wp:attachment":[{"href":"https:\/\/teenstreet.life\/eu\/da\/wp-json\/wp\/v2\/media?parent=7613"}],"curies":[{"name":"wp","href":"https:\/\/api.w.org\/{rel}","templated":true}]}}