{"id":56,"date":"2020-05-25T09:23:25","date_gmt":"2020-05-25T09:23:25","guid":{"rendered":"https:\/\/teenstreet.life\/eu\/?page_id=56"},"modified":"2023-11-29T12:56:54","modified_gmt":"2023-11-29T11:56:54","slug":"om","status":"publish","type":"page","link":"https:\/\/teenstreet.life\/eu\/da\/about\/","title":{"rendered":"Om Teenstreet"},"content":{"rendered":"<div data-elementor-type=\"wp-page\" data-elementor-id=\"56\" class=\"elementor elementor-56\" data-elementor-post-type=\"page\">\n\t\t\t\t\t\t<section class=\"elementor-section elementor-top-section elementor-element elementor-element-c593276 elementor-section-boxed elementor-section-height-default elementor-section-height-default wpr-particle-no wpr-jarallax-no wpr-parallax-no wpr-sticky-section-no\" data-id=\"c593276\" data-element_type=\"section\" data-e-type=\"section\">\n\t\t\t\t\t\t<div class=\"elementor-container elementor-column-gap-default\">\n\t\t\t\t\t<div class=\"elementor-column elementor-col-16 elementor-top-column elementor-element elementor-element-2af51f9\" data-id=\"2af51f9\" data-element_type=\"column\" data-e-type=\"column\">\n\t\t\t<div class=\"elementor-widget-wrap\">\n\t\t\t\t\t\t\t<\/div>\n\t\t<\/div>\n\t\t\t\t<div class=\"elementor-column elementor-col-66 elementor-top-column elementor-element elementor-element-9c8ab1e\" data-id=\"9c8ab1e\" data-element_type=\"column\" data-e-type=\"column\">\n\t\t\t<div class=\"elementor-widget-wrap elementor-element-populated\">\n\t\t\t\t\t\t<div class=\"elementor-element elementor-element-4f3065b elementor-widget elementor-widget-text-editor\" data-id=\"4f3065b\" data-element_type=\"widget\" data-e-type=\"widget\" data-widget_type=\"text-editor.default\">\n\t\t\t\t<div class=\"elementor-widget-container\">\n\t\t\t\t\t\t\t\t\t<p>TeenStreet er en international kristen begivenhed for teenagere. Vi arbejder sammen med Kirken for at motivere, udstyre og g\u00e5 sammen med (kristne) teenagere fra hele Europa for at f\u00e5 et \u00e6gte venskab med Jesus og afspejle ham dagligt i deres verden.<\/p><p>TeenStreet startede i 1993 med i alt 53 teenagere og er vokset hurtigt. I dag har vi 7 \u00e5rlige ugelange begivenheder i 6 lande og flere weekendbegivenheder i over 15 lande, fordelt p\u00e5 4 kontinenter. Omkring 10.000 deltagere og frivillige deltager og investerer i disse arrangementer. I de n\u00e6ste \u00e5r forventer vi at se mindst 30 flere begivenheder startet i lande over hele verden, herunder Mellem\u00f8sten, Afrika og Asien.<\/p><p>Vi er forpligtet til at arbejde med kirker og ungdomsgrupper og st\u00f8tte dem i deres tjeneste for teenagere. Samtidig l\u00e6gger vi v\u00e6gt p\u00e5 samarbejdet med kirkerne, fordi det er s\u00e5 vigtigt, at teenagere har et kristent f\u00e6llesskab at v\u00e6re en del af efter TeenStreet.<\/p><p>Hos TeenStreet \u00f8nsker vi at opmuntre teenagere i deres vandring med Jesus og hj\u00e6lpe dem med at tr\u00e6ffe kloge beslutninger. Derfor er hver deltager en del af en lille gruppe. Medlemmer af en lille gruppe deler samme sprog og er p\u00e5 samme alder. Deres voksne leder st\u00f8tter dem og deler hans eller hendes personlige forhold til Jesus med dem.<\/p><p>Under hovedm\u00f8derne l\u00e6rer teenagerne ogs\u00e5 om at leve i forhold til Gud. De tager det, de h\u00f8rer p\u00e5 hovedm\u00f8derne, med til deres sm\u00e5 grupper for at reflektere over det og anvende det i deres liv derhjemme. Derudover byder TeenStreet p\u00e5 mange sp\u00e6ndende ting for teenagerne at deltage i, herunder sport, kreativ kunst, seminarer og workshops. De har ogs\u00e5 fritid til at l\u00e6re folk fra andre lande at kende med forskellig kulturel og kirkelig baggrund.<\/p>\t\t\t\t\t\t\t\t<\/div>\n\t\t\t\t<\/div>\n\t\t\t\t<div class=\"elementor-element elementor-element-bfa60f8 elementor-widget elementor-widget-heading\" data-id=\"bfa60f8\" data-element_type=\"widget\" data-e-type=\"widget\" data-widget_type=\"heading.default\">\n\t\t\t\t<div class=\"elementor-widget-container\">\n\t\t\t\t\t<h2 class=\"elementor-heading-title elementor-size-default\">Vision<\/h2>\t\t\t\t<\/div>\n\t\t\t\t<\/div>\n\t\t\t\t<div class=\"elementor-element elementor-element-7a02c69 elementor-blockquote--skin-quotation elementor-widget elementor-widget-blockquote\" data-id=\"7a02c69\" data-element_type=\"widget\" data-e-type=\"widget\" data-widget_type=\"blockquote.default\">\n\t\t\t\t<div class=\"elementor-widget-container\">\n\t\t\t\t\t\t\t<blockquote class=\"elementor-blockquote\">\n\t\t\t<p class=\"elementor-blockquote__content\">\n\t\t\t\tTeenStreet arbejder sammen med Kirken for at motivere, udstyre og g\u00e5 sammen med (kristne) teenagere til at f\u00e5 et \u00e6gte venskab med Jesus og afspejle ham dagligt i deres verden.  \t\t\t<\/p>\n\t\t\t\t\t<\/blockquote>\n\t\t\t\t\t\t<\/div>\n\t\t\t\t<\/div>\n\t\t\t\t<div class=\"elementor-element elementor-element-c367197 elementor-widget elementor-widget-heading\" data-id=\"c367197\" data-element_type=\"widget\" data-e-type=\"widget\" data-widget_type=\"heading.default\">\n\t\t\t\t<div class=\"elementor-widget-container\">\n\t\t\t\t\t<h2 class=\"elementor-heading-title elementor-size-default\">Mere om TeenStreet<\/h2>\t\t\t\t<\/div>\n\t\t\t\t<\/div>\n\t\t\t\t\t<\/div>\n\t\t<\/div>\n\t\t\t\t<div class=\"elementor-column elementor-col-16 elementor-top-column elementor-element elementor-element-e3a5560\" data-id=\"e3a5560\" data-element_type=\"column\" data-e-type=\"column\">\n\t\t\t<div class=\"elementor-widget-wrap\">\n\t\t\t\t\t\t\t<\/div>\n\t\t<\/div>\n\t\t\t\t\t<\/div>\n\t\t<\/section>\n\t\t\t\t<section class=\"elementor-section elementor-inner-section elementor-element elementor-element-6d47c340 elementor-section-boxed elementor-section-height-default elementor-section-height-default wpr-particle-no wpr-jarallax-no wpr-parallax-no wpr-sticky-section-no\" data-id=\"6d47c340\" data-element_type=\"section\" data-e-type=\"section\">\n\t\t\t\t\t\t<div class=\"elementor-container elementor-column-gap-extended\">\n\t\t\t\t\t<div class=\"elementor-column elementor-col-33 elementor-inner-column elementor-element elementor-element-64429f9c\" data-id=\"64429f9c\" data-element_type=\"column\" data-e-type=\"column\">\n\t\t\t<div class=\"elementor-widget-wrap elementor-element-populated\">\n\t\t\t\t\t\t<div class=\"elementor-element elementor-element-59b56d48 elementor-widget elementor-widget-ts-card\" data-id=\"59b56d48\" data-element_type=\"widget\" data-e-type=\"widget\" data-widget_type=\"ts-card.default\">\n\t\t\t\t<div class=\"elementor-widget-container\">\n\t\t\t\t\t            <div class=\"ts-card ts-image-background\" style=\"background-image: url(https:\/\/teenstreet.life\/eu\/wp-content\/uploads\/sites\/13\/2020\/05\/teenstreet-1993-participants.jpg);\">\r\n\r\n                \t\t\t\t\t<h3 class=\"ts-card-title\">\r\n\t\t\t\t\t\t<a href=\"https:\/\/teenstreet.life\/eu\/da\/om\/historie\/\">\r\n\t\t\t\t\t\t\tHistorie\t\t\t\t\t\t<\/a>\r\n                    <\/h3>\r\n                \r\n                                    <p class=\"ts-card-description\">\r\n                        TeenStreet startede i 1993 med 56 deltagere i Oldenburg. Nu samles 4.000 deltagere fra 20 forskellige lande hvert \u00e5r for at l\u00e6re Jesus bedre at kende og for at g\u00f8re Gud stor!                    <\/p>\r\n                \t\t\t\t\r\n\r\n                                    <a class=\"ts-card-button elementor-button-link\" href=\"https:\/\/teenstreet.life\/eu\/da\/om\/historie\/\">\r\n                        Mere information                    <\/a>\r\n                \r\n                 \r\n                    <a class=\"ts-card-full-link\" href=\"https:\/\/teenstreet.life\/eu\/da\/om\/historie\/\"><\/a>\r\n                \r\n            <\/div>\r\n\r\n        \t\t\t\t<\/div>\n\t\t\t\t<\/div>\n\t\t\t\t\t<\/div>\n\t\t<\/div>\n\t\t\t\t<div class=\"elementor-column elementor-col-33 elementor-inner-column elementor-element elementor-element-364681c9\" data-id=\"364681c9\" data-element_type=\"column\" data-e-type=\"column\">\n\t\t\t<div class=\"elementor-widget-wrap elementor-element-populated\">\n\t\t\t\t\t\t<div class=\"elementor-element elementor-element-7a182468 elementor-widget elementor-widget-ts-card\" data-id=\"7a182468\" data-element_type=\"widget\" data-e-type=\"widget\" data-widget_type=\"ts-card.default\">\n\t\t\t\t<div class=\"elementor-widget-container\">\n\t\t\t\t\t            <div class=\"ts-card ts-image-background\" style=\"background-image: url(https:\/\/teenstreet.life\/eu\/wp-content\/uploads\/sites\/13\/2020\/05\/core-values-480x480.jpg);\">\r\n\r\n                \t\t\t\t\t<h3 class=\"ts-card-title\">\r\n\t\t\t\t\t\t<a href=\"https:\/\/teenstreet.life\/eu\/da\/om\/kernevaerdier\/\">\r\n\t\t\t\t\t\t\tKernev\u00e6rdier\t\t\t\t\t\t<\/a>\r\n                    <\/h3>\r\n                \r\n                                    <p class=\"ts-card-description\">\r\n                        Hos TeenStreet mener vi, at teenagere skal tages alvorligt; deres dr\u00f8mme og deres kampe. De er morgendagens ledere, vi skal investere i. Det er derfor, TeenStreet eksisterer.                    <\/p>\r\n                \t\t\t\t\r\n\r\n                                    <a class=\"ts-card-button elementor-button-link\" href=\"https:\/\/teenstreet.life\/eu\/da\/om\/kernevaerdier\/\">\r\n                        Vores v\u00e6rdier                    <\/a>\r\n                \r\n                 \r\n                    <a class=\"ts-card-full-link\" href=\"https:\/\/teenstreet.life\/eu\/da\/om\/kernevaerdier\/\"><\/a>\r\n                \r\n            <\/div>\r\n\r\n        \t\t\t\t<\/div>\n\t\t\t\t<\/div>\n\t\t\t\t\t<\/div>\n\t\t<\/div>\n\t\t\t\t<div class=\"elementor-column elementor-col-33 elementor-inner-column elementor-element elementor-element-10a5bb30\" data-id=\"10a5bb30\" data-element_type=\"column\" data-e-type=\"column\">\n\t\t\t<div class=\"elementor-widget-wrap elementor-element-populated\">\n\t\t\t\t\t\t<div class=\"elementor-element elementor-element-2524ee34 elementor-widget elementor-widget-ts-card\" data-id=\"2524ee34\" data-element_type=\"widget\" data-e-type=\"widget\" data-widget_type=\"ts-card.default\">\n\t\t\t\t<div class=\"elementor-widget-container\">\n\t\t\t\t\t            <div class=\"ts-card ts-image-background\" style=\"background-image: url(https:\/\/teenstreet.life\/eu\/wp-content\/uploads\/sites\/13\/2020\/05\/ts-about-om-480x480.png);\">\r\n\r\n                \t\t\t\t\t<h3 class=\"ts-card-title\">\r\n\t\t\t\t\t\t<a href=\"https:\/\/teenstreet.life\/eu\/da\/om\/om-om\/\">\r\n\t\t\t\t\t\t\tOm OM\t\t\t\t\t\t<\/a>\r\n                    <\/h3>\r\n                \r\n                                    <p class=\"ts-card-description\">\r\n                        TeenStreet er et ministerium for Operation Mobilization, en mission\u00e6rorganisation, der opererer i mere end 110 lande, der udstyrer og motiverer mennesker til at dele Guds k\u00e6rlighed verden over.                    <\/p>\r\n                \t\t\t\t\r\n\r\n                                    <a class=\"ts-card-button elementor-button-link\" href=\"https:\/\/teenstreet.life\/eu\/da\/om\/om-om\/\">\r\n                        Opdag mere                    <\/a>\r\n                \r\n                 \r\n                    <a class=\"ts-card-full-link\" href=\"https:\/\/teenstreet.life\/eu\/da\/om\/om-om\/\"><\/a>\r\n                \r\n            <\/div>\r\n\r\n        \t\t\t\t<\/div>\n\t\t\t\t<\/div>\n\t\t\t\t\t<\/div>\n\t\t<\/div>\n\t\t\t\t\t<\/div>\n\t\t<\/section>\n\t\t\t\t<\/div>","protected":false},"excerpt":{"rendered":"<p>TeenStreet er en international kristen begivenhed for teenagere. Vi samarbejder med kirken om at motivere, udruste og g\u00e5 sammen med (kristne) teenagere fra hele Europa for at f\u00e5 et \u00e6gte venskab med Jesus og afspejle ham dagligt i deres verden. TeenStreet startede i 1993 med i alt 53 teenagere og er vokset hurtigt. I dag har vi 7 \u00e5rlige ugelange arrangementer i 6 lande og flere weekendarrangementer i over 15 lande, fordelt p\u00e5 4 kontinenter. Omkring 10.000 deltagere og frivillige deltager i og investerer i disse events. I de kommende \u00e5r forventer vi at starte mindst 30 nye arrangementer i lande over hele verden, herunder Mellem\u00f8sten, Afrika og Asien. Vi er forpligtet til at arbejde med kirker og ungdomsgrupper og st\u00f8tte dem i deres arbejde med teenagere. Samtidig l\u00e6gger vi v\u00e6gt p\u00e5 samarbejde med kirker, fordi det er s\u00e5 vigtigt, at teenagere har et kristent f\u00e6llesskab at v\u00e6re en del af efter TeenStreet. P\u00e5 TeenStreet \u00f8nsker vi at opmuntre teenagere i deres vandring med Jesus og hj\u00e6lpe dem med at tr\u00e6ffe kloge beslutninger. Derfor er alle deltagere en del af en lille gruppe. Medlemmerne af en lille gruppe taler samme sprog og er p\u00e5 samme alder. Deres voksne leder st\u00f8tter dem og deler sit personlige forhold til Jesus med dem. Under hovedm\u00f8derne l\u00e6rer teenagerne ogs\u00e5 om at leve i et forhold til Gud. De tager det, de h\u00f8rer p\u00e5 hovedm\u00f8derne, med til deres sm\u00e5 grupper for at reflektere over det og anvende det i deres liv derhjemme. Derudover tilbyder TeenStreet mange sp\u00e6ndende ting, som teenagerne kan deltage i, herunder sport, kreativ kunst, seminarer og workshops. De har ogs\u00e5 fritid til at l\u00e6re folk fra andre lande at kende med forskellige kulturelle og kirkelige baggrunde. Vision TeenStreet samarbejder med kirken om at motivere, udruste og g\u00e5 sammen med (kristne) teenagere for at f\u00e5 et \u00e6gte venskab med Jesus og afspejle ham dagligt i deres verden. Mere om TeenStreet<\/p>","protected":false},"author":1,"featured_media":334,"parent":0,"menu_order":0,"comment_status":"closed","ping_status":"closed","template":"","meta":{"iawp_total_views":46,"footnotes":""},"class_list":["post-56","page","type-page","status-publish","has-post-thumbnail","hentry"],"_links":{"self":[{"href":"https:\/\/teenstreet.life\/eu\/da\/wp-json\/wp\/v2\/pages\/56","targetHints":{"allow":["GET"]}}],"collection":[{"href":"https:\/\/teenstreet.life\/eu\/da\/wp-json\/wp\/v2\/pages"}],"about":[{"href":"https:\/\/teenstreet.life\/eu\/da\/wp-json\/wp\/v2\/types\/page"}],"author":[{"embeddable":true,"href":"https:\/\/teenstreet.life\/eu\/da\/wp-json\/wp\/v2\/users\/1"}],"replies":[{"embeddable":true,"href":"https:\/\/teenstreet.life\/eu\/da\/wp-json\/wp\/v2\/comments?post=56"}],"version-history":[{"count":2,"href":"https:\/\/teenstreet.life\/eu\/da\/wp-json\/wp\/v2\/pages\/56\/revisions"}],"predecessor-version":[{"id":8573,"href":"https:\/\/teenstreet.life\/eu\/da\/wp-json\/wp\/v2\/pages\/56\/revisions\/8573"}],"wp:featuredmedia":[{"embeddable":true,"href":"https:\/\/teenstreet.life\/eu\/da\/wp-json\/wp\/v2\/media\/334"}],"wp:attachment":[{"href":"https:\/\/teenstreet.life\/eu\/da\/wp-json\/wp\/v2\/media?parent=56"}],"curies":[{"name":"wp","href":"https:\/\/api.w.org\/{rel}","templated":true}]}}