{"id":2619,"date":"2020-07-20T16:38:00","date_gmt":"2020-07-20T14:38:00","guid":{"rendered":"https:\/\/teenstreet.life\/eu\/?page_id=2619"},"modified":"2020-08-05T17:00:38","modified_gmt":"2020-08-05T15:00:38","slug":"vilkar","status":"publish","type":"page","link":"https:\/\/teenstreet.life\/eu\/da\/terms\/","title":{"rendered":"Generelle vilk\u00e5r og betingelser (GTC)"},"content":{"rendered":"<p>F\u00f8lgende vilk\u00e5r g\u00e6lder for vores webshop.<\/p>\n\n\n\n<p><strong>\u00a7 1 Anvendelsesomr\u00e5de og \u00e6ndringsforbehold<\/strong><\/p>\n\n\n\n<p>a) Operation Mobilization Deutschland e. V. vil udf\u00f8re ordren i henhold til de respektive g\u00e6ldende vilk\u00e5r og betingelser p\u00e5 ordretidspunktet. Vi forbeholder os udtrykkeligt retten til at foretage \u00e6ndringer i AGB.<\/p>\n\n\n\n<p>b) Vi kan ikke acceptere modstridende AGB&#039;er.<\/p>\n\n\n\n<p><strong>\u00a7 <\/strong><strong>2 Levering, told og forsendelsesomkostninger<\/strong><\/p>\n\n\n\n<p>a) Ud over k\u00f8bsprisen opkr\u00e6ver vi et fast forsendelsesgebyr p\u00e5 \u20ac 5,00. Vi sender gratis fra en varev\u00e6rdi p\u00e5 \u20ac 50.<\/p>\n\n\n\n<p>b) Ved leverancer til udlandet opkr\u00e6ves de faktiske omkostninger. De specifikke import- og toldbetingelser skal overholdes af kunden.<\/p>\n\n\n\n<p>Vi er berettiget til at foretage delleverancer.<\/p>\n\n\n\n<p><strong>\u00a7 <\/strong><strong>3 Betalingsbetingelser<\/strong><\/p>\n\n\n\n<p>a) Betaling sker med kreditkort eller Paypal gennem vores partner iZettle. Bestillingsprocessen afsluttes med betalingen.<\/p>\n\n\n\n<p>b) Modregning, konvertering eller reduktion er kun tilladt, hvis dit krav er skriftligt anerkendt af os eller er lovligt fastsl\u00e5et. En tilbageholdelsesret eksisterer kun, hvis dit modkrav er baseret p\u00e5 det samme kontraktforhold.<\/p>\n\n\n\n<p>c) Leverede varer forbliver vores ejendom (\u00a7455 BGB) indtil fuld betaling af alle eksisterende krav. K\u00f8ber kan videres\u00e6lge det leverede i almindelige forretningsforretninger med ejendomsforbehold fra sin side, men overdrager os til sikkerhed alle krav, som han umiddelbart eller senere er berettiget til op til vores fakturabel\u00f8b.<\/p>\n\n\n\n<p><strong>\u00a7 <\/strong><strong>4 Fortrydelsesret<\/strong><\/p>\n\n\n\n<p>a) Du kan annullere kontrakten inden for 14 dage efter modtagelsen af varerne uden at angive grunde. Rettidig afsendelse af tilbagekaldelsen er tilstr\u00e6kkelig til at overholde fristen. For at udnytte din fortrydelsesret kan du kontakte os enten via brevpost, fax eller e-mail: Operation Mobilization eV, Alte Neckarelzer Str. 2, 74821 Mosbach, Telefon: 06261-9470, Fax: 06261-947-147, E-Mail. Du kan bruge den vedh\u00e6ftede pr\u00f8vefortrydelsesformular, men dette er ikke obligatorisk.<\/p>\n\n\n\n<p>Konsekvenser af tilbagekaldelse:<\/p>\n\n\n\n<p>Returnering: Du skal returnere varerne til os i Mosbach med det samme og under alle omst\u00e6ndigheder senest fjorten dage fra den dag, hvor du informerer os om oph\u00e6velsen af denne kontrakt. Vi kan ikke tage varer tilbage, som ikke er i ny, ubrugt stand, efter at 14 dages fristen er udl\u00f8bet. I tilf\u00e6lde af v\u00e6sentlig forringelse, slitage eller tab forbeholder vi os udtrykkeligt retten til at kr\u00e6ve erstatning.<\/p>\n\n\n\n<p>Tilbagebetaling: Vi refunderer k\u00f8besummen med det samme og senest inden for fjorten dage fra den dag, hvor vi har modtaget meddelelse om din fortrydelse af denne kontrakt. Vi forbeholder os udtrykkeligt retten til ikke at tilbagebetale returomkostningerne i tilf\u00e6lde af en ordrev\u00e6rdi under \u20ac 40, medmindre de leverede varer ikke svarer til de bestilte varer.<\/p>\n\n\n\n<p><strong>\u00a7 <\/strong><strong>5 Databeskyttelse<\/strong><\/p>\n\n\n\n<p>a)a) Du accepterer udtrykkeligt lagring, behandling og brug af de personoplysninger, der er givet til os i l\u00f8bet af bestillingsprocessen til kontraktlige form\u00e5l p\u00e5 grundlag af EU&#039;s grundforordning om databeskyttelse (DSGVO) og den f\u00f8derale databeskyttelseslov (BDSG).<\/p>\n\n\n\n<p><strong>\u00a7 <\/strong><strong>6 Diverse<\/strong><\/p>\n\n\n\n<p>a) Tysk lov g\u00e6lder med undtagelse af FN&#039;s salgskonvention. V\u00e6rneting er Mosbach, s\u00e5 vidt det er lovligt tilladt. Hvis k\u00f8beren er en k\u00f8bmand, Operation Mobilization Deutschland e. V. kan ogs\u00e5 sags\u00f8ge ham p\u00e5 hans forretningssted.<\/p>\n\n\n\n<p>b) \u00c6ndringer af kontrakten og \u00e6ndring af disse generelle vilk\u00e5r og betingelser, herunder denne skriftlige formklausul, skal foretages skriftligt. Ugyldigheden af individuelle bestemmelser p\u00e5virker ikke den resterende gyldighed af kontrakten og disse GTC.<\/p>\n\n\n\n<p><strong>\u00a77 Voldgift af tvister<\/strong><\/p>\n\n\n\n<p>EU-Kommissionen har oprettet en internetplatform til online bil\u00e6ggelse af tvister. Platformen fungerer som et kontaktpunkt for udenretslig bil\u00e6ggelse af tvister vedr\u00f8rende kontraktlige forpligtelser, der udspringer af online k\u00f8bskontrakter. Yderligere information er tilg\u00e6ngelig under f\u00f8lgende link: http:\/\/ec.europa.eu\/consumers\/odr.<\/p>\n\n\n\n<p>Vi er parate til at deltage i en tvistbil\u00e6ggelsesprocedure. Den kompetente forbrugervoldgiftsn\u00e6vn er: Universalschlichtungsstelle des Bundes Zentrum f\u00fcr Schlichtung eV, Stra\u00dfburger Stra\u00dfe 8, 77694 Kehl am Rhein, www.verbraucher-schlichter.de.<\/p>\n\n\n\n<p>Her er skabelonen til fortrydelsesformularen:<\/p>\n\n\n\n<p><strong>Eksempel p\u00e5 fortrydelsesformular<\/strong><\/p>\n\n\n\n<p>(Hvis du \u00f8nsker at annullere kontrakten, bedes du udfylde denne formular og returnere den til os)<\/p>\n\n\n\n<p>Til:<\/p>\n\n\n\n<p><strong>Operation Mobilization eV <br>Alte Neckarelzer Str. 2 <br>74821 Mosbach <br>Tyskland<\/strong><\/p>\n\n\n\n<p>Jeg\/vi oph\u00e6ver hermed den af mig\/os indg\u00e5ede aftale online om k\u00f8b af f\u00f8lgende varer\/ydelser<\/p>\n\n\n\n<p>Type vare\/service: __________________________________<\/p>\n\n\n\n<p>Ordrenummer\/Ordrenummer:_______________________________________<\/p>\n\n\n\n<p>Bestilt den: _______\/modtaget den: _______<\/p>\n\n\n\n<p>Forbrugerens navn: ______________<\/p>\n\n\n\n<p>Forbrugerens\/forbrugernes adresse: _______________<\/p>\n\n\n\n<p>Forbrugerens\/forbrugernes underskrift __________________________________________<\/p>\n\n\n\n<p>(kun ved meddelelse p\u00e5 papir)<\/p>\n\n\n\n<p>Nuv\u00e6rende dato:<\/p>","protected":false},"excerpt":{"rendered":"<p>The following terms apply to our web shop. \u00a7 1 Scope of application and reservation of right of amendment a) Operation Mobilisation Deutschland e. V. will execute the order according to the respective valid terms and conditions at the time of the order. We expressly reserve the right to make changes to the AGB. b) [&hellip;]<\/p>\n","protected":false},"author":1,"featured_media":0,"parent":0,"menu_order":0,"comment_status":"closed","ping_status":"closed","template":"","meta":{"iawp_total_views":14,"footnotes":""},"class_list":["post-2619","page","type-page","status-publish","hentry"],"_links":{"self":[{"href":"https:\/\/teenstreet.life\/eu\/da\/wp-json\/wp\/v2\/pages\/2619","targetHints":{"allow":["GET"]}}],"collection":[{"href":"https:\/\/teenstreet.life\/eu\/da\/wp-json\/wp\/v2\/pages"}],"about":[{"href":"https:\/\/teenstreet.life\/eu\/da\/wp-json\/wp\/v2\/types\/page"}],"author":[{"embeddable":true,"href":"https:\/\/teenstreet.life\/eu\/da\/wp-json\/wp\/v2\/users\/1"}],"replies":[{"embeddable":true,"href":"https:\/\/teenstreet.life\/eu\/da\/wp-json\/wp\/v2\/comments?post=2619"}],"version-history":[{"count":0,"href":"https:\/\/teenstreet.life\/eu\/da\/wp-json\/wp\/v2\/pages\/2619\/revisions"}],"wp:attachment":[{"href":"https:\/\/teenstreet.life\/eu\/da\/wp-json\/wp\/v2\/media?parent=2619"}],"curies":[{"name":"wp","href":"https:\/\/api.w.org\/{rel}","templated":true}]}}