{"id":9061,"date":"2026-04-02T11:33:19","date_gmt":"2026-04-02T09:33:19","guid":{"rendered":"https:\/\/teenstreet.life\/eu\/?page_id=9061"},"modified":"2026-04-20T06:56:27","modified_gmt":"2026-04-20T04:56:27","slug":"skoleni-malych-skupinek-vedoucich","status":"publish","type":"page","link":"https:\/\/teenstreet.life\/eu\/cs\/small-group-leader-training\/","title":{"rendered":"\u0160kolen\u00ed mal\u00fdch skupinov\u00fdch vedouc\u00edch"},"content":{"rendered":"<div data-elementor-type=\"wp-page\" data-elementor-id=\"9061\" class=\"elementor elementor-9061\" data-elementor-post-type=\"page\">\n\t\t\t\t\t\t<section class=\"elementor-section elementor-top-section elementor-element elementor-element-3b45328 elementor-section-boxed elementor-section-height-default elementor-section-height-default\" data-id=\"3b45328\" data-element_type=\"section\" data-e-type=\"section\">\n\t\t\t\t\t\t<div class=\"elementor-container elementor-column-gap-default\">\n\t\t\t\t\t<div class=\"elementor-column elementor-col-50 elementor-top-column elementor-element elementor-element-c291639\" data-id=\"c291639\" data-element_type=\"column\" data-e-type=\"column\">\n\t\t\t<div class=\"elementor-widget-wrap elementor-element-populated\">\n\t\t\t\t\t\t<div class=\"elementor-element elementor-element-b8729ba elementor-widget elementor-widget-image\" data-id=\"b8729ba\" data-element_type=\"widget\" data-e-type=\"widget\" data-widget_type=\"image.default\">\n\t\t\t\t<div class=\"elementor-widget-container\">\n\t\t\t\t\t\t\t\t\t\t\t\t\t\t\t<img fetchpriority=\"high\" decoding=\"async\" width=\"820\" height=\"1024\" src=\"https:\/\/teenstreet.life\/eu\/wp-content\/uploads\/sites\/13\/2026\/04\/SGL-training-1-820x1024.png\" class=\"attachment-large size-large wp-image-9069\" alt=\"\" srcset=\"https:\/\/teenstreet.life\/eu\/wp-content\/uploads\/sites\/13\/2026\/04\/SGL-training-1-820x1024.png 820w, https:\/\/teenstreet.life\/eu\/wp-content\/uploads\/sites\/13\/2026\/04\/SGL-training-1-240x300.png 240w, https:\/\/teenstreet.life\/eu\/wp-content\/uploads\/sites\/13\/2026\/04\/SGL-training-1-768x959.png 768w, https:\/\/teenstreet.life\/eu\/wp-content\/uploads\/sites\/13\/2026\/04\/SGL-training-1-10x12.png 10w, https:\/\/teenstreet.life\/eu\/wp-content\/uploads\/sites\/13\/2026\/04\/SGL-training-1-600x749.png 600w, https:\/\/teenstreet.life\/eu\/wp-content\/uploads\/sites\/13\/2026\/04\/SGL-training-1.png 1006w\" sizes=\"(max-width: 820px) 100vw, 820px\" \/>\t\t\t\t\t\t\t\t\t\t\t\t\t\t\t<\/div>\n\t\t\t\t<\/div>\n\t\t\t\t\t<\/div>\n\t\t<\/div>\n\t\t\t\t<div class=\"elementor-column elementor-col-50 elementor-top-column elementor-element elementor-element-25afd00\" data-id=\"25afd00\" data-element_type=\"column\" data-e-type=\"column\">\n\t\t\t<div class=\"elementor-widget-wrap elementor-element-populated\">\n\t\t\t\t\t\t<div class=\"elementor-element elementor-element-2bad4f4 elementor-widget elementor-widget-text-editor\" data-id=\"2bad4f4\" data-element_type=\"widget\" data-e-type=\"widget\" data-widget_type=\"text-editor.default\">\n\t\t\t\t<div class=\"elementor-widget-container\">\n\t\t\t\t\t\t\t\t\t<p>M\u00e1te srdce pro slu\u017ebu druh\u00fdm? Zaj\u00edmalo by v\u00e1s, jak\u00e9 to je v\u00e9st malou skupinu?<\/p>\n<p>Vytvo\u0159ili jsme pro v\u00e1s n\u011bco!<\/p>\n<p>Na veletrhu TeenStreet 2026 nab\u00eddneme \u0161kolen\u00ed pro budouc\u00ed vedouc\u00ed mal\u00fdch skupin.<\/p>\n<h4><strong>Nau\u010dte se v\u00e9st<\/strong><\/h4>\n<p>\u0160kolen\u00ed SGL je ur\u010deno pro \u010dleny servisn\u00edho t\u00fdmu \u2013 zejm\u00e9na ve v\u011bku 18 a\u017e 20 let \u2013 kte\u0159\u00ed se zaj\u00edmaj\u00ed o budouc\u00ed veden\u00ed mal\u00e9 skupiny bu\u010f na akci TeenStreet, nebo doma.&nbsp;<\/p>\n<h4><strong>Tr\u00e9ninkov\u00fd program<\/strong><\/h4>\n<p>Program sa sklad\u00e1 z denn\u00fdch \u0161koliacich semin\u00e1rov, ktor\u00e9 sa konaj\u00fa po\u010das Interact 2. \u00da\u010dastn\u00edkom nebude pridelen\u00e1 konkr\u00e9tna pracovn\u00e1 poz\u00edcia v servisnom t\u00edme, ale po\u010das cel\u00e9ho t\u00fd\u017ed\u0148a sa bud\u00fa ako skupina z\u00fa\u010dast\u0148ova\u0165 \u0161peci\u00e1lnych servisn\u00fdch projektov.<\/p>\n<p>D\u016fle\u017eitou sou\u010d\u00e1st\u00ed \u0161kolen\u00ed bude procvi\u010den\u00ed si v\u016fd\u010d\u00edch dovednost\u00ed: ka\u017ed\u00fd \u00fa\u010dastn\u00edk se b\u011bhem t\u00fddne akce vyst\u0159\u00edd\u00e1 ve veden\u00ed sv\u00e9 mal\u00e9 skupiny. (Nen\u00ed to test \u2013 k dispozici bude pomoc a podpora!) Malou skupinu budou tvo\u0159it dal\u0161\u00ed \u00fa\u010dastn\u00edci SGL \u0161kolen\u00ed.<\/p>\t\t\t\t\t\t\t\t<\/div>\n\t\t\t\t<\/div>\n\t\t\t\t\t<\/div>\n\t\t<\/div>\n\t\t\t\t\t<\/div>\n\t\t<\/section>\n\t\t\t\t<section class=\"elementor-section elementor-top-section elementor-element elementor-element-c1db653 elementor-section-boxed elementor-section-height-default elementor-section-height-default\" data-id=\"c1db653\" data-element_type=\"section\" data-e-type=\"section\">\n\t\t\t\t\t\t<div class=\"elementor-container elementor-column-gap-default\">\n\t\t\t\t\t<div class=\"elementor-column elementor-col-50 elementor-top-column elementor-element elementor-element-e3eb4e0\" data-id=\"e3eb4e0\" data-element_type=\"column\" data-e-type=\"column\">\n\t\t\t<div class=\"elementor-widget-wrap elementor-element-populated\">\n\t\t\t\t\t\t<div class=\"elementor-element elementor-element-7737bd0 elementor-widget elementor-widget-text-editor\" data-id=\"7737bd0\" data-element_type=\"widget\" data-e-type=\"widget\" data-widget_type=\"text-editor.default\">\n\t\t\t\t<div class=\"elementor-widget-container\">\n\t\t\t\t\t\t\t\t\t<p>Semin\u00e1\u0159e povedou lekto\u0159i z TeenStreet International. Sou\u010d\u00e1st\u00ed programu bude individu\u00e1ln\u00ed mentoring a kou\u010dink.<\/p><p>\u00da\u010dast na v\u0161ech napl\u00e1novan\u00fdch programov\u00fdch session\u00e1ch bude povinn\u00e1. Krom\u011b tr\u00e9ninkov\u00fdch semin\u00e1\u0159\u016f a servisn\u00edch projekt\u016f zahrnuj\u00ed tak\u00e9 Mainhall, Shhh-time, setk\u00e1n\u00ed v mal\u00fdch skupink\u00e1ch a Throne Room. Ka\u017ed\u00fd \u00fa\u010dastn\u00edk bude povinen z\u00fa\u010dastnit se alespo\u0148 jednoho outreach programu b\u011bhem cel\u00e9ho t\u00fddne.<\/p><h4><strong>M\u00e1te z\u00e1jem? <\/strong><\/h4><p>Zaregistrujte se na akci jako \u010dlen servisn\u00edho t\u00fdmu. V koment\u00e1\u0159\u00edch pod pracovn\u00edmi pozicemi uve\u010fte, \u017ee m\u00e1te z\u00e1jem o SGL \u0161kolen\u00ed. M\u016f\u017eete tak\u00e9 kontaktovat svou n\u00e1rodn\u00ed kancel\u00e1\u0159 a d\u00e1t j\u00ed v\u011bd\u011bt o sv\u00e9m z\u00e1jmu.<\/p><p>Pokud jste ji\u017e na akci zaregistrov\u00e1ni, m\u016f\u017eete bu\u010f upravit svou objedn\u00e1vku (odkaz najdete ve sv\u00e9m potvrzen\u00ed objedn\u00e1vky zaslan\u00e9m e-mailem od TeenStreet Europe 2026), nebo kontaktovat svou zemskou pobo\u010dku.<\/p><p>Vid\u00edte se v budoucnu v \u010dele mal\u00e9 skupiny \u2013 nebo u\u017e vedete n\u011bjakou skupinu doma?<\/p><p>Tr\u00e9nink vedouc\u00edch mal\u00fdch skupin je ur\u010den pr\u00e1v\u011b pro v\u00e1s!<\/p><p><a href=\"https:\/\/registration.teenstreet.de\/tseu\/ts-2026\/\" target=\"_blank\" rel=\"noopener\"><b>Registrujte se zde!<\/b><\/a><\/p>\t\t\t\t\t\t\t\t<\/div>\n\t\t\t\t<\/div>\n\t\t\t\t\t<\/div>\n\t\t<\/div>\n\t\t\t\t<div class=\"elementor-column elementor-col-50 elementor-top-column elementor-element elementor-element-612d36c\" data-id=\"612d36c\" data-element_type=\"column\" data-e-type=\"column\">\n\t\t\t<div class=\"elementor-widget-wrap elementor-element-populated\">\n\t\t\t\t\t\t<div class=\"elementor-element elementor-element-a5ce481 elementor-widget elementor-widget-image\" data-id=\"a5ce481\" data-element_type=\"widget\" data-e-type=\"widget\" data-widget_type=\"image.default\">\n\t\t\t\t<div class=\"elementor-widget-container\">\n\t\t\t\t\t\t\t\t\t\t\t\t\t\t\t<img decoding=\"async\" width=\"820\" height=\"1024\" src=\"https:\/\/teenstreet.life\/eu\/wp-content\/uploads\/sites\/13\/2026\/04\/SGL-training-2-820x1024.png\" class=\"attachment-large size-large wp-image-9070\" alt=\"\" srcset=\"https:\/\/teenstreet.life\/eu\/wp-content\/uploads\/sites\/13\/2026\/04\/SGL-training-2-820x1024.png 820w, https:\/\/teenstreet.life\/eu\/wp-content\/uploads\/sites\/13\/2026\/04\/SGL-training-2-240x300.png 240w, https:\/\/teenstreet.life\/eu\/wp-content\/uploads\/sites\/13\/2026\/04\/SGL-training-2-768x959.png 768w, https:\/\/teenstreet.life\/eu\/wp-content\/uploads\/sites\/13\/2026\/04\/SGL-training-2-10x12.png 10w, https:\/\/teenstreet.life\/eu\/wp-content\/uploads\/sites\/13\/2026\/04\/SGL-training-2-600x749.png 600w, https:\/\/teenstreet.life\/eu\/wp-content\/uploads\/sites\/13\/2026\/04\/SGL-training-2.png 1006w\" sizes=\"(max-width: 820px) 100vw, 820px\" \/>\t\t\t\t\t\t\t\t\t\t\t\t\t\t\t<\/div>\n\t\t\t\t<\/div>\n\t\t\t\t\t<\/div>\n\t\t<\/div>\n\t\t\t\t\t<\/div>\n\t\t<\/section>\n\t\t\t\t<\/div>","protected":false},"excerpt":{"rendered":"<p>Do you have a heart for serving others?&nbsp;Are you curious about what leading a small group is like? We have created something for you! We will be offering training for future small group leaders&nbsp;at the 2026 TeenStreet event. Learn How to Lead SGL Training is designed for Service Team members \u2013 particularly those between the [&hellip;]<\/p>\n","protected":false},"author":82,"featured_media":0,"parent":0,"menu_order":0,"comment_status":"closed","ping_status":"closed","template":"","meta":{"iawp_total_views":182,"footnotes":""},"class_list":["post-9061","page","type-page","status-publish","hentry"],"_links":{"self":[{"href":"https:\/\/teenstreet.life\/eu\/cs\/wp-json\/wp\/v2\/pages\/9061","targetHints":{"allow":["GET"]}}],"collection":[{"href":"https:\/\/teenstreet.life\/eu\/cs\/wp-json\/wp\/v2\/pages"}],"about":[{"href":"https:\/\/teenstreet.life\/eu\/cs\/wp-json\/wp\/v2\/types\/page"}],"author":[{"embeddable":true,"href":"https:\/\/teenstreet.life\/eu\/cs\/wp-json\/wp\/v2\/users\/82"}],"replies":[{"embeddable":true,"href":"https:\/\/teenstreet.life\/eu\/cs\/wp-json\/wp\/v2\/comments?post=9061"}],"version-history":[{"count":6,"href":"https:\/\/teenstreet.life\/eu\/cs\/wp-json\/wp\/v2\/pages\/9061\/revisions"}],"predecessor-version":[{"id":9088,"href":"https:\/\/teenstreet.life\/eu\/cs\/wp-json\/wp\/v2\/pages\/9061\/revisions\/9088"}],"wp:attachment":[{"href":"https:\/\/teenstreet.life\/eu\/cs\/wp-json\/wp\/v2\/media?parent=9061"}],"curies":[{"name":"wp","href":"https:\/\/api.w.org\/{rel}","templated":true}]}}