{"id":7873,"date":"2024-07-31T11:52:59","date_gmt":"2024-07-31T09:52:59","guid":{"rendered":"https:\/\/teenstreet.life\/eu\/?page_id=7873"},"modified":"2024-07-31T11:53:00","modified_gmt":"2024-07-31T09:53:00","slug":"den-4-spokojenost","status":"publish","type":"page","link":"https:\/\/teenstreet.life\/eu\/cs\/day-4-contentment\/","title":{"rendered":"Den 4 - Spokojenost"},"content":{"rendered":"<div data-elementor-type=\"wp-page\" data-elementor-id=\"7873\" class=\"elementor elementor-7873\" data-elementor-post-type=\"page\">\n\t\t\t\t\t\t<section class=\"elementor-section elementor-top-section elementor-element elementor-element-174c546 elementor-section-boxed elementor-section-height-default elementor-section-height-default\" data-id=\"174c546\" data-element_type=\"section\" data-e-type=\"section\">\n\t\t\t\t\t\t<div class=\"elementor-container elementor-column-gap-default\">\n\t\t\t\t\t<div class=\"elementor-column elementor-col-100 elementor-top-column elementor-element elementor-element-8efb91b\" data-id=\"8efb91b\" data-element_type=\"column\" data-e-type=\"column\">\n\t\t\t<div class=\"elementor-widget-wrap elementor-element-populated\">\n\t\t\t\t\t\t<div class=\"elementor-element elementor-element-4ab9919 elementor-skin-carousel elementor-arrows-yes elementor-pagination-type-bullets elementor-pagination-position-outside elementor-widget elementor-widget-media-carousel\" data-id=\"4ab9919\" data-element_type=\"widget\" data-e-type=\"widget\" data-settings=\"{&quot;skin&quot;:&quot;carousel&quot;,&quot;effect&quot;:&quot;slide&quot;,&quot;show_arrows&quot;:&quot;yes&quot;,&quot;pagination&quot;:&quot;bullets&quot;,&quot;speed&quot;:500,&quot;autoplay&quot;:&quot;yes&quot;,&quot;autoplay_speed&quot;:5000,&quot;loop&quot;:&quot;yes&quot;,&quot;pause_on_hover&quot;:&quot;yes&quot;,&quot;pause_on_interaction&quot;:&quot;yes&quot;,&quot;space_between&quot;:{&quot;unit&quot;:&quot;px&quot;,&quot;size&quot;:10,&quot;sizes&quot;:[]},&quot;space_between_tablet&quot;:{&quot;unit&quot;:&quot;px&quot;,&quot;size&quot;:10,&quot;sizes&quot;:[]},&quot;space_between_mobile&quot;:{&quot;unit&quot;:&quot;px&quot;,&quot;size&quot;:10,&quot;sizes&quot;:[]}}\" data-widget_type=\"media-carousel.default\">\n\t\t\t\t<div class=\"elementor-widget-container\">\n\t\t\t\t\t\t\t\t\t<div class=\"elementor-swiper\">\n\t\t\t\t\t<div class=\"elementor-main-swiper swiper\" role=\"region\" aria-roledescription=\"carousel\" aria-label=\"Slides\">\n\t\t\t\t<div class=\"swiper-wrapper\">\n\t\t\t\t\t\t\t\t\t\t\t<div class=\"swiper-slide\" role=\"group\" aria-roledescription=\"slide\">\n\t\t\t\t\t\t\t\t\t<div class=\"elementor-carousel-image\" role=\"img\" aria-label=\"TS24_DAY4_Logo_ASchneider_02_Interact2\" style=\"background-image: url(&#039;https:\/\/teenstreet.life\/eu\/wp-content\/uploads\/sites\/13\/2024\/07\/TS24_DAY4_Logo_ASchneider_02_Interact2.jpg&#039;)\">\n\n\t\t\t\n\t\t\t\t\t<\/div>\n\t\t\t\t\t\t\t\t<\/div>\n\t\t\t\t\t\t\t\t\t\t\t<div class=\"swiper-slide\" role=\"group\" aria-roledescription=\"slide\">\n\t\t\t\t\t\t\t\t\t<div class=\"elementor-carousel-image\" role=\"img\" aria-label=\"\ud83d\udcf8 Benjamin H\u00f8yland\" style=\"background-image: url(&#039;https:\/\/teenstreet.life\/eu\/wp-content\/uploads\/sites\/13\/2024\/07\/TS24-DAY4-Logo-BHoyland-36-Interact.jpg&#039;)\">\n\n\t\t\t\n\t\t\t\t\t<\/div>\n\t\t\t\t\t\t\t\t<\/div>\n\t\t\t\t\t\t\t\t\t\t\t<div class=\"swiper-slide\" role=\"group\" aria-roledescription=\"slide\">\n\t\t\t\t\t\t\t\t\t<div class=\"elementor-carousel-image\" role=\"img\" aria-label=\"TS24_DAY4_Logo_ASchneider_02_Interact3\" style=\"background-image: url(&#039;https:\/\/teenstreet.life\/eu\/wp-content\/uploads\/sites\/13\/2024\/07\/TS24_DAY4_Logo_ASchneider_02_Interact3.jpg&#039;)\">\n\n\t\t\t\n\t\t\t\t\t<\/div>\n\t\t\t\t\t\t\t\t<\/div>\n\t\t\t\t\t\t\t\t\t\t\t<div class=\"swiper-slide\" role=\"group\" aria-roledescription=\"slide\">\n\t\t\t\t\t\t\t\t\t<div class=\"elementor-carousel-image\" role=\"img\" aria-label=\"TS24_DAY4_Logo_ASchneider_05_Interact3\" style=\"background-image: url(&#039;https:\/\/teenstreet.life\/eu\/wp-content\/uploads\/sites\/13\/2024\/07\/TS24_DAY4_Logo_ASchneider_05_Interact3.jpg&#039;)\">\n\n\t\t\t\n\t\t\t\t\t<\/div>\n\t\t\t\t\t\t\t\t<\/div>\n\t\t\t\t\t\t\t\t\t\t\t<div class=\"swiper-slide\" role=\"group\" aria-roledescription=\"slide\">\n\t\t\t\t\t\t\t\t\t<div class=\"elementor-carousel-image\" role=\"img\" aria-label=\"TS24_Day4_Logo_MBosch_16_Throne Room\" style=\"background-image: url(&#039;https:\/\/teenstreet.life\/eu\/wp-content\/uploads\/sites\/13\/2024\/07\/TS24_Day4_Logo_MBosch_16_Throne-Room.jpg&#039;)\">\n\n\t\t\t\n\t\t\t\t\t<\/div>\n\t\t\t\t\t\t\t\t<\/div>\n\t\t\t\t\t\t\t\t\t<\/div>\n\t\t\t\t\t\t\t\t\t\t\t\t\t\t\t<div class=\"elementor-swiper-button elementor-swiper-button-prev\" role=\"button\" tabindex=\"0\" aria-label=\"P\u0159edchoz\u00ed\">\n\t\t\t\t\t\t\t<i aria-hidden=\"true\" class=\"eicon-chevron-left\"><\/i>\t\t\t\t\t\t<\/div>\n\t\t\t\t\t\t<div class=\"elementor-swiper-button elementor-swiper-button-next\" role=\"button\" tabindex=\"0\" aria-label=\"Dal\u0161\u00ed\">\n\t\t\t\t\t\t\t<i aria-hidden=\"true\" class=\"eicon-chevron-right\"><\/i>\t\t\t\t\t\t<\/div>\n\t\t\t\t\t\t\t\t\t\t\t\t\t\t\t\t<div class=\"swiper-pagination\"><\/div>\n\t\t\t\t\t\t\t\t\t\t\t\t<\/div>\n\t\t\t\t<\/div>\n\t\t\t\t\t\t\t\t<\/div>\n\t\t\t\t<\/div>\n\t\t\t\t\t<\/div>\n\t\t<\/div>\n\t\t\t\t\t<\/div>\n\t\t<\/section>\n\t\t\t\t<section class=\"elementor-section elementor-top-section elementor-element elementor-element-22d2b21 elementor-section-boxed elementor-section-height-default elementor-section-height-default\" data-id=\"22d2b21\" data-element_type=\"section\" data-e-type=\"section\">\n\t\t\t\t\t\t<div class=\"elementor-container elementor-column-gap-default\">\n\t\t\t\t\t<div class=\"elementor-column elementor-col-100 elementor-top-column elementor-element elementor-element-e8fba36\" data-id=\"e8fba36\" data-element_type=\"column\" data-e-type=\"column\">\n\t\t\t<div class=\"elementor-widget-wrap elementor-element-populated\">\n\t\t\t\t\t\t<div class=\"elementor-element elementor-element-52a0a51 elementor-widget elementor-widget-text-editor\" data-id=\"52a0a51\" data-element_type=\"widget\" data-e-type=\"widget\" data-widget_type=\"text-editor.default\">\n\t\t\t\t<div class=\"elementor-widget-container\">\n\t\t\t\t\t\t\t\t\t<p>Den 4: spokojenost<\/p><p>Mo\u017en\u00e1 to bude hlasit\u00e9\" - touto p\u00edsn\u00ed dnes teenagery p\u0159iv\u00edtali v hlavn\u00edm s\u00e1le. A hlasit\u011bji bylo, kdy\u017e byl vybr\u00e1n nejlep\u0161\u00ed kost\u00fdm z hadrov\u00e9ho z\u00e1vodu - Vet\u0159elci - a kdy\u017e byla vyhl\u00e1\u0161ena celkov\u00e1 \u010d\u00e1stka dar\u016f: 48 166 eur.<\/p>\n<p>Dne\u0161n\u00ed t\u00e9ma bylo o tom, jak b\u00fdt spokojen\u00fd i ve chv\u00edl\u00edch utrpen\u00ed. Pavel, n\u011bkdej\u0161\u00ed pron\u00e1sledovatel k\u0159es\u0165an\u016f Saul, se po sv\u00e9m obr\u00e1cen\u00ed vydal mezi lidi, kte\u0159\u00ed Je\u017e\u00ed\u0161e je\u0161t\u011b neznali, a hodn\u011b trp\u011bl. Mimo jin\u00e9 p\u0159e\u017eil i sv\u00e9 vlastn\u00ed ukamenov\u00e1n\u00ed. Na z\u00e1klad\u011b \u0158\u00edman\u016fm 8,18 jsme poznali, \u017ee v dob\u00e1ch utrpen\u00ed si \u010dasto probl\u00e9m p\u0159ibli\u017eujeme jako pod mikroskopem, ale Pavel n\u00e1s \u017e\u00e1d\u00e1, abychom si ho odd\u00e1lili a zam\u011b\u0159ili se na Boha.<\/p>\n<p>Odpoledne se toho v are\u00e1lu TeenStreet kv\u016fli horku moc ned\u011blo, mnoz\u00ed rad\u011bji z\u016fstali uvnit\u0159 nebo se koupali v nedalek\u00e9m jeze\u0159e.<\/p>\n<p>&nbsp;Ve\u010der byl na programu trochu jin\u00fd tr\u016fnn\u00ed s\u00e1l: modlitebn\u00ed ve\u010der. Kapela hr\u00e1la akusticky a cel\u00fdm ve\u010derem prov\u00e1zel Josh Green, \u0159editel ml\u00e1de\u017ee modlitebn\u00ed skupiny 24-7. Zd\u016fraznil, \u017ee Je\u017e\u00ed\u0161 zalo\u017eil c\u00edrkev jako modlitebn\u00ed shrom\u00e1\u017ed\u011bn\u00ed a \u017ee je nyn\u00ed \u010das, aby se c\u00edrkev vr\u00e1tila ke sv\u00fdm po\u010d\u00e1tk\u016fm a stala se domem modlitby. \"Modlitba mus\u00ed b\u00fdt vytrval\u00e1, d\u016fsledn\u00e1 a odoln\u00e1,\" vyzval n\u00e1s.<\/p>\n<p>Pot\u00e9 se teenage\u0159i ve sv\u00fdch mal\u00fdch skupink\u00e1ch vydali na r\u016fzn\u00e1 modlitebn\u00ed stanovi\u0161t\u011b, aby se modlili za neosloven\u00e9 a za sebe navz\u00e1jem. Na z\u00e1v\u011br vystoupili na p\u00f3dium teenage\u0159i z v\u00edce ne\u017e 30 n\u00e1rod\u016f, aby se ve sv\u00fdch jazyc\u00edch modlili za svou zemi. \"Svat\u00fd chaos\", a p\u0159esto tak kr\u00e1sn\u00e9 znamen\u00ed Kristova t\u011bla. Nakonec se v\u0161ichni sou\u010dasn\u011b pomodlili modlitbu P\u00e1n\u011b ve sv\u00fdch jazyc\u00edch.<\/p>\t\t\t\t\t\t\t\t<\/div>\n\t\t\t\t<\/div>\n\t\t\t\t\t<\/div>\n\t\t<\/div>\n\t\t\t\t\t<\/div>\n\t\t<\/section>\n\t\t\t\t<section class=\"elementor-section elementor-top-section elementor-element elementor-element-87967e1 elementor-section-boxed elementor-section-height-default elementor-section-height-default\" data-id=\"87967e1\" data-element_type=\"section\" data-e-type=\"section\">\n\t\t\t\t\t\t<div class=\"elementor-container elementor-column-gap-default\">\n\t\t\t\t\t<div class=\"elementor-column elementor-col-100 elementor-top-column elementor-element elementor-element-386a533\" data-id=\"386a533\" data-element_type=\"column\" data-e-type=\"column\">\n\t\t\t<div class=\"elementor-widget-wrap elementor-element-populated\">\n\t\t\t\t\t\t<div class=\"elementor-element elementor-element-887f3fc elementor-widget elementor-widget-image\" data-id=\"887f3fc\" data-element_type=\"widget\" data-e-type=\"widget\" data-widget_type=\"image.default\">\n\t\t\t\t<div class=\"elementor-widget-container\">\n\t\t\t\t\t\t\t\t\t\t\t\t\t\t\t<img decoding=\"async\" src=\"https:\/\/teenstreet.life\/eu\/wp-content\/uploads\/sites\/13\/2024\/07\/Capture-decran-2024-07-30-a-09.37.43.png\" title=\"Zachycen\u00ed obrazovky 2024-07-30 \u00e0 09.37.43\" alt=\"Zachycen\u00ed obrazovky 2024-07-30 \u00e0 09.37.43\" loading=\"lazy\" \/>\t\t\t\t\t\t\t\t\t\t\t\t\t\t\t<\/div>\n\t\t\t\t<\/div>\n\t\t\t\t\t<\/div>\n\t\t<\/div>\n\t\t\t\t\t<\/div>\n\t\t<\/section>\n\t\t\t\t<\/div>","protected":false},"excerpt":{"rendered":"<p>Previous Next Day 4: contentment It might get loud&#8221; &#8211; the teens were greeted with this song in the Main Hall today. And it got loud when the best costume from the rag race &#8211; the Aliens &#8211; was chosen and when the donation total was announced: 48,166 euros. Today&#8217;s theme was about being content [&hellip;]<\/p>\n","protected":false},"author":74,"featured_media":7876,"parent":0,"menu_order":0,"comment_status":"closed","ping_status":"closed","template":"","meta":{"iawp_total_views":0,"footnotes":""},"class_list":["post-7873","page","type-page","status-publish","has-post-thumbnail","hentry"],"_links":{"self":[{"href":"https:\/\/teenstreet.life\/eu\/cs\/wp-json\/wp\/v2\/pages\/7873","targetHints":{"allow":["GET"]}}],"collection":[{"href":"https:\/\/teenstreet.life\/eu\/cs\/wp-json\/wp\/v2\/pages"}],"about":[{"href":"https:\/\/teenstreet.life\/eu\/cs\/wp-json\/wp\/v2\/types\/page"}],"author":[{"embeddable":true,"href":"https:\/\/teenstreet.life\/eu\/cs\/wp-json\/wp\/v2\/users\/74"}],"replies":[{"embeddable":true,"href":"https:\/\/teenstreet.life\/eu\/cs\/wp-json\/wp\/v2\/comments?post=7873"}],"version-history":[{"count":5,"href":"https:\/\/teenstreet.life\/eu\/cs\/wp-json\/wp\/v2\/pages\/7873\/revisions"}],"predecessor-version":[{"id":7908,"href":"https:\/\/teenstreet.life\/eu\/cs\/wp-json\/wp\/v2\/pages\/7873\/revisions\/7908"}],"wp:featuredmedia":[{"embeddable":true,"href":"https:\/\/teenstreet.life\/eu\/cs\/wp-json\/wp\/v2\/media\/7876"}],"wp:attachment":[{"href":"https:\/\/teenstreet.life\/eu\/cs\/wp-json\/wp\/v2\/media?parent=7873"}],"curies":[{"name":"wp","href":"https:\/\/api.w.org\/{rel}","templated":true}]}}