{"id":7613,"date":"2024-07-30T11:52:49","date_gmt":"2024-07-30T09:52:49","guid":{"rendered":"https:\/\/teenstreet.life\/eu\/?page_id=7613"},"modified":"2024-08-03T20:11:55","modified_gmt":"2024-08-03T18:11:55","slug":"den-3-ucel","status":"publish","type":"page","link":"https:\/\/teenstreet.life\/eu\/cs\/day-3-purpose\/","title":{"rendered":"Den 3 - Spole\u010dn\u00e9 dobro"},"content":{"rendered":"<div data-elementor-type=\"wp-page\" data-elementor-id=\"7613\" class=\"elementor elementor-7613\" data-elementor-post-type=\"page\">\n\t\t\t\t\t\t<section class=\"elementor-section elementor-top-section elementor-element elementor-element-3c756d8 elementor-section-boxed elementor-section-height-default elementor-section-height-default wpr-particle-no wpr-jarallax-no wpr-parallax-no wpr-sticky-section-no\" data-id=\"3c756d8\" data-element_type=\"section\" data-e-type=\"section\">\n\t\t\t\t\t\t<div class=\"elementor-container elementor-column-gap-default\">\n\t\t\t\t\t<div class=\"elementor-column elementor-col-100 elementor-top-column elementor-element elementor-element-f69963b\" data-id=\"f69963b\" data-element_type=\"column\" data-e-type=\"column\">\n\t\t\t<div class=\"elementor-widget-wrap elementor-element-populated\">\n\t\t\t\t\t\t<div class=\"elementor-element elementor-element-8fdaf50 elementor-skin-carousel elementor-arrows-yes elementor-pagination-type-bullets elementor-pagination-position-outside elementor-widget elementor-widget-media-carousel\" data-id=\"8fdaf50\" data-element_type=\"widget\" data-e-type=\"widget\" data-settings=\"{&quot;skin&quot;:&quot;carousel&quot;,&quot;effect&quot;:&quot;slide&quot;,&quot;show_arrows&quot;:&quot;yes&quot;,&quot;pagination&quot;:&quot;bullets&quot;,&quot;speed&quot;:500,&quot;autoplay&quot;:&quot;yes&quot;,&quot;autoplay_speed&quot;:5000,&quot;loop&quot;:&quot;yes&quot;,&quot;pause_on_hover&quot;:&quot;yes&quot;,&quot;pause_on_interaction&quot;:&quot;yes&quot;,&quot;space_between&quot;:{&quot;unit&quot;:&quot;px&quot;,&quot;size&quot;:10,&quot;sizes&quot;:[]},&quot;space_between_tablet&quot;:{&quot;unit&quot;:&quot;px&quot;,&quot;size&quot;:10,&quot;sizes&quot;:[]},&quot;space_between_mobile&quot;:{&quot;unit&quot;:&quot;px&quot;,&quot;size&quot;:10,&quot;sizes&quot;:[]}}\" data-widget_type=\"media-carousel.default\">\n\t\t\t\t<div class=\"elementor-widget-container\">\n\t\t\t\t\t\t\t\t\t<div class=\"elementor-swiper\">\n\t\t\t\t\t<div class=\"elementor-main-swiper swiper\" role=\"region\" aria-roledescription=\"carousel\" aria-label=\"Slides\">\n\t\t\t\t<div class=\"swiper-wrapper\">\n\t\t\t\t\t\t\t\t\t\t\t<div class=\"swiper-slide\" role=\"group\" aria-roledescription=\"slide\">\n\t\t\t\t\t\t\t\t\t<div class=\"elementor-carousel-image\" role=\"img\" aria-label=\"TS24_Day3_Logo_BRathke_09_Mainhall\" style=\"background-image: url(&#039;https:\/\/teenstreet.life\/eu\/wp-content\/uploads\/sites\/13\/2024\/07\/TS24_Day3_Logo_BRathke_09_Mainhall.jpg&#039;)\">\n\n\t\t\t\n\t\t\t\t\t<\/div>\n\t\t\t\t\t\t\t\t<\/div>\n\t\t\t\t\t\t\t\t\t\t\t<div class=\"swiper-slide\" role=\"group\" aria-roledescription=\"slide\">\n\t\t\t\t\t\t\t\t\t<div class=\"elementor-carousel-image\" role=\"img\" aria-label=\"TS24_Day3_Logo_BRathke_11_Mainhall\" style=\"background-image: url(&#039;https:\/\/teenstreet.life\/eu\/wp-content\/uploads\/sites\/13\/2024\/07\/TS24_Day3_Logo_BRathke_11_Mainhall.jpg&#039;)\">\n\n\t\t\t\n\t\t\t\t\t<\/div>\n\t\t\t\t\t\t\t\t<\/div>\n\t\t\t\t\t\t\t\t\t\t\t<div class=\"swiper-slide\" role=\"group\" aria-roledescription=\"slide\">\n\t\t\t\t\t\t\t\t\t<div class=\"elementor-carousel-image\" role=\"img\" aria-label=\"TS24_Day3_Logo_MBosch_52_RAG\" style=\"background-image: url(&#039;https:\/\/teenstreet.life\/eu\/wp-content\/uploads\/sites\/13\/2024\/07\/TS24_Day3_Logo_MBosch_52_RAG.jpg&#039;)\">\n\n\t\t\t\n\t\t\t\t\t<\/div>\n\t\t\t\t\t\t\t\t<\/div>\n\t\t\t\t\t\t\t\t\t\t\t<div class=\"swiper-slide\" role=\"group\" aria-roledescription=\"slide\">\n\t\t\t\t\t\t\t\t\t<div class=\"elementor-carousel-image\" role=\"img\" aria-label=\"TS24_Day3_Logo_MBosch_48_RAG\" style=\"background-image: url(&#039;https:\/\/teenstreet.life\/eu\/wp-content\/uploads\/sites\/13\/2024\/07\/TS24_Day3_Logo_MBosch_48_RAG.jpg&#039;)\">\n\n\t\t\t\n\t\t\t\t\t<\/div>\n\t\t\t\t\t\t\t\t<\/div>\n\t\t\t\t\t\t\t\t\t\t\t<div class=\"swiper-slide\" role=\"group\" aria-roledescription=\"slide\">\n\t\t\t\t\t\t\t\t\t<div class=\"elementor-carousel-image\" role=\"img\" aria-label=\"TS24_DAY3_ARENBERG_LOGO_MAINHALL_GIRLS-10\" style=\"background-image: url(&#039;https:\/\/teenstreet.life\/eu\/wp-content\/uploads\/sites\/13\/2024\/07\/TS24_DAY3_ARENBERG_LOGO_MAINHALL_GIRLS-10-scaled.jpg&#039;)\">\n\n\t\t\t\n\t\t\t\t\t<\/div>\n\t\t\t\t\t\t\t\t<\/div>\n\t\t\t\t\t\t\t\t\t\t\t<div class=\"swiper-slide\" role=\"group\" aria-roledescription=\"slide\">\n\t\t\t\t\t\t\t\t\t<div class=\"elementor-carousel-image\" role=\"img\" aria-label=\"TS24_DAY3_Logo_ASchneider_07_SmallGrooup\" style=\"background-image: url(&#039;https:\/\/teenstreet.life\/eu\/wp-content\/uploads\/sites\/13\/2024\/07\/TS24_DAY3_Logo_ASchneider_07_SmallGrooup-scaled.jpg&#039;)\">\n\n\t\t\t\n\t\t\t\t\t<\/div>\n\t\t\t\t\t\t\t\t<\/div>\n\t\t\t\t\t\t\t\t\t<\/div>\n\t\t\t\t\t\t\t\t\t\t\t\t\t\t\t<div class=\"elementor-swiper-button elementor-swiper-button-prev\" role=\"button\" tabindex=\"0\" aria-label=\"P\u0159edchoz\u00ed\">\n\t\t\t\t\t\t\t<i aria-hidden=\"true\" class=\"eicon-chevron-left\"><\/i>\t\t\t\t\t\t<\/div>\n\t\t\t\t\t\t<div class=\"elementor-swiper-button elementor-swiper-button-next\" role=\"button\" tabindex=\"0\" aria-label=\"Dal\u0161\u00ed\">\n\t\t\t\t\t\t\t<i aria-hidden=\"true\" class=\"eicon-chevron-right\"><\/i>\t\t\t\t\t\t<\/div>\n\t\t\t\t\t\t\t\t\t\t\t\t\t\t\t\t<div class=\"swiper-pagination\"><\/div>\n\t\t\t\t\t\t\t\t\t\t\t\t<\/div>\n\t\t\t\t<\/div>\n\t\t\t\t\t\t\t\t<\/div>\n\t\t\t\t<\/div>\n\t\t\t\t<div class=\"elementor-element elementor-element-6c674de elementor-widget elementor-widget-text-editor\" data-id=\"6c674de\" data-element_type=\"widget\" data-e-type=\"widget\" data-widget_type=\"text-editor.default\">\n\t\t\t\t<div class=\"elementor-widget-container\">\n\t\t\t\t\t\t\t\t\t<p>Den 3 na TeenStreet! Den kluk\u016f a holek! Z\u00e1vod RAG! To byl den! &nbsp;<\/p>\n<p>Dnes r\u00e1no se v hlavn\u00edm s\u00e1le se\u0161li nejprve chlapci, zat\u00edmco d\u00edvky m\u011bly sv\u016fj \u010das v mal\u00fdch skupink\u00e1ch. Chlapci se zab\u00fdvali Timoteem, Silou a Filipem v knize Skutk\u016f apo\u0161tol\u016f a dosp\u011bli ke t\u0159em v\u011bcem: soust\u0159edit se na Je\u017e\u00ed\u0161e, nechodit zkratkou a pot\u0159ebovat jeden druh\u00e9ho. &nbsp;<\/p>\n<p>D\u00edvky pak byly v hlavn\u00edm s\u00e1le (a chlapci v mal\u00e9 skupin\u011b). Pod\u00edvali se na t\u0159i \u017eeny z knihy Skutk\u016f apo\u0161tol\u016f: Lydii, Marii (Je\u017e\u00ed\u0161ovu matku) a Tabitu. Na z\u00e1klad\u011b t\u011bchto \u017een a sv\u011bdectv\u00ed t\u0159\u00ed p\u0159edn\u00e1\u0161ej\u00edc\u00edch se d\u00edvky dozv\u011bd\u011bly, jak d\u016fle\u017eit\u00e9 je vz\u00e1jemn\u00e9 spole\u010denstv\u00ed - sesterstv\u00ed -, \u017ee DUNAMIS je s nimi a \u017ee u Boha nen\u00ed nic nemo\u017en\u00e9.&nbsp;<\/p>\n<p>Odpoledne bylo pestr\u00e9 a hlu\u010dn\u00e9 - RAG race! Kr\u00e1tce po 15. hodin\u011b zazn\u011bla startovn\u00ed pistole a stovky b\u011b\u017ec\u016f - teenager\u016f i dosp\u011bl\u00fdch - vyrazily na tra\u0165. Za kr\u00e1sn\u00e9ho letn\u00edho po\u010das\u00ed absolvovali kolo za kolem a zbytek komunity TeenStreet je hlasit\u011b povzbuzoval a z\u00e1soboval vodou. Proto\u017ee cenu z\u00edskal nejen b\u011b\u017eec s nejv\u011bt\u0161\u00edm po\u010dtem ub\u011bhnut\u00fdch kol nebo nejv\u011bt\u0161\u00edm po\u010dtem dar\u016f, ale tak\u00e9 nejlep\u0161\u00ed kost\u00fdm, mohli jste vid\u011bt Vikingy, housenky, astronauty, mimozem\u0161\u0165any, nositele skafandru a mnoho dal\u0161\u00edch kreativn\u00edch oble\u010dk\u016f. Kolik pen\u011bz se vybralo a kdo vyhr\u00e1l n\u011bjakou cenu, se dozv\u00edme z\u00edtra.&nbsp;<\/p>\n<p>&nbsp;Po dal\u0161\u00edm vyda\u0159en\u00e9m tr\u016fnn\u00edm s\u00e1le bylo dost \u010dasu na spole\u010denstv\u00ed, spont\u00e1nn\u00ed uct\u00edv\u00e1n\u00ed, z\u00e1bavn\u00e9 j\u00eddlo, sport a exkluzivn\u00ed pohled na nov\u00fd film Je\u017e\u00ed\u0161.<\/p>\t\t\t\t\t\t\t\t<\/div>\n\t\t\t\t<\/div>\n\t\t\t\t\t<\/div>\n\t\t<\/div>\n\t\t\t\t\t<\/div>\n\t\t<\/section>\n\t\t\t\t<section class=\"elementor-section elementor-top-section elementor-element elementor-element-52a689e elementor-section-boxed elementor-section-height-default elementor-section-height-default wpr-particle-no wpr-jarallax-no wpr-parallax-no wpr-sticky-section-no\" data-id=\"52a689e\" data-element_type=\"section\" data-e-type=\"section\">\n\t\t\t\t\t\t<div class=\"elementor-container elementor-column-gap-default\">\n\t\t\t\t\t<div class=\"elementor-column elementor-col-100 elementor-top-column elementor-element elementor-element-3e74c35\" data-id=\"3e74c35\" data-element_type=\"column\" data-e-type=\"column\">\n\t\t\t<div class=\"elementor-widget-wrap elementor-element-populated\">\n\t\t\t\t\t\t<div class=\"elementor-element elementor-element-6abc27e elementor-widget elementor-widget-image\" data-id=\"6abc27e\" data-element_type=\"widget\" data-e-type=\"widget\" data-widget_type=\"image.default\">\n\t\t\t\t<div class=\"elementor-widget-container\">\n\t\t\t\t\t\t\t\t\t\t\t\t\t\t\t<img decoding=\"async\" src=\"https:\/\/teenstreet.life\/eu\/wp-content\/uploads\/sites\/13\/2024\/07\/Capture-decran-2024-07-30-a-09.37.43.png\" title=\"Zachycen\u00ed obrazovky 2024-07-30 \u00e0 09.37.43\" alt=\"Zachycen\u00ed obrazovky 2024-07-30 \u00e0 09.37.43\" loading=\"lazy\" \/>\t\t\t\t\t\t\t\t\t\t\t\t\t\t\t<\/div>\n\t\t\t\t<\/div>\n\t\t\t\t\t<\/div>\n\t\t<\/div>\n\t\t\t\t\t<\/div>\n\t\t<\/section>\n\t\t\t\t<\/div>","protected":false},"excerpt":{"rendered":"<p>P\u0159edchoz\u00ed N\u00e1sleduj\u00edc\u00ed Den 3 na TeenStreet! Den kluk\u016f a holek! Z\u00e1vod RAG! To byl den!   Dnes r\u00e1no se v hlavn\u00edm s\u00e1le nejprve se\u0161li kluci, zat\u00edmco holky m\u011bly sv\u016fj \u010das v mal\u00fdch skupink\u00e1ch. Kluci se zab\u00fdvali Timoteem, Silou a Filipem v knize Skutk\u016f a p\u0159i\u0161li na t\u0159i v\u011bci: soust\u0159edit se na Je\u017e\u00ed\u0161e, nechodit zkratkou a \u017ee se navz\u00e1jem pot\u0159ebujeme.   Pot\u00e9 byla d\u011bv\u010data v hlavn\u00edm s\u00e1le (a chlapci d\u011blali malou skupinku). Pod\u00edvali se na t\u0159i \u017eeny v knize Skutk\u016f: Lydii, Marii (Je\u017e\u00ed\u0161ovu matku) a Tabitu. Na z\u00e1klad\u011b t\u011bchto \u017een a sv\u011bdectv\u00ed t\u0159\u00ed p\u0159edn\u00e1\u0161ej\u00edc\u00edch se d\u00edvky dozv\u011bd\u011bly, jak d\u016fle\u017eit\u00e9 je vz\u00e1jemn\u00e9 spole\u010denstv\u00ed - sesterstv\u00ed -, \u017ee DUNAMIS je s nimi a \u017ee u Boha nen\u00ed nic nemo\u017en\u00e9.  Odpoledne bylo pestr\u00e9 a hlasit\u00e9 - RAG race! Kr\u00e1tce po 15. hodin\u011b zazn\u011bla startovn\u00ed pistole a stovky b\u011b\u017ec\u016f - teenager\u016f i dosp\u011bl\u00fdch - vyrazily na tra\u0165. Za kr\u00e1sn\u00e9ho letn\u00edho po\u010das\u00ed absolvovali kolo za kolem a zbytek komunity TeenStreet je hlasit\u011b povzbuzoval a z\u00e1soboval vodou. Proto\u017ee cenu z\u00edskal nejen b\u011b\u017eec s nejv\u011bt\u0161\u00edm po\u010dtem ub\u011bhnut\u00fdch kol nebo nejv\u011bt\u0161\u00edm po\u010dtem dar\u016f, ale tak\u00e9 nejlep\u0161\u00ed kost\u00fdm, mohli jste vid\u011bt Vikingy, housenky, astronauty, mimozem\u0161\u0165any, nositele skafandru a mnoho dal\u0161\u00edch kreativn\u00edch oble\u010dk\u016f. Kolik pen\u011bz se vybralo a kdo vyhr\u00e1l n\u011bjakou cenu, se dozv\u00edme z\u00edtra.   Po dal\u0161\u00edm vyda\u0159en\u00e9m Tr\u016fnn\u00edm s\u00e1le bylo tak\u00e9 dost \u010dasu na spole\u010denstv\u00ed, spont\u00e1nn\u00ed bohoslu\u017eby, z\u00e1bavn\u00e9 j\u00eddlo, sport a exkluzivn\u00ed nahl\u00e9dnut\u00ed do nov\u00e9ho filmu Je\u017e\u00ed\u0161.<\/p>","protected":false},"author":74,"featured_media":7814,"parent":0,"menu_order":0,"comment_status":"closed","ping_status":"closed","template":"","meta":{"iawp_total_views":0,"footnotes":""},"class_list":["post-7613","page","type-page","status-publish","has-post-thumbnail","hentry"],"_links":{"self":[{"href":"https:\/\/teenstreet.life\/eu\/cs\/wp-json\/wp\/v2\/pages\/7613","targetHints":{"allow":["GET"]}}],"collection":[{"href":"https:\/\/teenstreet.life\/eu\/cs\/wp-json\/wp\/v2\/pages"}],"about":[{"href":"https:\/\/teenstreet.life\/eu\/cs\/wp-json\/wp\/v2\/types\/page"}],"author":[{"embeddable":true,"href":"https:\/\/teenstreet.life\/eu\/cs\/wp-json\/wp\/v2\/users\/74"}],"replies":[{"embeddable":true,"href":"https:\/\/teenstreet.life\/eu\/cs\/wp-json\/wp\/v2\/comments?post=7613"}],"version-history":[{"count":5,"href":"https:\/\/teenstreet.life\/eu\/cs\/wp-json\/wp\/v2\/pages\/7613\/revisions"}],"predecessor-version":[{"id":7942,"href":"https:\/\/teenstreet.life\/eu\/cs\/wp-json\/wp\/v2\/pages\/7613\/revisions\/7942"}],"wp:featuredmedia":[{"embeddable":true,"href":"https:\/\/teenstreet.life\/eu\/cs\/wp-json\/wp\/v2\/media\/7814"}],"wp:attachment":[{"href":"https:\/\/teenstreet.life\/eu\/cs\/wp-json\/wp\/v2\/media?parent=7613"}],"curies":[{"name":"wp","href":"https:\/\/api.w.org\/{rel}","templated":true}]}}