{"id":7600,"date":"2024-07-29T07:03:00","date_gmt":"2024-07-29T05:03:00","guid":{"rendered":"https:\/\/teenstreet.life\/eu\/?page_id=7600"},"modified":"2024-07-30T12:32:16","modified_gmt":"2024-07-30T10:32:16","slug":"ocekavani-dne-1","status":"publish","type":"page","link":"https:\/\/teenstreet.life\/eu\/cs\/day-1-expectation\/","title":{"rendered":"Den 1 - O\u010dek\u00e1v\u00e1n\u00ed"},"content":{"rendered":"<div data-elementor-type=\"wp-page\" data-elementor-id=\"7600\" class=\"elementor elementor-7600\" data-elementor-post-type=\"page\">\n\t\t\t\t\t\t<section class=\"elementor-section elementor-top-section elementor-element elementor-element-93f9af2 elementor-section-boxed elementor-section-height-default elementor-section-height-default wpr-particle-no wpr-jarallax-no wpr-parallax-no wpr-sticky-section-no\" data-id=\"93f9af2\" data-element_type=\"section\" data-e-type=\"section\">\n\t\t\t\t\t\t<div class=\"elementor-container elementor-column-gap-default\">\n\t\t\t\t\t<div class=\"elementor-column elementor-col-100 elementor-top-column elementor-element elementor-element-f074ad7\" data-id=\"f074ad7\" data-element_type=\"column\" data-e-type=\"column\">\n\t\t\t<div class=\"elementor-widget-wrap elementor-element-populated\">\n\t\t\t\t\t\t<div class=\"elementor-element elementor-element-1ead431 elementor-skin-carousel elementor-arrows-yes elementor-pagination-type-bullets elementor-pagination-position-outside elementor-widget elementor-widget-media-carousel\" data-id=\"1ead431\" data-element_type=\"widget\" data-e-type=\"widget\" data-settings=\"{&quot;skin&quot;:&quot;carousel&quot;,&quot;effect&quot;:&quot;slide&quot;,&quot;show_arrows&quot;:&quot;yes&quot;,&quot;pagination&quot;:&quot;bullets&quot;,&quot;speed&quot;:500,&quot;autoplay&quot;:&quot;yes&quot;,&quot;autoplay_speed&quot;:5000,&quot;loop&quot;:&quot;yes&quot;,&quot;pause_on_hover&quot;:&quot;yes&quot;,&quot;pause_on_interaction&quot;:&quot;yes&quot;,&quot;space_between&quot;:{&quot;unit&quot;:&quot;px&quot;,&quot;size&quot;:10,&quot;sizes&quot;:[]},&quot;space_between_tablet&quot;:{&quot;unit&quot;:&quot;px&quot;,&quot;size&quot;:10,&quot;sizes&quot;:[]},&quot;space_between_mobile&quot;:{&quot;unit&quot;:&quot;px&quot;,&quot;size&quot;:10,&quot;sizes&quot;:[]}}\" data-widget_type=\"media-carousel.default\">\n\t\t\t\t<div class=\"elementor-widget-container\">\n\t\t\t\t\t\t\t\t\t<div class=\"elementor-swiper\">\n\t\t\t\t\t<div class=\"elementor-main-swiper swiper\" role=\"region\" aria-roledescription=\"carousel\" aria-label=\"Slides\">\n\t\t\t\t<div class=\"swiper-wrapper\">\n\t\t\t\t\t\t\t\t\t\t\t<div class=\"swiper-slide\" role=\"group\" aria-roledescription=\"slide\">\n\t\t\t\t\t\t\t\t\t<div class=\"elementor-carousel-image\" role=\"img\" aria-label=\"TS24-DAY1-Logo-VanDenHeuvel-1672 - Interact\" style=\"background-image: url(&#039;https:\/\/teenstreet.life\/eu\/wp-content\/uploads\/sites\/13\/2024\/07\/TS24-DAY1-Logo-VanDenHeuvel-1672-Interact.jpg&#039;)\">\n\n\t\t\t\n\t\t\t\t\t<\/div>\n\t\t\t\t\t\t\t\t<\/div>\n\t\t\t\t\t\t\t\t\t\t\t<div class=\"swiper-slide\" role=\"group\" aria-roledescription=\"slide\">\n\t\t\t\t\t\t\t\t\t<div class=\"elementor-carousel-image\" role=\"img\" aria-label=\"TS24-DAY1-Logo-VanDenHeuvel-1562 - Tr\u016fnn\u00ed s\u00e1l\" style=\"background-image: url(&#039;https:\/\/teenstreet.life\/eu\/wp-content\/uploads\/sites\/13\/2024\/07\/TS24-DAY1-Logo-VanDenHeuvel-1562-Throneroom.jpg&#039;)\">\n\n\t\t\t\n\t\t\t\t\t<\/div>\n\t\t\t\t\t\t\t\t<\/div>\n\t\t\t\t\t\t\t\t\t\t\t<div class=\"swiper-slide\" role=\"group\" aria-roledescription=\"slide\">\n\t\t\t\t\t\t\t\t\t<div class=\"elementor-carousel-image\" role=\"img\" aria-label=\"TS24-DAY1-Logo-ASchneider-06986 - ThroneRoom\" style=\"background-image: url(&#039;https:\/\/teenstreet.life\/eu\/wp-content\/uploads\/sites\/13\/2024\/07\/TS24-DAY1-Logo-ASchneider-06986-ThroneRoom-scaled.jpg&#039;)\">\n\n\t\t\t\n\t\t\t\t\t<\/div>\n\t\t\t\t\t\t\t\t<\/div>\n\t\t\t\t\t\t\t\t\t\t\t<div class=\"swiper-slide\" role=\"group\" aria-roledescription=\"slide\">\n\t\t\t\t\t\t\t\t\t<div class=\"elementor-carousel-image\" role=\"img\" aria-label=\"TS24_Day1_Logo_BRathke_19_Throneroom\" style=\"background-image: url(&#039;https:\/\/teenstreet.life\/eu\/wp-content\/uploads\/sites\/13\/2024\/07\/TS24_Day1_Logo_BRathke_19_Throneroom.jpg&#039;)\">\n\n\t\t\t\n\t\t\t\t\t<\/div>\n\t\t\t\t\t\t\t\t<\/div>\n\t\t\t\t\t\t\t\t\t\t\t<div class=\"swiper-slide\" role=\"group\" aria-roledescription=\"slide\">\n\t\t\t\t\t\t\t\t\t<div class=\"elementor-carousel-image\" role=\"img\" aria-label=\"TS24-DAY1-Logo-VanDenHeuvel-1475 - Tr\u016fnn\u00ed s\u00e1l\" style=\"background-image: url(&#039;https:\/\/teenstreet.life\/eu\/wp-content\/uploads\/sites\/13\/2024\/07\/TS24-DAY1-Logo-VanDenHeuvel-1475-Throneroom.jpg&#039;)\">\n\n\t\t\t\n\t\t\t\t\t<\/div>\n\t\t\t\t\t\t\t\t<\/div>\n\t\t\t\t\t\t\t\t\t<\/div>\n\t\t\t\t\t\t\t\t\t\t\t\t\t\t\t<div class=\"elementor-swiper-button elementor-swiper-button-prev\" role=\"button\" tabindex=\"0\" aria-label=\"P\u0159edchoz\u00ed\">\n\t\t\t\t\t\t\t<i aria-hidden=\"true\" class=\"eicon-chevron-left\"><\/i>\t\t\t\t\t\t<\/div>\n\t\t\t\t\t\t<div class=\"elementor-swiper-button elementor-swiper-button-next\" role=\"button\" tabindex=\"0\" aria-label=\"Dal\u0161\u00ed\">\n\t\t\t\t\t\t\t<i aria-hidden=\"true\" class=\"eicon-chevron-right\"><\/i>\t\t\t\t\t\t<\/div>\n\t\t\t\t\t\t\t\t\t\t\t\t\t\t\t\t<div class=\"swiper-pagination\"><\/div>\n\t\t\t\t\t\t\t\t\t\t\t\t<\/div>\n\t\t\t\t<\/div>\n\t\t\t\t\t\t\t\t<\/div>\n\t\t\t\t<\/div>\n\t\t\t\t<div class=\"elementor-element elementor-element-d746d70 elementor-widget elementor-widget-text-editor\" data-id=\"d746d70\" data-element_type=\"widget\" data-e-type=\"widget\" data-widget_type=\"text-editor.default\">\n\t\t\t\t<div class=\"elementor-widget-container\">\n\t\t\t\t\t\t\t\t\t<p>\"Chvalte P\u00e1na, \u00f3 m\u00e1 du\u0161e\" - TeenStreet 2024 dnes odstartoval touto p\u00edsn\u00ed. V hlavn\u00ed hale panovalo velk\u00e9 vzru\u0161en\u00ed a o\u010dek\u00e1v\u00e1n\u00ed, kdy\u017e se cel\u00e9 spole\u010denstv\u00ed TeenStreet letos poprv\u00e9 se\u0161lo. \u00a0<\/p><p>Je\u0161t\u011b p\u0159edt\u00edm v\u0161ak den ovlivnil p\u0159\u00edchod teenager\u016f. P\u0159ijeli autobusy, vlaky a auty z cel\u00e9 Evropy - a nejen z n\u00ed. \u010c\u00edm v\u00edce jich p\u0159ijelo, t\u00edm v\u00edce bylo na m\u00edst\u011b ru\u0161no. Sportovi\u0161t\u011b u\u017e byla nad\u0161en\u011b zapln\u011bna a p\u0159\u00e1tel\u00e9 byli srde\u010dn\u011b v\u00edt\u00e1ni.\u00a0<\/p><p>Dal\u0161\u00edm vrcholem uv\u00edtac\u00edho setk\u00e1n\u00ed byl tane\u010dn\u00ed videoklip na p\u00edse\u0148 \"This is TeenStreet\", kter\u00fd p\u0159edstavil TeenStreet a skon\u010dil \u017eiv\u00fdm vystoupen\u00edm zp\u011bv\u00e1ka a tane\u010dn\u00edk\u016f na p\u00f3diu. \u00a0<\/p><div>\u00a0<\/div>\t\t\t\t\t\t\t\t<\/div>\n\t\t\t\t<\/div>\n\t\t\t\t\t<\/div>\n\t\t<\/div>\n\t\t\t\t\t<\/div>\n\t\t<\/section>\n\t\t\t\t<section class=\"elementor-section elementor-top-section elementor-element elementor-element-b48dfc7 elementor-section-boxed elementor-section-height-default elementor-section-height-default wpr-particle-no wpr-jarallax-no wpr-parallax-no wpr-sticky-section-no\" data-id=\"b48dfc7\" data-element_type=\"section\" data-e-type=\"section\">\n\t\t\t\t\t\t<div class=\"elementor-container elementor-column-gap-default\">\n\t\t\t\t\t<div class=\"elementor-column elementor-col-100 elementor-top-column elementor-element elementor-element-465b146\" data-id=\"465b146\" data-element_type=\"column\" data-e-type=\"column\">\n\t\t\t<div class=\"elementor-widget-wrap elementor-element-populated\">\n\t\t\t\t\t\t<div class=\"elementor-element elementor-element-45c5089 elementor-widget elementor-widget-image\" data-id=\"45c5089\" data-element_type=\"widget\" data-e-type=\"widget\" data-widget_type=\"image.default\">\n\t\t\t\t<div class=\"elementor-widget-container\">\n\t\t\t\t\t\t\t\t\t\t\t\t\t\t\t<img decoding=\"async\" src=\"https:\/\/teenstreet.life\/eu\/wp-content\/uploads\/sites\/13\/2024\/07\/Capture-decran-2024-07-30-a-09.37.43.png\" title=\"Zachycen\u00ed obrazovky 2024-07-30 \u00e0 09.37.43\" alt=\"Zachycen\u00ed obrazovky 2024-07-30 \u00e0 09.37.43\" loading=\"lazy\" \/>\t\t\t\t\t\t\t\t\t\t\t\t\t\t\t<\/div>\n\t\t\t\t<\/div>\n\t\t\t\t\t<\/div>\n\t\t<\/div>\n\t\t\t\t\t<\/div>\n\t\t<\/section>\n\t\t\t\t<\/div>","protected":false},"excerpt":{"rendered":"<p>Previous Next \u2018Praise the Lord oh my soul\u2019 &#8211; TeenStreet 2024 kicked off today with this song. There was great excitement and anticipation in the Main Hall when the entire TeenStreet community met for the first time this year. \u00a0 But before that, the day was impacted by the teenagers&#8217; arrival. They arrived by bus, train and car from all over Europe &#8211; and beyond. And the more that arrived, the busier the site became. The sport fields were already excitedly filled and friends were warmly welcomed.\u00a0 Another highlight of the welcome meeting was a dance video to the song \u2018This is TeenStreet\u2019, which gave an overview of TeenStreet and ended with the singer and dancers performing live on stage. \u00a0 \u00a0<\/p>","protected":false},"author":74,"featured_media":7666,"parent":0,"menu_order":0,"comment_status":"closed","ping_status":"closed","template":"","meta":{"iawp_total_views":0,"footnotes":""},"class_list":["post-7600","page","type-page","status-publish","has-post-thumbnail","hentry"],"_links":{"self":[{"href":"https:\/\/teenstreet.life\/eu\/cs\/wp-json\/wp\/v2\/pages\/7600","targetHints":{"allow":["GET"]}}],"collection":[{"href":"https:\/\/teenstreet.life\/eu\/cs\/wp-json\/wp\/v2\/pages"}],"about":[{"href":"https:\/\/teenstreet.life\/eu\/cs\/wp-json\/wp\/v2\/types\/page"}],"author":[{"embeddable":true,"href":"https:\/\/teenstreet.life\/eu\/cs\/wp-json\/wp\/v2\/users\/74"}],"replies":[{"embeddable":true,"href":"https:\/\/teenstreet.life\/eu\/cs\/wp-json\/wp\/v2\/comments?post=7600"}],"version-history":[{"count":5,"href":"https:\/\/teenstreet.life\/eu\/cs\/wp-json\/wp\/v2\/pages\/7600\/revisions"}],"predecessor-version":[{"id":7865,"href":"https:\/\/teenstreet.life\/eu\/cs\/wp-json\/wp\/v2\/pages\/7600\/revisions\/7865"}],"wp:featuredmedia":[{"embeddable":true,"href":"https:\/\/teenstreet.life\/eu\/cs\/wp-json\/wp\/v2\/media\/7666"}],"wp:attachment":[{"href":"https:\/\/teenstreet.life\/eu\/cs\/wp-json\/wp\/v2\/media?parent=7600"}],"curies":[{"name":"wp","href":"https:\/\/api.w.org\/{rel}","templated":true}]}}