{"id":7592,"date":"2024-07-27T18:40:09","date_gmt":"2024-07-27T16:40:09","guid":{"rendered":"https:\/\/teenstreet.life\/eu\/?page_id=7592"},"modified":"2024-07-30T12:23:48","modified_gmt":"2024-07-30T10:23:48","slug":"zazitek-z-teenstreet-2024","status":"publish","type":"page","link":"https:\/\/teenstreet.life\/eu\/cs\/experience-teenstreet-2024\/","title":{"rendered":"Teenstreet Evropa 2024 Blog"},"content":{"rendered":"<div data-elementor-type=\"wp-page\" data-elementor-id=\"7592\" class=\"elementor elementor-7592\" data-elementor-post-type=\"page\">\n\t\t\t\t\t\t<section class=\"elementor-section elementor-top-section elementor-element elementor-element-ad54b7a elementor-section-boxed elementor-section-height-default elementor-section-height-default wpr-particle-no wpr-jarallax-no wpr-parallax-no wpr-sticky-section-no\" data-id=\"ad54b7a\" data-element_type=\"section\" data-e-type=\"section\">\n\t\t\t\t\t\t<div class=\"elementor-container elementor-column-gap-default\">\n\t\t\t\t\t<div class=\"elementor-column elementor-col-100 elementor-top-column elementor-element elementor-element-65aa540\" data-id=\"65aa540\" data-element_type=\"column\" data-e-type=\"column\">\n\t\t\t<div class=\"elementor-widget-wrap elementor-element-populated\">\n\t\t\t\t\t\t<div class=\"elementor-element elementor-element-d7b7f09 elementor-grid-3 elementor-grid-tablet-2 elementor-grid-mobile-1 elementor-posts--thumbnail-top elementor-widget elementor-widget-posts\" data-id=\"d7b7f09\" data-element_type=\"widget\" data-e-type=\"widget\" data-settings=\"{&quot;classic_columns&quot;:&quot;3&quot;,&quot;classic_columns_tablet&quot;:&quot;2&quot;,&quot;classic_columns_mobile&quot;:&quot;1&quot;,&quot;classic_row_gap&quot;:{&quot;unit&quot;:&quot;px&quot;,&quot;size&quot;:35,&quot;sizes&quot;:[]},&quot;classic_row_gap_tablet&quot;:{&quot;unit&quot;:&quot;px&quot;,&quot;size&quot;:&quot;&quot;,&quot;sizes&quot;:[]},&quot;classic_row_gap_mobile&quot;:{&quot;unit&quot;:&quot;px&quot;,&quot;size&quot;:&quot;&quot;,&quot;sizes&quot;:[]}}\" data-widget_type=\"posts.classic\">\n\t\t\t\t<div class=\"elementor-widget-container\">\n\t\t\t\t\t\t\t<div class=\"elementor-posts-container elementor-posts elementor-posts--skin-classic elementor-grid\" role=\"list\">\n\t\t\t\t<article class=\"elementor-post elementor-grid-item post-7927 page type-page status-publish has-post-thumbnail hentry\" role=\"listitem\">\n\t\t\t\t<a class=\"elementor-post__thumbnail__link\" href=\"https:\/\/teenstreet.life\/eu\/cs\/day-6-filled\/\" tabindex=\"-1\" >\n\t\t\t<div class=\"elementor-post__thumbnail\"><img fetchpriority=\"high\" decoding=\"async\" width=\"300\" height=\"200\" src=\"https:\/\/teenstreet.life\/eu\/wp-content\/uploads\/sites\/13\/2024\/08\/53896292740_4d5d36e8be_k-300x200.jpg\" class=\"attachment-medium size-medium wp-image-7934\" alt=\"\" srcset=\"https:\/\/teenstreet.life\/eu\/wp-content\/uploads\/sites\/13\/2024\/08\/53896292740_4d5d36e8be_k-300x200.jpg 300w, https:\/\/teenstreet.life\/eu\/wp-content\/uploads\/sites\/13\/2024\/08\/53896292740_4d5d36e8be_k-1024x683.jpg 1024w, https:\/\/teenstreet.life\/eu\/wp-content\/uploads\/sites\/13\/2024\/08\/53896292740_4d5d36e8be_k-768x512.jpg 768w, https:\/\/teenstreet.life\/eu\/wp-content\/uploads\/sites\/13\/2024\/08\/53896292740_4d5d36e8be_k-1536x1024.jpg 1536w, https:\/\/teenstreet.life\/eu\/wp-content\/uploads\/sites\/13\/2024\/08\/53896292740_4d5d36e8be_k-18x12.jpg 18w, https:\/\/teenstreet.life\/eu\/wp-content\/uploads\/sites\/13\/2024\/08\/53896292740_4d5d36e8be_k.jpg 2048w\" sizes=\"(max-width: 300px) 100vw, 300px\" \/><\/div>\n\t\t<\/a>\n\t\t\t\t<div class=\"elementor-post__text\">\n\t\t\t\t<h3 class=\"elementor-post__title\">\n\t\t\t<a href=\"https:\/\/teenstreet.life\/eu\/cs\/day-6-filled\/\" >\n\t\t\t\tDen 6 - Napln\u011bno\t\t\t<\/a>\n\t\t<\/h3>\n\t\t\t\t<div class=\"elementor-post__excerpt\">\n\t\t\t<p>P\u0159edchoz\u00ed N\u00e1sleduj\u00edc\u00ed Dnes r\u00e1no jsme se dozv\u011bd\u011bli, kdo ujel nejv\u00edce kol v z\u00e1vod\u011b RAG (Axel z Francie s 24 koly) a kdo z\u00edskal nejv\u00edce pen\u011bz (Hanu\u0161 z Francie).<\/p>\n\t\t<\/div>\n\t\t\n\t\t<a class=\"elementor-post__read-more\" href=\"https:\/\/teenstreet.life\/eu\/cs\/day-6-filled\/\" aria-label=\"P\u0159e\u010dt\u011bte si v\u00edce o Den 6 - Napln\u011bno\" tabindex=\"-1\" >\n\t\t\tP\u0159e\u010dt\u011bte si v\u00edce \"\t\t<\/a>\n\n\t\t\t\t<\/div>\n\t\t\t\t<\/article>\n\t\t\t\t<article class=\"elementor-post elementor-grid-item post-7888 page type-page status-publish has-post-thumbnail hentry\" role=\"listitem\">\n\t\t\t\t<a class=\"elementor-post__thumbnail__link\" href=\"https:\/\/teenstreet.life\/eu\/cs\/day-5-purpose\/\" tabindex=\"-1\" >\n\t\t\t<div class=\"elementor-post__thumbnail\"><img decoding=\"async\" width=\"300\" height=\"200\" src=\"https:\/\/teenstreet.life\/eu\/wp-content\/uploads\/sites\/13\/2024\/08\/TS24_Day5_Logo_BRathke_08_Throne-Room-300x200.jpg\" class=\"attachment-medium size-medium wp-image-7913\" alt=\"\" srcset=\"https:\/\/teenstreet.life\/eu\/wp-content\/uploads\/sites\/13\/2024\/08\/TS24_Day5_Logo_BRathke_08_Throne-Room-300x200.jpg 300w, https:\/\/teenstreet.life\/eu\/wp-content\/uploads\/sites\/13\/2024\/08\/TS24_Day5_Logo_BRathke_08_Throne-Room-1024x683.jpg 1024w, https:\/\/teenstreet.life\/eu\/wp-content\/uploads\/sites\/13\/2024\/08\/TS24_Day5_Logo_BRathke_08_Throne-Room-768x512.jpg 768w, https:\/\/teenstreet.life\/eu\/wp-content\/uploads\/sites\/13\/2024\/08\/TS24_Day5_Logo_BRathke_08_Throne-Room-1536x1024.jpg 1536w, https:\/\/teenstreet.life\/eu\/wp-content\/uploads\/sites\/13\/2024\/08\/TS24_Day5_Logo_BRathke_08_Throne-Room-2048x1365.jpg 2048w, https:\/\/teenstreet.life\/eu\/wp-content\/uploads\/sites\/13\/2024\/08\/TS24_Day5_Logo_BRathke_08_Throne-Room-18x12.jpg 18w\" sizes=\"(max-width: 300px) 100vw, 300px\" \/><\/div>\n\t\t<\/a>\n\t\t\t\t<div class=\"elementor-post__text\">\n\t\t\t\t<h3 class=\"elementor-post__title\">\n\t\t\t<a href=\"https:\/\/teenstreet.life\/eu\/cs\/day-5-purpose\/\" >\n\t\t\t\tDen 5 - \u00da\u010del\t\t\t<\/a>\n\t\t<\/h3>\n\t\t\t\t<div class=\"elementor-post__excerpt\">\n\t\t\t<p>P\u0159edchoz\u00ed N\u00e1sleduj\u00edc\u00ed Den 5: \u00da\u010del Co by byl TeenStreet bez t\u00fdmu slu\u017eeb? V z\u00e1kulis\u00ed letos pracuje 652 lid\u00ed, kte\u0159\u00ed se staraj\u00ed o to, aby TeenStreet mohl fungovat - v kuchyni,<\/p>\n\t\t<\/div>\n\t\t\n\t\t<a class=\"elementor-post__read-more\" href=\"https:\/\/teenstreet.life\/eu\/cs\/day-5-purpose\/\" aria-label=\"P\u0159e\u010dt\u011bte si v\u00edce o 5. dni - C\u00edl\" tabindex=\"-1\" >\n\t\t\tP\u0159e\u010dt\u011bte si v\u00edce \"\t\t<\/a>\n\n\t\t\t\t<\/div>\n\t\t\t\t<\/article>\n\t\t\t\t<article class=\"elementor-post elementor-grid-item post-7873 page type-page status-publish has-post-thumbnail hentry\" role=\"listitem\">\n\t\t\t\t<a class=\"elementor-post__thumbnail__link\" href=\"https:\/\/teenstreet.life\/eu\/cs\/day-4-contentment\/\" tabindex=\"-1\" >\n\t\t\t<div class=\"elementor-post__thumbnail\"><img decoding=\"async\" width=\"300\" height=\"200\" src=\"https:\/\/teenstreet.life\/eu\/wp-content\/uploads\/sites\/13\/2024\/07\/TS24_DAY4_Logo_ASchneider_02_Interact2-300x200.jpg\" class=\"attachment-medium size-medium wp-image-7876\" alt=\"\" srcset=\"https:\/\/teenstreet.life\/eu\/wp-content\/uploads\/sites\/13\/2024\/07\/TS24_DAY4_Logo_ASchneider_02_Interact2-300x200.jpg 300w, https:\/\/teenstreet.life\/eu\/wp-content\/uploads\/sites\/13\/2024\/07\/TS24_DAY4_Logo_ASchneider_02_Interact2-1024x683.jpg 1024w, https:\/\/teenstreet.life\/eu\/wp-content\/uploads\/sites\/13\/2024\/07\/TS24_DAY4_Logo_ASchneider_02_Interact2-768x512.jpg 768w, https:\/\/teenstreet.life\/eu\/wp-content\/uploads\/sites\/13\/2024\/07\/TS24_DAY4_Logo_ASchneider_02_Interact2-1536x1024.jpg 1536w, https:\/\/teenstreet.life\/eu\/wp-content\/uploads\/sites\/13\/2024\/07\/TS24_DAY4_Logo_ASchneider_02_Interact2-2048x1365.jpg 2048w, https:\/\/teenstreet.life\/eu\/wp-content\/uploads\/sites\/13\/2024\/07\/TS24_DAY4_Logo_ASchneider_02_Interact2-18x12.jpg 18w\" sizes=\"(max-width: 300px) 100vw, 300px\" \/><\/div>\n\t\t<\/a>\n\t\t\t\t<div class=\"elementor-post__text\">\n\t\t\t\t<h3 class=\"elementor-post__title\">\n\t\t\t<a href=\"https:\/\/teenstreet.life\/eu\/cs\/day-4-contentment\/\" >\n\t\t\t\tDen 4 - Spokojenost\t\t\t<\/a>\n\t\t<\/h3>\n\t\t\t\t<div class=\"elementor-post__excerpt\">\n\t\t\t<p>P\u0159edchoz\u00ed N\u00e1sleduj\u00edc\u00ed Den 4: spokojenost It might get loud\" - touto p\u00edsn\u00ed dnes teenagery p\u0159iv\u00edtali v hlavn\u00edm s\u00e1le. A hlasit\u011bji za\u010dalo b\u00fdt, kdy\u017e nejlep\u0161\u00ed kost\u00fdm<\/p>\n\t\t<\/div>\n\t\t\n\t\t<a class=\"elementor-post__read-more\" href=\"https:\/\/teenstreet.life\/eu\/cs\/day-4-contentment\/\" aria-label=\"P\u0159e\u010dt\u011bte si v\u00edce o Den 4 - Spokojenost\" tabindex=\"-1\" >\n\t\t\tP\u0159e\u010dt\u011bte si v\u00edce \"\t\t<\/a>\n\n\t\t\t\t<\/div>\n\t\t\t\t<\/article>\n\t\t\t\t<article class=\"elementor-post elementor-grid-item post-7613 page type-page status-publish has-post-thumbnail hentry\" role=\"listitem\">\n\t\t\t\t<a class=\"elementor-post__thumbnail__link\" href=\"https:\/\/teenstreet.life\/eu\/cs\/day-3-purpose\/\" tabindex=\"-1\" >\n\t\t\t<div class=\"elementor-post__thumbnail\"><img loading=\"lazy\" decoding=\"async\" width=\"300\" height=\"200\" src=\"https:\/\/teenstreet.life\/eu\/wp-content\/uploads\/sites\/13\/2024\/07\/TS24_Day3_Logo_MBosch_54_RAG-300x200.jpg\" class=\"attachment-medium size-medium wp-image-7814\" alt=\"\" srcset=\"https:\/\/teenstreet.life\/eu\/wp-content\/uploads\/sites\/13\/2024\/07\/TS24_Day3_Logo_MBosch_54_RAG-300x200.jpg 300w, https:\/\/teenstreet.life\/eu\/wp-content\/uploads\/sites\/13\/2024\/07\/TS24_Day3_Logo_MBosch_54_RAG-1024x683.jpg 1024w, https:\/\/teenstreet.life\/eu\/wp-content\/uploads\/sites\/13\/2024\/07\/TS24_Day3_Logo_MBosch_54_RAG-768x512.jpg 768w, https:\/\/teenstreet.life\/eu\/wp-content\/uploads\/sites\/13\/2024\/07\/TS24_Day3_Logo_MBosch_54_RAG-1536x1024.jpg 1536w, https:\/\/teenstreet.life\/eu\/wp-content\/uploads\/sites\/13\/2024\/07\/TS24_Day3_Logo_MBosch_54_RAG-2048x1365.jpg 2048w, https:\/\/teenstreet.life\/eu\/wp-content\/uploads\/sites\/13\/2024\/07\/TS24_Day3_Logo_MBosch_54_RAG-18x12.jpg 18w\" sizes=\"(max-width: 300px) 100vw, 300px\" \/><\/div>\n\t\t<\/a>\n\t\t\t\t<div class=\"elementor-post__text\">\n\t\t\t\t<h3 class=\"elementor-post__title\">\n\t\t\t<a href=\"https:\/\/teenstreet.life\/eu\/cs\/day-3-purpose\/\" >\n\t\t\t\tDen 3 - Spole\u010dn\u00e9 dobro\t\t\t<\/a>\n\t\t<\/h3>\n\t\t\t\t<div class=\"elementor-post__excerpt\">\n\t\t\t<p>P\u0159edchoz\u00ed N\u00e1sleduj\u00edc\u00ed Den 3 na TeenStreet! Den kluk\u016f a holek! Z\u00e1vod RAG! To byl den!   Dnes r\u00e1no se v hlavn\u00edm s\u00e1le nejprve se\u0161li kluci, zat\u00edmco holky m\u011bly<\/p>\n\t\t<\/div>\n\t\t\n\t\t<a class=\"elementor-post__read-more\" href=\"https:\/\/teenstreet.life\/eu\/cs\/day-3-purpose\/\" aria-label=\"P\u0159e\u010dt\u011bte si v\u00edce o 3. dni - Spole\u010dn\u00e9 dobro\" tabindex=\"-1\" >\n\t\t\tP\u0159e\u010dt\u011bte si v\u00edce \"\t\t<\/a>\n\n\t\t\t\t<\/div>\n\t\t\t\t<\/article>\n\t\t\t\t<article class=\"elementor-post elementor-grid-item post-7608 page type-page status-publish has-post-thumbnail hentry\" role=\"listitem\">\n\t\t\t\t<a class=\"elementor-post__thumbnail__link\" href=\"https:\/\/teenstreet.life\/eu\/cs\/day-2-bold\/\" tabindex=\"-1\" >\n\t\t\t<div class=\"elementor-post__thumbnail\"><img loading=\"lazy\" decoding=\"async\" width=\"300\" height=\"200\" src=\"https:\/\/teenstreet.life\/eu\/wp-content\/uploads\/sites\/13\/2024\/07\/TS24_Day2_Logo_RvanKranenburg_12_Mainhall-300x200.jpg\" class=\"attachment-medium size-medium wp-image-7720\" alt=\"\" srcset=\"https:\/\/teenstreet.life\/eu\/wp-content\/uploads\/sites\/13\/2024\/07\/TS24_Day2_Logo_RvanKranenburg_12_Mainhall-300x200.jpg 300w, https:\/\/teenstreet.life\/eu\/wp-content\/uploads\/sites\/13\/2024\/07\/TS24_Day2_Logo_RvanKranenburg_12_Mainhall-1024x683.jpg 1024w, https:\/\/teenstreet.life\/eu\/wp-content\/uploads\/sites\/13\/2024\/07\/TS24_Day2_Logo_RvanKranenburg_12_Mainhall-768x512.jpg 768w, https:\/\/teenstreet.life\/eu\/wp-content\/uploads\/sites\/13\/2024\/07\/TS24_Day2_Logo_RvanKranenburg_12_Mainhall-1536x1024.jpg 1536w, https:\/\/teenstreet.life\/eu\/wp-content\/uploads\/sites\/13\/2024\/07\/TS24_Day2_Logo_RvanKranenburg_12_Mainhall-2048x1365.jpg 2048w, https:\/\/teenstreet.life\/eu\/wp-content\/uploads\/sites\/13\/2024\/07\/TS24_Day2_Logo_RvanKranenburg_12_Mainhall-18x12.jpg 18w\" sizes=\"(max-width: 300px) 100vw, 300px\" \/><\/div>\n\t\t<\/a>\n\t\t\t\t<div class=\"elementor-post__text\">\n\t\t\t\t<h3 class=\"elementor-post__title\">\n\t\t\t<a href=\"https:\/\/teenstreet.life\/eu\/cs\/day-2-bold\/\" >\n\t\t\t\tDen 2 - Odv\u00e1\u017en\u00fd\t\t\t<\/a>\n\t\t<\/h3>\n\t\t\t\t<div class=\"elementor-post__excerpt\">\n\t\t\t<p>P\u0159edchoz\u00ed N\u00e1sleduj\u00edc\u00ed \"Odvaha nen\u00ed n\u011bco c\u00edtit a pak jednat - je to naopak!\" Petr, zbab\u011blec, kter\u00fd zap\u0159el Je\u017e\u00ed\u0161e, se stal odv\u00e1\u017en\u00fdm, kdy\u017e se za\u010dal chovat jako Je\u017e\u00ed\u0161 a napodoboval ho<\/p>\n\t\t<\/div>\n\t\t\n\t\t<a class=\"elementor-post__read-more\" href=\"https:\/\/teenstreet.life\/eu\/cs\/day-2-bold\/\" aria-label=\"P\u0159e\u010dt\u011bte si v\u00edce o Den 2 - Bold\" tabindex=\"-1\" >\n\t\t\tP\u0159e\u010dt\u011bte si v\u00edce \"\t\t<\/a>\n\n\t\t\t\t<\/div>\n\t\t\t\t<\/article>\n\t\t\t\t<article class=\"elementor-post elementor-grid-item post-7600 page type-page status-publish has-post-thumbnail hentry\" role=\"listitem\">\n\t\t\t\t<a class=\"elementor-post__thumbnail__link\" href=\"https:\/\/teenstreet.life\/eu\/cs\/day-1-expectation\/\" tabindex=\"-1\" >\n\t\t\t<div class=\"elementor-post__thumbnail\"><img loading=\"lazy\" decoding=\"async\" width=\"300\" height=\"200\" src=\"https:\/\/teenstreet.life\/eu\/wp-content\/uploads\/sites\/13\/2024\/07\/TS24-DAY1-Logo-VanDenHeuvel-1562-Throneroom-300x200.jpg\" class=\"attachment-medium size-medium wp-image-7666\" alt=\"\" srcset=\"https:\/\/teenstreet.life\/eu\/wp-content\/uploads\/sites\/13\/2024\/07\/TS24-DAY1-Logo-VanDenHeuvel-1562-Throneroom-300x200.jpg 300w, https:\/\/teenstreet.life\/eu\/wp-content\/uploads\/sites\/13\/2024\/07\/TS24-DAY1-Logo-VanDenHeuvel-1562-Throneroom-1024x683.jpg 1024w, https:\/\/teenstreet.life\/eu\/wp-content\/uploads\/sites\/13\/2024\/07\/TS24-DAY1-Logo-VanDenHeuvel-1562-Throneroom-768x512.jpg 768w, https:\/\/teenstreet.life\/eu\/wp-content\/uploads\/sites\/13\/2024\/07\/TS24-DAY1-Logo-VanDenHeuvel-1562-Throneroom-1536x1024.jpg 1536w, https:\/\/teenstreet.life\/eu\/wp-content\/uploads\/sites\/13\/2024\/07\/TS24-DAY1-Logo-VanDenHeuvel-1562-Throneroom-2048x1365.jpg 2048w, https:\/\/teenstreet.life\/eu\/wp-content\/uploads\/sites\/13\/2024\/07\/TS24-DAY1-Logo-VanDenHeuvel-1562-Throneroom-18x12.jpg 18w\" sizes=\"(max-width: 300px) 100vw, 300px\" \/><\/div>\n\t\t<\/a>\n\t\t\t\t<div class=\"elementor-post__text\">\n\t\t\t\t<h3 class=\"elementor-post__title\">\n\t\t\t<a href=\"https:\/\/teenstreet.life\/eu\/cs\/day-1-expectation\/\" >\n\t\t\t\tDen 1 - O\u010dek\u00e1v\u00e1n\u00ed\t\t\t<\/a>\n\t\t<\/h3>\n\t\t\t\t<div class=\"elementor-post__excerpt\">\n\t\t\t<p>P\u0159edchoz\u00ed N\u00e1sleduj\u00edc\u00ed \"Chvalte P\u00e1na, \u00f3 m\u00e1 du\u0161e\" - TeenStreet 2024 dnes odstartoval touto p\u00edsn\u00ed. V hlavn\u00edm s\u00e1le panovalo velk\u00e9 vzru\u0161en\u00ed a o\u010dek\u00e1v\u00e1n\u00ed, kdy\u017e se cel\u00e1<\/p>\n\t\t<\/div>\n\t\t\n\t\t<a class=\"elementor-post__read-more\" href=\"https:\/\/teenstreet.life\/eu\/cs\/day-1-expectation\/\" aria-label=\"P\u0159e\u010dt\u011bte si v\u00edce o Den 1 - O\u010dek\u00e1v\u00e1n\u00ed\" tabindex=\"-1\" >\n\t\t\tP\u0159e\u010dt\u011bte si v\u00edce \"\t\t<\/a>\n\n\t\t\t\t<\/div>\n\t\t\t\t<\/article>\n\t\t\t\t<\/div>\n\t\t\n\t\t\t\t\t\t<\/div>\n\t\t\t\t<\/div>\n\t\t\t\t\t<\/div>\n\t\t<\/div>\n\t\t\t\t\t<\/div>\n\t\t<\/section>\n\t\t\t\t<\/div>","protected":false},"excerpt":{"rendered":"","protected":false},"author":42,"featured_media":0,"parent":0,"menu_order":0,"comment_status":"closed","ping_status":"closed","template":"","meta":{"iawp_total_views":3,"footnotes":""},"class_list":["post-7592","page","type-page","status-publish","hentry"],"_links":{"self":[{"href":"https:\/\/teenstreet.life\/eu\/cs\/wp-json\/wp\/v2\/pages\/7592","targetHints":{"allow":["GET"]}}],"collection":[{"href":"https:\/\/teenstreet.life\/eu\/cs\/wp-json\/wp\/v2\/pages"}],"about":[{"href":"https:\/\/teenstreet.life\/eu\/cs\/wp-json\/wp\/v2\/types\/page"}],"author":[{"embeddable":true,"href":"https:\/\/teenstreet.life\/eu\/cs\/wp-json\/wp\/v2\/users\/42"}],"replies":[{"embeddable":true,"href":"https:\/\/teenstreet.life\/eu\/cs\/wp-json\/wp\/v2\/comments?post=7592"}],"version-history":[{"count":5,"href":"https:\/\/teenstreet.life\/eu\/cs\/wp-json\/wp\/v2\/pages\/7592\/revisions"}],"predecessor-version":[{"id":7762,"href":"https:\/\/teenstreet.life\/eu\/cs\/wp-json\/wp\/v2\/pages\/7592\/revisions\/7762"}],"wp:attachment":[{"href":"https:\/\/teenstreet.life\/eu\/cs\/wp-json\/wp\/v2\/media?parent=7592"}],"curies":[{"name":"wp","href":"https:\/\/api.w.org\/{rel}","templated":true}]}}