{"id":60,"date":"2020-05-25T09:24:00","date_gmt":"2020-05-25T09:24:00","guid":{"rendered":"https:\/\/teenstreet.life\/eu\/?page_id=60"},"modified":"2023-11-29T12:57:44","modified_gmt":"2023-11-29T11:57:44","slug":"dejiny","status":"publish","type":"page","link":"https:\/\/teenstreet.life\/eu\/cs\/about\/history\/","title":{"rendered":"D\u011bjiny"},"content":{"rendered":"<div data-elementor-type=\"wp-page\" data-elementor-id=\"60\" class=\"elementor elementor-60\" data-elementor-post-type=\"page\">\n\t\t\t\t\t\t<section class=\"elementor-section elementor-top-section elementor-element elementor-element-672cfdb elementor-section-boxed elementor-section-height-default elementor-section-height-default wpr-particle-no wpr-jarallax-no wpr-parallax-no wpr-sticky-section-no\" data-id=\"672cfdb\" data-element_type=\"section\" data-e-type=\"section\">\n\t\t\t\t\t\t<div class=\"elementor-container elementor-column-gap-default\">\n\t\t\t\t\t<div class=\"elementor-column elementor-col-16 elementor-top-column elementor-element elementor-element-54fde2a\" data-id=\"54fde2a\" data-element_type=\"column\" data-e-type=\"column\">\n\t\t\t<div class=\"elementor-widget-wrap\">\n\t\t\t\t\t\t\t<\/div>\n\t\t<\/div>\n\t\t\t\t<div class=\"elementor-column elementor-col-66 elementor-top-column elementor-element elementor-element-50a2e63\" data-id=\"50a2e63\" data-element_type=\"column\" data-e-type=\"column\">\n\t\t\t<div class=\"elementor-widget-wrap elementor-element-populated\">\n\t\t\t\t\t\t<div class=\"elementor-element elementor-element-19d84d82 elementor-widget elementor-widget-text-editor\" data-id=\"19d84d82\" data-element_type=\"widget\" data-e-type=\"widget\" data-widget_type=\"text-editor.default\">\n\t\t\t\t<div class=\"elementor-widget-container\">\n\t\t\t\t\t\t\t\t\t<p>TeenStreet za\u010dala v roce 1992 jako vize pro mezin\u00e1rodn\u00ed k\u0159es\u0165anskou konferenci pro dosp\u00edvaj\u00edc\u00ed. Zakladatel\u00e9 Dan a Suzie Potterovi z USA j\u00ed dali n\u00e1zev TeenStreet, \u201eproto\u017ee hlavn\u00edm \u00fa\u010delem bylo d\u00e1t dosp\u00edvaj\u00edc\u00edm ulici, po kter\u00e9 by mohli cestovat... zp\u016fsob, jak \u017e\u00edt\u201c.<\/p>\n<p>Prvn\u00ed TeenStreet se konal v Offenburgu v N\u011bmecku v l\u00e9t\u011b 1993, celkem 56 lid\u00ed. Odtamtud rychle rostla a v roce 2000 p\u0159es\u00e1hla \u00fa\u010dast 2 000.<\/p>\n<p>V roce 2004 se TeenStreet roz\u0161\u00ed\u0159ila do Braz\u00edlie, pot\u00e9 do Austr\u00e1lie v roce 2010 a podobn\u00e1 hnut\u00ed byla zah\u00e1jena po cel\u00e9m sv\u011bt\u011b.<\/p>\n<p>Dnes TeenStreet p\u016fsob\u00ed v sedmi zem\u00edch s celkov\u00fdm po\u010dtem 8 000 \u00fa\u010dastn\u00edk\u016f ka\u017ed\u00fd rok \u2013 ale r\u016fst je\u0161t\u011b nekon\u010d\u00edme.<\/p>\n<p>\u201eTeenStreet je mnohem v\u00edc ne\u017e jen t\u00fddenn\u00ed akce,\u201c vysv\u011btluje b\u00fdval\u00fd \u0159editel TeenStreet Europe Ger van Veen. &quot;Tis\u00edce mlad\u00fdch lid\u00ed ka\u017ed\u00fd rok opust\u00ed TeenStreet a jsou zmocn\u011bni \u017e\u00edt pro Je\u017e\u00ed\u0161e a odr\u00e1\u017eet Ho ve sv\u00e9m sv\u011bt\u011b.&quot;<\/p>\n<p>V roce 2020 spustila TeenStreet svou v\u016fbec prvn\u00ed online ud\u00e1lost v reakci na pandemii COVID-19. Jak se n\u00e1\u0161 vliv roz\u0161i\u0159uje prost\u0159ednictv\u00edm nov\u00fdch technologi\u00ed a p\u0159\u00edle\u017eitost\u00ed, n\u00e1sledujeme Bo\u017e\u00ed sm\u011br do budoucna a putujeme spole\u010dn\u011b jako glob\u00e1ln\u00ed spole\u010denstv\u00ed Je\u017e\u00ed\u0161ov\u00fdch n\u00e1sledovn\u00edk\u016f, kte\u0159\u00ed se zav\u00e1zali oslavovat Jeho jm\u00e9no.<\/p>\t\t\t\t\t\t\t\t<\/div>\n\t\t\t\t<\/div>\n\t\t\t\t\t<\/div>\n\t\t<\/div>\n\t\t\t\t<div class=\"elementor-column elementor-col-16 elementor-top-column elementor-element elementor-element-0320df7\" data-id=\"0320df7\" data-element_type=\"column\" data-e-type=\"column\">\n\t\t\t<div class=\"elementor-widget-wrap\">\n\t\t\t\t\t\t\t<\/div>\n\t\t<\/div>\n\t\t\t\t\t<\/div>\n\t\t<\/section>\n\t\t\t\t<\/div>","protected":false},"excerpt":{"rendered":"<p>TeenStreet began in 1992 as a vision for an international Christian conference for teens. Founders Dan and Suzie Potter from the U.S. gave it the name TeenStreet \u201cbecause the whole purpose was to give teens a street to travel upon\u2026a way to live\u201d. The first TeenStreet was held in Offenburg, Germany, in the summer of 1993, with a total of 56 people. It grew rapidly from there, and by 2000, participation topped 2,000. In 2004, TeenStreet expanded to Brazil, then to Australia in 2010, and similar movements have been launched around the globe. Today, TeenStreet operates in seven countries, with a total of 8,000 participants each year\u2014but we\u2019re not done growing. \u201cTeenStreet is much more than a one-week event,\u201d explains former TeenStreet Europe director Ger van Veen. \u201cThousands of young people leave TeenStreet every year and are empowered to live for Jesus and reflect Him in their world.\u201d In 2020, TeenStreet launched its first ever online event, as a response to the COVID-19 pandemic. As our influence expands through new technologies and opportunities, we\u2019re following God\u2019s direction for the future, journeying together as a global community of Jesus followers who are committed to glorifying His name.<\/p>","protected":false},"author":1,"featured_media":7036,"parent":56,"menu_order":0,"comment_status":"closed","ping_status":"closed","template":"","meta":{"iawp_total_views":8,"footnotes":""},"class_list":["post-60","page","type-page","status-publish","has-post-thumbnail","hentry"],"_links":{"self":[{"href":"https:\/\/teenstreet.life\/eu\/cs\/wp-json\/wp\/v2\/pages\/60","targetHints":{"allow":["GET"]}}],"collection":[{"href":"https:\/\/teenstreet.life\/eu\/cs\/wp-json\/wp\/v2\/pages"}],"about":[{"href":"https:\/\/teenstreet.life\/eu\/cs\/wp-json\/wp\/v2\/types\/page"}],"author":[{"embeddable":true,"href":"https:\/\/teenstreet.life\/eu\/cs\/wp-json\/wp\/v2\/users\/1"}],"replies":[{"embeddable":true,"href":"https:\/\/teenstreet.life\/eu\/cs\/wp-json\/wp\/v2\/comments?post=60"}],"version-history":[{"count":1,"href":"https:\/\/teenstreet.life\/eu\/cs\/wp-json\/wp\/v2\/pages\/60\/revisions"}],"predecessor-version":[{"id":7039,"href":"https:\/\/teenstreet.life\/eu\/cs\/wp-json\/wp\/v2\/pages\/60\/revisions\/7039"}],"up":[{"embeddable":true,"href":"https:\/\/teenstreet.life\/eu\/cs\/wp-json\/wp\/v2\/pages\/56"}],"wp:featuredmedia":[{"embeddable":true,"href":"https:\/\/teenstreet.life\/eu\/cs\/wp-json\/wp\/v2\/media\/7036"}],"wp:attachment":[{"href":"https:\/\/teenstreet.life\/eu\/cs\/wp-json\/wp\/v2\/media?parent=60"}],"curies":[{"name":"wp","href":"https:\/\/api.w.org\/{rel}","templated":true}]}}