{"id":56,"date":"2020-05-25T09:23:25","date_gmt":"2020-05-25T09:23:25","guid":{"rendered":"https:\/\/teenstreet.life\/eu\/?page_id=56"},"modified":"2023-11-29T12:56:54","modified_gmt":"2023-11-29T11:56:54","slug":"o","status":"publish","type":"page","link":"https:\/\/teenstreet.life\/eu\/cs\/about\/","title":{"rendered":"O Teenstreet"},"content":{"rendered":"<div data-elementor-type=\"wp-page\" data-elementor-id=\"56\" class=\"elementor elementor-56\" data-elementor-post-type=\"page\">\n\t\t\t\t\t\t<section class=\"elementor-section elementor-top-section elementor-element elementor-element-c593276 elementor-section-boxed elementor-section-height-default elementor-section-height-default wpr-particle-no wpr-jarallax-no wpr-parallax-no wpr-sticky-section-no\" data-id=\"c593276\" data-element_type=\"section\" data-e-type=\"section\">\n\t\t\t\t\t\t<div class=\"elementor-container elementor-column-gap-default\">\n\t\t\t\t\t<div class=\"elementor-column elementor-col-16 elementor-top-column elementor-element elementor-element-2af51f9\" data-id=\"2af51f9\" data-element_type=\"column\" data-e-type=\"column\">\n\t\t\t<div class=\"elementor-widget-wrap\">\n\t\t\t\t\t\t\t<\/div>\n\t\t<\/div>\n\t\t\t\t<div class=\"elementor-column elementor-col-66 elementor-top-column elementor-element elementor-element-9c8ab1e\" data-id=\"9c8ab1e\" data-element_type=\"column\" data-e-type=\"column\">\n\t\t\t<div class=\"elementor-widget-wrap elementor-element-populated\">\n\t\t\t\t\t\t<div class=\"elementor-element elementor-element-4f3065b elementor-widget elementor-widget-text-editor\" data-id=\"4f3065b\" data-element_type=\"widget\" data-e-type=\"widget\" data-widget_type=\"text-editor.default\">\n\t\t\t\t<div class=\"elementor-widget-container\">\n\t\t\t\t\t\t\t\t\t<p>TeenStreet je mezin\u00e1rodn\u00ed k\u0159es\u0165ansk\u00e1 ud\u00e1lost pro teenagery. Spolupracujeme s C\u00edrkv\u00ed, abychom motivovali, vyzbrojovali a chodili po boku (k\u0159es\u0165ansk\u00fdch) dosp\u00edvaj\u00edc\u00edch z cel\u00e9 Evropy, aby nav\u00e1zali skute\u010dn\u00e9 p\u0159\u00e1telstv\u00ed s Je\u017e\u00ed\u0161em a odr\u00e1\u017eeli Ho ka\u017ed\u00fd den ve sv\u00e9m sv\u011bt\u011b.<\/p><p>TeenStreet za\u010dala v roce 1993 s celkem 53 teenagery a rychle se rozrostla. Dnes m\u00e1me 7 ka\u017edoro\u010dn\u00edch t\u00fddenn\u00edch akc\u00ed v 6 zem\u00edch a n\u011bkolik v\u00edkendov\u00fdch akc\u00ed ve v\u00edce ne\u017e 15 zem\u00edch na 4 kontinentech. T\u011bchto akc\u00ed se \u00fa\u010dastn\u00ed kolem 10 000 \u00fa\u010dastn\u00edk\u016f a dobrovoln\u00edk\u016f a investuj\u00ed do nich. O\u010dek\u00e1v\u00e1me, \u017ee v p\u0159\u00ed\u0161t\u00edch letech bude zah\u00e1jeno nejm\u00e9n\u011b 30 dal\u0161\u00edch akc\u00ed v zem\u00edch po cel\u00e9m sv\u011bt\u011b, v\u010detn\u011b St\u0159edn\u00edho v\u00fdchodu, Afriky a Asie.<\/p><p>Zav\u00e1zali jsme se pracovat s c\u00edrkvemi a skupinami ml\u00e1de\u017ee a podporovat je v jejich slu\u017eb\u011b teenager\u016fm. Z\u00e1rove\u0148 klademe d\u016fraz na spolupr\u00e1ci s c\u00edrkvemi, proto\u017ee je tak d\u016fle\u017eit\u00e9, aby teenage\u0159i m\u011bli po TeenStreet k\u0159es\u0165ansk\u00e9 spole\u010denstv\u00ed, jeho\u017e sou\u010d\u00e1st\u00ed jsou.<\/p><p>V TeenStreet chceme povzbudit teenagery v jejich ch\u016fzi s Je\u017e\u00ed\u0161em a pomoci jim d\u011blat moudr\u00e1 rozhodnut\u00ed. Proto je ka\u017ed\u00fd \u00fa\u010dastn\u00edk sou\u010d\u00e1st\u00ed mal\u00e9 skupiny. \u010clenov\u00e9 mal\u00e9 skupiny sd\u00edlej\u00ed stejn\u00fd jazyk a jsou stejn\u00e9ho v\u011bku. Jejich dosp\u011bl\u00fd v\u016fdce je podporuje a sd\u00edl\u00ed s nimi sv\u016fj osobn\u00ed vztah s Je\u017e\u00ed\u0161em.<\/p><p>B\u011bhem hlavn\u00edch setk\u00e1n\u00ed se teenage\u0159i tak\u00e9 u\u010d\u00ed o \u017eivot\u011b ve vztahu s Bohem. To, co sly\u0161\u00ed na hlavn\u00edch setk\u00e1n\u00edch, berou do sv\u00fdch mal\u00fdch skupin, aby o tom p\u0159em\u00fd\u0161leli a aplikovali to na sv\u016fj \u017eivot doma. Krom\u011b toho nab\u00edz\u00ed TeenStreet mnoho vzru\u0161uj\u00edc\u00edch v\u011bc\u00ed pro teenagery, kter\u00fdch se mohou z\u00fa\u010dastnit, v\u010detn\u011b sportu, kreativn\u00edho um\u011bn\u00ed, semin\u00e1\u0159\u016f a workshop\u016f. Maj\u00ed tak\u00e9 voln\u00fd \u010das, aby se sezn\u00e1mili s lidmi z jin\u00fdch zem\u00ed, s odli\u0161n\u00fdm kulturn\u00edm a c\u00edrkevn\u00edm z\u00e1zem\u00edm.<\/p>\t\t\t\t\t\t\t\t<\/div>\n\t\t\t\t<\/div>\n\t\t\t\t<div class=\"elementor-element elementor-element-bfa60f8 elementor-widget elementor-widget-heading\" data-id=\"bfa60f8\" data-element_type=\"widget\" data-e-type=\"widget\" data-widget_type=\"heading.default\">\n\t\t\t\t<div class=\"elementor-widget-container\">\n\t\t\t\t\t<h2 class=\"elementor-heading-title elementor-size-default\">Vid\u011bn\u00ed<\/h2>\t\t\t\t<\/div>\n\t\t\t\t<\/div>\n\t\t\t\t<div class=\"elementor-element elementor-element-7a02c69 elementor-blockquote--skin-quotation elementor-widget elementor-widget-blockquote\" data-id=\"7a02c69\" data-element_type=\"widget\" data-e-type=\"widget\" data-widget_type=\"blockquote.default\">\n\t\t\t\t<div class=\"elementor-widget-container\">\n\t\t\t\t\t\t\t<blockquote class=\"elementor-blockquote\">\n\t\t\t<p class=\"elementor-blockquote__content\">\n\t\t\t\tTeenStreet spolupracuje s C\u00edrkv\u00ed, aby motivovala, vybavovala a kr\u00e1\u010dela po boku (k\u0159es\u0165ansk\u00fdch) dosp\u00edvaj\u00edc\u00edch, aby nav\u00e1zali skute\u010dn\u00e9 p\u0159\u00e1telstv\u00ed s Je\u017e\u00ed\u0161em a odr\u00e1\u017eeli Ho ka\u017ed\u00fd den ve sv\u00e9m sv\u011bt\u011b.  \t\t\t<\/p>\n\t\t\t\t\t<\/blockquote>\n\t\t\t\t\t\t<\/div>\n\t\t\t\t<\/div>\n\t\t\t\t<div class=\"elementor-element elementor-element-c367197 elementor-widget elementor-widget-heading\" data-id=\"c367197\" data-element_type=\"widget\" data-e-type=\"widget\" data-widget_type=\"heading.default\">\n\t\t\t\t<div class=\"elementor-widget-container\">\n\t\t\t\t\t<h2 class=\"elementor-heading-title elementor-size-default\">V\u00edce o TeenStreet<\/h2>\t\t\t\t<\/div>\n\t\t\t\t<\/div>\n\t\t\t\t\t<\/div>\n\t\t<\/div>\n\t\t\t\t<div class=\"elementor-column elementor-col-16 elementor-top-column elementor-element elementor-element-e3a5560\" data-id=\"e3a5560\" data-element_type=\"column\" data-e-type=\"column\">\n\t\t\t<div class=\"elementor-widget-wrap\">\n\t\t\t\t\t\t\t<\/div>\n\t\t<\/div>\n\t\t\t\t\t<\/div>\n\t\t<\/section>\n\t\t\t\t<section class=\"elementor-section elementor-inner-section elementor-element elementor-element-6d47c340 elementor-section-boxed elementor-section-height-default elementor-section-height-default wpr-particle-no wpr-jarallax-no wpr-parallax-no wpr-sticky-section-no\" data-id=\"6d47c340\" data-element_type=\"section\" data-e-type=\"section\">\n\t\t\t\t\t\t<div class=\"elementor-container elementor-column-gap-extended\">\n\t\t\t\t\t<div class=\"elementor-column elementor-col-33 elementor-inner-column elementor-element elementor-element-64429f9c\" data-id=\"64429f9c\" data-element_type=\"column\" data-e-type=\"column\">\n\t\t\t<div class=\"elementor-widget-wrap elementor-element-populated\">\n\t\t\t\t\t\t<div class=\"elementor-element elementor-element-59b56d48 elementor-widget elementor-widget-ts-card\" data-id=\"59b56d48\" data-element_type=\"widget\" data-e-type=\"widget\" data-widget_type=\"ts-card.default\">\n\t\t\t\t<div class=\"elementor-widget-container\">\n\t\t\t\t\t            <div class=\"ts-card ts-image-background\" style=\"background-image: url(https:\/\/teenstreet.life\/eu\/wp-content\/uploads\/sites\/13\/2020\/05\/teenstreet-1993-participants.jpg);\">\r\n\r\n                \t\t\t\t\t<h3 class=\"ts-card-title\">\r\n\t\t\t\t\t\t<a href=\"https:\/\/teenstreet.life\/eu\/cs\/o\/dejiny\/\">\r\n\t\t\t\t\t\t\tD\u011bjiny\t\t\t\t\t\t<\/a>\r\n                    <\/h3>\r\n                \r\n                                    <p class=\"ts-card-description\">\r\n                        TeenStreet za\u010dala v roce 1993 s 56 \u00fa\u010dastn\u00edky v Oldenburgu. Nyn\u00ed se ka\u017ed\u00fd rok sch\u00e1z\u00ed 4 000 \u00fa\u010dastn\u00edk\u016f z 20 r\u016fzn\u00fdch zem\u00ed, aby l\u00e9pe poznali Je\u017e\u00ed\u0161e a u\u010dinili Boha velk\u00fdm!                    <\/p>\r\n                \t\t\t\t\r\n\r\n                                    <a class=\"ts-card-button elementor-button-link\" href=\"https:\/\/teenstreet.life\/eu\/cs\/o\/dejiny\/\">\r\n                        V\u00edce informac\u00ed                    <\/a>\r\n                \r\n                 \r\n                    <a class=\"ts-card-full-link\" href=\"https:\/\/teenstreet.life\/eu\/cs\/o\/dejiny\/\"><\/a>\r\n                \r\n            <\/div>\r\n\r\n        \t\t\t\t<\/div>\n\t\t\t\t<\/div>\n\t\t\t\t\t<\/div>\n\t\t<\/div>\n\t\t\t\t<div class=\"elementor-column elementor-col-33 elementor-inner-column elementor-element elementor-element-364681c9\" data-id=\"364681c9\" data-element_type=\"column\" data-e-type=\"column\">\n\t\t\t<div class=\"elementor-widget-wrap elementor-element-populated\">\n\t\t\t\t\t\t<div class=\"elementor-element elementor-element-7a182468 elementor-widget elementor-widget-ts-card\" data-id=\"7a182468\" data-element_type=\"widget\" data-e-type=\"widget\" data-widget_type=\"ts-card.default\">\n\t\t\t\t<div class=\"elementor-widget-container\">\n\t\t\t\t\t            <div class=\"ts-card ts-image-background\" style=\"background-image: url(https:\/\/teenstreet.life\/eu\/wp-content\/uploads\/sites\/13\/2020\/05\/core-values-480x480.jpg);\">\r\n\r\n                \t\t\t\t\t<h3 class=\"ts-card-title\">\r\n\t\t\t\t\t\t<a href=\"https:\/\/teenstreet.life\/eu\/cs\/o\/zakladni-hodnoty\/\">\r\n\t\t\t\t\t\t\tZ\u00e1kladn\u00ed hodnoty\t\t\t\t\t\t<\/a>\r\n                    <\/h3>\r\n                \r\n                                    <p class=\"ts-card-description\">\r\n                        V TeenStreet v\u011b\u0159\u00edme, \u017ee dosp\u00edvaj\u00edc\u00ed je t\u0159eba br\u00e1t v\u00e1\u017en\u011b; jejich sny a jejich boje. Jsou to v\u016fdci z\u00edt\u0159ka, do kter\u00fdch mus\u00edme investovat. Proto existuje TeenStreet.                    <\/p>\r\n                \t\t\t\t\r\n\r\n                                    <a class=\"ts-card-button elementor-button-link\" href=\"https:\/\/teenstreet.life\/eu\/cs\/o\/zakladni-hodnoty\/\">\r\n                        Na\u0161e hodnoty                    <\/a>\r\n                \r\n                 \r\n                    <a class=\"ts-card-full-link\" href=\"https:\/\/teenstreet.life\/eu\/cs\/o\/zakladni-hodnoty\/\"><\/a>\r\n                \r\n            <\/div>\r\n\r\n        \t\t\t\t<\/div>\n\t\t\t\t<\/div>\n\t\t\t\t\t<\/div>\n\t\t<\/div>\n\t\t\t\t<div class=\"elementor-column elementor-col-33 elementor-inner-column elementor-element elementor-element-10a5bb30\" data-id=\"10a5bb30\" data-element_type=\"column\" data-e-type=\"column\">\n\t\t\t<div class=\"elementor-widget-wrap elementor-element-populated\">\n\t\t\t\t\t\t<div class=\"elementor-element elementor-element-2524ee34 elementor-widget elementor-widget-ts-card\" data-id=\"2524ee34\" data-element_type=\"widget\" data-e-type=\"widget\" data-widget_type=\"ts-card.default\">\n\t\t\t\t<div class=\"elementor-widget-container\">\n\t\t\t\t\t            <div class=\"ts-card ts-image-background\" style=\"background-image: url(https:\/\/teenstreet.life\/eu\/wp-content\/uploads\/sites\/13\/2020\/05\/ts-about-om-480x480.png);\">\r\n\r\n                \t\t\t\t\t<h3 class=\"ts-card-title\">\r\n\t\t\t\t\t\t<a href=\"https:\/\/teenstreet.life\/eu\/cs\/o\/o-om\/\">\r\n\t\t\t\t\t\t\tO OM\t\t\t\t\t\t<\/a>\r\n                    <\/h3>\r\n                \r\n                                    <p class=\"ts-card-description\">\r\n                        TeenStreet je ministerstvo Operation Mobilization, misijn\u00ed organizace p\u016fsob\u00edc\u00ed ve v\u00edce ne\u017e 110 zem\u00edch, kter\u00e1 vybavuje a motivuje lidi ke sd\u00edlen\u00ed Bo\u017e\u00ed l\u00e1sky po cel\u00e9m sv\u011bt\u011b.                    <\/p>\r\n                \t\t\t\t\r\n\r\n                                    <a class=\"ts-card-button elementor-button-link\" href=\"https:\/\/teenstreet.life\/eu\/cs\/o\/o-om\/\">\r\n                        Objevte v\u00edce                    <\/a>\r\n                \r\n                 \r\n                    <a class=\"ts-card-full-link\" href=\"https:\/\/teenstreet.life\/eu\/cs\/o\/o-om\/\"><\/a>\r\n                \r\n            <\/div>\r\n\r\n        \t\t\t\t<\/div>\n\t\t\t\t<\/div>\n\t\t\t\t\t<\/div>\n\t\t<\/div>\n\t\t\t\t\t<\/div>\n\t\t<\/section>\n\t\t\t\t<\/div>","protected":false},"excerpt":{"rendered":"<p>TeenStreet je mezin\u00e1rodn\u00ed k\u0159es\u0165ansk\u00e1 akce pro teenagery. Spolupracujeme s c\u00edrkv\u00ed, abychom motivovali, vybavili a doprov\u00e1zeli (k\u0159es\u0165ansk\u00e9) teenagery z cel\u00e9 Evropy, aby nav\u00e1zali skute\u010dn\u00e9 p\u0159\u00e1telstv\u00ed s Je\u017e\u00ed\u0161em a denn\u011b ho odr\u00e1\u017eeli ve sv\u00e9m sv\u011bt\u011b. TeenStreet za\u010dal v roce 1993 s celkem 53 teenagery a rychle se rozrostl. Dnes po\u0159\u00e1d\u00e1me 7 ka\u017edoro\u010dn\u00edch t\u00fddenn\u00edch akc\u00ed v 6 zem\u00edch a n\u011bkolik v\u00edkendov\u00fdch akc\u00ed ve v\u00edce ne\u017e 15 zem\u00edch rozprost\u0159en\u00fdch na 4 kontinentech. T\u011bchto akc\u00ed se \u00fa\u010dastn\u00ed a investuje do nich p\u0159ibli\u017en\u011b 10 000 \u00fa\u010dastn\u00edk\u016f a dobrovoln\u00edk\u016f. V p\u0159\u00ed\u0161t\u00edch letech o\u010dek\u00e1v\u00e1me zah\u00e1jen\u00ed nejm\u00e9n\u011b 30 dal\u0161\u00edch akc\u00ed v zem\u00edch po cel\u00e9m sv\u011bt\u011b, v\u010detn\u011b Bl\u00edzk\u00e9ho v\u00fdchodu, Afriky a Asie. Jsme odhodl\u00e1ni spolupracovat s c\u00edrkvemi a skupinami ml\u00e1de\u017ee a podporovat je v jejich slu\u017eb\u011b dosp\u00edvaj\u00edc\u00edm. Z\u00e1rove\u0148 klademe d\u016fraz na spolupr\u00e1ci s c\u00edrkvemi, proto\u017ee je velmi d\u016fle\u017eit\u00e9, aby dosp\u00edvaj\u00edc\u00ed m\u011bli po TeenStreetu k\u0159es\u0165ansk\u00e9 spole\u010denstv\u00ed, jeho\u017e mohou b\u00fdt sou\u010d\u00e1st\u00ed. V TeenStreet chceme dosp\u00edvaj\u00edc\u00ed povzbuzovat v jejich cest\u011b s Je\u017e\u00ed\u0161em a pom\u00e1hat jim \u010dinit moudr\u00e1 rozhodnut\u00ed. Proto je ka\u017ed\u00fd \u00fa\u010dastn\u00edk sou\u010d\u00e1st\u00ed mal\u00e9 skupinky. \u010clenov\u00e9 mal\u00e9 skupinky mluv\u00ed stejn\u00fdm jazykem a jsou stejn\u011b sta\u0159\u00ed. Jejich dosp\u011bl\u00fd vedouc\u00ed je podporuje a sd\u00edl\u00ed s nimi sv\u016fj osobn\u00ed vztah s Je\u017e\u00ed\u0161em. B\u011bhem hlavn\u00edch setk\u00e1n\u00ed se dosp\u00edvaj\u00edc\u00ed u\u010d\u00ed tak\u00e9 o \u017eivot\u011b ve vztahu s Bohem. To, co sly\u0161\u00ed na hlavn\u00edch setk\u00e1n\u00edch, si odn\u00e1\u0161ej\u00ed do sv\u00fdch mal\u00fdch skupinek, kde o tom p\u0159em\u00fd\u0161lej\u00ed a aplikuj\u00ed to na sv\u016fj \u017eivot doma. Krom\u011b toho TeenStreet nab\u00edz\u00ed teenager\u016fm mnoho zaj\u00edmav\u00fdch akc\u00ed, kter\u00fdch se mohou \u00fa\u010dastnit, v\u010detn\u011b sportu, tv\u016fr\u010d\u00edho um\u011bn\u00ed, semin\u00e1\u0159\u016f a workshop\u016f. Maj\u00ed tak\u00e9 voln\u00fd \u010das, aby se sezn\u00e1mili s lidmi z jin\u00fdch zem\u00ed, s odli\u0161n\u00fdm kulturn\u00edm a c\u00edrkevn\u00edm z\u00e1zem\u00edm. Vize TeenStreet spolupracuje s c\u00edrkv\u00ed, aby motivovala, vybavila a doprov\u00e1zela (k\u0159es\u0165ansk\u00e9) dosp\u00edvaj\u00edc\u00ed, aby nav\u00e1zali skute\u010dn\u00e9 p\u0159\u00e1telstv\u00ed s Je\u017e\u00ed\u0161em a denn\u011b ho odr\u00e1\u017eeli ve sv\u00e9m sv\u011bt\u011b. V\u00edce o TeenStreet<\/p>","protected":false},"author":1,"featured_media":334,"parent":0,"menu_order":0,"comment_status":"closed","ping_status":"closed","template":"","meta":{"iawp_total_views":59,"footnotes":""},"class_list":["post-56","page","type-page","status-publish","has-post-thumbnail","hentry"],"_links":{"self":[{"href":"https:\/\/teenstreet.life\/eu\/cs\/wp-json\/wp\/v2\/pages\/56","targetHints":{"allow":["GET"]}}],"collection":[{"href":"https:\/\/teenstreet.life\/eu\/cs\/wp-json\/wp\/v2\/pages"}],"about":[{"href":"https:\/\/teenstreet.life\/eu\/cs\/wp-json\/wp\/v2\/types\/page"}],"author":[{"embeddable":true,"href":"https:\/\/teenstreet.life\/eu\/cs\/wp-json\/wp\/v2\/users\/1"}],"replies":[{"embeddable":true,"href":"https:\/\/teenstreet.life\/eu\/cs\/wp-json\/wp\/v2\/comments?post=56"}],"version-history":[{"count":2,"href":"https:\/\/teenstreet.life\/eu\/cs\/wp-json\/wp\/v2\/pages\/56\/revisions"}],"predecessor-version":[{"id":8573,"href":"https:\/\/teenstreet.life\/eu\/cs\/wp-json\/wp\/v2\/pages\/56\/revisions\/8573"}],"wp:featuredmedia":[{"embeddable":true,"href":"https:\/\/teenstreet.life\/eu\/cs\/wp-json\/wp\/v2\/media\/334"}],"wp:attachment":[{"href":"https:\/\/teenstreet.life\/eu\/cs\/wp-json\/wp\/v2\/media?parent=56"}],"curies":[{"name":"wp","href":"https:\/\/api.w.org\/{rel}","templated":true}]}}