{"id":4013,"date":"2021-04-19T16:30:12","date_gmt":"2021-04-19T14:30:12","guid":{"rendered":"https:\/\/teenstreet.life\/eu\/?page_id=4013"},"modified":"2025-02-14T10:29:04","modified_gmt":"2025-02-14T09:29:04","slug":"byt-a-part","status":"publish","type":"page","link":"https:\/\/teenstreet.life\/eu\/cs\/teenstreet\/be-a-part\/","title":{"rendered":"Bu\u010fte toho sou\u010d\u00e1st\u00ed!"},"content":{"rendered":"<div data-elementor-type=\"wp-page\" data-elementor-id=\"4013\" class=\"elementor elementor-4013\" data-elementor-post-type=\"page\">\n\t\t\t\t\t\t<section class=\"elementor-section elementor-top-section elementor-element elementor-element-4079d3f elementor-section-content-middle elementor-section-boxed elementor-section-height-default elementor-section-height-default wpr-particle-no wpr-jarallax-no wpr-parallax-no wpr-sticky-section-no\" data-id=\"4079d3f\" data-element_type=\"section\" data-e-type=\"section\">\n\t\t\t\t\t\t<div class=\"elementor-container elementor-column-gap-wider\">\n\t\t\t\t\t<div class=\"elementor-column elementor-col-50 elementor-top-column elementor-element elementor-element-0f5309c\" data-id=\"0f5309c\" data-element_type=\"column\" data-e-type=\"column\">\n\t\t\t<div class=\"elementor-widget-wrap elementor-element-populated\">\n\t\t\t\t\t\t<div class=\"elementor-element elementor-element-6adfb40 elementor-widget elementor-widget-heading\" data-id=\"6adfb40\" data-element_type=\"widget\" data-e-type=\"widget\" data-widget_type=\"heading.default\">\n\t\t\t\t<div class=\"elementor-widget-container\">\n\t\t\t\t\t<h2 class=\"elementor-heading-title elementor-size-default\">Teenager<\/h2>\t\t\t\t<\/div>\n\t\t\t\t<\/div>\n\t\t\t\t<div class=\"elementor-element elementor-element-7ae250d elementor-widget elementor-widget-text-editor\" data-id=\"7ae250d\" data-element_type=\"widget\" data-e-type=\"widget\" data-widget_type=\"text-editor.default\">\n\t\t\t\t<div class=\"elementor-widget-container\">\n\t\t\t\t\t\t\t\t\t<p><b>V\u011bk: Teenage\u0159i narozen\u00ed v letech 2007 - 2012<\/b><\/p>\t\t\t\t\t\t\t\t<\/div>\n\t\t\t\t<\/div>\n\t\t\t\t<div class=\"elementor-element elementor-element-2850c2d elementor-widget elementor-widget-text-editor\" data-id=\"2850c2d\" data-element_type=\"widget\" data-e-type=\"widget\" data-widget_type=\"text-editor.default\">\n\t\t\t\t<div class=\"elementor-widget-container\">\n\t\t\t\t\t\t\t\t\t<p>B\u00fdt sou\u010d\u00e1st\u00ed TeenStreet znamen\u00e1 p\u0159\u00e1telstv\u00ed s mnoha dal\u0161\u00edmi dosp\u00edvaj\u00edc\u00edmi, kte\u0159\u00ed jsou na stejn\u00e9 cest\u011b jako vy. Na TeenStreet budete m\u00edt p\u0159\u00edle\u017eitost kl\u00e1st jak\u00e9koli ot\u00e1zky, tr\u00e1vit \u010das v Bo\u017e\u00ed p\u0159\u00edtomnosti, uct\u00edvat Boha s ostatn\u00edmi dosp\u00edvaj\u00edc\u00edmi v cel\u00e9 Evrop\u011b, u\u010dit se z Bible a mnoho dal\u0161\u00edho. TeenStreet je p\u0159esn\u011b tak, jak zn\u00ed; je to m\u00edsto, kde m\u016f\u017eete pos\u00edlit sv\u016fj vztah s Bohem a pomoci objevit Jeho sm\u011br pro v\u00e1\u0161 \u017eivot!<\/p>\t\t\t\t\t\t\t\t<\/div>\n\t\t\t\t<\/div>\n\t\t\t\t<div class=\"elementor-element elementor-element-3548968 elementor-widget elementor-widget-image\" data-id=\"3548968\" data-element_type=\"widget\" data-e-type=\"widget\" data-widget_type=\"image.default\">\n\t\t\t\t<div class=\"elementor-widget-container\">\n\t\t\t\t\t\t\t\t\t\t\t\t\t\t\t<img decoding=\"async\" width=\"127\" height=\"127\" src=\"https:\/\/teenstreet.life\/eu\/wp-content\/uploads\/sites\/13\/2020\/07\/smile.svg\" class=\"attachment-medium size-medium wp-image-1618\" alt=\"\" \/>\t\t\t\t\t\t\t\t\t\t\t\t\t\t\t<\/div>\n\t\t\t\t<\/div>\n\t\t\t\t\t<\/div>\n\t\t<\/div>\n\t\t\t\t<div class=\"elementor-column elementor-col-50 elementor-top-column elementor-element elementor-element-17212f0\" data-id=\"17212f0\" data-element_type=\"column\" data-e-type=\"column\">\n\t\t\t<div class=\"elementor-widget-wrap elementor-element-populated\">\n\t\t\t\t\t\t<div class=\"elementor-element elementor-element-7092561 elementor-widget elementor-widget-ts-card\" data-id=\"7092561\" data-element_type=\"widget\" data-e-type=\"widget\" data-widget_type=\"ts-card.default\">\n\t\t\t\t<div class=\"elementor-widget-container\">\n\t\t\t\t\t            <div class=\"ts-card ts-image-background\" style=\"background-image: url(https:\/\/teenstreet.life\/eu\/wp-content\/uploads\/sites\/13\/2020\/05\/ts-awesome-image-480x480.jpg);\">\r\n\r\n                \r\n                \t\t\t\t\r\n\r\n                \r\n                \r\n            <\/div>\r\n\r\n        \t\t\t\t<\/div>\n\t\t\t\t<\/div>\n\t\t\t\t\t<\/div>\n\t\t<\/div>\n\t\t\t\t\t<\/div>\n\t\t<\/section>\n\t\t\t\t<section class=\"elementor-section elementor-top-section elementor-element elementor-element-23231d4 elementor-section-content-middle elementor-section-boxed elementor-section-height-default elementor-section-height-default wpr-particle-no wpr-jarallax-no wpr-parallax-no wpr-sticky-section-no\" data-id=\"23231d4\" data-element_type=\"section\" data-e-type=\"section\" data-settings=\"{&quot;background_background&quot;:&quot;classic&quot;}\">\n\t\t\t\t\t\t<div class=\"elementor-container elementor-column-gap-wider\">\n\t\t\t\t\t<div class=\"elementor-column elementor-col-50 elementor-top-column elementor-element elementor-element-b9dd4eb\" data-id=\"b9dd4eb\" data-element_type=\"column\" data-e-type=\"column\">\n\t\t\t<div class=\"elementor-widget-wrap elementor-element-populated\">\n\t\t\t\t\t\t<div class=\"elementor-element elementor-element-f02abf9 elementor-widget elementor-widget-ts-card\" data-id=\"f02abf9\" data-element_type=\"widget\" data-e-type=\"widget\" data-widget_type=\"ts-card.default\">\n\t\t\t\t<div class=\"elementor-widget-container\">\n\t\t\t\t\t            <div class=\"ts-card ts-image-background\" style=\"background-image: url(https:\/\/teenstreet.life\/eu\/wp-content\/uploads\/sites\/13\/2021\/04\/48421154806_bab4b3f931_o-480x480.jpg);\">\r\n\r\n                \r\n                \t\t\t\t\r\n\r\n                \r\n                 \r\n                    <a class=\"ts-card-full-link\" href=\"#\"><\/a>\r\n                \r\n            <\/div>\r\n\r\n        \t\t\t\t<\/div>\n\t\t\t\t<\/div>\n\t\t\t\t\t<\/div>\n\t\t<\/div>\n\t\t\t\t<div class=\"elementor-column elementor-col-50 elementor-top-column elementor-element elementor-element-68e4444\" data-id=\"68e4444\" data-element_type=\"column\" data-e-type=\"column\">\n\t\t\t<div class=\"elementor-widget-wrap elementor-element-populated\">\n\t\t\t\t\t\t<div class=\"elementor-element elementor-element-dafab5e elementor-widget elementor-widget-heading\" data-id=\"dafab5e\" data-element_type=\"widget\" data-e-type=\"widget\" data-widget_type=\"heading.default\">\n\t\t\t\t<div class=\"elementor-widget-container\">\n\t\t\t\t\t<h2 class=\"elementor-heading-title elementor-size-default\">Vedouc\u00ed mal\u00e9 skupiny<\/h2>\t\t\t\t<\/div>\n\t\t\t\t<\/div>\n\t\t\t\t<div class=\"elementor-element elementor-element-5ddaf0e elementor-widget elementor-widget-text-editor\" data-id=\"5ddaf0e\" data-element_type=\"widget\" data-e-type=\"widget\" data-widget_type=\"text-editor.default\">\n\t\t\t\t<div class=\"elementor-widget-container\">\n\t\t\t\t\t\t\t\t\t<p style=\"text-align: left\"><b>V\u011bk: <\/b><b>20+ (spolutren\u00e9\u0159i mohou b\u00fdt ve v\u011bku 18 nebo 19 let)<\/b><b>, pokud jsou s tren\u00e9rem star\u0161\u00edm 20 let).<\/b><\/p>\t\t\t\t\t\t\t\t<\/div>\n\t\t\t\t<\/div>\n\t\t\t\t<div class=\"elementor-element elementor-element-6ce2cb5 elementor-widget elementor-widget-text-editor\" data-id=\"6ce2cb5\" data-element_type=\"widget\" data-e-type=\"widget\" data-widget_type=\"text-editor.default\">\n\t\t\t\t<div class=\"elementor-widget-container\">\n\t\t\t\t\t\t\t\t\t<p class=\"p1\">Pokud je v\u00e1m bl\u00edzk\u00e1 pr\u00e1ce s ml\u00e1de\u017e\u00ed a je v\u00e1m alespo\u0148 20 let, pak je pro v\u00e1s pr\u00e1ce vedouc\u00edho mal\u00e9 skupiny v TeenStreet to prav\u00e9. Jako vedouc\u00ed mal\u00e9 skupiny (SGL) budete pom\u00e1hat vytv\u00e1\u0159et bezpe\u010dn\u00fd prostor pro skupinu p\u011bti a\u017e sedmi teenager\u016f z va\u0161\u00ed zem\u011b, aby se spole\u010dn\u011b pono\u0159ili do Bible. Budete doprov\u00e1zet malou skupinu po cel\u00fd t\u00fdden akce a budete m\u00edt p\u0159\u00edle\u017eitost investovat do \u017eivot\u016f dosp\u00edvaj\u00edc\u00edch prost\u0159ednictv\u00edm studia Bible, skupinov\u00fdch aktivit, modlitby, sportu a dal\u0161\u00edch aktivit. M\u016f\u017eete p\u0159ijet s dosp\u00edvaj\u00edc\u00edmi ze sv\u00e9 skupiny ml\u00e1de\u017ee nebo c\u00edrkve, ale m\u016f\u017eete se tak\u00e9 ujmout nov\u00e9 skupiny dosp\u00edvaj\u00edc\u00edch.<\/p><p>V TeenStreet budete m\u00edt na starosti malou skupinu. Tuto malou skupinu bude tvo\u0159it a\u017e \u0161est dosp\u00edvaj\u00edc\u00edch stejn\u00e9ho pohlav\u00ed. Vedouc\u00ed mal\u00fdch skupinek jsou zodpov\u011bdn\u00ed za veden\u00ed t\u011bchto mal\u00fdch skupinek a obecn\u011b by si m\u011bli ud\u011blat \u010das na to, aby tu pro sv\u00e9 dosp\u00edvaj\u00edc\u00ed \"byli\". Pokud je v\u00e1m 20 let nebo v\u00edce a cht\u011bli byste b\u00fdt SGL, m\u016f\u017eete se jednodu\u0161e p\u0159ihl\u00e1sit p\u0159\u00edmo.<\/p>\t\t\t\t\t\t\t\t<\/div>\n\t\t\t\t<\/div>\n\t\t\t\t\t<\/div>\n\t\t<\/div>\n\t\t\t\t\t<\/div>\n\t\t<\/section>\n\t\t\t\t<section class=\"elementor-section elementor-top-section elementor-element elementor-element-d7d9d6b elementor-section-content-middle elementor-section-boxed elementor-section-height-default elementor-section-height-default wpr-particle-no wpr-jarallax-no wpr-parallax-no wpr-sticky-section-no\" data-id=\"d7d9d6b\" data-element_type=\"section\" data-e-type=\"section\" id=\"service-team\">\n\t\t\t\t\t\t<div class=\"elementor-container elementor-column-gap-wider\">\n\t\t\t\t\t<div class=\"elementor-column elementor-col-50 elementor-top-column elementor-element elementor-element-f6b28e9\" data-id=\"f6b28e9\" data-element_type=\"column\" data-e-type=\"column\">\n\t\t\t<div class=\"elementor-widget-wrap elementor-element-populated\">\n\t\t\t\t\t\t<div class=\"elementor-element elementor-element-f1990db elementor-widget elementor-widget-heading\" data-id=\"f1990db\" data-element_type=\"widget\" data-e-type=\"widget\" data-widget_type=\"heading.default\">\n\t\t\t\t<div class=\"elementor-widget-container\">\n\t\t\t\t\t<h2 class=\"elementor-heading-title elementor-size-default\"><a href=\"#service-team\">Servisn\u00ed t\u00fdm<\/a><\/h2>\t\t\t\t<\/div>\n\t\t\t\t<\/div>\n\t\t\t\t<div class=\"elementor-element elementor-element-92c670a elementor-widget elementor-widget-text-editor\" data-id=\"92c670a\" data-element_type=\"widget\" data-e-type=\"widget\" data-widget_type=\"text-editor.default\">\n\t\t\t\t<div class=\"elementor-widget-container\">\n\t\t\t\t\t\t\t\t\t<p><b>V\u011bk: 18+ (narozen\u00ed v roce 2007 nebo d\u0159\u00edve)<\/b><\/p>\t\t\t\t\t\t\t\t<\/div>\n\t\t\t\t<\/div>\n\t\t\t\t<div class=\"elementor-element elementor-element-764c794 elementor-widget__width-initial elementor-widget elementor-widget-text-editor\" data-id=\"764c794\" data-element_type=\"widget\" data-e-type=\"widget\" data-widget_type=\"text-editor.default\">\n\t\t\t\t<div class=\"elementor-widget-container\">\n\t\t\t\t\t\t\t\t\t<p>V leto\u0161n\u00edm roce op\u011bt hled\u00e1me lidi na r\u016fzn\u00e9 \u00fakoly v servisn\u00edm t\u00fdmu.\u00a0<\/p><p>Obchody (Kiosk, Fruitstand, Zmrzlina, Funfood, T-ShirtShop, knihkupectv\u00ed, nap\u0159.)<\/p><p>-CleanStreet (\u00faklid a \u00faklid)<\/p><p>- N\u00e1poje a n\u00e1poje (Coffebar, Mocktailbar, StaffCaf\u00e9)<\/p><p>- J\u00eddelna (nap\u0159. myt\u00ed n\u00e1dob\u00ed, serv\u00edrov\u00e1n\u00ed, kuchyn\u011b)<\/p><p>-KidsStreet (hl\u00edd\u00e1n\u00ed d\u011bt\u00ed, program a hran\u00ed s d\u011btmi)<\/p><p>-Bezpe\u010dnost (nap\u0159. v okol\u00ed, Mainhall, baz\u00e9ny)<\/p><p>-Kancel\u00e1\u0159 (info-desk, registrace denn\u00edch host\u016f, TS-kancel\u00e1\u0159, TS-Bank nap\u0159.))<\/p><p>-sporty a aktivity (fotbal, basketbal, sout\u011b\u017ee nap\u0159.)<\/p><p>-Technick\u00e9 (nap\u0159. IT, elekt\u0159ina)<\/p><p><b>Pro v\u00edce informac\u00ed se obra\u0165te na kancel\u00e1\u0159 TS nebo na\u00a0<\/b><\/p>\t\t\t\t\t\t\t\t<\/div>\n\t\t\t\t<\/div>\n\t\t\t\t<div class=\"elementor-element elementor-element-7c90d5f elementor-widget elementor-widget-button\" data-id=\"7c90d5f\" data-element_type=\"widget\" data-e-type=\"widget\" data-widget_type=\"button.default\">\n\t\t\t\t<div class=\"elementor-widget-container\">\n\t\t\t\t\t\t\t\t\t<div class=\"elementor-button-wrapper\">\n\t\t\t\t\t<a class=\"elementor-button elementor-button-link elementor-size-sm\" href=\"https:\/\/registration.teenstreet.de\/ts-2025\/\" target=\"_blank\" rel=\"noopener\">\n\t\t\t\t\t\t<span class=\"elementor-button-content-wrapper\">\n\t\t\t\t\t\t\t\t\t<span class=\"elementor-button-text\"> Zaregistrujte se zde<\/span>\n\t\t\t\t\t<\/span>\n\t\t\t\t\t<\/a>\n\t\t\t\t<\/div>\n\t\t\t\t\t\t\t\t<\/div>\n\t\t\t\t<\/div>\n\t\t\t\t<div class=\"elementor-element elementor-element-2a7ced1 elementor-widget elementor-widget-image\" data-id=\"2a7ced1\" data-element_type=\"widget\" data-e-type=\"widget\" data-widget_type=\"image.default\">\n\t\t\t\t<div class=\"elementor-widget-container\">\n\t\t\t\t\t\t\t\t\t\t\t\t\t\t\t<img decoding=\"async\" width=\"127\" height=\"127\" src=\"https:\/\/teenstreet.life\/eu\/wp-content\/uploads\/sites\/13\/2020\/07\/support.svg\" class=\"attachment-thumbnail size-thumbnail wp-image-2727\" alt=\"\" \/>\t\t\t\t\t\t\t\t\t\t\t\t\t\t\t<\/div>\n\t\t\t\t<\/div>\n\t\t\t\t\t<\/div>\n\t\t<\/div>\n\t\t\t\t<div class=\"elementor-column elementor-col-50 elementor-top-column elementor-element elementor-element-2c252a3\" data-id=\"2c252a3\" data-element_type=\"column\" data-e-type=\"column\">\n\t\t\t<div class=\"elementor-widget-wrap elementor-element-populated\">\n\t\t\t\t\t\t<div class=\"elementor-element elementor-element-d2310c6 elementor-widget elementor-widget-ts-card\" data-id=\"d2310c6\" data-element_type=\"widget\" data-e-type=\"widget\" data-widget_type=\"ts-card.default\">\n\t\t\t\t<div class=\"elementor-widget-container\">\n\t\t\t\t\t            <div class=\"ts-card ts-image-background\" style=\"background-image: url(https:\/\/teenstreet.life\/eu\/wp-content\/uploads\/sites\/13\/2021\/04\/48584667401_847b2f04a0_c-480x480.jpg);\">\r\n\r\n                \r\n                \t\t\t\t\r\n\r\n                \r\n                 \r\n                    <a class=\"ts-card-full-link\" href=\"#\"><\/a>\r\n                \r\n            <\/div>\r\n\r\n        \t\t\t\t<\/div>\n\t\t\t\t<\/div>\n\t\t\t\t\t<\/div>\n\t\t<\/div>\n\t\t\t\t\t<\/div>\n\t\t<\/section>\n\t\t\t\t<\/div>","protected":false},"excerpt":{"rendered":"<p>Teenager Ages: Teenagers born between 2007 &#8211; 2012 Being a part of TeenStreet means fellowship with many other teens who are on the same journey as you. At TeenStreet you will have the opportunity to ask any questions you may have, spend time in the presence of God, worship God with other teens across Europe, learn from the Bible and much more. TeenStreet is exactly as it sounds; it&#8217;s a place where you can strengthen your relationship with God and help discover His direction for your life! Small Group Leader Ages: 20+ (Co-coaches can be 18 or 19 years old, if they are with a coach that is 20 or older) If youth work is close to your heart and you are at least 20 years old then leading a Small Group at TeenStreet is the job for you. As a Small Group Leader (SGL), you will help create a safe space for a group of five &#8211; seven teens from your country to go deep in the Bible together. You will accompany the Small Group throughout the event week and have the opportunity to invest in the teens&#8217; lives through Bible studies, group activities, prayer, sports, and more. You are welcome to come with the teens from your youth group or church, but you can also take on a new group of teens. At TeenStreet you will be responsible for a small group. This small group will be made up of up to six teens of the same gender. Small Group Leaders are responsible for leading these small group times and generally should just take time to \u2018be there\u2019 for their teens. If you are 20 years or older and would like to be a SGL, you can simply sign up directly. Service Team Ages: 18+ (born in 2007 or before) This year we are looking again for people to take part in various tasks in the Service Team.\u00a0 Shops (Kiosk, Fruitstand, IceCream shop, Funfood, T-ShirtShop, bookstore, e.g.) -CleanStreet (tidying up and cleaning) -Drinks and beverages (Coffebar, Mocktailbar, StaffCaf\u00e9) -Dininghall (Dishwashing, serving, kitchen e.g.) -KidsStreet (Daycare, program and play with kids) -Security (Around the area, Mainhall, pools e.g) -Office (Info-desk, Day-guest registration, TS-office, TS-Bank e.g)) -Sports and activities (Football, basketball, competitions e.g.) -Technical (IT, Electricity, e.g.) For more information, please contact your TS office or\u00a0 Register Here<\/p>","protected":false},"author":18,"featured_media":7043,"parent":3641,"menu_order":0,"comment_status":"closed","ping_status":"closed","template":"","meta":{"iawp_total_views":16,"footnotes":""},"class_list":["post-4013","page","type-page","status-publish","has-post-thumbnail","hentry"],"_links":{"self":[{"href":"https:\/\/teenstreet.life\/eu\/cs\/wp-json\/wp\/v2\/pages\/4013","targetHints":{"allow":["GET"]}}],"collection":[{"href":"https:\/\/teenstreet.life\/eu\/cs\/wp-json\/wp\/v2\/pages"}],"about":[{"href":"https:\/\/teenstreet.life\/eu\/cs\/wp-json\/wp\/v2\/types\/page"}],"author":[{"embeddable":true,"href":"https:\/\/teenstreet.life\/eu\/cs\/wp-json\/wp\/v2\/users\/18"}],"replies":[{"embeddable":true,"href":"https:\/\/teenstreet.life\/eu\/cs\/wp-json\/wp\/v2\/comments?post=4013"}],"version-history":[{"count":5,"href":"https:\/\/teenstreet.life\/eu\/cs\/wp-json\/wp\/v2\/pages\/4013\/revisions"}],"predecessor-version":[{"id":8193,"href":"https:\/\/teenstreet.life\/eu\/cs\/wp-json\/wp\/v2\/pages\/4013\/revisions\/8193"}],"up":[{"embeddable":true,"href":"https:\/\/teenstreet.life\/eu\/cs\/wp-json\/wp\/v2\/pages\/3641"}],"wp:featuredmedia":[{"embeddable":true,"href":"https:\/\/teenstreet.life\/eu\/cs\/wp-json\/wp\/v2\/media\/7043"}],"wp:attachment":[{"href":"https:\/\/teenstreet.life\/eu\/cs\/wp-json\/wp\/v2\/media?parent=4013"}],"curies":[{"name":"wp","href":"https:\/\/api.w.org\/{rel}","templated":true}]}}