{"id":2619,"date":"2020-07-20T16:38:00","date_gmt":"2020-07-20T14:38:00","guid":{"rendered":"https:\/\/teenstreet.life\/eu\/?page_id=2619"},"modified":"2020-08-05T17:00:38","modified_gmt":"2020-08-05T15:00:38","slug":"podminky","status":"publish","type":"page","link":"https:\/\/teenstreet.life\/eu\/cs\/terms\/","title":{"rendered":"V\u0161eobecn\u00e9 obchodn\u00ed podm\u00ednky (VOP)"},"content":{"rendered":"<p>N\u00e1sleduj\u00edc\u00ed podm\u00ednky plat\u00ed pro n\u00e1\u0161 internetov\u00fd obchod.<\/p>\n\n\n\n<p><strong>\u00a7 1 Rozsah pou\u017eit\u00ed a v\u00fdhrada pr\u00e1va na zm\u011bny<\/strong><\/p>\n\n\n\n<p>a) Operace Mobilization Deutschland e. V. provede objedn\u00e1vku podle p\u0159\u00edslu\u0161n\u00fdch platn\u00fdch obchodn\u00edch podm\u00ednek v dob\u011b objedn\u00e1vky. V\u00fdslovn\u011b si vyhrazujeme pr\u00e1vo prov\u00e1d\u011bt zm\u011bny AGB.<\/p>\n\n\n\n<p>b) Nem\u016f\u017eeme p\u0159ijmout \u017e\u00e1dn\u00e9 konfliktn\u00ed AGB.<\/p>\n\n\n\n<p><strong>\u00a7 <\/strong><strong>2 Doru\u010den\u00ed, clo a n\u00e1klady na dopravu<\/strong><\/p>\n\n\n\n<p>a) Ke kupn\u00ed cen\u011b \u00fa\u010dtujeme pau\u0161\u00e1ln\u00ed poplatek za dopravu ve v\u00fd\u0161i 5,00 \u20ac. Odes\u00edl\u00e1me zdarma od hodnoty zbo\u017e\u00ed 50 \u20ac.<\/p>\n\n\n\n<p>b) U dod\u00e1vek do zahrani\u010d\u00ed budou \u00fa\u010dtov\u00e1ny skute\u010dn\u00e9 n\u00e1klady. Konkr\u00e9tn\u00ed dovozn\u00ed a celn\u00ed podm\u00ednky mus\u00ed z\u00e1kazn\u00edk dodr\u017eet.<\/p>\n\n\n\n<p>Jsme opr\u00e1vn\u011bni prov\u00e1d\u011bt d\u00edl\u010d\u00ed dod\u00e1vky.<\/p>\n\n\n\n<p><strong>\u00a7 <\/strong><strong>3 Platebn\u00ed podm\u00ednky<\/strong><\/p>\n\n\n\n<p>a) Platba se prov\u00e1d\u00ed kreditn\u00ed kartou nebo Paypal prost\u0159ednictv\u00edm na\u0161eho partnera iZettle. Proces objedn\u00e1vky je dokon\u010den platbou.<\/p>\n\n\n\n<p>b) Zapo\u010dten\u00ed, p\u0159em\u011bna nebo sn\u00ed\u017een\u00ed jsou povoleny pouze v p\u0159\u00edpad\u011b, \u017ee v\u00e1\u0161 n\u00e1rok byl n\u00e1mi p\u00edsemn\u011b uzn\u00e1n nebo byl pr\u00e1vn\u011b prok\u00e1z\u00e1n. Zadr\u017eovac\u00ed pr\u00e1vo existuje pouze v p\u0159\u00edpad\u011b, \u017ee je v\u00e1\u0161 protin\u00e1rok zalo\u017een na stejn\u00e9m smluvn\u00edm vztahu.<\/p>\n\n\n\n<p>c) Dodan\u00e9 zbo\u017e\u00ed z\u016fst\u00e1v\u00e1 na\u0161\u00edm vlastnictv\u00edm (\u00a7455 BGB) a\u017e do \u00fapln\u00e9ho zaplacen\u00ed v\u0161ech existuj\u00edc\u00edch n\u00e1rok\u016f. Kupuj\u00edc\u00ed m\u016f\u017ee dodan\u00e9 zbo\u017e\u00ed d\u00e1le prod\u00e1vat v b\u011b\u017en\u00e9m obchodn\u00edm styku s v\u00fdhradou vlastnick\u00e9ho pr\u00e1va na sv\u00e9 stran\u011b, av\u0161ak jako jistotu n\u00e1m postupuje ve\u0161ker\u00e9 pohled\u00e1vky, na kter\u00e9 m\u00e1 ihned nebo pozd\u011bji n\u00e1rok, a\u017e do v\u00fd\u0161e na\u0161\u00ed fakturovan\u00e9 \u010d\u00e1stky.<\/p>\n\n\n\n<p><strong>\u00a7 <\/strong><strong>4 Pr\u00e1vo na odvol\u00e1n\u00ed<\/strong><\/p>\n\n\n\n<p>a) Smlouvu m\u016f\u017eete zru\u0161it do 14 dn\u016f od p\u0159evzet\u00ed zbo\u017e\u00ed bez ud\u00e1n\u00ed d\u016fvod\u016f. Ke spln\u011bn\u00ed term\u00ednu sta\u010d\u00ed v\u010dasn\u00e9 odesl\u00e1n\u00ed odvol\u00e1n\u00ed. Chcete-li uplatnit sv\u00e9 pr\u00e1vo na odvol\u00e1n\u00ed, m\u016f\u017eete n\u00e1s kontaktovat bu\u010f dopisem, faxem nebo e-mailem: Operation Mobilization eV, Alte Neckarelzer Str. 2, 74821 Mosbach, telefon: 06261-9470, fax: 06261-947-147, e-mail. M\u016f\u017eete pou\u017e\u00edt p\u0159ilo\u017een\u00fd vzorov\u00fd formul\u00e1\u0159 pro odstoupen\u00ed od smlouvy, nen\u00ed to v\u0161ak povinn\u00e9.<\/p>\n\n\n\n<p>D\u016fsledky odvol\u00e1n\u00ed:<\/p>\n\n\n\n<p>Vr\u00e1cen\u00ed: Zbo\u017e\u00ed n\u00e1m mus\u00edte vr\u00e1tit do Mosbachu neprodlen\u011b, nejpozd\u011bji v\u0161ak do \u010dtrn\u00e1cti dn\u016f ode dne, kdy n\u00e1s informujete o odvol\u00e1n\u00ed t\u00e9to smlouvy. Zbo\u017e\u00ed, kter\u00e9 nen\u00ed v nov\u00e9m, nepou\u017eit\u00e9m stavu, nem\u016f\u017eeme po uplynut\u00ed 14denn\u00ed lh\u016fty vz\u00edt zp\u011bt. V p\u0159\u00edpad\u011b podstatn\u00e9ho po\u0161kozen\u00ed, opot\u0159eben\u00ed nebo ztr\u00e1ty si v\u00fdslovn\u011b vyhrazujeme pr\u00e1vo po\u017eadovat n\u00e1hradu.<\/p>\n\n\n\n<p>Vr\u00e1cen\u00ed pen\u011bz: Kupn\u00ed cenu vr\u00e1t\u00edme okam\u017eit\u011b, nejpozd\u011bji v\u0161ak do \u010dtrn\u00e1cti dn\u016f ode dne, kdy obdr\u017e\u00edme ozn\u00e1men\u00ed o va\u0161em odstoupen\u00ed od t\u00e9to smlouvy. V\u00fdslovn\u011b si vyhrazujeme pr\u00e1vo neproplatit n\u00e1klady na vr\u00e1cen\u00ed v p\u0159\u00edpad\u011b hodnoty objedn\u00e1vky ni\u017e\u0161\u00ed ne\u017e 40 \u20ac, pokud dodan\u00e9 zbo\u017e\u00ed nebude odpov\u00eddat objednan\u00e9mu zbo\u017e\u00ed.<\/p>\n\n\n\n<p><strong>\u00a7 <\/strong><strong>5 Ochrana dat<\/strong><\/p>\n\n\n\n<p>a)a) V\u00fdslovn\u011b souhlas\u00edte s ulo\u017een\u00edm, zpracov\u00e1n\u00edm a pou\u017eit\u00edm osobn\u00edch \u00fadaj\u016f, kter\u00e9 n\u00e1m byly poskytnuty v pr\u016fb\u011bhu objedn\u00e1vkov\u00e9ho procesu, pro smluvn\u00ed \u00fa\u010dely na z\u00e1klad\u011b z\u00e1kladn\u00edho na\u0159\u00edzen\u00ed EU o ochran\u011b osobn\u00edch \u00fadaj\u016f (DSGVO) a feder\u00e1ln\u00edho z\u00e1kona o ochran\u011b osobn\u00edch \u00fadaj\u016f (BDSG).<\/p>\n\n\n\n<p><strong>\u00a7 <\/strong><strong>6 R\u016fzn\u00e9<\/strong><\/p>\n\n\n\n<p>a) S vylou\u010den\u00edm \u00damluvy OSN o prodeji se pou\u017eije n\u011bmeck\u00e9 pr\u00e1vo. M\u00edstem jurisdikce je Mosbach, pokud je to pr\u00e1vn\u011b p\u0159\u00edpustn\u00e9. Je-li kupuj\u00edc\u00edm obchodn\u00edk, Operation Mobilization Deutschland e. V. ho m\u016f\u017ee \u017ealovat i v m\u00edst\u011b jeho podnik\u00e1n\u00ed.<\/p>\n\n\n\n<p>b) Zm\u011bny smlouvy a dodatek t\u011bchto V\u0161eobecn\u00fdch obchodn\u00edch podm\u00ednek v\u010detn\u011b tohoto ustanoven\u00ed o p\u00edsemn\u00e9 form\u011b mus\u00ed b\u00fdt provedeny p\u00edsemn\u011b. Neplatnost\u00ed jednotliv\u00fdch ustanoven\u00ed nen\u00ed dot\u010dena zb\u00fdvaj\u00edc\u00ed platnost smlouvy a t\u011bchto VOP.<\/p>\n\n\n\n<p><strong>\u00a77 Rozhod\u010d\u00ed \u0159\u00edzen\u00ed spor\u016f<\/strong><\/p>\n\n\n\n<p>Evropsk\u00e1 komise vytvo\u0159ila internetovou platformu pro online \u0159e\u0161en\u00ed spor\u016f. Platforma slou\u017e\u00ed jako kontaktn\u00ed m\u00edsto pro mimosoudn\u00ed \u0159e\u0161en\u00ed spor\u016f ze smluvn\u00edch z\u00e1vazk\u016f vypl\u00fdvaj\u00edc\u00edch z online kupn\u00edch smluv. Dal\u0161\u00ed informace jsou k dispozici pod n\u00e1sleduj\u00edc\u00edm odkazem: http:\/\/ec.europa.eu\/consumers\/odr.<\/p>\n\n\n\n<p>Jsme p\u0159ipraveni z\u00fa\u010dastnit se \u0159\u00edzen\u00ed o \u0159e\u0161en\u00ed spor\u016f. P\u0159\u00edslu\u0161n\u00fdm spot\u0159ebitelsk\u00fdm rozhod\u010d\u00edm v\u00fdborem je: Universalschlichtungsstelle des Bundes Zentrum f\u00fcr Schlichtung eV, Stra\u00dfburger Stra\u00dfe 8, 77694 Kehl am Rhein, www.verbraucher-schlichter.de.<\/p>\n\n\n\n<p>Zde je vzor formul\u00e1\u0159e pro odstoupen\u00ed od smlouvy:<\/p>\n\n\n\n<p><strong>Vzorov\u00fd formul\u00e1\u0159 pro odstoupen\u00ed od smlouvy<\/strong><\/p>\n\n\n\n<p>(Pokud chcete smlouvu zru\u0161it, vypl\u0148te pros\u00edm tento formul\u00e1\u0159 a vra\u0165te n\u00e1m ho)<\/p>\n\n\n\n<p>Na:<\/p>\n\n\n\n<p><strong>Operace Mobilizace eV <br>Alte Neckarelzer Str. 2 <br>74821 Mosbach <br>N\u011bmecko<\/strong><\/p>\n\n\n\n<p>T\u00edmto ru\u0161\u00edm\/odstupujeme mnou\/n\u00e1mi uzav\u0159enou smlouvu o n\u00e1kupu n\u00e1sleduj\u00edc\u00edho zbo\u017e\u00ed\/slu\u017eeb<\/p>\n\n\n\n<p>Typ zbo\u017e\u00ed\/slu\u017eby: ____________________________________<\/p>\n\n\n\n<p>\u010c\u00edslo objedn\u00e1vky\/\u010d\u00edslo objedn\u00e1vky:_______________________________<\/p>\n\n\n\n<p>Objedn\u00e1no dne: _______\/p\u0159ijato dne: _______<\/p>\n\n\n\n<p>Jm\u00e9no spot\u0159ebitele (spot\u0159ebitel\u016f): ______________<\/p>\n\n\n\n<p>Adresa spot\u0159ebitele (spot\u0159ebitel\u016f): _______________<\/p>\n\n\n\n<p>Podpis spot\u0159ebitele (spot\u0159ebitel\u016f) _________________________________<\/p>\n\n\n\n<p>(pouze v p\u0159\u00edpad\u011b ozn\u00e1men\u00ed na pap\u00ed\u0159e)<\/p>\n\n\n\n<p>Dne\u0161n\u00ed datum:<\/p>","protected":false},"excerpt":{"rendered":"<p>The following terms apply to our web shop. \u00a7 1 Scope of application and reservation of right of amendment a) Operation Mobilisation Deutschland e. V. will execute the order according to the respective valid terms and conditions at the time of the order. We expressly reserve the right to make changes to the AGB. b) [&hellip;]<\/p>\n","protected":false},"author":1,"featured_media":0,"parent":0,"menu_order":0,"comment_status":"closed","ping_status":"closed","template":"","meta":{"iawp_total_views":11,"footnotes":""},"class_list":["post-2619","page","type-page","status-publish","hentry"],"_links":{"self":[{"href":"https:\/\/teenstreet.life\/eu\/cs\/wp-json\/wp\/v2\/pages\/2619","targetHints":{"allow":["GET"]}}],"collection":[{"href":"https:\/\/teenstreet.life\/eu\/cs\/wp-json\/wp\/v2\/pages"}],"about":[{"href":"https:\/\/teenstreet.life\/eu\/cs\/wp-json\/wp\/v2\/types\/page"}],"author":[{"embeddable":true,"href":"https:\/\/teenstreet.life\/eu\/cs\/wp-json\/wp\/v2\/users\/1"}],"replies":[{"embeddable":true,"href":"https:\/\/teenstreet.life\/eu\/cs\/wp-json\/wp\/v2\/comments?post=2619"}],"version-history":[{"count":0,"href":"https:\/\/teenstreet.life\/eu\/cs\/wp-json\/wp\/v2\/pages\/2619\/revisions"}],"wp:attachment":[{"href":"https:\/\/teenstreet.life\/eu\/cs\/wp-json\/wp\/v2\/media?parent=2619"}],"curies":[{"name":"wp","href":"https:\/\/api.w.org\/{rel}","templated":true}]}}