{"id":223,"date":"2020-05-25T13:20:13","date_gmt":"2020-05-25T13:20:13","guid":{"rendered":"https:\/\/teenstreet.life\/eu\/?page_id=223"},"modified":"2026-02-06T08:43:17","modified_gmt":"2026-02-06T07:43:17","slug":"darovat","status":"publish","type":"page","link":"https:\/\/teenstreet.life\/eu\/cs\/donate\/","title":{"rendered":"Podporujte TeenStreet"},"content":{"rendered":"<div data-elementor-type=\"wp-page\" data-elementor-id=\"223\" class=\"elementor elementor-223\" data-elementor-post-type=\"page\">\n\t\t\t\t\t\t<section class=\"elementor-section elementor-top-section elementor-element elementor-element-24d31b59 elementor-section-boxed elementor-section-height-default elementor-section-height-default\" data-id=\"24d31b59\" data-element_type=\"section\" data-e-type=\"section\">\n\t\t\t\t\t\t<div class=\"elementor-container elementor-column-gap-wider\">\n\t\t\t\t\t<div class=\"elementor-column elementor-col-50 elementor-top-column elementor-element elementor-element-5cafff43\" data-id=\"5cafff43\" data-element_type=\"column\" data-e-type=\"column\">\n\t\t\t<div class=\"elementor-widget-wrap elementor-element-populated\">\n\t\t\t\t\t\t<div class=\"elementor-element elementor-element-8b5c054 elementor-widget elementor-widget-heading\" data-id=\"8b5c054\" data-element_type=\"widget\" data-e-type=\"widget\" data-widget_type=\"heading.default\">\n\t\t\t\t<div class=\"elementor-widget-container\">\n\t\t\t\t\t<h2 class=\"elementor-heading-title elementor-size-default\">Sta\u0148te se p\u0159\u00edznivcem TeenStreet<\/h2>\t\t\t\t<\/div>\n\t\t\t\t<\/div>\n\t\t\t\t<div class=\"elementor-element elementor-element-a12840f elementor-widget elementor-widget-text-editor\" data-id=\"a12840f\" data-element_type=\"widget\" data-e-type=\"widget\" data-widget_type=\"text-editor.default\">\n\t\t\t\t<div class=\"elementor-widget-container\">\n\t\t\t\t\t\t\t\t\t<p>P\u0159ipojte se k celosv\u011btov\u00e9mu hnut\u00ed dosp\u00edvaj\u00edc\u00edch, kte\u0159\u00ed se spojuj\u00ed s Je\u017e\u00ed\u0161em a maj\u00ed vliv na lidi kolem sebe. Va\u0161e dary a podpora n\u00e1m pomohou podpo\u0159it hnut\u00ed mlad\u00fdch Je\u017e\u00ed\u0161ov\u00fdch n\u00e1sledovn\u00edk\u016f, kte\u0159\u00ed budou Je\u017e\u00ed\u0161e zviditel\u0148ovat po cel\u00e9m sv\u011bt\u011b.<\/p>\t\t\t\t\t\t\t\t<\/div>\n\t\t\t\t<\/div>\n\t\t\t\t<div class=\"elementor-element elementor-element-62ffd26 elementor-testimonial--align-left elementor-testimonial--skin-default elementor-testimonial--layout-image_inline elementor-pagination-type-bullets elementor-widget elementor-widget-testimonial-carousel\" data-id=\"62ffd26\" data-element_type=\"widget\" data-e-type=\"widget\" data-settings=\"{&quot;pagination&quot;:&quot;bullets&quot;,&quot;speed&quot;:500,&quot;autoplay&quot;:&quot;yes&quot;,&quot;autoplay_speed&quot;:5000,&quot;loop&quot;:&quot;yes&quot;,&quot;pause_on_hover&quot;:&quot;yes&quot;,&quot;pause_on_interaction&quot;:&quot;yes&quot;,&quot;space_between&quot;:{&quot;unit&quot;:&quot;px&quot;,&quot;size&quot;:10,&quot;sizes&quot;:[]},&quot;space_between_tablet&quot;:{&quot;unit&quot;:&quot;px&quot;,&quot;size&quot;:10,&quot;sizes&quot;:[]},&quot;space_between_mobile&quot;:{&quot;unit&quot;:&quot;px&quot;,&quot;size&quot;:10,&quot;sizes&quot;:[]}}\" data-widget_type=\"testimonial-carousel.default\">\n\t\t\t\t<div class=\"elementor-widget-container\">\n\t\t\t\t\t\t\t\t\t<div class=\"elementor-swiper\">\n\t\t\t\t\t<div class=\"elementor-main-swiper swiper\" role=\"region\" aria-roledescription=\"carousel\" aria-label=\"Slides\">\n\t\t\t\t<div class=\"swiper-wrapper\">\n\t\t\t\t\t\t\t\t\t\t\t<div class=\"swiper-slide\" role=\"group\" aria-roledescription=\"slide\">\n\t\t\t\t\t\t\t\t\t<div class=\"elementor-testimonial\">\n\t\t\t\t\t\t\t<div class=\"elementor-testimonial__content\">\n\t\t\t\t\t<div class=\"elementor-testimonial__text\">\n\t\t\t\t\t\tTeenStreet spolupracuje s m\u00edstn\u00edmi c\u00edrkvemi, aby motivoval, vybavil a doprov\u00e1zel k\u0159es\u0165ansk\u00e9 dosp\u00edvaj\u00edc\u00ed, aby nav\u00e1zali skute\u010dn\u00e9 p\u0159\u00e1telstv\u00ed s Je\u017e\u00ed\u0161em a denn\u011b ho odr\u00e1\u017eeli ve sv\u00e9m sv\u011bt\u011b. \t\t\t\t\t<\/div>\n\t\t\t\t\t\t\t\t\t<\/div>\n\t\t\t\t\t\t<div class=\"elementor-testimonial__footer\">\n\t\t\t\t\t\t\t\t\t\t\t<\/div>\n\t\t<\/div>\n\t\t\t\t\t\t\t\t<\/div>\n\t\t\t\t\t\t\t\t\t\t\t<div class=\"swiper-slide\" role=\"group\" aria-roledescription=\"slide\">\n\t\t\t\t\t\t\t\t\t<div class=\"elementor-testimonial\">\n\t\t\t\t\t\t\t<div class=\"elementor-testimonial__content\">\n\t\t\t\t\t<div class=\"elementor-testimonial__text\">\n\t\t\t\t\t\tTeenStreet u\u017e v\u00edce ne\u017e 30 let vyz\u00fdv\u00e1 teenagery, aby naplno vyu\u017eili sv\u016fj potenci\u00e1l, a st\u00e1le se n\u00e1m da\u0159\u00ed.\t\t\t\t\t<\/div>\n\t\t\t\t\t\t\t\t\t<\/div>\n\t\t\t\t\t\t<div class=\"elementor-testimonial__footer\">\n\t\t\t\t\t\t\t\t\t\t\t<\/div>\n\t\t<\/div>\n\t\t\t\t\t\t\t\t<\/div>\n\t\t\t\t\t\t\t\t\t\t\t<div class=\"swiper-slide\" role=\"group\" aria-roledescription=\"slide\">\n\t\t\t\t\t\t\t\t\t<div class=\"elementor-testimonial\">\n\t\t\t\t\t\t\t<div class=\"elementor-testimonial__content\">\n\t\t\t\t\t<div class=\"elementor-testimonial__text\">\n\t\t\t\t\t\tDosp\u00edvaj\u00edc\u00ed jsou nejl\u00e9pe p\u0159ipraveni sd\u00edlet Je\u017e\u00ed\u0161e s ostatn\u00edmi dosp\u00edvaj\u00edc\u00edmi.\t\t\t\t\t<\/div>\n\t\t\t\t\t\t\t\t\t<\/div>\n\t\t\t\t\t\t<div class=\"elementor-testimonial__footer\">\n\t\t\t\t\t\t\t\t\t\t\t<\/div>\n\t\t<\/div>\n\t\t\t\t\t\t\t\t<\/div>\n\t\t\t\t\t\t\t\t\t<\/div>\n\t\t\t\t\t\t\t\t\t\t\t\t\t\t\t\t\t\t\t\t<div class=\"swiper-pagination\"><\/div>\n\t\t\t\t\t\t\t\t\t\t\t\t<\/div>\n\t\t\t\t<\/div>\n\t\t\t\t\t\t\t\t<\/div>\n\t\t\t\t<\/div>\n\t\t\t\t<div class=\"elementor-element elementor-element-ec16915 elementor-widget elementor-widget-text-editor\" data-id=\"ec16915\" data-element_type=\"widget\" data-e-type=\"widget\" data-widget_type=\"text-editor.default\">\n\t\t\t\t<div class=\"elementor-widget-container\">\n\t\t\t\t\t\t\t\t\t<p>Obra\u0165te se na m\u00edstn\u00ed kancel\u00e1\u0159 OM nebo se spojte se sv\u00fdm <a href=\"https:\/\/teenstreet.life\/eu\/cs\/kontakt\/\">Z\u00e1stupce Home office TeenStreet<\/a> a dozv\u00edte se v\u00edce o podpo\u0159e na\u0161\u00ed slu\u017eby.<\/p>\t\t\t\t\t\t\t\t<\/div>\n\t\t\t\t<\/div>\n\t\t\t\t<div class=\"elementor-element elementor-element-5b4eb42 elementor-invisible elementor-widget elementor-widget-image\" data-id=\"5b4eb42\" data-element_type=\"widget\" data-e-type=\"widget\" data-settings=\"{&quot;_animation&quot;:&quot;fadeIn&quot;}\" data-widget_type=\"image.default\">\n\t\t\t\t<div class=\"elementor-widget-container\">\n\t\t\t\t\t\t\t\t\t\t\t\t\t\t\t<img fetchpriority=\"high\" decoding=\"async\" width=\"720\" height=\"720\" src=\"https:\/\/teenstreet.life\/eu\/wp-content\/uploads\/sites\/13\/2020\/05\/ts-towers-720x720.jpg\" class=\"attachment-square-hd size-square-hd wp-image-839\" alt=\"\" srcset=\"https:\/\/teenstreet.life\/eu\/wp-content\/uploads\/sites\/13\/2020\/05\/ts-towers-720x720.jpg 720w, https:\/\/teenstreet.life\/eu\/wp-content\/uploads\/sites\/13\/2020\/05\/ts-towers-150x150.jpg 150w, https:\/\/teenstreet.life\/eu\/wp-content\/uploads\/sites\/13\/2020\/05\/ts-towers-360x360.jpg 360w, https:\/\/teenstreet.life\/eu\/wp-content\/uploads\/sites\/13\/2020\/05\/ts-towers-480x480.jpg 480w, https:\/\/teenstreet.life\/eu\/wp-content\/uploads\/sites\/13\/2020\/05\/ts-towers-1080x1080.jpg 1080w, https:\/\/teenstreet.life\/eu\/wp-content\/uploads\/sites\/13\/2020\/05\/ts-towers-scaled-100x100.jpg 100w\" sizes=\"(max-width: 720px) 100vw, 720px\" \/>\t\t\t\t\t\t\t\t\t\t\t\t\t\t\t<\/div>\n\t\t\t\t<\/div>\n\t\t\t\t\t<\/div>\n\t\t<\/div>\n\t\t\t\t<div class=\"elementor-column elementor-col-50 elementor-top-column elementor-element elementor-element-94c3b70\" data-id=\"94c3b70\" data-element_type=\"column\" data-e-type=\"column\">\n\t\t\t<div class=\"elementor-widget-wrap elementor-element-populated\">\n\t\t\t\t\t\t\t<\/div>\n\t\t<\/div>\n\t\t\t\t\t<\/div>\n\t\t<\/section>\n\t\t\t\t<\/div>","protected":false},"excerpt":{"rendered":"<p>Become a TeenStreet supporter Join a global movement of teens getting connected with Jesus and having an impact on people around them. Your gifts and support will help us fuel a movement of young Jesus followers that will make Jesus known all over the world. TeenStreet works with local churches to motivate, equip and walk [&hellip;]<\/p>\n","protected":false},"author":1,"featured_media":785,"parent":0,"menu_order":0,"comment_status":"closed","ping_status":"closed","template":"","meta":{"iawp_total_views":3,"footnotes":""},"class_list":["post-223","page","type-page","status-publish","has-post-thumbnail","hentry"],"_links":{"self":[{"href":"https:\/\/teenstreet.life\/eu\/cs\/wp-json\/wp\/v2\/pages\/223","targetHints":{"allow":["GET"]}}],"collection":[{"href":"https:\/\/teenstreet.life\/eu\/cs\/wp-json\/wp\/v2\/pages"}],"about":[{"href":"https:\/\/teenstreet.life\/eu\/cs\/wp-json\/wp\/v2\/types\/page"}],"author":[{"embeddable":true,"href":"https:\/\/teenstreet.life\/eu\/cs\/wp-json\/wp\/v2\/users\/1"}],"replies":[{"embeddable":true,"href":"https:\/\/teenstreet.life\/eu\/cs\/wp-json\/wp\/v2\/comments?post=223"}],"version-history":[{"count":3,"href":"https:\/\/teenstreet.life\/eu\/cs\/wp-json\/wp\/v2\/pages\/223\/revisions"}],"predecessor-version":[{"id":8976,"href":"https:\/\/teenstreet.life\/eu\/cs\/wp-json\/wp\/v2\/pages\/223\/revisions\/8976"}],"wp:featuredmedia":[{"embeddable":true,"href":"https:\/\/teenstreet.life\/eu\/cs\/wp-json\/wp\/v2\/media\/785"}],"wp:attachment":[{"href":"https:\/\/teenstreet.life\/eu\/cs\/wp-json\/wp\/v2\/media?parent=223"}],"curies":[{"name":"wp","href":"https:\/\/api.w.org\/{rel}","templated":true}]}}